{"id":14355,"date":"2024-09-19T09:05:58","date_gmt":"2024-09-19T09:05:58","guid":{"rendered":"https:\/\/travelshelper.com\/staging\/?page_id=14355"},"modified":"2026-03-11T23:15:53","modified_gmt":"2026-03-11T23:15:53","slug":"plzen","status":"publish","type":"page","link":"https:\/\/travelshelper.com\/es\/destinations\/europe\/czech-republic\/plzen\/","title":{"rendered":"Plze\u0148"},"content":{"rendered":"<p>Pilsen ocupa un lugar singular en la confluencia de cuatro r\u00edos: el M\u017ee, el \u00dahlava, el \u00daslava y el Radbuza, cuya uni\u00f3n da origen al Berounka. Situada a unos setenta y ocho kil\u00f3metros al oeste de Praga, esta ciudad de aproximadamente 188\u00a0000 habitantes se alza sobre las ondulantes tierras altas de Plasy, extendi\u00e9ndose hacia las tierras altas de \u0160vihov al este y al sur. La mayor elevaci\u00f3n dentro del t\u00e9rmino municipal corona la colina Chlum, a 416 m sobre el nivel del mar, mientras que el cauce del Berounka se encuentra a 293 m. Al norte, una red de estanques pisc\u00edcolas bordea la ciudad, y el embalse de \u010cesk\u00e9 \u00fadol\u00ed en el Radbuza constituye su mayor masa de agua. Esta geograf\u00eda ha moldeado tanto el asentamiento como la industria de la ciudad durante m\u00e1s de siete siglos.<\/p>\n<p>Los or\u00edgenes de Pilsen se remontan a finales del siglo XIII, cuando fue declarada ciudad real bajo el reinado de los Premislidas. Ubicada en importantes rutas comerciales que un\u00edan Bohemia con Baviera, prosper\u00f3 r\u00e1pidamente: a mediados del siglo XIV se posicion\u00f3 como la tercera ciudad m\u00e1s grande de Bohemia. Sin embargo, su importancia estrat\u00e9gica result\u00f3 ser un arma de doble filo. Durante las Guerras Husitas del siglo XV, Pilsen soport\u00f3 tres asedios, emergiendo como un basti\u00f3n de resistencia ante las fuerzas reformistas que convulsionaban el reino. Un siglo despu\u00e9s, en los primeros a\u00f1os de la Guerra de los Treinta A\u00f1os, la ciudad volvi\u00f3 a ser asediada antes de caer ante las tropas imperiales.<\/p>\n<p>El siglo XIX marc\u00f3 el comienzo de otra transformaci\u00f3n. A medida que cambiaban las fronteras pol\u00edticas de Europa, Pilsen se industrializ\u00f3 a un ritmo notable. En 1869 se fund\u00f3 la F\u00e1brica \u0160koda, que pronto se convirti\u00f3 en una de las empresas de ingenier\u00eda m\u00e1s importantes de Austria-Hungr\u00eda y, posteriormente, de Checoslovaquia. Talleres mec\u00e1nicos, fundiciones y talleres ferroviarios se extendieron por toda la ciudad, atrayendo a trabajadores de los distritos rurales e integrando a Pilsen en la econom\u00eda industrial moderna. Fue durante esta \u00e9poca, en 1842, cuando el cervecero b\u00e1varo Josef Groll aplic\u00f3 novedosos m\u00e9todos de elaboraci\u00f3n de malta p\u00e1lida, produciendo la primera cerveza &#034;Pilsner&#034;. Hoy en d\u00eda, la Cervecer\u00eda Pilsner Urquell sigue siendo la m\u00e1s grande del pa\u00eds, mientras que su empresa hermana, Gambrinus, fundada en 1869, tambi\u00e9n ha alcanzado renombre. Ambas marcas forman parte ahora de Asahi Group Holdings.<\/p>\n<p>M\u00e1s all\u00e1 de su identidad industrial, Pilsen funciona como el n\u00facleo comercial de Bohemia Occidental. Si bien alberga tan solo el treinta por ciento de la poblaci\u00f3n de la regi\u00f3n, genera aproximadamente dos tercios de su PIB, un desequilibrio que se explica en parte por el n\u00famero de viajeros diarios, pero que refleja en gran medida la concentraci\u00f3n de empresas, institutos de investigaci\u00f3n y proveedores de servicios dentro de la ciudad. En 2015, el legado cultural de Pilsen fue reconocido al ser nombrada Capital Europea de la Cultura. Su centro urbano, protegido como zona patrimonial, conserva un extraordinario conjunto de iglesias barrocas, catedrales g\u00f3ticas y edificios c\u00edvicos renacentistas.<\/p>\n<p>En el coraz\u00f3n del casco antiguo se alza la Catedral de San Bartolom\u00e9, cuya nave g\u00f3tica, iniciada a finales del siglo XIII, y su torre de 102 m, la aguja m\u00e1s alta de la Rep\u00fablica Checa, se alza como un campanario. Cerca de all\u00ed, el Ayuntamiento renacentista (1554-1559), atribuido al arquitecto italiano Giovanni de Statia, presenta una fachada austera, salpicada de pilastras ornamentadas y galer\u00edas con arcadas. Sin embargo, es la Gran Sinagoga de estilo neomorisco, terminada en 1893, la que sorprende a la mayor\u00eda de los visitantes: sus arcos de herradura y su ladrillo policromado conforman la segunda sinagoga m\u00e1s grande de Europa, solo superada por la Sinagoga de la calle Doh\u00e1ny de Budapest.<\/p>\n<p>Bajo estos monumentos se esconde otro mundo. Excavada a lo largo de siglos, la hist\u00f3rica red subterr\u00e1nea de Pilsen se extiende unos veinte kil\u00f3metros, aunque solo unos 750 m de sus t\u00faneles, con una profundidad de doce metros, est\u00e1n abiertos a visitas guiadas. Estas bodegas abovedadas albergaron cervecer\u00edas, comerciantes y almacenes municipales, ofreciendo una visi\u00f3n de c\u00f3mo la ciudad medieval equilibraba el comercio y la fortificaci\u00f3n. En la superficie, la antigua torre de agua de la Puerta de Praga \u2014construida en 1532 y posteriormente remodelada en estilo imperial franc\u00e9s (1822)\u2014 conserva su portal g\u00f3tico original y luce una placa conmemorativa del Dr. Josef \u0160koda, nacido en la vecina ciudad en 1805, cuya empresa hom\u00f3nima transformar\u00eda el futuro de la ciudad.<\/p>\n<p>El ritmo de la vida cotidiana en Pilsen sigue ligado a los cursos de agua y al movimiento industrial, pero tambi\u00e9n late al ritmo del transporte p\u00fablico. El \u00e1rea metropolitana de Pilsen cuenta con una red de tranv\u00edas, trolebuses y autobuses operados por PMDP. Los billetes, que se compran en m\u00e1quinas expendedoras, tiendas locales o a bordo de veh\u00edculos mediante una tarjeta inteligente sin contacto, permiten el acceso a todos los medios de transporte; para los viajeros frecuentes, la tarjeta recargable Pilsen Card ofrece viajes ilimitados mientras est\u00e9 vigente. Adem\u00e1s del transporte p\u00fablico municipal, cinco l\u00edneas ferroviarias principales se cruzan aqu\u00ed: la l\u00ednea 170 a Praga, Beroun y Cheb; la 180 a Doma\u017elice y Furth im Wald (Alemania); la 183 a Klatovy y \u017delezn\u00e1 Ruda; la 160 a \u017datec; y la 190 a \u010cesk\u00e9 Bud\u011bjovice, todas convergiendo en Plze\u0148 hlavn\u00ed n\u00e1dra\u017e\u00ed. Los viajeros por carretera se benefician de la autopista D5, que une Praga con N\u00faremberg, mientras que el aeropuerto de L\u00edn\u011b, a once kil\u00f3metros al suroeste, gestiona vuelos nacionales y tr\u00e1fico internacional privado.<\/p>\n<p>El clima de Pilsen se clasifica como oce\u00e1nico (Cfb), caracterizado por veranos templados e inviernos frescos. La precipitaci\u00f3n anual promedio es de 525 mm y la temperatura media anual ronda los 8,4 \u00b0C. Las temperaturas extremas han oscilado entre -28,0 \u00b0C el 12 de febrero de 1985 y 40,1 \u00b0C el 27 de julio de 1983, lo que recuerda la influencia continental de la regi\u00f3n sobre su l\u00ednea de base oce\u00e1nica. Estas condiciones propician la existencia de frondosos bulevares arbolados y los numerosos parques de la ciudad que rodean el centro hist\u00f3rico, un espacio verde muy apreciado tanto por residentes como por visitantes.<\/p>\n<p>La vida c\u00edvica en Pilsen se extiende m\u00e1s all\u00e1 del comercio y la cultura, abarcando la fe y la comunidad. Desde el 31 de mayo de 1993, la ciudad es la sede de la Di\u00f3cesis Cat\u00f3lica Romana de Pilsen, que abarca a 818.700 fieles en setenta y dos parroquias de diez vicariatos. El primer obispo, Franti\u0161ek Radkovsk\u00fd, fue sucedido por el actual obispo, Tom\u00e1\u0161 Holub; su sede catedralicia reside en San Bartolom\u00e9. Las tradiciones protestantes tambi\u00e9n prosperan: la Iglesia Evang\u00e9lica de los Hermanos Checos mantiene aqu\u00ed su s\u00e9quito de Bohemia Occidental, bajo la direcci\u00f3n del mayor Miroslav Hamari, de la congregaci\u00f3n de Koranda, y el s\u00edndico Josef Bene\u0161; otras dos parroquias de los Hermanos sirven a Ji\u017en\u00ed p\u0159edm\u011bst\u00ed y a la cercana Chr\u00e1st. La ciudad alberga la di\u00f3cesis de Pilsen de la Iglesia Husita Checoslovaca, dirigida por el obispo Filip \u0160tojdl, aunque la residencia episcopal se traslad\u00f3 temporalmente a Mirovice. La Iglesia Evang\u00e9lica Luterana Checa tambi\u00e9n tiene su sede aqu\u00ed, y su Iglesia Luterana de San Pablo atiende a los feligreses locales. Otras confesiones \u2014luteranos de la Confesi\u00f3n de Augsburgo, metodistas, adventistas del s\u00e9ptimo d\u00eda, hermanos, ortodoxos y cat\u00f3licos griegos\u2014 contribuyen al entramado religioso de Pilsen.<\/p>\n<p>Los museos y galer\u00edas subrayan la amplitud intelectual de la ciudad. El Museo de Bohemia Occidental en Kopeck\u00e9ho sady ofrece exposiciones rotativas de arqueolog\u00eda, arte e historia, mientras que su Armer\u00eda Municipal conserva armas de fuego y armaduras de los siglos XIV al XVII. Cerca de all\u00ed, el Museo Etnogr\u00e1fico de la Regi\u00f3n de Pilsen relata las costumbres rurales, y el Museo de la Cervecer\u00eda rastrea la elaboraci\u00f3n local de cerveza desde los derechos mon\u00e1sticos medievales \u2014otorgados por el rey Carlos IV en 1375\u2014 hasta la producci\u00f3n moderna. El Centro de Ciencias Techmania, ubicado en un antiguo complejo industrial de \u0160koda, invita a la exploraci\u00f3n interactiva de la f\u00edsica y la ingenier\u00eda. La historia militar encuentra su hogar en el Patton Memorial Pilsen, dedicado a la liberaci\u00f3n del Tercer Ej\u00e9rcito de los EE. UU. en mayo de 1945. Una experiencia m\u00e1s ligera le espera en el Museo de los Fantasmas, con su retablo folcl\u00f3rico, y en el Museo de las Marionetas, que celebra la legendaria tradici\u00f3n marionetista de Pilsen. El Museo Diocesano, ubicado en el claustro franciscano, ofrece esculturas que van del g\u00f3tico al barroco, aunque sus galer\u00edas se encuentran actualmente cerradas.<\/p>\n<p>Los entusiastas del arte se re\u00fanen en la Galer\u00eda de Arte de la Ciudad de Pilsen y su hom\u00f3loga, la Masn\u00e9 kr\u00e1my (Galer\u00eda de Arte de Bohemia Occidental), junto a la Galer\u00eda de Arte Ji\u0159\u00ed Trnka, llamada as\u00ed por el famoso titiritero e ilustrador local. M\u00e1s all\u00e1 del per\u00edmetro urbano se encuentra el Parque A\u00e9reo de Neb\u0159ehovice, donde una colecci\u00f3n al aire libre de unas cincuenta aeronaves evoca las conexiones aeroespaciales de Pilsen.<\/p>\n<p>Experimentar Pilsen es saborear tanto lo cotidiano como lo extraordinario. Un paseo por los parques de la ciudad revela vistas de tejados y agujas de iglesias; subir las escaleras al campanario de San Bartolom\u00e9 recompensa con panor\u00e1micas panor\u00e1micas de tejados y meandros fluviales. En las tabernas cercanas a la Gran Sinagoga o a lo largo del Muelle de la Radbuza, una copa de Pilsner Urquell sin filtrar evoca la tradici\u00f3n cervecera de la ciudad. Para quienes buscan emociones fuertes, empresas privadas como MiGFlug &amp; Adventure ofrecen la oportunidad de pilotar un avi\u00f3n de combate desde una base cercana a Pilsen, una experiencia que, si bien es costosa, subraya el v\u00ednculo perdurable de la ciudad con la velocidad y la precisi\u00f3n.<\/p>\n<p>La afici\u00f3n deportiva en Pilsen se centra en el FC Viktoria Plze\u0148, cuyo equipo campe\u00f3n compite en el Doosan Arena, un estadio con capacidad para doce mil personas, a pocos pasos de la Plaza de la Rep\u00fablica. Los aficionados al hockey sobre hielo siguen al HC \u0160koda Plze\u0148 en el Logspeed CZ Arena, donde resuenan los ecos de los patines sobre el hielo cada invierno.<\/p>\n<p>El calendario de la ciudad refleja el rico pasado y el din\u00e1mico presente de Pilsen. Cada mayo, en torno al aniversario de su liberaci\u00f3n, el 6 de mayo de 1945, el Festival de la Liberaci\u00f3n llena las calles de m\u00fasica y recuerdos. El verano trae el Festival de T\u00edteres Rock, una convergencia al aire libre de m\u00fasica y t\u00edteres en el parque de la Plaza de Pilsen durante el \u00faltimo fin de semana de julio, y, a principios de agosto, el Festival &#034;En las Calles&#034;, que presenta teatro, danza y espect\u00e1culos callejeros en escenarios dispersos y en la gran plataforma de la Plaza de la Rep\u00fablica. El momento culminante del oto\u00f1o llega con el Festival de la Pilsen cada septiembre, cuando la cervecer\u00eda original recibe a los amantes de la cerveza para celebrar su fundaci\u00f3n en 1842.<\/p>\n<p>En Pilsen, la historia y la modernidad se entrelazan. Piedra g\u00f3tica, arcos renacentistas y ornamentaci\u00f3n morisca enmarcan calles repletas de tranv\u00edas y motonetas. Los r\u00edos se encuentran, y en su confluencia la ciudad encuentra comercio y ambiente acogedor. Aqu\u00ed, el pasado no se fosiliza ni se olvida; fluye con la misma seguridad que el Berounka hacia nuevos horizontes.<\/p>","protected":false},"excerpt":{"rendered":"<p>Pilsen, ciudad de notable importancia hist\u00f3rica y cultural, se encuentra en la regi\u00f3n occidental de la Rep\u00fablica Checa, a unos 78 kil\u00f3metros al oeste de Praga. Pilsen tiene una poblaci\u00f3n de aproximadamente 186.000 habitantes en la ciudad y unos 323.184 en su \u00e1rea urbana, lo que la convierte en la cuarta ciudad m\u00e1s poblada de la Rep\u00fablica Checa. Este centro urbano, ubicado en Bohemia Occidental, ha contribuido significativamente al desarrollo de la regi\u00f3n a lo largo de los siglos, transform\u00e1ndose de un puesto comercial medieval en un centro industrial y cultural contempor\u00e1neo.<\/p>","protected":false},"author":1,"featured_media":2986,"parent":14322,"menu_order":0,"comment_status":"closed","ping_status":"closed","template":"elementor_theme","meta":{"_eb_attr":"","footnotes":""},"class_list":["post-14355","page","type-page","status-publish","has-post-thumbnail"],"_links":{"self":[{"href":"https:\/\/travelshelper.com\/es\/wp-json\/wp\/v2\/pages\/14355","targetHints":{"allow":["GET"]}}],"collection":[{"href":"https:\/\/travelshelper.com\/es\/wp-json\/wp\/v2\/pages"}],"about":[{"href":"https:\/\/travelshelper.com\/es\/wp-json\/wp\/v2\/types\/page"}],"author":[{"embeddable":true,"href":"https:\/\/travelshelper.com\/es\/wp-json\/wp\/v2\/users\/1"}],"replies":[{"embeddable":true,"href":"https:\/\/travelshelper.com\/es\/wp-json\/wp\/v2\/comments?post=14355"}],"version-history":[{"count":0,"href":"https:\/\/travelshelper.com\/es\/wp-json\/wp\/v2\/pages\/14355\/revisions"}],"up":[{"embeddable":true,"href":"https:\/\/travelshelper.com\/es\/wp-json\/wp\/v2\/pages\/14322"}],"wp:featuredmedia":[{"embeddable":true,"href":"https:\/\/travelshelper.com\/es\/wp-json\/wp\/v2\/media\/2986"}],"wp:attachment":[{"href":"https:\/\/travelshelper.com\/es\/wp-json\/wp\/v2\/media?parent=14355"}],"curies":[{"name":"wp","href":"https:\/\/api.w.org\/{rel}","templated":true}]}}