{"id":14313,"date":"2024-09-19T08:27:18","date_gmt":"2024-09-19T08:27:18","guid":{"rendered":"https:\/\/travelshelper.com\/staging\/?page_id=14313"},"modified":"2026-03-11T23:25:17","modified_gmt":"2026-03-11T23:25:17","slug":"aarhus","status":"publish","type":"page","link":"https:\/\/travelshelper.com\/es\/destinations\/europe\/denmark\/aarhus\/","title":{"rendered":"Aarhus"},"content":{"rendered":"<p>Aarhus ocupa una ensenada protegida en la costa oriental de Jutlandia, en Dinamarca. Su silueta moderna traza un linaje que se remonta a finales del siglo VIII. Fundada como asentamiento portuario en la desembocadura del r\u00edo Aarhus, la ciudad se convirti\u00f3 r\u00e1pidamente en un centro de comercio mar\u00edtimo. Hacia el a\u00f1o 900 d. C., una modesta capilla cristiana se alzaba cerca de la orilla, presagiando un ascenso clerical que consolidar\u00eda el estatus del asentamiento durante la Edad Media. Terraplenes defensivos de tierra y madera rodeaban la creciente ciudad durante la \u00e9poca vikinga, y para 1441, los l\u00edderes c\u00edvicos consiguieron privilegios de ciudad de mercado, consolidando la transformaci\u00f3n de Aarhus, de una modesta comunidad ribere\u00f1a a un din\u00e1mico centro urbano.<\/p>\n<p>A lo largo de la Alta Edad Media, el obispado de Aarhus acumul\u00f3 riqueza e influencia. Sus mecenas eclesi\u00e1sticos encargaron casas religiosas e iglesias de piedra, entre ellas la Iglesia de Nuestra Se\u00f1ora, erigida originalmente en 1060 y reconocida hoy como la iglesia de piedra m\u00e1s antigua de Escandinavia. A lo largo de los siglos, la bas\u00edlica rom\u00e1nica que se convertir\u00eda en la Catedral de Aarhus se alz\u00f3 hasta alcanzar sus 93 metros de longitud actuales, la m\u00e1s larga del pa\u00eds, y fue coronada con un imponente coro g\u00f3tico a finales del siglo XV. La escuela catedralicia anexa, fundada en 1195, se conserva como una de las instituciones educativas m\u00e1s antiguas del mundo, testimonio del firme compromiso de la ciudad con el aprendizaje.<\/p>\n<p>La innovaci\u00f3n industrial lleg\u00f3 a mediados del siglo XIX, pero el primer ferrocarril de la ciudad, construido en 1862, ya hab\u00eda marcado la transici\u00f3n de Aarhus hacia la modernidad. El ferrocarril dio origen a nuevos suburbios y f\u00e1bricas, impulsando un crecimiento demogr\u00e1fico que continu\u00f3 hasta el siglo XX. En 1928, abri\u00f3 sus puertas la primera universidad de Jutlandia, consolidando la reputaci\u00f3n de la ciudad como centro de estudios. Hoy en d\u00eda, la Universidad de Aarhus se erige como la universidad m\u00e1s grande de Escandinavia, y su campus funcionalista, dise\u00f1ado por Kay Fisker, Povl Stegmann y CF M\u00f8ller, es ampliamente reconocido por su importancia arquitect\u00f3nica.<\/p>\n<p>La geograf\u00eda ha moldeado cada cap\u00edtulo de la historia de Aarhus. La bah\u00eda de Aarhus ofrece un puerto natural, con sus diez metros de profundidad cerca de la costa, que dan cabida a los buques portacontenedores m\u00e1s grandes del pa\u00eds. Al otro lado de la bah\u00eda se encuentran las pen\u00ednsulas de Mols y Helgen\u00e6s, que forman parte de la extensa masa continental de Djursland. Al oeste, una meseta morr\u00e9nica excavada por valles t\u00fanel de la Edad de Hielo alberga una serie de lagos (Brabrand, \u00c5rslev y T\u00e5strup), conectados por el r\u00edo Aarhus. Al norte, el valle de Eg\u00e5 y una red de humedales fueron parcialmente restaurados a principios de la d\u00e9cada de 2000, evocando la ecolog\u00eda preurbana de la regi\u00f3n. El punto m\u00e1s alto del municipio, Jelsh\u00f8j (128 metros), se encuentra en H\u00f8jbjerg, coronado por un t\u00famulo de la Edad de Bronce rodeado de leyendas locales.<\/p>\n<p>El clima de la ciudad refleja su ubicaci\u00f3n en la confluencia de las influencias mar\u00edtimas y continentales. Los vientos del oeste transportan la humedad atl\u00e1ntica a trav\u00e9s de Jutlandia, mientras que la topograf\u00eda local propicia la elevaci\u00f3n y las precipitaciones en el este de Jutlandia. Las temperaturas oscilan entre una media de 0,1 \u00b0C en febrero y 15,9 \u00b0C en agosto, y las aguas costeras alcanzan temperaturas superiores a los 20 \u00b0C en pleno verano. Sin embargo, los vientos oto\u00f1ales del Kattegat suelen traer lluvia y fuertes r\u00e1fagas. La luz tambi\u00e9n var\u00eda dr\u00e1sticamente: en el solsticio de verano, la luz del d\u00eda se extiende desde las 04:26 hasta las 21:58, mientras que el solsticio de invierno ofrece apenas m\u00e1s de siete horas bajo un sol que sale a las 08:37 y se pone a las 15:39.<\/p>\n<p>El tejido urbano de Aarhus est\u00e1 repleto de legados arquitect\u00f3nicos. La red de calles medievales persiste en Midtbyen, donde estrechas callejuelas \u2014entre ellas Posthussm\u00f8gen y Telefonsm\u00f8gen\u2014 trazan antiguas estaciones de peaje, y el All\u00e9gaderingen sigue vagamente las antiguas murallas de la ciudad vikinga. En el Barrio Latino, las casas con entramado de madera de Mejlgade y Skolegade datan de principios del siglo XVII. Las sensibilidades neocl\u00e1sicas y rom\u00e1nticas nacionales de la Dinamarca de finales del siglo XIX aparecen en los dise\u00f1os de Hack Kampmann para el Palacio de Marselisborg y la Aduana, ambos finalizados en 1898. El funcionalismo dan\u00e9s dej\u00f3 su huella en el Ayuntamiento, una colaboraci\u00f3n entre Arne Jacobsen y Erik M\u00f8ller revestido de m\u00e1rmol, y en el edificio principal de la Universidad. La actual reurbanizaci\u00f3n del puerto y los proyectos de rascacielos reflejan la \u00faltima fase de una ciudad que continuamente moldea su horizonte.<\/p>\n<p>Las instituciones culturales pueblan cada rinc\u00f3n de la ciudad. El museo del casco antiguo, Den Gamle By, transporta a los visitantes a la Dinamarca urbana de siglos pasados \u200b\u200ba trav\u00e9s de setenta y cinco edificios aut\u00e9nticos reconstruidos de todo el pa\u00eds. El ARoS Aarhus Kunstmuseum, una de las instituciones de arte m\u00e1s grandes de Escandinavia, examina el arte dan\u00e9s desde el siglo XVIII en adelante, y su instalaci\u00f3n en la azotea, Your Rainbow Panorama de Olafur Eliasson, ba\u00f1a la ciudad con franjas de color cambiantes. Las galer\u00edas arqueol\u00f3gicas del Museo Moesg\u00e5rd exhiben al Hombre de Grauballe y antiguos sacrificios de armas, mientras que el Kvindemuseet traza el papel de la mujer en la historia danesa. El Museo de Historia Natural de la Universidad, las narrativas b\u00e9licas del Museo de la Ocupaci\u00f3n, las exhibiciones cient\u00edficas del Museo Steno y las colecciones regionales del Stiftsmuseum hacen de Aarhus un dep\u00f3sito de la memoria nacional.<\/p>\n<p>Las artes esc\u00e9nicas prosperan en espacios tanto hist\u00f3ricos como modernos. El Teatro de Aarhus, el mayor escenario provincial de Dinamarca, inaugurado en 1916 bajo el florecimiento Art Nouveau de Hack Kampmann, se encuentra frente a la catedral en Bispetorvet. Musikhuset, la sala de conciertos m\u00e1s grande del norte de Europa, con capacidad para m\u00e1s de 3600 personas, alberga sinfon\u00edas, \u00f3pera y conjuntos contempor\u00e1neos. Espacios m\u00e1s peque\u00f1os, desde el experimental Svalegangen hasta el escenario infantil Filuren, fomentan la diversidad teatral. Salas de m\u00fasica como VoxHall, Atlas y Train Station reflejan la arraigada acogida de la ciudad por el rock, el jazz y la electr\u00f3nica, mientras que Godsbanen, un antiguo patio de carga reconvertido, ofrece estudios y espacios de representaci\u00f3n para formas art\u00edsticas ecl\u00e9cticas.<\/p>\n<p>El calendario de Aarhus est\u00e1 repleto de festivales y eventos. Festuge, un espect\u00e1culo oto\u00f1al de diez d\u00edas desde 1965, transforma el centro de la ciudad con instalaciones, actuaciones y desfiles. El Festival de Jazz de Aarhus, fundado en 1988, ofrece conciertos en lugares hist\u00f3ricos y poco convencionales cada mes de julio. NorthSide, establecido en 2010, se ha convertido en un im\u00e1n a mediados de junio para artistas internacionales de pop e indie, mientras que el Festival Spot destaca el talento n\u00f3rdico emergente cada primavera. Reuniones m\u00e1s peque\u00f1as, desde el peculiar &#034;Festival del M\u00e1s Feo de Dinamarca&#034; en Brabrand hasta el International Living Theatre, que se celebra bianualmente, dan testimonio del apetito de la ciudad por la exploraci\u00f3n art\u00edstica. Las festividades clericales, como el d\u00eda de Santa Luc\u00eda y la v\u00edspera de San Juan, dan lugar a ceremonias al aire libre, y la carrera de barcos universitarios, que se celebra anualmente desde 1991, atrae multitudes al lago del campus para competir por el Orinal Dorado.<\/p>\n<p>Los espacios verdes tambi\u00e9n definen la experiencia de Aarhus. Los bosques de Riis Skov y Marselisborg bordean el per\u00edmetro urbano, con sus hayedos entrelazados por rutas para correr y andar en bicicleta. Con vistas a la ciudad, dos ba\u00f1os p\u00fablicos de mar \u2014Den Permanente y Ballehage\u2014 invitan a nadar al aire libre durante todo el a\u00f1o. Dokk1, el complejo cultural frente al puerto, inaugurado en 2015, alberga la biblioteca central y los servicios c\u00edvicos bajo una amplia cubierta angular. El Jard\u00edn Bot\u00e1nico, que data de 1875, alberga colecciones de plantas patrimoniales e invernaderos renovados, mientras que las ondulantes praderas y los venerables robles del Parque Universitario ofrecen un refugio pastoral en el coraz\u00f3n del campus. El Parque Marienlyst, el m\u00e1s grande del municipio con 55 hect\u00e1reas, cuenta con bosques, prados y campos deportivos m\u00e1s all\u00e1 de los l\u00edmites de Hasle.<\/p>\n<p>La econom\u00eda de Aarhus ha evolucionado desde sus ra\u00edces agrarias y su auge manufacturero hasta un predominio del conocimiento y los servicios. El Puerto de Aarhus, entidad aut\u00f3noma, procesa m\u00e1s de la mitad del tr\u00e1fico de contenedores de Dinamarca y gestiona m\u00e1s de 9,5 millones de toneladas de carga al a\u00f1o. Aqu\u00ed hacen escala las principales navieras y l\u00edneas de contenedores de Dinamarca, al igual que los cruceros que exploran el B\u00e1ltico. El material rodante y las terminales de ferry mantienen conexiones con Copenhague, Finlandia y Kalundborg, la ruta actual de pasajeros a Zelanda que transporta a dos millones de viajeros al a\u00f1o en buques Mols-Linien. Las sedes corporativas de Vestas, Arla Foods, el Grupo Salling y Jysk constituyen el pilar de la industria de la ciudad, incluso mientras la agricultura se relega a los distritos perif\u00e9ricos.<\/p>\n<p>Los centros de innovaci\u00f3n se agrupan en torno a la universidad. El Parque Cient\u00edfico INCUBA, surgido de una iniciativa de investigaci\u00f3n en 1986, impulsa startups de TI y biomedicina en cuatro campus, incluyendo el Parque Navitas, compartido con ingenieros mar\u00edtimos. El Parque Agroalimentario de Skejby re\u00fane a empresas de ciencias de la alimentaci\u00f3n bajo un mismo techo y se perfila para albergar el centro global de innovaci\u00f3n de Arla. La Escuela de Arquitectura de Aarhus contribuye a un &#034;cluster de arquitectura&#034; junto con firmas como Schmidt Hammer Lassen y CF M\u00f8ller, mientras que los planes para un barrio creativo en el antiguo patio de carga anticipan una mayor concentraci\u00f3n de talento en dise\u00f1o.<\/p>\n<p>La demograf\u00eda y la educaci\u00f3n se entrelazan en el perfil juvenil de Aarhus. Los 261.570 habitantes de la ciudad tienen una edad media de 37,5 a\u00f1os, la m\u00e1s baja entre las grandes ciudades de Dinamarca. Los veintea\u00f1eros constituyen la cohorte m\u00e1s numerosa, atra\u00eddos por los estudios universitarios y el dinamismo cultural. M\u00e1s del 40% posee t\u00edtulos universitarios y menos del 15% carece de t\u00edtulos de secundaria. Los 330.639 habitantes del municipio muestran tendencias similares, y casi un tercio de ellos se desplaza a Aarhus desde ciudades como Randers, Silkeborg y Horsens.<\/p>\n<p>La gastronom\u00eda y la vida nocturna reflejan el esp\u00edritu cosmopolita de la ciudad. El sm\u00f8rrebr\u00f8d tradicional y la comida danesa perduran en establecimientos centenarios como el City Hall Caf\u00e9 (fundado en 1924) y la taberna Peter Gift (fundada en 1906). Los nuevos innovadores n\u00f3rdicos, como K\u00e4hler Villa Dining, H\u00e6rv\u00e6rk y Domestic, promueven los productos de temporada, mientras que los mercados de Frederiksbjerg ofrecen quesos y embutidos locales. Aarhus se uni\u00f3 a la gu\u00eda Michelin en 2015, y restaurantes de alta gama como Nordisk Spisehus y Substans han obtenido estrellas. Los puestos de comida callejera, como Aarhus Street Food y el Mercado Central de Alimentos, ofrecen sabores internacionales en sus salones comunes. Al anochecer, bares, desde acogedores pubs hasta elegantes clubes, animan la ribera, el Barrio Latino y Frederiksbjerg. Lugares como Kup\u00e9, Ris Ras Filliongongong y Sherlock Holmes atienden gustos diversos, mientras que Gbar y Caf\u00e9 Sappho afirman la aceptaci\u00f3n de la ciudad hacia su comunidad LGBT.<\/p>\n<p>A lo largo de doce siglos, Aarhus se ha reinventado en la intersecci\u00f3n de la tierra y el mar. Su hist\u00f3rica catedral y sus calles adoquinadas coexisten con salas de conciertos, parques de investigaci\u00f3n y senderos forestales. Los museos preservan el pasado dan\u00e9s mientras los festivales celebran su presente. Cada s\u00edmbolo \u2014desde la arquitectura hasta la agricultura, del puerto al parque, de la erudici\u00f3n a la m\u00fasica\u2014 contribuye a una ciudad que equilibra el peso de la historia con el dinamismo de la juventud. En Aarhus, la continuidad y el cambio convergen, invitando a la reflexi\u00f3n sobre un lugar donde cada calle y silueta del horizonte hablan de renovaci\u00f3n y resiliencia.<\/p>","protected":false},"excerpt":{"rendered":"<p>Aarhus, la segunda ciudad m\u00e1s grande de Dinamarca, se encuentra en la costa oriental de Jutlandia, en el mar de Kattegat, a unos 187 kil\u00f3metros al noroeste de Copenhague. Con una poblaci\u00f3n de 355.238 habitantes en la ciudad y 1.431.733 en el \u00e1rea urbana (datos de 2022), Aarhus se erige como un importante centro urbano del pa\u00eds. Esta vibrante ciudad, oficialmente escrita \u00c5rhus desde 1948 hasta el 1 de enero de 2011, posee una rica historia que se remonta a finales del siglo VIII, evolucionando desde un humilde asentamiento portuario hasta una pr\u00f3spera metr\u00f3polis que combina a la perfecci\u00f3n sus ra\u00edces hist\u00f3ricas con el dinamismo moderno.<\/p>","protected":false},"author":1,"featured_media":2980,"parent":14261,"menu_order":0,"comment_status":"closed","ping_status":"closed","template":"elementor_theme","meta":{"_eb_attr":"","footnotes":""},"class_list":["post-14313","page","type-page","status-publish","has-post-thumbnail"],"_links":{"self":[{"href":"https:\/\/travelshelper.com\/es\/wp-json\/wp\/v2\/pages\/14313","targetHints":{"allow":["GET"]}}],"collection":[{"href":"https:\/\/travelshelper.com\/es\/wp-json\/wp\/v2\/pages"}],"about":[{"href":"https:\/\/travelshelper.com\/es\/wp-json\/wp\/v2\/types\/page"}],"author":[{"embeddable":true,"href":"https:\/\/travelshelper.com\/es\/wp-json\/wp\/v2\/users\/1"}],"replies":[{"embeddable":true,"href":"https:\/\/travelshelper.com\/es\/wp-json\/wp\/v2\/comments?post=14313"}],"version-history":[{"count":0,"href":"https:\/\/travelshelper.com\/es\/wp-json\/wp\/v2\/pages\/14313\/revisions"}],"up":[{"embeddable":true,"href":"https:\/\/travelshelper.com\/es\/wp-json\/wp\/v2\/pages\/14261"}],"wp:featuredmedia":[{"embeddable":true,"href":"https:\/\/travelshelper.com\/es\/wp-json\/wp\/v2\/media\/2980"}],"wp:attachment":[{"href":"https:\/\/travelshelper.com\/es\/wp-json\/wp\/v2\/media?parent=14313"}],"curies":[{"name":"wp","href":"https:\/\/api.w.org\/{rel}","templated":true}]}}