{"id":14301,"date":"2024-09-19T08:21:38","date_gmt":"2024-09-19T08:21:38","guid":{"rendered":"https:\/\/travelshelper.com\/staging\/?page_id=14301"},"modified":"2026-03-11T23:25:07","modified_gmt":"2026-03-11T23:25:07","slug":"copenhague","status":"publish","type":"page","link":"https:\/\/travelshelper.com\/es\/destinations\/europe\/denmark\/copenhagen\/","title":{"rendered":"Copenhagen"},"content":{"rendered":"<p>Copenhague se alza como testimonio de la superposici\u00f3n de siglos: anta\u00f1o un modesto asentamiento pesquero, ahora una pr\u00f3spera capital del norte de Europa, donde las calles medievales rozan elegantes fachadas modernas, y donde las instituciones culturales y las industrias de vanguardia comparten la misma importancia. Desde su fundaci\u00f3n en el siglo X junto a las serpenteantes aguas de lo que hoy es Gammel Strand, la ciudad ha sido testigo del auge y la ca\u00edda de imperios, los horrores de las plagas y los bombardeos, y el constante desarrollo de la visi\u00f3n urbana. Hoy, Copenhague alberga a 1,4 millones de habitantes en su n\u00facleo urbano, que abarca las islas de Selandia y Amager y cruza el \u00d6resund hasta Malm\u00f6 a trav\u00e9s del elegante puente que une las costas danesa y sueca. Como sede pol\u00edtica, motor econ\u00f3mico y coraz\u00f3n cultural de Dinamarca, combina los legados de la ambici\u00f3n real y el saber de la Ilustraci\u00f3n con el impulso de un centro del siglo XXI en productos farmac\u00e9uticos, tecnolog\u00eda de la informaci\u00f3n y energ\u00eda limpia, todo ello preservando la escala humana y los espacios verdes que la convierten en una de las ciudades m\u00e1s habitables del mundo.<\/p>\n<p>El coraz\u00f3n medieval de la ciudad cobr\u00f3 vida bajo los auspicios vikingos, y sus humildes caba\u00f1as de pescadores dieron paso a las murallas fortificadas que un d\u00eda definir\u00edan el Anillo de Fortificaciones. A principios del siglo XV, Copenhague fue convocada a la capitalidad y, en el siglo XVI, sirvi\u00f3 como sede mon\u00e1rquica de facto de la Uni\u00f3n de Kalmar, uniendo a Dinamarca, Suecia y Noruega bajo una sola corona. El comercio flu\u00eda por sus v\u00edas renacentistas y la ciudad floreci\u00f3 como el crisol cultural de Escandinavia. El siglo XVII consolid\u00f3 a\u00fan m\u00e1s su papel como centro de poder: palacios, arsenales y ministerios irradiaban autoridad desde un n\u00facleo urbano que se extend\u00eda constantemente m\u00e1s all\u00e1 de sus antiguas murallas. Sin embargo, el siglo XVIII trajo consigo tanto calamidades como renovaci\u00f3n: la peste y los grandes incendios arrasaron franjas de casas de madera, solo para que los urbanistas respondieran con Frederiksstaden, un prestigioso distrito de mansiones rococ\u00f3 y amplias avenidas. Fue durante esta \u00e9poca que el Teatro Real y la Academia de Bellas Artes anclaron las ambiciones culturales de Copenhague, incluso cuando la ciudad lamentablemente se beneficiaba del tr\u00e1fico de esclavos que se transmit\u00eda a trav\u00e9s de sus flotas mercantes.<\/p>\n<p>Los trastornos de las Guerras Napole\u00f3nicas llegaron a las puertas de Copenhague en 1807, cuando una flota brit\u00e1nica bombarde\u00f3 la ciudad hasta someterla. De las cenizas de esta desgracia emergi\u00f3 la Edad de Oro danesa, un per\u00edodo de arquitectura neocl\u00e1sica, innovaci\u00f3n art\u00edstica y efervescencia filos\u00f3fica que transform\u00f3 la imagen de la ciudad. En el siglo XX, la reconstrucci\u00f3n posb\u00e9lica dio origen al Plan Finger, un plan visionario que orient\u00f3 el crecimiento a lo largo de cinco corredores ferroviarios, asegurando que la vivienda y el comercio avanzaran en sinton\u00eda con la infraestructura de transporte. La finalizaci\u00f3n del Puente de \u00d6resund a principios del milenio ampli\u00f3 a\u00fan m\u00e1s el alcance de Copenhague, integr\u00e1ndola con la regi\u00f3n de \u00d6resund y Suecia, y fomentando el intercambio econ\u00f3mico y cultural a trav\u00e9s del estrecho.<\/p>\n<p>Geogr\u00e1ficamente, Copenhague se define por su proximidad al mar. Ocupa la costa oriental de Selandia, se extiende hacia el sur hasta Amager y posee una constelaci\u00f3n de islotes que se ciernen sobre la ensenada entre Dinamarca y Suecia. Al otro lado del \u00d6resund, Malm\u00f6 se encuentra a 42 kil\u00f3metros al sureste por carretera; N\u00e6stved y Odense se encuentran, respectivamente, a 85 y 164 kil\u00f3metros al suroeste; Aarhus se encuentra a unos 188 kil\u00f3metros al noroeste por mar y carretera. Dentro de estas distancias, la influencia de la ciudad \u2014pol\u00edtica, comercial y cultural\u2014 se extiende, conectando la isla con el continente con la misma fluidez con la que su red de puentes, transbordadores y t\u00faneles conecta un distrito con otro.<\/p>\n<p>Las antiguas murallas que anta\u00f1o proteg\u00edan Copenhague a\u00fan dan forma al Anillo de Fortificaciones, ahora una franja verde que rodea el n\u00facleo medieval. M\u00e1s all\u00e1, los barrios obreros del siglo XIX \u2014\u00d8sterbro, N\u00f8rrebro, Vesterbro, Amagerbro\u2014 surgieron entre 1870 y 1915, con sus calles cuadriculadas bordeadas de casas de ladrillo y salpicadas de peque\u00f1os parques. Los suburbios que siguieron entre 1920 y 1960 \u2014Kongens Enghave, Valby, Vanl\u00f8se y otros\u2014 adquirieron un car\u00e1cter m\u00e1s sobrio, donde los conjuntos de viviendas de baja altura compart\u00edan espacio con zonas verdes. La red de parques de la ciudad y su costa son parte integral de la vida cotidiana: Amager Strandpark, un paisaje de playa artificial inaugurado en 2005, ofrece 4,6 kil\u00f3metros de arenas y paseos a menos de quince minutos en bicicleta del centro, mientras que Bellevue Beach al norte y los famosos ba\u00f1os del puerto en Islands Brygge invitan a nadar y relajarse durante todo el a\u00f1o.<\/p>\n<p>El clima oce\u00e1nico de Copenhague ofrece una combinaci\u00f3n caprichosa de bajas temperaturas atl\u00e1nticas, veranos suaves e inviernos frescos. Las precipitaciones son moderadas, aunque de julio a septiembre pueden ser ligeramente m\u00e1s h\u00famedas, y la nieve suele caer entre finales de diciembre y principios de marzo, acumul\u00e1ndose ocasionalmente hasta medio metro en veinticuatro horas. Las horas de sol var\u00edan dr\u00e1sticamente, desde aproximadamente ocho al d\u00eda en junio hasta apenas una y media en pleno invierno, lo que hace a\u00fan m\u00e1s pronunciado el contraste entre un d\u00eda de pleno verano que se extiende de 04:26 a 21:58 y el breve d\u00eda de invierno de 08:37 a 15:39. Las temperaturas m\u00e1ximas promedian los 21 \u00b0C en julio, un mes caluroso, mientras que las semanas m\u00e1s fr\u00edas rondan los cero grados.<\/p>\n<p>Demogr\u00e1ficamente, Copenhague es el municipio m\u00e1s grande de Dinamarca, con unos 644.000 residentes en 2022, cifra que asciende a 764.000 si se incluyen sus suburbios de Frederiksberg, Drag\u00f8r y T\u00e5rnby a efectos estad\u00edsticos. La inmigraci\u00f3n ha marcado su crecimiento reciente: a principios de 2022, casi el 27 % de la poblaci\u00f3n del municipio ten\u00eda ra\u00edces fuera de Dinamarca, y las comunidades de extranjeros m\u00e1s numerosas proven\u00edan de Pakist\u00e1n, Turqu\u00eda, Irak, Alemania y Polonia. La vida religiosa refleja esta diversidad. La Iglesia Nacional Danesa representa algo m\u00e1s de la mitad de la poblaci\u00f3n, mientras que el islam se ha convertido en la segunda fe m\u00e1s importante, abarcando alrededor del 10 % de los habitantes y consolidando comunidades vibrantes en N\u00f8rrebro y Vestegnen. El legado jud\u00edo de Copenhague se remonta al siglo XVII y sigue siendo visible en las sinagogas activas y el Museo Jud\u00edo Dan\u00e9s.<\/p>\n<p>Como sede del gobierno de Dinamarca, Copenhague alberga el Folketing y los ministerios que dirigen la pol\u00edtica nacional. Es tambi\u00e9n el centro financiero del pa\u00eds, con la Bolsa de Copenhague como punto de referencia, y un centro neur\u00e1lgico del sector servicios: el transporte, las comunicaciones, el comercio y las finanzas emplean a la mayor\u00eda de sus 350.000 trabajadores. A principios del siglo XXI, las inversiones en tecnolog\u00edas de la informaci\u00f3n, productos farmac\u00e9uticos y tecnolog\u00edas limpias han impulsado una r\u00e1pida expansi\u00f3n del sector servicios. La Regi\u00f3n de la Capital en su conjunto registr\u00f3 un PIB de aproximadamente 120.000 millones de euros en 2017, lo que la sit\u00faa entre las regiones europeas con mayor producci\u00f3n per c\u00e1pita. La reputaci\u00f3n de Copenhague como l\u00edder mundial en la econom\u00eda verde se basa en compromisos a largo plazo con el crecimiento bajo en carbono, la eficiencia energ\u00e9tica y el dise\u00f1o urbano sostenible.<\/p>\n<p>La vida acad\u00e9mica late por toda la ciudad. La Universidad de Copenhague, fundada en 1479, se encuentra entre las instituciones de educaci\u00f3n superior m\u00e1s antiguas de Europa, mientras que la Universidad T\u00e9cnica de Dinamarca, la Escuela de Negocios de Copenhague y la Universidad de Tecnolog\u00eda de la Informaci\u00f3n de Copenhague atraen a acad\u00e9micos de todo el mundo. El deporte tambi\u00e9n ocupa un lugar destacado: el FC Copenhague y el Br\u00f8ndby IF cuentan con fervientes seguidores en el f\u00fatbol, \u200b\u200bla Marat\u00f3n de Copenhague anual desde 1980 recorre sus avenidas, y las calles de la ciudad, famosas por su accesibilidad para bicicletas, esconden una red de transporte p\u00fablico: los autobuses Movia, el metro de Copenhague desde 2002, el S-train, las l\u00edneas Lokaltog y la l\u00ednea costera, todos convergentes para dar servicio tanto a viajeros como a turistas. El Aeropuerto de Kastrup, con 2,5 millones de pasajeros mensuales, es uno de los m\u00e1s transitados de los pa\u00edses n\u00f3rdicos.<\/p>\n<p>El horizonte de Copenhague es fruto de una contenci\u00f3n deliberada y una innovaci\u00f3n audaz. El n\u00facleo medieval, conocido como Middelalderbyen, perdura entre estrechas callejuelas e iglesias antiguas, con el Palacio de Christiansborg en Slotsholmen como punto de referencia. Frederiksstaden, concebido bajo el reinado de Federico V en el siglo XVIII, integra las cuatro mansiones de Amalienborg y la c\u00fapula de la iglesia de Federico en una armon\u00eda rococ\u00f3. M\u00e1s all\u00e1 del centro hist\u00f3rico, se alzan proyectos contempor\u00e1neos en la llanura de \u00d8restad y en Holmen, incluyendo la \u00d3pera y modernos complejos de oficinas. Sin embargo, la voluntad pol\u00edtica ha protegido durante mucho tiempo el centro de la ciudad de la invasi\u00f3n de rascacielos. El resultado es una ciudad que honra sus acentos verticales \u2014las iglesias de Nuestro Salvador y San Nicol\u00e1s, coronadas por sus agujas, y la torre de la Bolsa de Valores con cola de drag\u00f3n de Cristi\u00e1n IV\u2014, a la vez que preserva un horizonte a escala humana.<\/p>\n<p>Cada distrito ofrece su propia escena. Indre By vibra con la extensi\u00f3n peatonal de Str\u00f8get, las exposiciones de arte en Charlottenborg y el encanto de los canales de Nyhavn. Christianshavn, con sus canales de estilo holand\u00e9s y el enclave aut\u00f3nomo de Christiania, evoca un esp\u00edritu de tolerancia y creatividad; su Iglesia de Nuestro Salvador se eleva en espiral hacia el cielo junto a casas flotantes y almacenes ahora reconvertidos en cocina n\u00f3rdica. Los Jardines Tivoli de Vesterbro evocan caprichos bajo las luces de la noria, mientras que el Barrio Carlsberg preserva monumentos cerveceros entre espacios culturales. N\u00f8rrebro se ha transformado desde sus ra\u00edces obreras hasta vibrantes v\u00edas multiculturales, ancladas por Sankt Hans Torv y el frondoso consuelo del Cementerio de Assistens. Las embajadas y el paseo mar\u00edtimo de \u00d8sterbro ofrecen majestuosos paseos hasta la estatua de la Sirenita, su Fuente Gefion con tallas m\u00edticas cerca de las murallas de Kastellet. Frederiksberg destaca como un municipio verde con su propio palacio, zool\u00f3gico y avenidas de teatros. Al sur del puente a Amager, las tiendas y caf\u00e9s de Amagerbro recuerdan a los visitantes que la vida cotidiana aqu\u00ed se desarrolla a un ritmo animado y local.<\/p>\n<p>Los museos de Copenhague trazan las corrientes culturales de la ciudad. El Museo Nacional examina la historia danesa y mundial; el Statens Museum for Kunst explora el arte desde los retablos medievales hasta las instalaciones contempor\u00e1neas. La Gliptoteca Ny Carlsberg alberga estatuas cl\u00e1sicas y pinturas impresionistas bajo galer\u00edas con techo de cristal; Luisiana se alza sobre la costa norte de la ciudad, fusionando arte moderno con jardines de esculturas con vistas al \u00d6resund. El Museo Dan\u00e9s de Dise\u00f1o, el Museo Thorvaldsens de escultura neocl\u00e1sica, las galer\u00edas subterr\u00e1neas de Cisternerne y la colecci\u00f3n Ordrupgaard de arte del siglo XIX completan una constelaci\u00f3n de instituciones que premian la curiosidad y fomentan el di\u00e1logo.<\/p>\n<p>Tanto en el escenario como en las salas de conciertos, las artes esc\u00e9nicas de Copenhague gozan de respeto internacional. El Teatro Real Dan\u00e9s y la \u00d3pera de Holmen albergan ballet, teatro y conciertos sinf\u00f3nicos en recintos aclamados por su ac\u00fastica y su audacia arquitect\u00f3nica. La Sala de Conciertos de Tivoli y el Festival de Jazz, que atraen a expatriados estadounidenses y talentos locales cada julio, dan testimonio de una tradici\u00f3n jazz\u00edstica viva desde la d\u00e9cada de 1960. Vega en Vesterbro, considerada una de las mejores salas de conciertos de Europa, y eventos de nicho como el Festival de la Gratitud Infinita revelan una ciudad en sinton\u00eda tanto con los artistas m\u00e1s populares como con la experimentaci\u00f3n underground. En verano, Str\u00f8get se convierte en un teatro al aire libre para artistas callejeros, magos y m\u00fasicos, donde los actos improvisados \u200b\u200bmarcan el ritmo del flujo peatonal.<\/p>\n<p>El renacimiento culinario de Copenhague la ha catapultado a la vanguardia de la gastronom\u00eda mundial. Tanto chefs formados en Estados Unidos como visionarios daneses han impulsado la Nueva Cocina N\u00f3rdica, con Noma y Geranium cosechando reconocimiento internacional. Quince estrellas Michelin adornan las mesas de la ciudad, desde refinados men\u00fas degustaci\u00f3n hasta mezclas experimentales de ingredientes locales. M\u00e1s all\u00e1 de la alta cocina, la ciudad venera el sm\u00f8rrebr\u00f8d (s\u00e1ndwiches abiertos de centeno que combinan ingredientes sencillos con la artesan\u00eda) y la reposter\u00eda danesa, que conserva la dulce tradici\u00f3n de siglos. Conditori La Glace, en funcionamiento continuo desde 1870, se erige como un archivo viviente de la artesan\u00eda de la reposter\u00eda. Mientras tanto, la tradici\u00f3n y la innovaci\u00f3n coexisten en el panorama cervecero de Copenhague: la hist\u00f3rica cervecer\u00eda de Carlsberg preside junto a microcervecer\u00edas que cultivan cervezas con alto contenido de l\u00fapulo en antiguos espacios industriales.<\/p>\n<p>Al caer la noche, Copenhague revela una vitalidad que contradice la percepci\u00f3n de la moderaci\u00f3n escandinava. Bares y discotecas en Vesterbro, N\u00f8rrebro, Frederiksberg y Amagerbro abren hasta tarde, algunos hasta el amanecer, mientras que una cultura liberal del alcohol modera el exceso con responsabilidad social. Locales como Culture Box, Jolene y ARCH acogen a multitudes diversas atra\u00eddas por la m\u00fasica electr\u00f3nica y los espect\u00e1culos en vivo. Los festivales marcan la pauta: el Carnaval de Copenhague transforma F\u00e6lledparken cada Domingo de Pentecost\u00e9s, Copenhell invita a los metaleros a un astillero reconvertido, el Orgullo llega a la Plaza del Ayuntamiento en agosto, y Copenhagen Distortion anima las calles de la ciudad a principios de junio, consolidando su reputaci\u00f3n de celebraci\u00f3n comunitaria.<\/p>\n<p>Es esta interacci\u00f3n \u2014entre la historia profunda y el dise\u00f1o vanguardista, el esplendor real y la creatividad popular, la serenidad de sus parques y sus animadas calles\u2014 lo que define a Copenhague. Bajo sus agujas y a lo largo de sus paseos mar\u00edtimos, la ciudad se revela no como un monumento est\u00e1tico, sino como una narrativa viva, escrita continuamente por quienes recorren sus avenidas, reman por sus canales y moldean su horizonte. Para cada visitante o residente, Copenhague ofrece una invitaci\u00f3n: presenciar c\u00f3mo un antiguo asentamiento se ha convertido en una capital moderna sin renunciar a la escala humana y la conciencia ambiental que siguen siendo sus mayores legados.<\/p>","protected":false},"excerpt":{"rendered":"<p>Copenhague, capital y ciudad m\u00e1s grande de Dinamarca, tiene una poblaci\u00f3n de 1,4 millones de habitantes en su \u00e1rea urbana. Ubicada en las islas de Selandia y Amager, esta ciudad ejemplifica una larga historia, importancia cultural y pujanza econ\u00f3mica. Su ubicaci\u00f3n estrat\u00e9gica, separada de Malm\u00f6 por el estrecho de \u00d6resund, ha influido significativamente en su papel como participante destacado en los asuntos escandinavos y europeos.<\/p>","protected":false},"author":1,"featured_media":3002,"parent":14261,"menu_order":0,"comment_status":"closed","ping_status":"closed","template":"elementor_theme","meta":{"_eb_attr":"","footnotes":""},"class_list":["post-14301","page","type-page","status-publish","has-post-thumbnail"],"_links":{"self":[{"href":"https:\/\/travelshelper.com\/es\/wp-json\/wp\/v2\/pages\/14301","targetHints":{"allow":["GET"]}}],"collection":[{"href":"https:\/\/travelshelper.com\/es\/wp-json\/wp\/v2\/pages"}],"about":[{"href":"https:\/\/travelshelper.com\/es\/wp-json\/wp\/v2\/types\/page"}],"author":[{"embeddable":true,"href":"https:\/\/travelshelper.com\/es\/wp-json\/wp\/v2\/users\/1"}],"replies":[{"embeddable":true,"href":"https:\/\/travelshelper.com\/es\/wp-json\/wp\/v2\/comments?post=14301"}],"version-history":[{"count":0,"href":"https:\/\/travelshelper.com\/es\/wp-json\/wp\/v2\/pages\/14301\/revisions"}],"up":[{"embeddable":true,"href":"https:\/\/travelshelper.com\/es\/wp-json\/wp\/v2\/pages\/14261"}],"wp:featuredmedia":[{"embeddable":true,"href":"https:\/\/travelshelper.com\/es\/wp-json\/wp\/v2\/media\/3002"}],"wp:attachment":[{"href":"https:\/\/travelshelper.com\/es\/wp-json\/wp\/v2\/media?parent=14301"}],"curies":[{"name":"wp","href":"https:\/\/api.w.org\/{rel}","templated":true}]}}