{"id":14292,"date":"2024-09-19T08:09:57","date_gmt":"2024-09-19T08:09:57","guid":{"rendered":"https:\/\/travelshelper.com\/staging\/?page_id=14292"},"modified":"2026-03-11T23:25:28","modified_gmt":"2026-03-11T23:25:28","slug":"aalborg","status":"publish","type":"page","link":"https:\/\/travelshelper.com\/es\/destinations\/europe\/denmark\/aalborg\/","title":{"rendered":"Aalborg"},"content":{"rendered":"<p>Aalborg se extiende a lo largo del tramo m\u00e1s estrecho del fiordo de Lim, con su ribera baja firmemente asentada a una altitud media de apenas cinco metros sobre el nivel del mar, pero rodeada de colinas que se elevan a m\u00e1s de sesenta metros. Desde este punto estrat\u00e9gico, la ciudad mira al este hacia el Kattegat, unos treinta y cinco kil\u00f3metros m\u00e1s all\u00e1, mientras que sus venas comerciales y culturales se extienden hacia el norte hasta N\u00f8rresundby y hacia el suroeste hacia Randers, Aarhus y Copenhague. Siendo la cuarta \u00e1rea urbana m\u00e1s grande de Dinamarca, con aproximadamente 144.000 habitantes a mediados de 2022, Aalborg tambi\u00e9n enclava la regi\u00f3n de Jutlandia Septentrional, sirviendo como su principal puerto, centro industrial y n\u00facleo acad\u00e9mico.<\/p>\n<p>Los vestigios arqueol\u00f3gicos apuntan a los primeros asentamientos alrededor del a\u00f1o 700 d. C., cuando las corrientes serpenteantes del fiordo de Limfjord y su rica pesca atrajeron a sus orillas a los aguerridos habitantes del norte de Jutlandia. Para la Edad Media, la posici\u00f3n de Aalborg en el punto m\u00e1s estrecho del fiordo le confer\u00eda una ventaja estrat\u00e9gica: los barcos con destino al Kattegat o con productos fluviales de carga hacia el sur pasaban por sus muelles. Un modesto puesto comercial se convirti\u00f3 en una bulliciosa ciudad medieval, cuya prosperidad se refleja hoy en las mansiones de comerciantes con entramado de madera que bordean \u00d8ster\u00e5gade, vestigios de una sociedad mercantil basada en gremios.<\/p>\n<p>A finales del siglo XIV, la iglesia parroquial de Budolfi se transform\u00f3 en una catedral g\u00f3tica dedicada a San Botolfo, un monumento de ladrillo y arco apuntado que se conserva como sede episcopal de Aalborg. No muy lejos, en un promontorio con vistas al agua, se alza el Castillo de Aalborghus, erigido en 1550 bajo el reinado de Cristi\u00e1n III. Sus paneles encalados y vigas pintadas de rojo recuerdan una \u00e9poca en la que la administraci\u00f3n real de Dinamarca recaudaba impuestos dentro de sus muros de entramado de madera. Aunque el castillo ahora alberga oficinas municipales, sus jardines, exclusivos para el verano, y sus mazmorras a\u00fan evocan la pompa cortesana de inspiraci\u00f3n Tudor del siglo XVI.<\/p>\n<p>Dos de las casas adosadas m\u00e1s elegantes de Dinamarca del siglo XVII se conservan en \u00d8ster\u00e5gade: la Casa de Jens Bang (1624) y la Casa de J\u00f8rgen Olufsen (1616). Ambas construidas en arenisca al estilo renacentista holand\u00e9s, presentan hastiales elevados, marcos auriculares esculpidos y, en el caso de Olufsen, un p\u00f3rtico de almac\u00e9n intacto con gancho de hierro para las balanzas. Durante m\u00e1s de tres siglos, la residencia de cuatro plantas de Jens Bang ha albergado la farmacia m\u00e1s antigua de la ciudad; al otro lado de la calle, el antiguo domicilio de Olufsen refleja el estrecho v\u00ednculo entre la autoridad c\u00edvica y la riqueza mercantil, ya que su propietario original tambi\u00e9n ostentaba la alcald\u00eda.<\/p>\n<p>Para el siglo XIX, Aalborg hab\u00eda superado su huella medieval. A finales del siglo XIX, los pueblos circundantes \u2014\u00d8ster Sundby, R\u00f8rdal Fabriksby, Tranders\u2014 se fusionaron en una conurbaci\u00f3n industrial cuya poblaci\u00f3n aument\u00f3 de catorce mil habitantes en 1880 a unos treinta y un mil en 1901. La producci\u00f3n de cemento, la molienda de cereales y la destilaci\u00f3n de aguardiente fueron los pilares de la econom\u00eda local. Empresas como Aalborg Portland Cementery y De Danske Spritfabrikker (Destiladores Daneses) alcanzaron prominencia mundial, y las canteras de tiza a\u00fan existentes en R\u00f8rdal y Vokslev respaldaron las cementeras regionales.<\/p>\n<p>En las \u00faltimas d\u00e9cadas, el zumbido de la maquinaria pesada ha dado paso a la precisi\u00f3n de las industrias basadas en el conocimiento. La fabricaci\u00f3n de rotores de aerogeneradores en Siemens Gamesa Renewable Energy, la ingenier\u00eda de calderas marinas en Alfa Laval y la investigaci\u00f3n en energ\u00edas renovables en la Universidad de Aalborg impulsan ahora la econom\u00eda de la ciudad. Sin embargo, las instalaciones portuarias siguen exportando grano, cemento y licores a todo el mundo, mientras que el propio paseo mar\u00edtimo se est\u00e1 reinventando como un espacio para las industrias creativas y el ocio.<\/p>\n<p>El centro de la ciudad, dispuesto sobre las riberas arcillosas que discurren de este a oeste por los desaparecidos arroyos Vester\u00e5 y Lille\u00e5, conserva su cuadr\u00edcula medieval de Algade (la antigua calle del mercado), flanqueada por Bispengade y que culmina en Gammeltorv, la antigua plaza del mercado. Desde aqu\u00ed, la catedral de Budolfi mira al oeste a trav\u00e9s de la fachada barroca del ayuntamiento de 1762; su tejado de tejas vidriadas negras y su entrada con pilastras marcan un giro hacia la formalidad de la Ilustraci\u00f3n. M\u00e1s all\u00e1 de la zona de la estaci\u00f3n, al oeste, Hasseris se desarroll\u00f3 en el siglo XX como un distrito de villas, mientras que el principal foco de construcci\u00f3n se ha desplazado ahora hacia el este del centro, donde las urbanizaciones flanquean los muelles de \u00d8sthavnen y el Centro Utzon se alza como un centinela junto a la reci\u00e9n concebida sala de conciertos Musikkens Hus.<\/p>\n<p>La reputaci\u00f3n de Aalborg como centro cultural se basa en una constelaci\u00f3n de instituciones. El Museo Hist\u00f3rico de Aalborg (fundado en 1863) y el Museo de Arte Moderno KUNSTEN conforman el distrito de los museos; este \u00faltimo destaca por el edificio de Alvar Aalto de 1972 y su jard\u00edn de esculturas. Las obras contempor\u00e1neas encuentran su hogar en Nordkraft, una central el\u00e9ctrica rehabilitada, mientras que el Centro Utzon, en honor al arquitecto J\u00f8rn Utzon, presenta exposiciones sobre su obra y temas m\u00e1s amplios de dise\u00f1o. La orquesta sinf\u00f3nica de la ciudad, la compa\u00f1\u00eda de \u00f3pera y el Teatro Aalborg (1878) animan escenarios durante todo el a\u00f1o; su multifuncional Kongres &amp; Kultur Center, inaugurado en 1952 y ampliado en 1991, tiene capacidad para 2500 espectadores para ballet, conciertos de pop y estrellas internacionales.<\/p>\n<p>Sin embargo, el evento m\u00e1s democr\u00e1tico es el Carnaval anual de Aalborg, que se celebra cada finales de mayo. Durante tres d\u00edas, unos 100.000 participantes se re\u00fanen para desfiles infantiles, concursos de bandas de carnaval y la gran procesi\u00f3n de m\u00e1scaras, la m\u00e1s grande de su tipo en el norte de Europa. Igualmente venerable es el Mercado de Hjallerup, una feria equina de tres d\u00edas que atrae a m\u00e1s de 200.000 visitantes cada junio para comprar, vender e intercambiar caballos en los pueblos al noreste de la ciudad.<\/p>\n<p>Desde su fundaci\u00f3n en 1974, la Universidad de Aalborg (AAU) se ha consolidado como la instituci\u00f3n acad\u00e9mica l\u00edder de Jutlandia Septentrional, con m\u00e1s de 20.000 estudiantes matriculados en 2018. Su modelo de aprendizaje basado en problemas ha cosechado reconocimiento internacional, y sus facultades abarcan ingenier\u00eda, ciencias sociales, humanidades y ciencias de la salud. En las cercan\u00edas, el Colegio Universitario del Norte de Dinamarca y la Real Escuela de Bibliotecolog\u00eda y Ciencias de la Informaci\u00f3n imparten estudios de formaci\u00f3n profesional y especializada, mientras que el Hospital Universitario de Aalborg, fundado en 1881, sigue siendo el centro m\u00e9dico m\u00e1s importante de la regi\u00f3n. El Tr\u00e6nregimentet, que guarnece la ciudad, se encarga de la log\u00edstica militar y la formaci\u00f3n m\u00e9dica de emergencia.<\/p>\n<p>El Nordjyske Arena, sede del club de f\u00fatbol Aalborg BK desde su fundaci\u00f3n en 1885, ha sido testigo de cuatro t\u00edtulos de la Superliga danesa (1994-95, 1998-99, 2007-08, 2013-14). Otros clubes incluyen al Aalborg Pirates, que juega al hockey sobre hielo, al Aalborg H\u00e5ndbold, de balonmano, as\u00ed como asociaciones de rugby y cr\u00edquet. Los parques p\u00fablicos \u2014entre ellos, \u00d8stre Anl\u00e6g, Lindholm Fjordpark, Kildeparken y M\u00f8lleparken\u2014 ofrecen senderos para correr, campos de golf y humedales que constituyen un santuario de aves. Cada a\u00f1o, \u00d8stre Anl\u00e6g atrae a unos 175.000 visitantes a sus jardines y lago, que antiguamente era una cantera de arcilla y ahora est\u00e1 dominado por la iglesia de San Marcos. Mientras tanto, el Lindholm Fjordpark, restaurado tras ser un antiguo vertedero de residuos, acoge a gansos y zarapitos migratorios, adem\u00e1s de ofrecer actividades de windsurf y un campo de golf de seis hoyos.<\/p>\n<p>Las actividades zool\u00f3gicas encuentran su hogar en el Zool\u00f3gico de Aalborg (1935), con aproximadamente 1300 animales de 138 especies \u2014tigres, osos polares y ping\u00fcinos, entre ellos\u2014 alojados en h\u00e1bitats recreados. Karolinelund, el extinto parque de atracciones de 1946, ha sido reactivado por voluntarios de Platform4, cuyos seminarios, conciertos y exposiciones mantienen el parque como un espacio art\u00edstico y tecnol\u00f3gico, aunque sin sus antiguas atracciones mec\u00e1nicas.<\/p>\n<p>Un clima mar\u00edtimo influenciado por los barcos modera las estaciones de Aalborg: los veranos rara vez superan los veinte grados Celsius y los inviernos promedian entre -3 y +2 grados, con raras bajadas por debajo de -15 grados. Las precipitaciones caen durante todo el a\u00f1o (octubre registra las precipitaciones m\u00e1s intensas) y junio ofrece la mayor cantidad de horas de sol. Al sureste se encuentra Lille Vildmose, la turbera elevada m\u00e1s grande del norte de Europa, mientras que los brezales del bosque de Rold, incluyendo las colinas de Rebild, se extienden a unos treinta kil\u00f3metros de las puertas de la ciudad. El Nibe Bredning del fiordo de Lim, con sus extensas praderas de zostera marina, alberga a miles de aves migratorias y es un s\u00edmbolo de la vitalidad ecol\u00f3gica de la regi\u00f3n.<\/p>\n<p>Las conexiones ferroviarias unen Aalborg con Randers y otras ciudades desde 1869, con los servicios de Nordjyske Jernbaner y DSB convergiendo en la estaci\u00f3n renovada de 1902 en la Plads de John F. Kennedy. El acceso por carretera se realiza a trav\u00e9s de la E45 \u2014que se extiende desde Finnmark (Noruega) hasta Calabria (Italia)\u2014, as\u00ed como por las carreteras nacionales a Aarhus, Frederikshavn y Copenhague, esta \u00faltima a trav\u00e9s del enlace fijo del Gran Belt, a unos 414 kil\u00f3metros de distancia. El transporte a\u00e9reo se realiza desde el Aeropuerto de Aalborg, a seis kil\u00f3metros al noroeste del centro, que gestiona 1,4 millones de pasajeros al a\u00f1o en veinte rutas directas por toda Europa y conexiones estacionales m\u00e1s lejanas. La adyacente Base A\u00e9rea de Aalborg complementa el tr\u00e1fico civil con operaciones militares.<\/p>\n<p>El transporte p\u00fablico local ha evolucionado desde el programa gratuito de bicicletas urbanas (2009-2014) hasta una red de autobuses de tr\u00e1nsito r\u00e1pido (Plusbus), lanzada en septiembre de 2023. Las rutas de autob\u00fas recorren el centro y las afueras, mientras que el 44 % de los habitantes utiliza la bicicleta varias veces por semana y el 27 % se desplaza al trabajo en bicicleta. Puentes y t\u00faneles conectan las ciudades gemelas: el puente de carretera de Limfjordsbroen (1933), el puente ferroviario basculante de nueve tramos (1938), que se eleva unas 4000 veces al a\u00f1o para el paso de embarcaciones, y el t\u00fanel de Limfjord (1969), el primer t\u00fanel de autopista de Dinamarca, cuyos tres carriles transportan el tr\u00e1fico de la E45 bajo el fiordo.<\/p>\n<p>Anta\u00f1o dominada por astilleros, destiler\u00edas y hornos de cemento, Aalborg hoy armoniza su patrimonio industrial con la reinvenci\u00f3n cultural y la gesti\u00f3n ambiental. Los muelles costeros han dado paso a salas de exposiciones, cafeter\u00edas y paseos peatonales; los antiguos distritos fabriles ahora albergan empresas emergentes, galer\u00edas e incubadoras universitarias. Los sinuosos tejados del Centro Utzon se asoman al otro lado del agua hacia el antiguo \u00d8stre Havn, donde las gr\u00faas anta\u00f1o descargaban carb\u00f3n, ahora transformado en rampas para clubes de kayak y escuelas de windsurf.<\/p>\n<p>A lo largo de cada siglo de sus casi mil trescientos a\u00f1os de historia, Aalborg ha sido moldeada por el agua: sus corrientes, su comercio y su capacidad para conectar comunidades. En la actualidad, ese mismo fiordo invita a residentes y visitantes a reflexionar sobre un futuro tan din\u00e1mico como las mareas que canaliza, uno donde la tradici\u00f3n y la innovaci\u00f3n convergen en las orillas del Limfjord.<\/p>","protected":false},"excerpt":{"rendered":"<p>Aalborg, el cuarto asentamiento urbano m\u00e1s grande de Dinamarca, tiene una poblaci\u00f3n de 119.862 habitantes en el municipio y una poblaci\u00f3n urbana de 143.598 al 1 de julio de 2022. Ubicada en la zona norte de la pen\u00ednsula de Jutlandia, esta din\u00e1mica ciudad funciona como un importante centro econ\u00f3mico y cultural de la zona. Su ubicaci\u00f3n estrat\u00e9gica en el punto m\u00e1s estrecho del fiordo de Lim ha sido crucial para su desarrollo hist\u00f3rico y su importancia en Dinamarca.<\/p>","protected":false},"author":1,"featured_media":2734,"parent":14261,"menu_order":0,"comment_status":"closed","ping_status":"closed","template":"elementor_theme","meta":{"_eb_attr":"","footnotes":""},"class_list":["post-14292","page","type-page","status-publish","has-post-thumbnail"],"_links":{"self":[{"href":"https:\/\/travelshelper.com\/es\/wp-json\/wp\/v2\/pages\/14292","targetHints":{"allow":["GET"]}}],"collection":[{"href":"https:\/\/travelshelper.com\/es\/wp-json\/wp\/v2\/pages"}],"about":[{"href":"https:\/\/travelshelper.com\/es\/wp-json\/wp\/v2\/types\/page"}],"author":[{"embeddable":true,"href":"https:\/\/travelshelper.com\/es\/wp-json\/wp\/v2\/users\/1"}],"replies":[{"embeddable":true,"href":"https:\/\/travelshelper.com\/es\/wp-json\/wp\/v2\/comments?post=14292"}],"version-history":[{"count":0,"href":"https:\/\/travelshelper.com\/es\/wp-json\/wp\/v2\/pages\/14292\/revisions"}],"up":[{"embeddable":true,"href":"https:\/\/travelshelper.com\/es\/wp-json\/wp\/v2\/pages\/14261"}],"wp:featuredmedia":[{"embeddable":true,"href":"https:\/\/travelshelper.com\/es\/wp-json\/wp\/v2\/media\/2734"}],"wp:attachment":[{"href":"https:\/\/travelshelper.com\/es\/wp-json\/wp\/v2\/media?parent=14292"}],"curies":[{"name":"wp","href":"https:\/\/api.w.org\/{rel}","templated":true}]}}