{"id":14282,"date":"2024-09-19T08:01:29","date_gmt":"2024-09-19T08:01:29","guid":{"rendered":"https:\/\/travelshelper.com\/staging\/?page_id=14282"},"modified":"2026-03-11T23:24:36","modified_gmt":"2026-03-11T23:24:36","slug":"vejle","status":"publish","type":"page","link":"https:\/\/travelshelper.com\/es\/destinations\/europe\/denmark\/vejle\/","title":{"rendered":"Vejle"},"content":{"rendered":"<p>Vejle, la novena ciudad m\u00e1s grande de Dinamarca, con 62.011 habitantes al 1 de enero de 2025, se extiende donde dos valles fluviales se unen en la cabecera del fiordo de Vejle, en la pen\u00ednsula de Jutlandia. Aqu\u00ed, colinas boscosas se alzan abruptamente a ambos lados de una isla de till glaciar que anta\u00f1o alberg\u00f3 los primeros asentamientos. A lo largo de siglos, su puerto, sus enlaces ferroviarios, sus conexiones por autopista y su arquitectura innovadora han moldeado tanto su industria como su car\u00e1cter. El di\u00e1logo continuo de Vejle entre los contornos naturales y la ambici\u00f3n humana se revela en cada curva del fiordo, en cada ribera restaurada y en cada silueta moderna del horizonte.<\/p>\n<p>A orillas del agua, el fiordo de Vejle se extiende tierra adentro desde el Peque\u00f1o Cintur\u00f3n, atrayendo embarcaciones hacia el norte, rumbo al B\u00e1ltico, y a trav\u00e9s del Kattegat hasta el Atl\u00e1ntico. El n\u00facleo original de la ciudad se alza sobre una isla de till depositada por la \u00faltima glaciaci\u00f3n; aqu\u00ed, Torvegade sigue los caminos trazados por los primeros comerciantes, mientras que los paneles de vidrio incrustados en la acera peatonal ahora revelan vestigios de la v\u00eda comercial medieval que se encuentra debajo. Aunque la ciudad comenz\u00f3 como un modesto n\u00facleo ribere\u00f1o, su ubicaci\u00f3n en dos v\u00edas fluviales convergentes \u2014el r\u00edo Vejle y el m\u00e1s estrecho r\u00edo Grejs\u2014 garantiz\u00f3 un flujo constante de mercanc\u00edas, personas e ideas.<\/p>\n<p>Por encima de la ciudad, las modestas elevaciones de la regi\u00f3n adquieren un dramatismo descomunal. Con el punto natural m\u00e1s alto de Dinamarca apenas superando los 170 metros, las colinas al norte y al sur de Vejle enmarcan su horizonte. El valle del r\u00edo Vejle, que se extiende ininterrumpidamente como el valle t\u00fanel m\u00e1s largo del pa\u00eds, canaliza las aguas pluviales hacia el fiordo a trav\u00e9s de orillas de suave pendiente; el valle de Grejs se adentra m\u00e1s abruptamente, excavando el barranco m\u00e1s profundo de Dinamarca. Ambos valles albergaron en su d\u00eda a peque\u00f1as comunidades agr\u00edcolas; hoy, est\u00e1n recorridos por rutas de senderismo que revelan capas de afloramientos de piedra caliza, rocas cubiertas de musgo y el susurro de hayas y robles.<\/p>\n<p>El coraz\u00f3n peatonal de la ciudad se encuentra a lo largo de Algade, una amplia calle empedrada repleta de tiendas, cafeter\u00edas y el centro comercial Bryggen. Inaugurado a finales del siglo XX, Bryggen alberga treinta y ocho tiendas bajo una \u00fanica marquesina de cristal, cuyas n\u00edtidas esquinas reflejan la luz del fiordo. Cerca de all\u00ed, el concepto de restaurante social Paladspassagen ocupa el antiguo centro comercial Mary&#039;s, transformando antiguos grandes almacenes en mesas largas y cocinas abiertas donde productores regionales presentan platos de comida callejera en mesas largas, revitalizando pasillos que antes eran tranquilos.<\/p>\n<p>El espacio p\u00fablico de Vejle se ha remodelado con igual cuidado. En la d\u00e9cada de 1990, los urbanistas adoptaron la primera pol\u00edtica arquitect\u00f3nica formal de Dinamarca, que exig\u00eda calidad y cohesi\u00f3n para los nuevos desarrollos. A la orilla del agua, The Wave (B\u00f8lgen) se alza en cuatro sinuosos niveles de hormig\u00f3n blanco y cristal, cada planta en voladizo se eleva hacia el cielo en un eco del oleaje. Cerca de all\u00ed, instalaciones art\u00edsticas salpican antiguos muelles industriales; y en un proyecto reciente, se desenterr\u00f3 la alcantarilla que anta\u00f1o sepultaba el r\u00edo Grejs bajo las calles del centro. Hoy, sus cristalinas aguas discurren por un canal ajardinado, bordeado de bloques de granito y plantas aut\u00f3ctonas.<\/p>\n<p>El puerto en s\u00ed data de 1827, cuando se abri\u00f3 la primera d\u00e1rsena al comercio costero. A mediados del siglo XX, Vejle se hab\u00eda convertido en el segundo puerto m\u00e1s activo de Dinamarca, despu\u00e9s de Copenhague. Barcos de vapor como el Hvidbjerg y el Jeppe Jensen surcaban antiguamente el fiordo y la costa, conectando Vejle con balnearios y fincas. Si bien las terminales de carga modernas siguen gestionando mercanc\u00edas a granel, los urbanistas proponen ahora convertir los muelles del norte en parques y viviendas frente al mar, iniciativas que restablecer\u00edan una conexi\u00f3n visual y f\u00edsica directa entre la ciudad y el mar.<\/p>\n<p>La red de transporte de Vejle se extiende mucho m\u00e1s all\u00e1 de su fiordo y puerto. La autopista europea E45 cruza el Peque\u00f1o Cintur\u00f3n a trav\u00e9s del Puente del Fiordo de Vejle, cuyos arcos gemelos se extienden entre el agua y el cielo. Justo al lado del puente se encuentra la Salida 59, cari\u00f1osamente llamada &#034;Puerta de Entrada E45&#034;, donde centros log\u00edsticos, restaurantes de comida r\u00e1pida y aparcamientos compartidos marcan uno de los nudos de transporte de mercanc\u00edas m\u00e1s transitados de Dinamarca, con el Centro Nacional de Transporte (CDT) como punto de referencia. Al norte, la Carretera de Jutlandia Central y la Ruta Principal 28 atraviesan ondulantes tierras de cultivo, conectando Vejle con Herning y m\u00e1s all\u00e1.<\/p>\n<p>Las conexiones ferroviarias convergen aqu\u00ed con la misma fuerza que los r\u00edos. La estaci\u00f3n de Vejle, inaugurada en 1868, sirve de nexo entre la L\u00ednea de Jutlandia Oriental desde Aarhus y la L\u00ednea de Jutlandia Central desde Struer. En direcci\u00f3n sur, la l\u00ednea contin\u00faa por Fredericia, donde se bifurcan rutas hacia Odense y Copenhague, hacia Esbjerg v\u00eda Kolding, e incluso hacia Hamburgo. Sin embargo, el futuro de la estaci\u00f3n sigue siendo objeto de debate: algunos legisladores abogan por un segundo cruce del fiordo para acortar los tiempos de viaje entre Odense y Aarhus, una propuesta que podr\u00eda obviar por completo la estaci\u00f3n de Vejle.<\/p>\n<p>Los barrios de la ciudad ofrecen un tapiz de contrastes. Cerca del centro, N\u00f8rremarken se extiende sobre laderas boscosas donde el Vejle Stadion se alza entre pinos. Al sur, S\u00f8ndermarken se extiende donde una antigua casa solariega se alzaba; su molino de viento se alza sobre el acantilado, pintado de blanco contra la l\u00ednea de \u00e1rboles, y sirve como emblema de la ciudad. Un poco m\u00e1s lejos, el valle de Grejsdalen alberga casas familiares y estrechas callejuelas; Hover, Lille Grundet y Store Grundet se agrupan en las alturas adyacentes. Al este, M\u00f8lholm y Vinding dominan el fiordo, mientras que al oeste se encuentran Skibet y Knabberup, marcando el l\u00edmite de la ciudad con la expansi\u00f3n rural.<\/p>\n<p>La industria y el comercio siempre han marcado el rumbo de Vejle. Las f\u00e1bricas textiles y metal\u00fargicas atrajeron en su d\u00eda a trabajadores de toda Jutlandia; hoy, empresas de alta tecnolog\u00eda, proveedores de servicios y empresas de log\u00edstica dominan las estad\u00edsticas de empleo en la Regi\u00f3n del Tri\u00e1ngulo, junto con Kolding y Fredericia. El comercio minorista a\u00fan conserva su importancia local: tanto residentes como visitantes encuentran una variada selecci\u00f3n de tiendas de cadena y especializadas a lo largo del paseo principal, y desde la estaci\u00f3n de tr\u00e1nsito, los autobuses locales parten en nueve rutas para dar servicio a cada distrito.<\/p>\n<p>Sin embargo, Vejle es m\u00e1s que industria y arquitectura; tambi\u00e9n es un centro de arte y aprendizaje. El Museo de Arte de Vejle, renovado en una antigua nave industrial, exhibe la colecci\u00f3n W\u00f6rzner \u2014que incluye obras de COBRA de mediados del siglo XX\u2014 junto con un raro grabado en cobre de Rembrandt. En el Museo de la Ciudad, las exposiciones trazan el crecimiento de la ciudad, desde el mercado medieval hasta el centro moderno, ubicado en la antigua hilander\u00eda. Al otro lado de la ciudad, \u00d8kolariet ofrece exposiciones interactivas sobre ecolog\u00eda y reciclaje, con exposiciones pr\u00e1cticas que atraen a familias y grupos escolares.<\/p>\n<p>Las tradiciones musicales resuenan con la misma intensidad que las arquitect\u00f3nicas. El compositor Jacob Gade, c\u00e9lebre por su Tango Jalousie, naci\u00f3 cerca; sus melod\u00edas a\u00fan resuenan en la programaci\u00f3n del Vejle Musikteater, cuyo moderno auditorio domina el r\u00edo. Figuras literarias como Ulrik Gr\u00e4s e Inger Christensen tambi\u00e9n se han inspirado en las ondulantes colinas. La meticulosa atenci\u00f3n al detalle del poeta refleja la narrativa multidimensional de la ciudad, donde cada muro de piedra y cada ribera albergan una historia de industria, fe, arte y comunidad.<\/p>\n<p>Curiosidades hist\u00f3ricas pueblan el recinto m\u00e1s antiguo de Vejle. La iglesia de San Nicol\u00e1s, que data de mediados del siglo XIII, alberga un cad\u00e1ver de pantano conocido como la mujer de Haraldsk\u00e6r, exhumado de una turbera cercana con la piel y el cabello intactos. En una pared, se dice que unas tenues hendiduras son huellas de cr\u00e1neos de ladrones ejecutados que acechaban en el bosque; una leyenda local que da un aire inquietante a la cripta de piedra. La antigua c\u00e1rcel adyacente, integrada en el ayuntamiento, recibi\u00f3 un premio de embellecimiento tras su restauraci\u00f3n en 1984; sus peque\u00f1as celdas ahora resuenan con historias de visitas guiadas en lugar de c\u00e1nticos carcelarios.<\/p>\n<p>M\u00e1s all\u00e1 del fiordo se encuentran otras atracciones. Las familias peregrinan al Legoland original en Billund, a treinta kil\u00f3metros al suroeste, y llegan en autob\u00fas desde el centro de tr\u00e1nsito de Vejle. Los amantes de la historia se aventuran a Jelling, cuyas piedras r\u00fanicas y t\u00famulos funerarios del siglo X constituyen el principal sitio declarado Patrimonio de la Humanidad por la UNESCO en Dinamarca, que conmemora las conversiones reales de la \u00e9poca vikinga. La proximidad de Vejle a estos sitios enriquece su propia red cultural, posicionando la ciudad como puerta de entrada y destino.<\/p>\n<p>Aunque de escala modesta, los arcos narrativos de Vejle son extensos. Es un lugar donde la geolog\u00eda glacial se fusiona con el dise\u00f1o de vanguardia, donde las v\u00edas comerciales medievales se extienden bajo paseos modernos, y donde los valles erosionados por las v\u00edas fluviales se convierten en arterias verdes para la exploraci\u00f3n. En sus tiendas y salas de conciertos, sus molinos y museos, Vejle mantiene un di\u00e1logo entre el pasado y el futuro. Aqu\u00ed, entre los pliegues de las colinas boscosas y a lo largo de la curva de un fiordo, la ciudad contin\u00faa defini\u00e9ndose, no por ret\u00f3rica vac\u00eda, sino por la interacci\u00f3n perdurable entre el paisaje, el trabajo y la visi\u00f3n creativa.<\/p>","protected":false},"excerpt":{"rendered":"<p>Vejle, una pintoresca ciudad a orillas del fiordo ubicada en el sur de Jutlandia, Dinamarca, ten\u00eda una poblaci\u00f3n de 61.706 habitantes en 2024, lo que la convert\u00eda en la novena ciudad m\u00e1s grande del pa\u00eds. Ubicada en la intersecci\u00f3n de Vejle\u00c5dal y Grejsdalen, donde convergen con la secci\u00f3n interior del fiordo de Vejle, esta zona ejemplifica la importancia hist\u00f3rica y la belleza natural de Dinamarca.<\/p>","protected":false},"author":1,"featured_media":4494,"parent":14261,"menu_order":0,"comment_status":"closed","ping_status":"closed","template":"elementor_theme","meta":{"_eb_attr":"","footnotes":""},"class_list":["post-14282","page","type-page","status-publish","has-post-thumbnail"],"_links":{"self":[{"href":"https:\/\/travelshelper.com\/es\/wp-json\/wp\/v2\/pages\/14282","targetHints":{"allow":["GET"]}}],"collection":[{"href":"https:\/\/travelshelper.com\/es\/wp-json\/wp\/v2\/pages"}],"about":[{"href":"https:\/\/travelshelper.com\/es\/wp-json\/wp\/v2\/types\/page"}],"author":[{"embeddable":true,"href":"https:\/\/travelshelper.com\/es\/wp-json\/wp\/v2\/users\/1"}],"replies":[{"embeddable":true,"href":"https:\/\/travelshelper.com\/es\/wp-json\/wp\/v2\/comments?post=14282"}],"version-history":[{"count":0,"href":"https:\/\/travelshelper.com\/es\/wp-json\/wp\/v2\/pages\/14282\/revisions"}],"up":[{"embeddable":true,"href":"https:\/\/travelshelper.com\/es\/wp-json\/wp\/v2\/pages\/14261"}],"wp:featuredmedia":[{"embeddable":true,"href":"https:\/\/travelshelper.com\/es\/wp-json\/wp\/v2\/media\/4494"}],"wp:attachment":[{"href":"https:\/\/travelshelper.com\/es\/wp-json\/wp\/v2\/media?parent=14282"}],"curies":[{"name":"wp","href":"https:\/\/api.w.org\/{rel}","templated":true}]}}