{"id":14240,"date":"2024-09-18T22:41:43","date_gmt":"2024-09-18T22:41:43","guid":{"rendered":"https:\/\/travelshelper.com\/staging\/?page_id=14240"},"modified":"2026-03-11T23:33:52","modified_gmt":"2026-03-11T23:33:52","slug":"estonia","status":"publish","type":"page","link":"https:\/\/travelshelper.com\/es\/destinations\/europe\/estonia\/","title":{"rendered":"Estonia"},"content":{"rendered":"<p>Estonia se asienta a horcajadas sobre la costa oriental del mar B\u00e1ltico, una esbelta rep\u00fablica de unos 1,37 millones de habitantes, cuyo suelo y esp\u00edritu han dado origen tanto a ritos paganos como a revoluciones digitales. En una superficie de 45.335 km\u00b2 \u2014que incluye m\u00e1s de 2.300 islas\u2014, esta tierra septentrional ha evolucionado desde sus asentamientos neol\u00edticos del 9.000 a. C. hasta convertirse en una de las democracias digitalmente m\u00e1s avanzadas de Europa, con su pertenencia a la eurozona, su alianza con la OTAN y una reputaci\u00f3n de gobernanza transparente. Desde los acantilados de piedra caliza de su costa norte hasta las turberas cubiertas de turba de sus tierras altas meridionales, el terreno y la gente de Estonia trazan una historia de dominio extranjero, despertar nacional, ocupaci\u00f3n sovi\u00e9tica y una pac\u00edfica \u00abRevoluci\u00f3n Cantada\u00bb que restaur\u00f3 la independencia el 20 de agosto de 1991.<\/p>\n<p>Desde tiempos inmemoriales, las tribus estonias se han agrupado a lo largo de r\u00edos y lagos. La conversi\u00f3n medieval al cristianismo se impuso solo tras las Cruzadas del Norte del siglo XIII, pero a\u00fan persisten vestigios de costumbres precristianas en el folclore y las canciones r\u00fanicas. Siglos de influencia de los Caballeros Teut\u00f3nicos, los monarcas daneses, los reyes polacos, los se\u00f1ores suecos y, finalmente, el Imperio ruso, poco lograron extinguir una identidad vern\u00e1cula que floreci\u00f3 con el despertar nacional de mediados del siglo XIX. La Declaraci\u00f3n de Independencia de febrero de 1918 inaugur\u00f3 una rep\u00fablica de entreguerras fundada en ideales democr\u00e1ticos, pero la neutralidad se desmoron\u00f3 bajo las ocupaciones sovi\u00e9tica y alemana. Durante la Guerra Fr\u00eda, los diplom\u00e1ticos emigrados y el gobierno en el exilio preservaron la continuidad jur\u00eddica de Estonia hasta que el estado b\u00e1ltico reclam\u00f3 su soberan\u00eda mediante protestas masivas no violentas y resistencia coral.<\/p>\n<p>Topogr\u00e1ficamente, la rep\u00fablica se despliega en suaves pendientes. Las tierras bajas del norte y el oeste dan paso a las tierras altas de Pandivere, Sakala y Otep\u00e4\u00e4, mientras que Suur Munam\u00e4gi, a 318 metros, preside las colinas de Haanja. De los 1560 lagos naturales de Estonia, la vasta extensi\u00f3n de Peipus colinda con Rusia, y V\u00f5rtsj\u00e4rv se encuentra \u00edntegramente en el interior. Menos de una docena de r\u00edos superan los 100 kil\u00f3metros, entre los que destacan el V\u00f5handu y el P\u00e4rnu. Casi una cuarta parte del territorio est\u00e1 delimitada por turberas y ci\u00e9nagas \u2014humedales enmara\u00f1ados donde convergen la turba y el bosque pantanoso\u2014, que ofrecen refugio a especies desaparecidas en otras partes de Europa.<\/p>\n<p>El clima aqu\u00ed no es completamente continental ni puramente mar\u00edtimo, sino que est\u00e1 condicionado por los ciclones del Atl\u00e1ntico Norte y la influencia moderadora del B\u00e1ltico. Los deshielos invernales llegan prematuramente a las costas, mientras que el calor del verano persiste gracias a las brisas del oeste que aten\u00faan el calor del interior. Las temperaturas medias oscilan entre -3,8 \u00b0C en febrero y 17,8 \u00b0C en julio, con temperaturas extremas registradas de -43,5 \u00b0C en 1940 y 35,6 \u00b0C en 1992. La precipitaci\u00f3n anual promedia 662 mm; la insolaci\u00f3n abarca desde apenas tres docenas de horas en diciembre hasta casi 300 en agosto. La luz diurna se extiende a 18 horas y 40 minutos a mediados de verano y se reduce a seis horas despu\u00e9s del solsticio de invierno, brindando &#034;noches blancas&#034; de mayo a julio.<\/p>\n<p>El mosaico de bosques, campos, islas y humedales sustenta una de las biodiversidades m\u00e1s ricas de Europa. Aproximadamente el 19,4 % del territorio de Estonia est\u00e1 formalmente protegido: seis parques nacionales, m\u00e1s de doscientas \u00e1reas de conservaci\u00f3n y m\u00e1s de cien reservas paisaj\u00edsticas. Los corredores migratorios transportan a millones de paseriformes y aves acu\u00e1ticas por su cielo, batiendo r\u00e9cords europeos de variedad y volumen. Pinos, abedules y abetos dominan sus bosques, albergando a grandes mam\u00edferos, desde el lince y el oso pardo hasta el vis\u00f3n europeo reintroducido en Hiiumaa. Los reinos bigotudos de anfibios y reptiles prosperan entre 330 especies de aves registradas en todo el pa\u00eds, entre ellas la golondrina com\u00fan, el emblema aviar nacional.<\/p>\n<p>Estonia, una rep\u00fablica parlamentaria de quince maakond, goza de una de las administraciones menos corruptas de Europa. Su transformaci\u00f3n de la dependencia del esquisto bituminoso \u2014que en su d\u00eda representaba m\u00e1s del 85 % de la producci\u00f3n energ\u00e9tica\u2014 a una combinaci\u00f3n diversificada de energ\u00edas renovables subraya la voluntad de adaptaci\u00f3n del pa\u00eds. El punto m\u00e1s bajo de la situaci\u00f3n financiera tras la crisis de 2008 dio paso en 2012 al \u00fanico super\u00e1vit presupuestario de la eurozona y a una deuda nacional de tan solo el 6 % del PIB. Hoy en d\u00eda, las telecomunicaciones, la banca, los servicios de software, los textiles, la electr\u00f3nica y la construcci\u00f3n naval impulsan una econom\u00eda avanzada con un PIB per c\u00e1pita PPP de aproximadamente 46\u00a0385 d\u00f3lares (datos de 2023). Estonia se sit\u00faa a la cabeza del mundo en materia de desarrollo humano, libertad de prensa, resultados educativos \u2014gratuitos desde la primaria hasta la terciaria\u2014 y servicios de gobierno electr\u00f3nico.<\/p>\n<p>Las arterias mar\u00edtimas convergen en el puerto de Tallin y su sat\u00e9lite libre de hielo en Muuga, donde elevadores de grano, almacenes refrigerados y atracaderos de petroleros sirven al comercio b\u00e1ltico. Los transbordadores de Tallink conectan rutas mar\u00edtimas a Helsinki y Estocolmo, mientras que las l\u00edneas locales transportan pasajeros a Saaremaa y Hiiumaa. Por tierra, m\u00e1s de diecis\u00e9is mil kil\u00f3metros de carreteras estatales, incluyendo las arterias E20, E263 y E67, sustentan una alta tasa de propiedad de autom\u00f3viles privados. Rail Baltica, en construcci\u00f3n desde 2017, promete una conexi\u00f3n de ancho de v\u00eda europeo desde Tallin a trav\u00e9s de Riga a Varsovia, complementando la red existente de Eesti Raudtee y su hist\u00f3rico tranv\u00eda de v\u00eda estrecha en la capital. Los aeropuertos de Tallin, Tartu, P\u00e4rnu, Kuressaare y K\u00e4rdla conectan Estonia con el norte y centro de Europa a trav\u00e9s de aerol\u00edneas como AirBaltic y LOT.<\/p>\n<p>\u00c9tnicamente, Estonia es en gran parte homog\u00e9nea: los estonios \u00e9tnicos componen casi el setenta por ciento de la poblaci\u00f3n, con una minor\u00eda rusoparlante de aproximadamente el veinticuatro por ciento, concentrada en Ida-Viru y los alrededores de Tallin. Desde 1991, la poblaci\u00f3n ha aumentado gradualmente hasta 1.369.285 (1 de enero de 2025), lo que refleja la migraci\u00f3n y un modesto super\u00e1vit de natalidad. El nivel educativo es excepcional (el cuarenta y tres por ciento de los adultos de entre 25 y 64 a\u00f1os posee t\u00edtulos universitarios) y la diversidad ha aumentado, con m\u00e1s de doscientas etnias y casi el mismo n\u00famero de lenguas maternas. La comunidad alemana b\u00e1ltica signific\u00f3 en su momento la hegemon\u00eda cultural alemana hasta mediados del siglo XX; hoy, los finlandeses ingrios y los suecos estonios gozan de autonom\u00eda cultural junto con una peque\u00f1a presencia roman\u00ed.<\/p>\n<p>La afiliaci\u00f3n religiosa ha disminuido, convirtiendo a Estonia en uno de los estados m\u00e1s laicos de Europa. Algo menos de un tercio de sus ciudadanos profesa alguna fe, la mayor\u00eda dentro de denominaciones cristianas. La ortodoxia oriental, practicada por muchos dentro de la minor\u00eda rusa y la comunidad ind\u00edgena seto, ahora supera ligeramente al luteranismo en cuanto a adeptos. Las saunas de humo de la tradici\u00f3n V\u00f5ru \u2014inscritas en la UNESCO desde 2014\u2014 perpet\u00faan rituales ancestrales, al igual que las hogueras de Jaanip\u00e4ev del solsticio de verano y los desfiles del D\u00eda de la Independencia, que conmemoran la memoria colectiva el 24 de junio y el 24 de febrero, respectivamente.<\/p>\n<p>Ling\u00fc\u00edsticamente, el estonio predomina, con aproximadamente el 84 % de la poblaci\u00f3n us\u00e1ndolo como primera o segunda lengua. Los dialectos del sur de Estonia \u2014voro, seto, mulgi y tartu\u2014 persisten entre casi cien mil hablantes. El ingl\u00e9s y el ruso son lenguas extranjeras o heredadas comunes, amplificadas por la educaci\u00f3n p\u00fablica; le siguen el alem\u00e1n y el franc\u00e9s. La lengua de se\u00f1as estonia, reconocida oficialmente en 2007, acoge a unos 4500 ciudadanos sordos.<\/p>\n<p>La identidad cultural se entrelaza con la tierra. Las canciones r\u00fanicas folcl\u00f3ricas narran la cosmogon\u00eda y a gigantes como el Kalevipoeg. La campa\u00f1a del folclorista Jakob Hurt en el siglo XIX recopil\u00f3 m\u00e1s de doce mil p\u00e1ginas de tradici\u00f3n oral; Matthias Johann Eisen recopilar\u00eda noventa mil m\u00e1s, que ahora se conservan en los Archivos de Folclore de Estonia. La arquitectura abarca granjas de madera rehielamu, castros medievales de piedra, iglesias rom\u00e1nicas y salones g\u00f3ticos para comerciantes, cuya mejor conservaci\u00f3n se encuentra en el casco antiguo de Tallin, declarado Patrimonio de la Humanidad por la UNESCO. El edificio del parlamento de entreguerras en la colina de Toompea se alza singular como la \u00fanica c\u00e1mara legislativa expresionista del mundo, mientras que las tendencias del siglo XX oscilaron entre el clasicismo despojado, la prefabricaci\u00f3n sovi\u00e9tica y, m\u00e1s recientemente, las torres de oficinas revestidas de cristal dise\u00f1adas por arquitectos como Vilen K\u00fcnnapu.<\/p>\n<p>La gastronom\u00eda estonia, nacida de los campos, los bosques y el mar, se basa en el pan de centeno, las patatas, el cerdo y los l\u00e1cteos, aderezado con bayas, hierbas y setas de temporada. Los s\u00e1ndwiches abiertos con arenque del B\u00e1ltico o espadines personifican la afinidad del pa\u00eds por la comida sencilla y fresca. Cerveza, vinos de frutas y vinos destilados acompa\u00f1an las comidas, como lo han hecho durante siglos de vida agraria y costera.<\/p>\n<p>Para los viajeros, Estonia se despliega en regiones, pero sin la tiran\u00eda de la distancia: cuatro horas separan las colinas del sur de las playas del norte, y dos horas bastan entre Tallin y cualquier ciudad importante. El norte de Estonia rebosa industria y encanto urbano, con la capital medieval contrastando con los pueblos costeros y las mansiones de Lahemaa. El este de Estonia lleva su influencia rusa en el Castillo Hermann de Narva y las aldeas balnearias a lo largo del Golfo. Las islas y la costa occidental ofrecen los pueblos azotados por el viento de Saaremaa, la grandeza estival de P\u00e4rnu y el resurgimiento del patrimonio costero sueco en Ruhnu. En el sur, el bullicio acad\u00e9mico de Tartu da paso a las casas de oraci\u00f3n de Setomaa, las tradiciones musicales de Mulgimaa y las pistas de esqu\u00ed de Otep\u00e4\u00e4.<\/p>\n<p>El atractivo de Estonia reside en estos contrastes: una rep\u00fablica digital que prospera entre bosques cubiertos de musgo, ci\u00e9nagas milenarias y murallas hanse\u00e1ticas; un pueblo que canta a la independencia y da la bienvenida a los visitantes al mismo tiempo. Esta tierra se define menos por las cadenas que la ataron que por la resiliencia que une su pasado con cada clic, cada villancico y cada paso en su territorio hist\u00f3rico.<\/p>","protected":false},"excerpt":{"rendered":"<p>Estonia, situada en el norte de Europa junto al pintoresco mar B\u00e1ltico, es un ejemplo de resiliencia, inventiva y diversidad cultural. Situada en la intersecci\u00f3n de Europa del Norte y del Este, posee una posici\u00f3n estrat\u00e9gica que ha definido hist\u00f3ricamente su trayectoria y contin\u00faa influyendo en su situaci\u00f3n actual. A pesar de su poblaci\u00f3n de aproximadamente 1,4 millones de habitantes, Estonia tiene un impacto significativo en la tecnolog\u00eda, la gobernanza digital y la protecci\u00f3n del medio ambiente.<\/p>","protected":false},"author":1,"featured_media":3347,"parent":24078,"menu_order":0,"comment_status":"closed","ping_status":"closed","template":"elementor_theme","meta":{"_eb_attr":"","footnotes":""},"class_list":["post-14240","page","type-page","status-publish","has-post-thumbnail"],"_links":{"self":[{"href":"https:\/\/travelshelper.com\/es\/wp-json\/wp\/v2\/pages\/14240","targetHints":{"allow":["GET"]}}],"collection":[{"href":"https:\/\/travelshelper.com\/es\/wp-json\/wp\/v2\/pages"}],"about":[{"href":"https:\/\/travelshelper.com\/es\/wp-json\/wp\/v2\/types\/page"}],"author":[{"embeddable":true,"href":"https:\/\/travelshelper.com\/es\/wp-json\/wp\/v2\/users\/1"}],"replies":[{"embeddable":true,"href":"https:\/\/travelshelper.com\/es\/wp-json\/wp\/v2\/comments?post=14240"}],"version-history":[{"count":0,"href":"https:\/\/travelshelper.com\/es\/wp-json\/wp\/v2\/pages\/14240\/revisions"}],"up":[{"embeddable":true,"href":"https:\/\/travelshelper.com\/es\/wp-json\/wp\/v2\/pages\/24078"}],"wp:featuredmedia":[{"embeddable":true,"href":"https:\/\/travelshelper.com\/es\/wp-json\/wp\/v2\/media\/3347"}],"wp:attachment":[{"href":"https:\/\/travelshelper.com\/es\/wp-json\/wp\/v2\/media?parent=14240"}],"curies":[{"name":"wp","href":"https:\/\/api.w.org\/{rel}","templated":true}]}}