{"id":14131,"date":"2024-09-18T19:25:27","date_gmt":"2024-09-18T19:25:27","guid":{"rendered":"https:\/\/travelshelper.com\/staging\/?page_id=14131"},"modified":"2026-03-12T00:08:24","modified_gmt":"2026-03-12T00:08:24","slug":"toulouse","status":"publish","type":"page","link":"https:\/\/travelshelper.com\/es\/destinations\/europe\/france\/toulouse\/","title":{"rendered":"Toulouse"},"content":{"rendered":"<p>Toulouse, con una poblaci\u00f3n municipal de 511.684 habitantes y una comunidad metropolitana que abarcaba unos 1.513.396 residentes seg\u00fan el censo de 2022, se encuentra a orillas del r\u00edo Garona, en el sur de Francia, aproximadamente equidistante (150 kil\u00f3metros) del Mediterr\u00e1neo y 230 kil\u00f3metros del Atl\u00e1ntico, mientras que su distancia a Par\u00eds se extiende a 680 kil\u00f3metros. Abarcando casi 118 kil\u00f3metros cuadrados dentro de los l\u00edmites de la ciudad y extendi\u00e9ndose m\u00e1s all\u00e1 para cubrir un extenso interior, Toulouse sirve como la prefectura del departamento de Haute-Garonne y la capital administrativa de la regi\u00f3n de Occitania. Como la cuarta ciudad m\u00e1s grande de Francia, superada solo por Par\u00eds, Marsella y Lyon, se ha convertido desde 2014 en una de las \u00e1reas metropolitanas de m\u00e1s r\u00e1pido crecimiento del pa\u00eds entre las que superan el medio mill\u00f3n de habitantes, un testimonio de su sostenida vitalidad demogr\u00e1fica.<\/p>\n<p>Desde su primera encarnaci\u00f3n como el asentamiento romano de Tolosa, la trayectoria de la ciudad ha estado marcada por sucesivas oleadas de autoridad pol\u00edtica y efervescencia cultural. En el siglo V, alcanz\u00f3 prominencia como capital del Reino Visigodo, y a lo largo de la Baja Edad Media y el Antiguo R\u00e9gimen presidi\u00f3 la provincia de Languedoc, convirti\u00e9ndose as\u00ed en el centro cultural de facto de Occitania. Aunque las provincias se disolvieron formalmente durante los disturbios de la Revoluci\u00f3n Francesa, Toulouse conserv\u00f3 una perdurable influencia intelectual y simb\u00f3lica sobre las tierras del sur. Hoy, como sede de la moderna regi\u00f3n de Occitania \u2014la segunda m\u00e1s grande de Francia en extensi\u00f3n\u2014, contin\u00faa mediando entre el patrimonio antiguo y la innovaci\u00f3n contempor\u00e1nea.<\/p>\n<p>En el coraz\u00f3n de la importancia global de Toulouse reside el complejo aeroespacial y de tecnolog\u00eda espacial que ha crecido en torno al distrito de Blagnac y sus alrededores. Airbus mantiene aqu\u00ed su sede mundial, con l\u00edneas de ensamblaje final que producen los aviones de pasajeros A320, A330 y A350, mientras que el A380, cuyo \u00faltimo fuselaje se fabric\u00f3 en 2021, marc\u00f3 el v\u00ednculo de la ciudad con la era de los superjumbos de cuatro motores. Importantes proveedores y especialistas aeroespaciales, como Safran, Thales Alenia Space, Collins Aerospace y Liebherr-Aerospace, entre ellos, sustentan un ecosistema que emplea a decenas de miles de ingenieros, t\u00e9cnicos e investigadores. El Centro Espacial de Toulouse de la agencia espacial francesa, reconocido como el mayor de Europa, coexiste con el reci\u00e9n inaugurado centro de excelencia de operaciones espaciales de la OTAN, as\u00ed como con el Mando Espacial Franc\u00e9s y su academia afiliada. ATR, el consorcio franco-italiano de turboh\u00e9lices, y el Grupo Lat\u00e9co\u00e8re enriquecen a\u00fan m\u00e1s el sector, mientras que el sistema satelital SPOT refuerza el papel de Toulouse en las plataformas orbitales para la observaci\u00f3n de la Tierra. Esta concentraci\u00f3n de experiencia, sumada a una poblaci\u00f3n universitaria cercana a los 140.000 estudiantes \u2014que convierte a Toulouse en la cuarta ciudad estudiantil m\u00e1s grande de Francia\u2014, sustenta un entorno donde convergen laboratorios de investigaci\u00f3n, escuelas de ingenier\u00eda de primer nivel y grandes operadores industriales para sostener el dinamismo econ\u00f3mico de la ciudad.<\/p>\n<p>En reconocimiento a su dinamismo, publicaciones nacionales han clasificado a Toulouse como el centro urbano m\u00e1s din\u00e1mico de Francia. El corredor a\u00e9reo entre Toulouse-Blagnac y los aeropuertos parisinos da testimonio de esta vitalidad, albergando a 3,2 millones de pasajeros en 2019 y ostentando el t\u00edtulo de la conexi\u00f3n nacional m\u00e1s transitada del pa\u00eds. Las autoridades locales y las asociaciones empresariales atribuyen este dinamismo a la tr\u00edada de grandes empresas industriales, la abundancia de instituciones de investigaci\u00f3n y la continua afluencia de estudiantes e innovadores. Desde la rob\u00f3tica y la avi\u00f3nica hasta la biotecnolog\u00eda y la inteligencia artificial, los laboratorios y las empresas emergentes de la ciudad reflejan una diversidad de campos que van m\u00e1s all\u00e1 del sector aeroespacial, pero que se mantienen anclados en sus fortalezas fundamentales.<\/p>\n<p>Sin embargo, la modernidad de Toulouse convive c\u00f3modamente con capas de patrimonio y tradici\u00f3n. Su n\u00facleo urbano, enmarcado por un anillo de bulevares de 220 hect\u00e1reas \u2014uno de los distritos hist\u00f3ricos protegidos m\u00e1s extensos de Francia\u2014 revela estructuras edificadas que datan desde las \u00e9pocas rom\u00e1nica y g\u00f3tica hasta mansiones renacentistas y fachadas neocl\u00e1sicas del siglo XVIII. Casi todos los edificios de este recinto est\u00e1n construidos con ladrillos for\u00e1neos locales, cuya paleta de tonos rosados, anaranjados y rojos le ha otorgado a la ciudad su cari\u00f1oso apodo de Ville rose, la Ciudad Rosa. Estos ladrillos, herederos de las antiguas t\u00e9cnicas romanas, poseen una planitud deliberada y dimensiones generosas, cuyos tonos c\u00e1lidos se compensan con el uso ocasional de piedra blanca importada de los Pirineos \u2014donde no hab\u00eda canteras m\u00e1s cercanas\u2014, generando as\u00ed una sutil policrom\u00eda de rojo y blanco en todo el tapiz urbano.<\/p>\n<p>Toulouse cuenta con tres designaciones de Patrimonio Mundial de la UNESCO entre sus distinciones. El Canal du Midi, una obra maestra de la ingenier\u00eda terminada en el siglo XVII, comienza en el meandro del Garona en Toulouse y se extiende hasta el Mediterr\u00e1neo, trazando una parte del hist\u00f3rico Canal des Deux Mers. Sus caminos de sirga arbolados apuntan hacia Carcasona, B\u00e9ziers y, finalmente, el \u00c9tang de Thau, atrayendo a ciclistas, barqueros y caminantes en un tranquilo recorrido por el suroeste de Francia. Dentro de la ciudad, la Bas\u00edlica de Saint-Sernin, posiblemente la iglesia rom\u00e1nica m\u00e1s grande que se conserva en Europa, fue inscrita en 1998 junto con el H\u00f4tel-Dieu Saint-Jacques, un hospital medieval que anta\u00f1o atend\u00eda a los peregrinos con destino a Santiago de Compostela. Juntos, estos sitios evocan el lugar central de Toulouse en una de las rutas de devoci\u00f3n m\u00e1s hist\u00f3ricas de la cristiandad.<\/p>\n<p>Abundan las instituciones culturales, que abarcan colecciones de bellas artes, artes decorativas, arqueolog\u00eda e historia natural. El Museo de los Agustinos, ubicado en un convento agustino, conserva siglos de pinturas y esculturas; la Fundaci\u00f3n Bemberg, dentro del renacentista H\u00f4tel d&#039;Ass\u00e9zat, presenta uno de los conjuntos art\u00edsticos privados m\u00e1s selectos de Europa. El Museo Saint-Raymond, ubicado en un antiguo colegio universitario adyacente a Saint-Sernin, resguarda la escultura galorromana de la villa imperial de Chiragan. Las artes decorativas reinan en el Museo Paul Dupuy, donde relojes de intrincados engranajes dan testimonio del ingenio estil\u00edstico de siglos pasados. El Museo de Toulouse, antiguo convento carmelita, invita a los visitantes a contemplar la naturaleza a trav\u00e9s de dioramas y exposiciones taxon\u00f3micas, mientras que Les Abattoirs, antiguos mataderos municipales reconvertidos, exhibe arte moderno y contempor\u00e1neo en sus imponentes salas y terrazas con vistas al r\u00edo. Museos m\u00e1s peque\u00f1os \u2014la colecci\u00f3n de antig\u00fcedades del Lejano Oriente y Egipto del Museo Georges Labit y el austero Museo Departamental de la Resistencia y la Deportaci\u00f3n\u2014 enriquecen el panorama.<\/p>\n<p>M\u00e1s all\u00e1 de las galer\u00edas interiores, los parques tem\u00e1ticos celebran el legado aeron\u00e1utico y espacial de Toulouse. En la Cit\u00e9 de l&#039;espace, exposiciones interactivas y maquetas sumergen a los visitantes en la fascinante historia de la propulsi\u00f3n de cohetes y la ciencia orbital; Aeroscopia preserva aeronaves hist\u00f3ricas, incluyendo dos Concordes, y ofrece visitas guiadas a talleres de conservaci\u00f3n. Cerca de all\u00ed, L&#039;Envol des Pionniers narra el legado de A\u00e9ropostale, la aerol\u00ednea de correo cuyos pilotos \u2014Saavedra-de Saint-Exup\u00e9ry, Mermoz y Guillaumet, entre ellos\u2014 trazaron nuevas rutas a\u00e9reas entre Francia y Latinoam\u00e9rica. El esp\u00edritu inventivo persiste en la Halle de la Machine, donde gigantescas criaturas mec\u00e1nicas inspiradas en el vuelo y la mitolog\u00eda act\u00faan en espacios cavernosos; sus movimientos son un tributo a la creatividad humana y al br\u00edo ingenieril.<\/p>\n<p>El transporte en Toulouse refleja tanto las demandas de una metr\u00f3polis moderna como los contornos de su geograf\u00eda ribere\u00f1a. El principal centro ferroviario, la estaci\u00f3n de Toulouse-Matabiau, conecta los servicios regionales de TER con las l\u00edneas nacionales de TGV, mientras que las rutas ferroviarias de cercan\u00edas, como la l\u00ednea Ar\u00e8nes-Colomiers, anteriormente l\u00ednea C, se extienden por los distritos perif\u00e9ricos. La movilidad urbana est\u00e1 coordinada por Tiss\u00e9o, que gestiona dos l\u00edneas de metro sobre neum\u00e1ticos: la l\u00ednea A, que se extiende de noreste a suroeste a lo largo de 12,5 kil\u00f3metros, y la l\u00ednea B, que conecta 20 estaciones de norte a sur desde 2007. Una tercera, la l\u00ednea C, se inaugurar\u00e1 en 2028, ampliando la red autom\u00e1tica a lo largo de 27 kil\u00f3metros. Como complemento a estas arterias, dos l\u00edneas de tranv\u00eda se extienden hacia el este hasta el centro de convenciones MEETT y el aeropuerto; este \u00faltimo se prev\u00e9 que se convierta en una conexi\u00f3n expr\u00e9s para 2028. En mayo de 2022, T\u00e9l\u00e9o inaugur\u00f3 el telef\u00e9rico urbano m\u00e1s largo de Francia: tres kil\u00f3metros que une la Universidad Paul-Sabatier con el Hospital Rangueil y el campus de investigaci\u00f3n Oncopole, inaugurando as\u00ed un novedoso eje de transporte en forma de anillo. Desde 2007, la red de alquiler de bicicletas V\u00e9l\u00f4Toulouse de la ciudad ofrece una nueva dimensi\u00f3n de movilidad, mientras que el trayecto medio entre semana en transporte p\u00fablico dura casi 44 minutos, con una espera de unos nueve minutos en las paradas y un recorrido medio de siete kil\u00f3metros por trayecto.<\/p>\n<p>M\u00e1s all\u00e1 de la aviaci\u00f3n y el espacio, Toulouse mantiene una vibrante tradici\u00f3n en el deporte, la m\u00fasica y la gastronom\u00eda. El Stade Toulousain, conocido como &#034;Les Rouges et Noirs&#034;, se encuentra entre los clubes de rugby union m\u00e1s exitosos de Europa, con cuatro t\u00edtulos de la Copa de Campeones de Europa y con su primer equipo en el Stade Ernest-Wallon, y partidos m\u00e1s importantes en el Stadium de Toulouse. La liga de rugby tambi\u00e9n cuenta con representaci\u00f3n a trav\u00e9s del Toulouse Olympique en la Championship inglesa y un equipo de reserva que compite a nivel nacional. En f\u00fatbol, \u200b\u200bel Toulouse FC se ha consolidado en la Ligue 1 desde 2022, organizando partidos en el Stadium de Toulouse, con capacidad para 33.000 espectadores, en la isla fluvial al sur del centro hist\u00f3rico. Los campos de golf, incluido el Golf de Toulouse, al sur de la ciudad, satisfacen a los aficionados a otro ritmo.<\/p>\n<p>El calendario de la ciudad vibra con festivales y espect\u00e1culos culturales. El Th\u00e9\u00e2tre du Capitole, con or\u00edgenes que se remontan a 1736, preside la \u00f3pera y el ballet, acompa\u00f1ado por la Orquesta Nacional del Capitolio. El 31 de octubre de 2023, la UNESCO reconoci\u00f3 a Toulouse como Ciudad de la M\u00fasica, uni\u00e9ndose as\u00ed a una red global dedicada a fomentar la creatividad y el patrimonio musical. Salas m\u00e1s peque\u00f1as como La Grainerie en Balma y L&#039;Usine en Tournefeuille, un espacio colectivo, albergan artes circenses, teatro de vanguardia y colaboraciones interdisciplinarias. Eventos anuales como La Kermesse y el festival Piano aux Jacobins atraen al p\u00fablico a la vitalidad art\u00edstica de la regi\u00f3n durante el verano y principios del oto\u00f1o.<\/p>\n<p>A trav\u00e9s de estas capas de innovaci\u00f3n, recreaci\u00f3n y memoria cultural, Toulouse se mantiene ligada a sus ra\u00edces culinarias. Los carniceros locales elaboran la hom\u00f3nima Saucisse de Toulouse, una salchicha de cerdo de color rosado que sirve de base al cassoulet Toulousain, el contundente guiso de jud\u00edas blancas y cerdo, emblem\u00e1tico del suroeste. Col, aves y tub\u00e9rculos se unen para crear la garbure, una sopa nutritiva nacida de la necesidad rural. Como lo demuestra la producci\u00f3n de foie gras de la regi\u00f3n, la transformaci\u00f3n del h\u00edgado de pato o de oca en un manjar sedoso subraya la uni\u00f3n de la tradici\u00f3n agraria y el refinamiento gastron\u00f3mico.<\/p>\n<p>El coraz\u00f3n urbano de Toulouse se extiende al este del Garona en una compacta cuadr\u00edcula de estrechas callejuelas que a\u00fan reflejan el trazado urbano romano. Limitado por los boulevard Lazare Carnot y el boulevard de Strasbourg al norte y al este, y por la rue Metz y el Pont Neuf al sur, este recinto revela monumentos de diversa escala. En la plaza Saint-Sernin, el imponente campanario de la bas\u00edlica y el deambulatorio restaurado dan testimonio de la ambici\u00f3n medieval y de las intervenciones decimon\u00f3nicas de Viollet-le-Duc. Junto a \u00e9l, el Museo Saint-Raymond ocupa un edificio del siglo XVI que antiguamente formaba parte de un hospital, y sus colecciones trazan las pr\u00e1cticas funerarias de la ciudad galorromana. Cerca de all\u00ed, Notre-Dame de la Daurade, originalmente un templo de Apolo, presenta ahora una fachada neocl\u00e1sica reconstruida a finales del siglo XIX y recientemente restaurada. La Catedral de Saint-\u00c9tienne revela su propia odisea arquitect\u00f3nica: iteraciones abandonadas, ambiciones g\u00f3ticas y reconstrucciones pragm\u00e1ticas convergen en un edificio de historias estratificadas. El H\u00f4tel d&#039;Ass\u00e9zat, una mansi\u00f3n renacentista, alberga el tesoro art\u00edstico de la Fundaci\u00f3n Bemberg, aunque el acceso del p\u00fablico puede variar. En el Capitolio, la imponente fachada neocl\u00e1sica del ayuntamiento domina la plaza, donde se celebran ceremonias c\u00edvicas bajo la Salle des Illustres. Un breve paseo lleva a Notre-Dame du Taur, cuya leyenda del martirio de San Saturnino por un toro encuentra conmemoraci\u00f3n arquitect\u00f3nica en medio del g\u00f3tico de ladrillo rosa de los siglos XIV al XVI. Otros lugares emblem\u00e1ticos, como el Museo del Viejo Toulouse, el Pont-Neuf con sus art\u00edsticos arcos asim\u00e9tricos y el Convento de los Jacobinos con reliquias de Tom\u00e1s de Aquino, enriquecen el estratificado centro de la ciudad, mientras que la calma enclaustrada del Museo de los Agustinos y la serenidad de las celos\u00edas rojas del Jard\u00edn Japon\u00e9s ofrecen momentos de contemplaci\u00f3n.<\/p>\n<p>Al aventurarse m\u00e1s all\u00e1 del n\u00facleo, se encuentran Les Abattoirs en Saint Cyprien, un museo de arte moderno ubicado en antiguos mataderos; la exposici\u00f3n de relojes y artes gr\u00e1ficas del Museo Paul-Dupuy, cerca de Carmes; y el Jard\u00edn de las Plantas, junto al Museo de Toulouse, donde la flora y fauna ex\u00f3ticas narran la historia natural. El Museo Departamental de la Resistencia y de la Deportaci\u00f3n, en la All\u00e9e des Demoiselles, aborda los recuerdos de la guerra con una franqueza inquebrantable. Aunque algunas instituciones, como el Museo Georges Labit, permanecen cerradas, sus hist\u00f3ricas fachadas evocan glorias pasadas.<\/p>\n<p>Las excursiones pr\u00e1cticas incluyen visitas guiadas a las naves de ensamblaje de Airbus en Blagnac (que se pueden reservar a trav\u00e9s de operadores especializados), donde se puede observar el ensamblaje final de los fuselajes del A350 en uno de los espacios industriales cerrados m\u00e1s grandes del planeta. En la Cit\u00e9 de l&#039;espace, familias y estudiantes pueden disfrutar de exposiciones interactivas y r\u00e9plicas de cohetes Ariane. Las bestias animadas de la Halle de la Machine ofrecen paseos y espect\u00e1culos que fusionan el arte con la neum\u00e1tica y el acero, mientras que L&#039;Envol des Pionniers preserva el recuerdo de los primeros vuelos comerciales.<\/p>\n<p>Durante cada estaci\u00f3n, el Canal du Midi invita a ciclistas y caminantes a recorrer el sombreado camino de sirga desde Toulouse hacia Carcasona y el Mediterr\u00e1neo, o a navegar en barcazas por una serie de esclusas y compuertas dise\u00f1adas por Pierre-Paul Riquet. Para quienes prefieren las ruedas, la red V\u00e9l\u00f4Toulouse ofrece un medio eficiente para recorrer los bulevares y muelles de la ciudad.<\/p>\n<p>En resumen, Toulouse encarna la confluencia del pasado y el futuro: una fundaci\u00f3n romana que se convirti\u00f3 en una corte visigoda, una universidad medieval que nutri\u00f3 a pensadores como Pierre de Fermat, y una fortaleza provincial que se ha transformado en la capital aeroespacial de Europa. Sus calles evocan siglos de construcci\u00f3n en ladrillo rosa y piedra blanca, mientras que sus laboratorios y hangares trazan trayectorias hacia el cielo. La vitalidad urbana prospera en sus museos, teatros y festivales, al igual que r\u00edos y canales mantienen un tranquilo contrapunto. La gastronom\u00eda de la ciudad, su eminencia educativa y su papel en las redes globales de transporte garantizan que Toulouse perdure no solo como una encrucijada de rutas entre el mar y el cielo, sino como un lugar singular de actividad humana, donde la historia y la innovaci\u00f3n mantienen una delicada armon\u00eda bajo los tejados rosados.<\/p>\n<p>Al reflexionar sobre las m\u00faltiples identidades de Toulouse \u2014antigua ciudadela, centro de peregrinaci\u00f3n, ciudad universitaria, forja aerodin\u00e1mica y faro cultural\u2014, se percibe una continuidad de prop\u00f3sito ligada a una tradici\u00f3n de adaptabilidad. Su trayectoria, de Tolosa a la Ciudad Rosa, de su interior pastoral a su n\u00facleo aeroespacial, revela una capacidad para absorber innovaciones sucesivas, conservando al mismo tiempo un car\u00e1cter c\u00edvico cohesivo. Toulouse invita as\u00ed a quienes recorren sus muelles, a quienes visitan sus museos y laboratorios, a habitar un lugar donde la solidez del ladrillo y las aspiraciones cient\u00edficas se fusionan en un poema urbano singular.<\/p>","protected":false},"excerpt":{"rendered":"<p>Toulouse, la cuarta ciudad m\u00e1s grande de Francia, es una metr\u00f3polis din\u00e1mica ubicada en la regi\u00f3n de Occitania, con una poblaci\u00f3n de 504.078 habitantes en su t\u00e9rmino municipal en 2021. Esta pr\u00f3spera \u00e1rea metropolitana, situada a orillas del r\u00edo Garona, funciona como prefectura del departamento de Haute-Garonne y representa un importante centro cultural, econ\u00f3mico y t\u00e9cnico en el sur de Francia. Toulouse, con una poblaci\u00f3n metropolitana de 1,5 millones de habitantes, se ha convertido en un vibrante centro de crecimiento e innovaci\u00f3n, situ\u00e1ndose como la tercera regi\u00f3n metropolitana de mayor crecimiento en Francia entre las ciudades con m\u00e1s de 500.000 habitantes entre 2014 y 2020.<\/p>","protected":false},"author":1,"featured_media":4279,"parent":13952,"menu_order":0,"comment_status":"closed","ping_status":"closed","template":"elementor_theme","meta":{"_eb_attr":"","footnotes":""},"class_list":["post-14131","page","type-page","status-publish","has-post-thumbnail"],"_links":{"self":[{"href":"https:\/\/travelshelper.com\/es\/wp-json\/wp\/v2\/pages\/14131","targetHints":{"allow":["GET"]}}],"collection":[{"href":"https:\/\/travelshelper.com\/es\/wp-json\/wp\/v2\/pages"}],"about":[{"href":"https:\/\/travelshelper.com\/es\/wp-json\/wp\/v2\/types\/page"}],"author":[{"embeddable":true,"href":"https:\/\/travelshelper.com\/es\/wp-json\/wp\/v2\/users\/1"}],"replies":[{"embeddable":true,"href":"https:\/\/travelshelper.com\/es\/wp-json\/wp\/v2\/comments?post=14131"}],"version-history":[{"count":0,"href":"https:\/\/travelshelper.com\/es\/wp-json\/wp\/v2\/pages\/14131\/revisions"}],"up":[{"embeddable":true,"href":"https:\/\/travelshelper.com\/es\/wp-json\/wp\/v2\/pages\/13952"}],"wp:featuredmedia":[{"embeddable":true,"href":"https:\/\/travelshelper.com\/es\/wp-json\/wp\/v2\/media\/4279"}],"wp:attachment":[{"href":"https:\/\/travelshelper.com\/es\/wp-json\/wp\/v2\/media?parent=14131"}],"curies":[{"name":"wp","href":"https:\/\/api.w.org\/{rel}","templated":true}]}}