{"id":13934,"date":"2024-09-18T13:52:16","date_gmt":"2024-09-18T13:52:16","guid":{"rendered":"https:\/\/travelshelper.com\/staging\/?page_id=13934"},"modified":"2026-03-11T23:36:51","modified_gmt":"2026-03-11T23:36:51","slug":"lahti","status":"publish","type":"page","link":"https:\/\/travelshelper.com\/es\/destinations\/europe\/finland\/lahti\/","title":{"rendered":"Lahti"},"content":{"rendered":"<p>Lahti, situada en la orilla sur del lago Vesij\u00e4rvi, a unos 100 kil\u00f3metros al noreste de Helsinki, se alza como una ciudad de contrastes mesurados: un patrimonio industrial atenuado por una gesti\u00f3n ambiental pionera, un centro regional de 121\u00a0000 habitantes que late en la intersecci\u00f3n de las principales autopistas y l\u00edneas ferroviarias de Finlandia, y un centro cultural cuya orquesta sinf\u00f3nica y arquitectura de vanguardia atraen a visitantes de m\u00e1s all\u00e1 de las verdes crestas de Salpausselk\u00e4. En su compacta huella urbana, Lahti abarca el primer esker de Salpausselk\u00e4, colinas rocosas que se entrelazan con lagos fragmentados al norte, y bosques ricos en arcilla y arroyos serpenteantes al sur. Su identidad, encapsulada por un escudo de armas que representa una rueda de tren envuelta en llamas, habla del nacimiento de la ciudad en la encrucijada de la l\u00ednea ferroviaria Riihim\u00e4ki-San Petersburgo, una conflagraci\u00f3n de industria y aspiraci\u00f3n que ha dado forma a su car\u00e1cter desde finales del siglo XIX.<\/p>\n<p>Ubicada en la intersecci\u00f3n de la autopista 4 y la 12, Lahti ha servido durante mucho tiempo como eje log\u00edstico entre Helsinki y Jyv\u00e4skyl\u00e4, Tampere y Kouvola, y a trav\u00e9s de Rusia y Finlandia Central a trav\u00e9s del lago P\u00e4ij\u00e4nne. Su plaza del mercado y el moderno Travel Centre, finalizado en 2016 junto a la estaci\u00f3n de tren de 1935, unen autobuses locales y de larga distancia, trenes de cercan\u00edas e interurbanos, e incluso aparcamiento automatizado, integrando la movilidad con la renovaci\u00f3n urbana. El tren Z VR a Helsinki, que sale cada hora, el tren G a Riihim\u00e4ki y los servicios tres veces al d\u00eda a Kouvola, dan testimonio del papel duradero de Lahti como nexo de transporte. Las propuestas de nuevas paradas en Hennala y Karisto reflejan la ambici\u00f3n de ampliar la conectividad dentro de los l\u00edmites urbanos, incluso mientras los planes para una conexi\u00f3n directa hacia el este a Heinola o Jyv\u00e4skyl\u00e4 esperan un mayor compromiso financiero.<\/p>\n<p>El panorama demogr\u00e1fico de Lahti es tan complejo como su orograf\u00eda. A principios de 2025, sus 121.386 habitantes representaban aproximadamente el dos por ciento de la poblaci\u00f3n de Finlandia, con una subregi\u00f3n m\u00e1s amplia que superaba las 204.000 almas. Predomina el monoling\u00fcismo finland\u00e9s (el 89,2 por ciento habla fin\u00e9s como primera lengua, mientras que los suecoparlantes son menos de seiscientos), pero el biling\u00fcismo funcional o triling\u00fcismo es com\u00fan, alimentado por la instrucci\u00f3n obligatoria en ingl\u00e9s y sueco. Al menos cien lenguas m\u00e1s resuenan en las calles de Lahti, encabezadas por el ruso (2,8 por ciento), el \u00e1rabe (1,1 por ciento), el estonio y el ucraniano, testimonio de una diversidad modesta pero apreciable, similar a la media nacional fuera del \u00e1rea metropolitana de Helsinki. En cuanto a la religi\u00f3n, la Iglesia Evang\u00e9lica Luterana mantiene una mayor\u00eda de poco m\u00e1s del sesenta por ciento, mientras que el 36,5 por ciento no declara ninguna afiliaci\u00f3n y el resto est\u00e1 compuesto por comunidades m\u00e1s peque\u00f1as.<\/p>\n<p>Clim\u00e1ticamente, Lahti presenta las caracter\u00edsticas de un r\u00e9gimen continental h\u00famedo, con veranos c\u00e1lidos (los d\u00edas de julio superan habitualmente los 23 \u00b0C, alcanzando un m\u00e1ximo de 35 \u00b0C durante la ola de calor de 2010) e inviernos que, si bien son largos y a menudo nevados, se han suavizado en las \u00faltimas d\u00e9cadas debido al calentamiento global. Las precipitaciones caen con relativa uniformidad a lo largo del a\u00f1o, disminuyendo solo en primavera y aumentando en oto\u00f1o y principios de invierno. Las tranquilas aguas del Vesij\u00e4rvi moderan las oscilaciones t\u00e9rmicas, mientras que el peque\u00f1o Pikku-Vesij\u00e4rvi, enclavado junto a Lanu-puisto, ofrece un contraste \u00edntimo con las vistas del lago m\u00e1s grande.<\/p>\n<p>La econom\u00eda de Lahti ha experimentado altibajos. Conocida en su d\u00eda como la &#034;Chicago de Finlandia&#034; por su hist\u00f3rica industria c\u00e1rnica y sus paralelismos con las dificultades urbanas, Lahti sufri\u00f3 una grave contracci\u00f3n a principios de la d\u00e9cada de 1990, cuando el colapso del comercio entre Finlandia y la Uni\u00f3n Sovi\u00e9tica y la recesi\u00f3n nacional eliminaron unos 20\u00a0000 empleos en los sectores manufacturero, textil y del mueble. Desde un m\u00ednimo de menos de 70\u00a0000 empleos regionales en 1993, la recuperaci\u00f3n fue gradual; para 1999, la cifra se situaba en poco menos de 80\u00a0000. Sin embargo, esta adversidad impuls\u00f3 una reinvenci\u00f3n: las iniciativas medioambientales de finales de la d\u00e9cada de 1980 se convirtieron en la Capital Verde Europea en 2021, lo que significa un compromiso con las energ\u00edas renovables, la reducci\u00f3n de residuos y el transporte sostenible.<\/p>\n<p>La ambici\u00f3n cultural se manifiesta en la madera y el vidrio. La Sala Sibelius, finalizada en el a\u00f1o 2000 y concebida por Kimmo Lintula y Hannu Tikka, transforma una antigua f\u00e1brica de carpinter\u00eda en el edificio de madera m\u00e1s grande de Finlandia en un siglo. Su Sala Principal, famosa por su c\u00e1lida ac\u00fastica, comparte espacio con un ala de congresos y la Sala Forestal, de estructura abierta, cuyas ventanas enmarcan la extensi\u00f3n de Vesij\u00e4rvi. La Sinfonia Lahti, orquesta residente de la sala, ha cosechado reconocimiento internacional por sus interpretaciones de la obra de Jean Sibelius y otras obras, recibiendo invitaciones de BBC Radio 3 y concursos de todo el mundo. Cada a\u00f1o, el calendario musical de la ciudad se ampl\u00eda para incluir el Festival de \u00d3rgano en la hist\u00f3rica plaza del mercado, un encuentro de jazz que resuena en las calles adoquinadas y el propio Festival Sibelius, que rinde homenaje al legendario compositor finland\u00e9s bajo la tenue luz del verano.<\/p>\n<p>Los monumentos de orgullo c\u00edvico se extienden m\u00e1s all\u00e1 del Sibelius Hall. El Ayuntamiento de Eliel Saarinen, de 1911, proyecta una silueta majestuosa sobre las v\u00edas p\u00fablicas, mientras que la Iglesia de la Cruz de Alvar Aalto (1978) ejemplifica su austero modernismo con sus b\u00f3vedas de hormig\u00f3n. La venerable Iglesia de Nastola de 1804 y la Iglesia de Joutj\u00e4rvi evocan \u00e9pocas pasadas, en contraste con el Teatro de la Ciudad de Pekka Salminen (1983) y la Biblioteca de Arto Sipinen (1990), donde la luz y la madera envuelven estanter\u00edas y lectores en una silenciosa contemplaci\u00f3n. El Pabell\u00f3n del Piano de Gert Wing\u00e5rdh (2008) y el Centro de Viajes JKMM (2016) a\u00f1aden toques contempor\u00e1neos, mientras que las peque\u00f1as intervenciones de Kengo Kuma y Richard Leplastrier, ganadores del premio Spirit of Wood, articulan un di\u00e1logo continuo entre el dise\u00f1o global y los materiales locales.<\/p>\n<p>M\u00e1s all\u00e1 de la arquitectura y el transporte, la oferta de ocio de Lahti se extiende por todos los barrios. En la zona portuaria, junto a la Sala Sibelius, los caf\u00e9s y bares se extienden por los paseos mar\u00edtimos, lo que refleja un esfuerzo conjunto por reposicionar el paseo mar\u00edtimo como un lugar de encuentro agradable. Desde all\u00ed, un barco de vapor conservado navega por Vesij\u00e4rvi, ofreciendo una vista de las casas de campo junto a la costa y las playas rodeadas de pinos. Radiom\u00e4ki, la Colina de la Radio que da nombre a la ciudad, alberga un museo de equipos de radiodifusi\u00f3n antiguos junto a dos antenas de onda larga que salpican el horizonte, recordando el papel de Lahti en la electrificaci\u00f3n rural y la historia de los medios de comunicaci\u00f3n de Finlandia.<\/p>\n<p>El arte y la historia comparten proximidad en el centro de la ciudad: el Museo Hist\u00f3rico en Lahdenkatu traza el desarrollo municipal a trav\u00e9s de artefactos y exposiciones, mientras que el Museo de Arte en Vesij\u00e4rvenkatu alberga exposiciones rotativas de pintores finlandeses e internacionales. Los aficionados al motor encontrar\u00e1n el \u00fanico Museo de Motocicletas de Finlandia en Veist\u00e4m\u00f6nkatu, donde relucientes m\u00e1quinas trazan la evoluci\u00f3n de las dos ruedas, desde modelos pioneros hasta cl\u00e1sicos contempor\u00e1neos. Para las familias, el tren urbano Puksu recorre el puerto de Vesij\u00e4rvi, el parque Laune y un corral de animales 4H, donde los animales rurales ofrecen un contrapunto pastoral a las calles urbanas.<\/p>\n<p>Las actividades deportivas abundan en el Centro Deportivo, donde las pistas de salto de esqu\u00ed dominan el horizonte y un museo conserva la legendaria trayectoria de Lahti en deportes de invierno. En verano, una piscina al aire libre se encuentra en la base del salto de esqu\u00ed, con su parte profunda hasta tres metros por debajo de la imponente rampa. Cerca de all\u00ed, el f\u00fatbol en el Estadio Lahden marca el pilar de la temporada de la Ykk\u00f6sliiga del FC Lahti, mientras que el Parque Deportivo Kisapuisto invita a jugar al tenis, al voleibol, al b\u00e9isbol y a mucho m\u00e1s, tanto en interiores como al aire libre. La piscina municipal en Svinhufvudinkatu ampl\u00eda el bienestar acu\u00e1tico con piscinas terap\u00e9uticas, saunas de vapor y jacuzzis.<\/p>\n<p>Para excursiones m\u00e1s all\u00e1 de los l\u00edmites de la ciudad, una locomotora de vapor transporta a los entusiastas a Heinola por una v\u00eda abandonada de 37 kil\u00f3metros, mientras que en el puerto de Niemi se pueden alquilar embarcaciones \u2014desde remos hasta tablas de paddle surf\u2014 para poner la tranquila ensenada de Vesij\u00e4rvi a disposici\u00f3n de los hu\u00e9spedes. Los cruceros P\u00e4ij\u00e4nneristeilyt se aventuran por el canal V\u00e4\u00e4ksy hasta el lago P\u00e4ij\u00e4nne, ofreciendo opciones de almuerzo y cena o excursiones de un d\u00eda completo a Heinola o Jyv\u00e4skyl\u00e4, en el extremo del lago. Los senderos del interior tambi\u00e9n son atractivos: el \u00e1rea recreativa de Salpausselk\u00e4 cuenta con decenas de kil\u00f3metros de senderos para caminar, andar en bicicleta y, en invierno, practicar esqu\u00ed de fondo.<\/p>\n<p>El espacio verde urbano se extiende hasta el Parque Familiar Laune, donde los ni\u00f1os recorren circuitos de minitr\u00e1fico en bicicleta y las fuentes acu\u00e1ticas invitan a la exploraci\u00f3n bajo la atenta mirada de sus padres. En Pikku-Vesij\u00e4rvi, la fuente del \u00f3rgano de agua coreograf\u00eda m\u00fasica y chorros cada tarde, proyectando melod\u00edas sobre un peque\u00f1o anfiteatro de rocas. La playa de Ankkuri, a un kil\u00f3metro al norte del puerto, ofrece la posibilidad de nadar entre vestuarios y vegetaci\u00f3n costera; la calidad de sus aguas es emblem\u00e1tica de la gradual recuperaci\u00f3n ecol\u00f3gica de Vesij\u00e4rvi.<\/p>\n<p>Los festivales completan el ritmo anual de Lahti. El invierno trae los Juegos Salpaussel\u00e4n, un campeonato internacional de salto de esqu\u00ed y esqu\u00ed n\u00f3rdico que atrae a atletas y espectadores a las imponentes colinas del Centro Deportivo. El Sal\u00f3n del Autom\u00f3vil Cl\u00e1sico de primavera exhibe coches y motocicletas de colecci\u00f3n de la \u00e9poca dorada del dise\u00f1o estadounidense, con su cromo pulido y el rugido de su motor V-8 que llena el Lahti Hall de una grandeza nost\u00e1lgica. A lo largo del a\u00f1o, conciertos a peque\u00f1a escala, exposiciones y reuniones comunitarias articulan una vida c\u00edvica que equilibra la calma reflexiva con la energ\u00eda trabajadora.<\/p>\n<p>La evoluci\u00f3n de Lahti, de un incipiente nudo ferroviario a una capital regional de la cultura y la sostenibilidad, ilustra tanto la resiliencia como la reinvenci\u00f3n. Sus amplias avenidas, salpicadas de monumentos c\u00edvicos modernistas, bordean los bosques donde las crestas de Salpausselk\u00e4 se arquean hacia el horizonte. Los paseos junto al lago, anta\u00f1o dominio de estibadores y almacenes de embalaje, ahora albergan veladas con orquesta y cenas de verano. Aunque el legado de las dificultades persiste en las f\u00e1bricas suburbanas y el recuerdo de las crisis econ\u00f3micas, Lahti ha tejido esa historia en una narrativa de renovaci\u00f3n. La serena confianza de la ciudad no proviene de un espect\u00e1culo desenfrenado, sino de un tenor de autenticidad: precisa en los detalles, c\u00e1ndida en la observaci\u00f3n, humana en el enfoque; un lugar donde el parpadeo de las ruedas del tren en el escudo de armas a\u00fan resuena bajo los pinos, invitando a los visitantes a mirar m\u00e1s all\u00e1 de la bah\u00eda.<\/p>","protected":false},"excerpt":{"rendered":"<p>Lahti, ciudad ubicada en la pintoresca regi\u00f3n de los lagos de Finlandia, ejemplifica el legado cultural y el crecimiento urbano contempor\u00e1neo del pa\u00eds. Ubicada a unos 100 kil\u00f3metros al noreste de Helsinki, la capital, Lahti funciona como capital regional de P\u00e4ij\u00e4t-H\u00e4me. Con una poblaci\u00f3n de aproximadamente 121.000 habitantes, es el noveno municipio m\u00e1s poblado de Finlandia y la sexta \u00e1rea urbana m\u00e1s poblada del pa\u00eds. La subregi\u00f3n que abarca Lahti cuenta con m\u00e1s de 204.000 habitantes, lo que destaca su importancia como importante centro de poblaci\u00f3n en el sur de Finlandia.<\/p>","protected":false},"author":1,"featured_media":2921,"parent":13916,"menu_order":0,"comment_status":"closed","ping_status":"closed","template":"elementor_theme","meta":{"_eb_attr":"","footnotes":""},"class_list":["post-13934","page","type-page","status-publish","has-post-thumbnail"],"_links":{"self":[{"href":"https:\/\/travelshelper.com\/es\/wp-json\/wp\/v2\/pages\/13934","targetHints":{"allow":["GET"]}}],"collection":[{"href":"https:\/\/travelshelper.com\/es\/wp-json\/wp\/v2\/pages"}],"about":[{"href":"https:\/\/travelshelper.com\/es\/wp-json\/wp\/v2\/types\/page"}],"author":[{"embeddable":true,"href":"https:\/\/travelshelper.com\/es\/wp-json\/wp\/v2\/users\/1"}],"replies":[{"embeddable":true,"href":"https:\/\/travelshelper.com\/es\/wp-json\/wp\/v2\/comments?post=13934"}],"version-history":[{"count":0,"href":"https:\/\/travelshelper.com\/es\/wp-json\/wp\/v2\/pages\/13934\/revisions"}],"up":[{"embeddable":true,"href":"https:\/\/travelshelper.com\/es\/wp-json\/wp\/v2\/pages\/13916"}],"wp:featuredmedia":[{"embeddable":true,"href":"https:\/\/travelshelper.com\/es\/wp-json\/wp\/v2\/media\/2921"}],"wp:attachment":[{"href":"https:\/\/travelshelper.com\/es\/wp-json\/wp\/v2\/media?parent=13934"}],"curies":[{"name":"wp","href":"https:\/\/api.w.org\/{rel}","templated":true}]}}