{"id":13839,"date":"2024-09-18T11:58:16","date_gmt":"2024-09-18T11:58:16","guid":{"rendered":"https:\/\/travelshelper.com\/staging\/?page_id=13839"},"modified":"2026-03-12T00:28:38","modified_gmt":"2026-03-12T00:28:38","slug":"colonia","status":"publish","type":"page","link":"https:\/\/travelshelper.com\/es\/destinations\/europe\/germany\/cologne\/","title":{"rendered":"Colonia"},"content":{"rendered":"<p>Colonia, con 1,08 millones de habitantes en sus 405 kil\u00f3metros cuadrados y enclavada en la orilla occidental del Bajo Rin, ocupa un corredor estrat\u00e9gico a 35 kil\u00f3metros al sureste de D\u00fcsseldorf y a 25 kil\u00f3metros al noroeste de Bonn. Siendo la ciudad m\u00e1s poblada de Renania del Norte-Westfalia y la cuarta m\u00e1s grande de Alemania, engloba una conurbaci\u00f3n de m\u00e1s de 3,5 millones de habitantes en la regi\u00f3n de Colonia-Bonn y constituye un nodo crucial en el \u00e1rea metropolitana polic\u00e9ntrica del Rin-Ruhr. Su horizonte, dominado por torres y gr\u00faas, refleja una ciudad forjada por milenios de esfuerzo y resiliencia humana.<\/p>\n<p>Un vestigio de sus or\u00edgenes romanos perdura en el nombre de Colonia Agripina, otorgado al asentamiento de los ubios en el siglo I de la era com\u00fan. Siglos despu\u00e9s, como centro administrativo de Germania Inferior y baluarte del poder militar romano, se convirti\u00f3 en una encrucijada comercial y cultural. Las sucesivas ocupaciones de los francos en 462, los franceses entre 1794 y 1815 y los brit\u00e1nicos despu\u00e9s de 1918 han dejado huellas discretas en el tejido urbano. La prominencia medieval de Colonia se deriv\u00f3 de su ubicaci\u00f3n en las arterias comerciales este-oeste, como la V\u00eda Regia y la V\u00eda Brabantiana, lo que permiti\u00f3 su surgimiento como ciudad imperial libre y miembro influyente de la Hanse\u00e1tica, cuya poblaci\u00f3n rivalizaba con la de Londres y Par\u00eds en la Europa medieval tard\u00eda.<\/p>\n<p>El apogeo medieval de la ciudad se refleja con mayor claridad en el edificio g\u00f3tico que eclipsa el casco antiguo: la catedral, erigida para albergar el Santuario de los Reyes Magos. Concebida en la ambici\u00f3n del siglo XII y consagrada en 1880, se mantuvo como la estructura m\u00e1s alta del mundo durante una d\u00e9cada. Hoy en d\u00eda sigue siendo la catedral m\u00e1s alta y la tercera iglesia m\u00e1s alta del mundo, atrayendo tanto a peregrinos como a nuevos visitantes. Sus imponentes b\u00f3vedas, su intrincada tracer\u00eda y el peso de los siglos invitan a la reflexi\u00f3n sobre la continuidad fundamental de la aspiraci\u00f3n humana.<\/p>\n<p>La silueta de Colonia se define a\u00fan m\u00e1s por una constelaci\u00f3n de doce iglesias rom\u00e1nicas, erigidas entre 1150 y 1250, cuya austera solidez contrasta con la verticalidad de la catedral. Cada una de ellas es testigo de la devoci\u00f3n y el orgullo c\u00edvico de una ciudad cuyas piedras sagradas representan la interacci\u00f3n entre el mecenazgo local, la innovaci\u00f3n arquitect\u00f3nica y la vida espiritual. M\u00e1s all\u00e1 de los monumentos eclesi\u00e1sticos, vestigios de fortificaciones romanas y medievales marcan el trazado de las calles: fragmentos de murallas y torres, vestigios de puertas ahora reconvertidas en umbrales entre el pasado y el presente. A trav\u00e9s de ellas, los visitantes recorren un palimpsesto arqueol\u00f3gico, donde el propio suelo registra transformaciones trascendentales.<\/p>\n<p>Esa transformaci\u00f3n adquiri\u00f3 una magnitud tr\u00e1gica durante la Segunda Guerra Mundial. Los bombardeos aliados redujeron la poblaci\u00f3n en un 93 % y arrasaron con ocho d\u00e9cimas partes del centro de la ciudad. La reconstrucci\u00f3n subsiguiente combin\u00f3 el modernismo de la d\u00e9cada de 1950 con minuciosas restauraciones de monumentos hist\u00f3ricos. En consecuencia, solo uno de cada cuatro edificios es anterior a 1945, pero aproximadamente nueve mil estructuras conservan o reproducen fachadas hist\u00f3ricas, preservando as\u00ed una sensaci\u00f3n de continuidad. Algunos proyectos de reconstrucci\u00f3n, en particular la \u00f3pera de Wilhelm Riphahn, se han convertido en referentes de la arquitectura moderna, con l\u00edneas inflexibles que reivindican la renovaci\u00f3n no solo mediante la r\u00e9plica, sino tambi\u00e9n mediante nuevas expresiones c\u00edvicas.<\/p>\n<p>La Colonia moderna se consolida como un centro de educaci\u00f3n, investigaci\u00f3n, cultura y comercio. La Universidad de Colonia, una de las instituciones m\u00e1s antiguas de Europa, es la base de un ecosistema acad\u00e9mico que incluye la Universidad T\u00e9cnica de Colonia y la Universidad Alemana del Deporte. Tres institutos Max Planck y la sede del Centro Aeroespacial Alem\u00e1n dan fe de un pr\u00f3spero polo de investigaci\u00f3n. Las oficinas centrales de Lufthansa ilustran el papel de la ciudad en la aviaci\u00f3n, mientras que los fabricantes de productos qu\u00edmicos y automotrices sustentan su base industrial. El Aeropuerto de Colonia-Bonn y la feria K\u00f6ln Messe consolidan su estatus como centro de tr\u00e1nsito y exposiciones.<\/p>\n<p>Las instituciones culturales enriquecen a\u00fan m\u00e1s la vida c\u00edvica. M\u00e1s de treinta museos abarcan desde la arqueolog\u00eda hasta el arte contempor\u00e1neo. El Museo Ludwig, junto a la catedral, alberga una reconocida colecci\u00f3n de arte moderno; el Museo Wallraf-Richartz ofrece un panorama de la pintura medieval hasta principios del siglo XX. El Museo R\u00f6misch-Germanisches conserva piezas romanas, mientras que el museo etnol\u00f3gico Rautenstrauch-Joest explora las culturas del mundo. Una tarjeta MuseumsCard permite el acceso a estas y otras instalaciones durante dos d\u00edas, y tambi\u00e9n sirve como billete de transporte el primer d\u00eda. El arte eclesi\u00e1stico encuentra su expresi\u00f3n en Kolumba, el museo contemplativo de Peter Zumthor construido sobre cimientos medievales.<\/p>\n<p>Un ritmo festivo anima el calendario. El Carnaval comienza anualmente el 11 de noviembre a las 11:11 h, creciendo en exuberancia hasta el jolgorio callejero de los &#034;d\u00edas locos&#034; previos al Mi\u00e9rcoles de Ceniza. Los barrios de la ciudad \u2014nueve Stadtbezirke subdivididos en Stadtteile\u2014 acogen estas celebraciones con su caracter\u00edstico entusiasmo. El casco antiguo, o Innenstadt, se extiende a ambos lados del Rin con Altstadt-Nord y Altstadt-S\u00fcd, rodeados por el anillo de avenidas Gr\u00fcng\u00fcrtel. Neustadt-Nord y Neustadt-S\u00fcd abrazan el centro en una media luna de bulevares del siglo XIX. Al este del r\u00edo se encuentra Deutz, un distrito que ofrece vistas panor\u00e1micas de la catedral al otro lado del agua y alberga la terraza Panorama del K\u00f6lnTriangle con vistas a la metr\u00f3poli.<\/p>\n<p>Los barrios m\u00e1s all\u00e1 del centro poseen personalidades distintivas. En Agnesviertel, boutiques independientes y galer\u00edas de arte se concentran alrededor de la Puerta Norte de la Ciudad, mientras que el ambiente bohemio se extiende hasta los cines que proyectan pel\u00edculas en versi\u00f3n original. El barrio estudiantil de Kwartier Lat\u00e4ng, junto a la Z\u00fclpicher Stra\u00dfe, rebosa vida nocturna y restaurantes de Oriente Medio. El Barrio Belga ofrece cafeter\u00edas y tiendas de dise\u00f1o cerca de Moltkestra\u00dfe, mientras que la energ\u00eda multicultural de Ehrenfeld se despliega alrededor de la K\u00f6rnerstra\u00dfe.<\/p>\n<p>Los espacios verdes ocupan m\u00e1s de una cuarta parte de la ciudad. El anillo interior del Gr\u00fcng\u00fcrtel alberga el Volksgarten y el Stadtgarten, mientras que el Rheinpark, en la orilla oriental, se extiende hacia Deutz. El Parque Hiroshima-Nagasaki y otros invitan al esparcimiento. Flora, el jard\u00edn bot\u00e1nico adyacente al zool\u00f3gico, presenta invernaderos con plantas tropicales y cactus a la espera de su renovaci\u00f3n. El Jard\u00edn Zool\u00f3gico, fundado en el siglo XIX, alberga especies de todo el mundo y contribuye a la investigaci\u00f3n y la conservaci\u00f3n.<\/p>\n<p>M\u00e1s all\u00e1 de los medios terrestres, el propio Rin sirve como v\u00eda y atracci\u00f3n. Los puertos operados por HGK facilitan el transporte fluvial. Los puentes, en particular el de Hohenzollern, cubierto por candados del amor, conectan las orillas y demuestran la importancia de Colonia como punto de conexi\u00f3n. La red ferroviaria se centra en la K\u00f6ln Hauptbahnhof, que ofrece conexiones InterCity e ICE a Fr\u00e1ncfort, Berl\u00edn, \u00c1msterdam, Bruselas y Par\u00eds. Los planes de alta velocidad a Londres siguen sin concretarse. Las conexiones de Stadtbahn y S-Bahn conectan centros urbanos adyacentes, mientras que las l\u00edneas de autobuses y autocares complementan la movilidad local.<\/p>\n<p>El mapa de carreteras de la ciudad refleja las ambiciones de principios del siglo XX: la Bundesautobahn 555, la primera autopista de acceso limitado de Alemania, data de finales de la d\u00e9cada de 1920, y una circunvalaci\u00f3n completa rodea Colonia desde 1965. Las autopistas urbanas planificadas encontraron resistencia ambiental, dejando la B 55a como una autopista urbana parcial. A principios de la d\u00e9cada de 1970 se complet\u00f3 una v\u00eda norte-sur. A pesar de esta infraestructura, las rutas ciclistas siguen siendo limitadas en comparaci\u00f3n con otras ciudades alemanas, una disparidad se\u00f1alada por las asociaciones nacionales de ciclistas.<\/p>\n<p>La poblaci\u00f3n de Colonia alcanz\u00f3 el mill\u00f3n de habitantes por primera vez en 1975, impulsada temporalmente por las expansiones municipales, y definitivamente en 2009. Dentro del n\u00facleo urbano, la densidad se sit\u00faa en 2700 personas por kil\u00f3metro cuadrado. Persiste una herencia religiosa diversa: alrededor del 35 % de los residentes se afilia a la Iglesia cat\u00f3lica y el 15 % a denominaciones protestantes. Las tradiciones cristianas primitivas se remontan a los soldados romanos y al primer obispado de la ciudad. Entre los antiguos alumnos de la escuela catedralicia medieval se encuentra Tom\u00e1s de Aquino, quien estudi\u00f3 con Alberto Magno en 1244.<\/p>\n<p>A lo largo de su compleja historia, Colonia ha mantenido un doble car\u00e1cter: capital cultural y centro econ\u00f3mico. Las aseguradoras y las empresas de medios de comunicaci\u00f3n compiten por la supremac\u00eda con la investigaci\u00f3n y la industria. Ferias, festivales y una afluencia constante de visitantes sustentan una econom\u00eda de servicios cuyo sabor local se deriva de siglos de apertura y adaptaci\u00f3n. Ese ambiente perdura en los compactos distritos de la ciudad, sus paseos ribere\u00f1os y sus fachadas centenarias entrelazadas con modernos bloques.<\/p>\n<p>Colonia ofrece su narrativa a trav\u00e9s de la piedra y la calle, el museo y el mercado, la investigaci\u00f3n acad\u00e9mica y la celebraci\u00f3n entusiasta. Ciudad resiliente a la destrucci\u00f3n de la guerra, receptiva a la innovaci\u00f3n y atenta a su herencia cultural, invita al viajero a observar no solo sus monumentos, sino tambi\u00e9n las corrientes que los subyacen: la confluencia de historia y presente, tradici\u00f3n y transformaci\u00f3n, que definen a la metr\u00f3polis del Rin m\u00e1s antigua de Europa. Sigue siendo, a pesar de toda su magnitud, un lugar donde el encuentro individual con la arquitectura, el r\u00edo y el barrio ofrece una visi\u00f3n de la vida multifac\u00e9tica de una ciudad perdurable.<\/p>","protected":false},"excerpt":{"rendered":"<p>Colonia, la ciudad m\u00e1s poblada de Renania del Norte-Westfalia, ejemplifica la intrincada interacci\u00f3n entre la historia europea y el crecimiento urbano contempor\u00e1neo. Ubicada en la orilla occidental del r\u00edo Rin, esta ciudad cuenta con alrededor de 1,1 millones de habitantes, aunque el \u00e1rea metropolitana de Colonia-Bonn, m\u00e1s extensa, supera los 3,1 millones. Esta prominencia demogr\u00e1fica posiciona a Colonia como la cuarta ciudad m\u00e1s poblada de Alemania, lo que subraya su relevancia en el contexto nacional. Adem\u00e1s, su ubicaci\u00f3n estrat\u00e9gica dentro del \u00e1rea metropolitana del Rin-Ruhr, la segunda con mayor PIB de la Uni\u00f3n Europea, consolida su papel como una entidad econ\u00f3mica significativa a nivel continental.<\/p>","protected":false},"author":1,"featured_media":2737,"parent":13736,"menu_order":0,"comment_status":"closed","ping_status":"closed","template":"elementor_theme","meta":{"_eb_attr":"","footnotes":""},"class_list":["post-13839","page","type-page","status-publish","has-post-thumbnail"],"_links":{"self":[{"href":"https:\/\/travelshelper.com\/es\/wp-json\/wp\/v2\/pages\/13839","targetHints":{"allow":["GET"]}}],"collection":[{"href":"https:\/\/travelshelper.com\/es\/wp-json\/wp\/v2\/pages"}],"about":[{"href":"https:\/\/travelshelper.com\/es\/wp-json\/wp\/v2\/types\/page"}],"author":[{"embeddable":true,"href":"https:\/\/travelshelper.com\/es\/wp-json\/wp\/v2\/users\/1"}],"replies":[{"embeddable":true,"href":"https:\/\/travelshelper.com\/es\/wp-json\/wp\/v2\/comments?post=13839"}],"version-history":[{"count":0,"href":"https:\/\/travelshelper.com\/es\/wp-json\/wp\/v2\/pages\/13839\/revisions"}],"up":[{"embeddable":true,"href":"https:\/\/travelshelper.com\/es\/wp-json\/wp\/v2\/pages\/13736"}],"wp:featuredmedia":[{"embeddable":true,"href":"https:\/\/travelshelper.com\/es\/wp-json\/wp\/v2\/media\/2737"}],"wp:attachment":[{"href":"https:\/\/travelshelper.com\/es\/wp-json\/wp\/v2\/media?parent=13839"}],"curies":[{"name":"wp","href":"https:\/\/api.w.org\/{rel}","templated":true}]}}