{"id":13402,"date":"2024-09-17T17:06:15","date_gmt":"2024-09-17T17:06:15","guid":{"rendered":"https:\/\/travelshelper.com\/staging\/?page_id=13402"},"modified":"2026-03-12T23:27:24","modified_gmt":"2026-03-12T23:27:24","slug":"ptuj","status":"publish","type":"page","link":"https:\/\/travelshelper.com\/es\/destinations\/europe\/slovenia\/ptuj\/","title":{"rendered":"Ptuj"},"content":{"rendered":"<p>Ptuj, la ciudad m\u00e1s antigua registrada de Eslovenia, se encuentra a 232 m sobre el nivel del mar en una plataforma diluvial debajo de la colina del Castillo, abarcando 66,7 km\u00b2 en la regi\u00f3n nororiental de Estiria y sirviendo como sede de su municipio; con 18 000 habitantes dentro de su n\u00facleo urbano y casi 24 000 en sus comunidades distritales a partir de 2023, tiene prominencia estrat\u00e9gica en un cruce del r\u00edo Drava que una vez uni\u00f3 los mares B\u00e1ltico y Adri\u00e1tico.<\/p>\n<p>Desde los vestigios de los asentamientos de la Edad de Piedra Tard\u00eda hasta la ocupaci\u00f3n celta de la Edad de Hierro Tard\u00eda, el terreno de Ptuj ha sido testigo de milenios de actividad humana. El siglo I a. C. vio c\u00f3mo la naciente comunidad se integraba en la provincia romana de Panonia, y su importancia se magnific\u00f3 cuando la Legio XIII Gemina estableci\u00f3 una fortaleza \u2014castrum\u2014 en Poetovium. En el a\u00f1o 69 d. C., entre las legiones de la provincia, Vespasiano se asegur\u00f3 su ascenso al emperador en estas mismas orillas, dejando posteriormente la primera referencia escrita existente del asentamiento. Bajo el emperador Trajano en el a\u00f1o 103, alcanz\u00f3 el estatus de municipio con el nombre de Colonia Ulpia Traiana Poetovio, consolidando su papel como centro militar, comercial y administrativo. A principios del siglo IV, hab\u00edan surgido figuras eclesi\u00e1sticas como el obispo Victorino, y el drama imperial posterior (el arresto de Constancio Galo en 354 y la victoria de Teodosio I sobre M\u00e1ximo en 388) se desarroll\u00f3 frente a sus murallas fortificadas.<\/p>\n<p>La \u00e9poca romana alcanz\u00f3 su apogeo hacia mediados del siglo V, cuando aproximadamente 40\u00a0000 habitantes abarrotaban la ciudad, hasta que los hunos de Atila la destruyeron en el a\u00f1o 450, fracturando su tejido c\u00edvico. Los siglos siguientes trajeron consigo a los \u00e1varos euroasi\u00e1ticos y a las tribus eslavas en el a\u00f1o 570, y a finales del siglo VIII Ptuj pas\u00f3 a dominio franco. Entre el a\u00f1o 840 y el 874 form\u00f3 parte del Principado eslavo del Balat\u00f3n, pasando posteriormente a estar bajo la doble autoridad espiritual y temporal de los arzobispos de Salzburgo. Esta situaci\u00f3n perdur\u00f3 hasta que la concesi\u00f3n de los derechos de ciudad en 1376 inici\u00f3 una recuperaci\u00f3n econ\u00f3mica y la construcci\u00f3n de murallas defensivas.<\/p>\n<p>Reintegrada al dominio Habsburgo en 1490 tras las revueltas de Mat\u00edas Corvino, Ptuj \u2014conocida por los germanoparlantes como Pettau\u2014 ingres\u00f3 al Ducado de Estiria en 1555, y su gobierno municipal se aline\u00f3 con Viena en lugar de Salzburgo. Las incursiones otomanas de los siglos XVI y XVII transformaron la ciudad en un campo de batalla, agravado a\u00fan m\u00e1s por las conflagraciones de 1684, 1705, 1710 y 1744. Estas calamidades, agravadas por inundaciones y epidemias peri\u00f3dicas, presagiaron un declive gradual; aunque el n\u00facleo medieval de la ciudad permaneci\u00f3 intacto, sus comerciantes y artesanos se vieron cada vez m\u00e1s eclipsados \u200b\u200bpor los emergentes centros regionales.<\/p>\n<p>La llegada del Ferrocarril del Sur de Austria a mediados del siglo XIX aceler\u00f3 la marginaci\u00f3n de Ptuj: la l\u00ednea Maribor-Trieste la rodeaba, redirigiendo las corrientes comerciales hacia Marburgo (Maribor). Sin embargo, el censo austroh\u00fangaro de 1910 registr\u00f3 que aproximadamente el 86 % de los residentes del casco antiguo hablaban alem\u00e1n, mientras que el esloveno predominaba en los pueblos de los alrededores. El colapso de la Monarqu\u00eda Dual en 1918 precipit\u00f3 la inclusi\u00f3n en la Rep\u00fablica de Austria Alemana, solo para que la intervenci\u00f3n del general Rudolf Maister asegurara la Baja Estiria para el reci\u00e9n formado Estado de Eslovenos, Croatas y Serbios, posteriormente Yugoslavia.<\/p>\n<p>Durante el per\u00edodo de entreguerras, Ptuj experiment\u00f3 una r\u00e1pida disminuci\u00f3n de su poblaci\u00f3n de etnia alemana, a pesar de la persistencia de una minor\u00eda notable. El cataclismo de la Segunda Guerra Mundial sumi\u00f3 de nuevo a la ciudad en la agitaci\u00f3n: de 1941 a 1944, las autoridades de ocupaci\u00f3n nazi desposeyeron y deportaron a los eslovenos, reasignando sus hogares a evacuados de habla alemana del Tirol del Sur y Gottschee. Con el fin de la guerra en 1945, estos reci\u00e9n llegados se unieron a los alemanes nativos de Pettauer en un \u00e9xodo hacia Austria y otros lugares, dejando Ptuj de nuevo casi en su totalidad en esloveno.<\/p>\n<p>Bajo la Rep\u00fablica Federativa Socialista de Yugoslavia, Ptuj sirvi\u00f3 como n\u00facleo administrativo y cultural de la regi\u00f3n del Bajo Podravje. En la posguerra, se llev\u00f3 a cabo una reorganizaci\u00f3n municipal en 1965, uniendo el casco antiguo y los suburbios adyacentes (Breg, Budino, Kr\u010devino, Ore\u0161je, Spuhlja, \u0160tuke, Rabel\u010dja vas y Vi\u010dava) y, en 1977, ampliando su territorio con Rogoznica y Zgornja Hajdina. En las d\u00e9cadas posteriores, se definieron las comunidades distritales individuales, a medida que la expansi\u00f3n residencial avanzaba hacia el noroeste, en direcci\u00f3n al valle de Grajena, hacia el norte hasta las estribaciones de las monta\u00f1as de Ptuj y hacia el noreste a lo largo del arroyo Rogoznica.<\/p>\n<p>El sello cultural imperecedero de Ptuj es su Kurentovanje, un carnaval de diez d\u00edas con ra\u00edces en los antiguos ritos eslavos de primavera y fertilidad. Un elemento central del espect\u00e1culo es el Kurent \u2014o Korant\u2014, cuyo cuerpo revestido de piel de oveja, m\u00e1scara, lengua roja prominente, cencerros y cintas multicolores (y, en los pueblos vecinos, plumas o cuernos) simbolizan una deidad de renovaci\u00f3n hedonista, quiz\u00e1s evocando al m\u00edtico Pr\u00edapo. Organizados en caravanas, los Kurents recorren la ciudad, percusi\u00f3n en mano, para expulsar la maldad del invierno y anunciar el renacimiento de la estaci\u00f3n.<\/p>\n<p>Fortificado sobre la ciudad, el Castillo de Ptuj domina el horizonte, con sus or\u00edgenes medievales entrelazados con renovaciones renacentistas y barrocas. En su base se encuentra el Museo Regional, custodio de colecciones arqueol\u00f3gicas, etnol\u00f3gicas y de bellas artes que trazan la evoluci\u00f3n de la ciudad, desde los asentamientos de la Edad de Piedra hasta la metr\u00f3polis romana. Cerca de all\u00ed, el Hospital Jo\u017ee Potr\u010d y el Teatro Municipal de Ptuj subrayan el papel de la ciudad como centro m\u00e9dico y cultural, mientras que la Galer\u00eda Municipal de Ptuj y la Galer\u00eda Miheli\u010d exhiben las corrientes art\u00edsticas modernas y contempor\u00e1neas de Eslovenia.<\/p>\n<p>Las iniciativas cient\u00edficas y educativas han encontrado su espacio en el Centro de Ciencia e Investigaci\u00f3n Bistra Ptuj, un punto de encuentro entre instituciones p\u00fablicas y empresas privadas que fomenta la innovaci\u00f3n regional. Junto a \u00e9l se encuentra el Centro Regional de Educaci\u00f3n Superior de Ptuj, sede del Ptuj College, bajo el paraguas de REVIVIS, un centro incipiente de estudios aplicados que refleja el compromiso de la ciudad con la difusi\u00f3n del conocimiento y el desarrollo de la fuerza laboral.<\/p>\n<p>Geogr\u00e1ficamente, Ptuj se encuentra en el Bajo Podravje, en la llanura pan\u00f3nica, flanqueada por las suaves ondulaciones de las monta\u00f1as Slovenske Gorice y Haloze, as\u00ed como por los extensos campos de Drava y Ptuj. Su clima subpan\u00f3nico produce una temperatura media anual de 10 \u00b0C, atenuada por las brisas fluviales y la protecci\u00f3n de las tierras altas circundantes. Al oeste, las aguas del Drava est\u00e1n embalsadas por la central hidroel\u00e9ctrica de Formin, mientras que el lago Ptuj resultante \u2014el embalse artificial permanente m\u00e1s grande del pa\u00eds\u2014 ofrece tanto un h\u00e1bitat recreativo como ecol\u00f3gico.<\/p>\n<p>Las arterias de transporte modernas convergen en Ptuj: la autopista A4 une Maribor con la frontera croata en Gru\u0161kovje y contin\u00faa hasta Zagreb, mientras que la principal arteria vial desde Slovenska Bistrica se dirige hacia el este a trav\u00e9s de Ormo\u017e y Sredi\u0161\u010de ob Drava en direcci\u00f3n a Croacia. Las carreteras regionales se extienden por los campos de Drava y Ptuj, y el ferrocarril Pragersko-Ormo\u017e sirve de enlace con Murska Sobota, Hungr\u00eda y Croacia, garantizando que, a pesar de su antiguo linaje, Ptuj permanezca conectada integralmente con los sistemas circulatorios de Europa Central.<\/p>\n<p>Aunque siglos han alterado su destino, Ptuj ha resistido las vicisitudes del imperio, la guerra y el fuego para emerger como una ciudad de ferias, bodegas y aguas termales, donde el turismo de bienestar contempor\u00e1neo complementa su magnetismo hist\u00f3rico. Su entorno vitivin\u00edcola, enclavado entre Haloze y Slovenske Gorice, contin\u00faa una tradici\u00f3n vitivin\u00edcola que se remonta a la \u00e9poca romana; sus bodegas y salas de cata invitan a degustar variedades que reflejan la topograf\u00eda y el terroir de la regi\u00f3n.<\/p>\n<p>Las aguas termales, aprovechadas en modernos complejos de spa, ofrecen un respiro tanto a visitantes como a lugare\u00f1os. Sus aguas ricas en minerales tienen fama de relajar la musculatura y estimular la circulaci\u00f3n. En estas instalaciones, se percibe la misma interacci\u00f3n entre recursos naturales e ingenio humano que, hace milenios, impuls\u00f3 a los colonos a establecer su campamento en este vado del Drava.<\/p>\n<p>La narrativa de Ptuj se caracteriza por una constante adaptaci\u00f3n: desde los cazadores-recolectores prehist\u00f3ricos hasta los legionarios romanos; desde los burgueses medievales hasta los comerciantes austroh\u00fangaros; desde la desposesi\u00f3n en tiempos de guerra hasta la reurbanizaci\u00f3n socialista; desde los acad\u00e9micos contempor\u00e1neos hasta los viticultores artesanales. Cada \u00e9poca ha dejado su huella \u2014estratos arqueol\u00f3gicos bajo el empedrado, fachadas g\u00f3ticas y barrocas a lo largo de calles estrechas, modernos edificios educativos en la periferia de la ciudad\u2014, de modo que el visitante, al moverse entre el pasado y el presente, experimenta no solo una secuencia de reliquias, sino un continuo viviente.<\/p>\n<p>En su manifestaci\u00f3n actual, Ptuj no se erige simplemente como un sitio arqueol\u00f3gico o una pieza de museo, sino como una din\u00e1mica capital regional cuyas instituciones de salud, cultura, ciencia y educaci\u00f3n dan fe de su perdurable centralidad. Sigue siendo un lugar donde los ritmos del r\u00edo y la carretera se entrecruzan con la cadencia de los siglos, donde la tradici\u00f3n ceremonial coexiste con la actividad acad\u00e9mica, y donde la p\u00e1tina de la historia profundiza, en lugar de oscurecer, la vitalidad de la vida urbana contempor\u00e1nea.<\/p>","protected":false},"excerpt":{"rendered":"<p>Ptuj, situada en la regi\u00f3n noreste de Eslovenia, es un homenaje a la rica historia europea, con una poblaci\u00f3n de aproximadamente 18.000 habitantes. Convenientemente situada a orillas del r\u00edo Drava, este antiguo asentamiento es la ciudad m\u00e1s antigua conocida de Eslovenia, fundada a finales de la Edad de Piedra. M\u00e1s all\u00e1 de la simple antig\u00fcedad, Ptuj es un testimonio vivo de las confluencias culturales e hist\u00f3ricas que han forjado esta parte de Europa a lo largo de milenios.<\/p>","protected":false},"author":1,"featured_media":4587,"parent":13345,"menu_order":0,"comment_status":"closed","ping_status":"closed","template":"elementor_theme","meta":{"_eb_attr":"","footnotes":""},"class_list":["post-13402","page","type-page","status-publish","has-post-thumbnail"],"_links":{"self":[{"href":"https:\/\/travelshelper.com\/es\/wp-json\/wp\/v2\/pages\/13402","targetHints":{"allow":["GET"]}}],"collection":[{"href":"https:\/\/travelshelper.com\/es\/wp-json\/wp\/v2\/pages"}],"about":[{"href":"https:\/\/travelshelper.com\/es\/wp-json\/wp\/v2\/types\/page"}],"author":[{"embeddable":true,"href":"https:\/\/travelshelper.com\/es\/wp-json\/wp\/v2\/users\/1"}],"replies":[{"embeddable":true,"href":"https:\/\/travelshelper.com\/es\/wp-json\/wp\/v2\/comments?post=13402"}],"version-history":[{"count":0,"href":"https:\/\/travelshelper.com\/es\/wp-json\/wp\/v2\/pages\/13402\/revisions"}],"up":[{"embeddable":true,"href":"https:\/\/travelshelper.com\/es\/wp-json\/wp\/v2\/pages\/13345"}],"wp:featuredmedia":[{"embeddable":true,"href":"https:\/\/travelshelper.com\/es\/wp-json\/wp\/v2\/media\/4587"}],"wp:attachment":[{"href":"https:\/\/travelshelper.com\/es\/wp-json\/wp\/v2\/media?parent=13402"}],"curies":[{"name":"wp","href":"https:\/\/api.w.org\/{rel}","templated":true}]}}