{"id":13339,"date":"2024-09-17T16:20:37","date_gmt":"2024-09-17T16:20:37","guid":{"rendered":"https:\/\/travelshelper.com\/staging\/?page_id=13339"},"modified":"2026-03-12T22:34:54","modified_gmt":"2026-03-12T22:34:54","slug":"bratislava","status":"publish","type":"page","link":"https:\/\/travelshelper.com\/es\/destinations\/europe\/slovakia\/bratislava\/","title":{"rendered":"Bratislava"},"content":{"rendered":"<p data-pm-slice=\"1 1 []\">Bratislava, la capital y la ciudad m\u00e1s grande de la Rep\u00fablica Eslovaca, con una poblaci\u00f3n oficial de aproximadamente 475.000 residentes (aunque algunas estimaciones sit\u00faan la afluencia diaria m\u00e1s cerca de 570.000), se encuentra en la confluencia de los r\u00edos Danubio y Morava, en el sudoeste de Eslovaquia, en un territorio de 367,58 kil\u00f3metros cuadrados, en una posici\u00f3n \u00fanica al pie de los Peque\u00f1os C\u00e1rpatos y lindando con Austria y Hungr\u00eda, lo que la convierte en la \u00fanica capital nacional del mundo que colinda con dos estados soberanos.<\/p>\n<p>Una trayectoria milenaria ha forjado el car\u00e1cter de Bratislava. Los primeros habitantes conocidos de la ciudad dejaron su huella en la colina del castillo durante la transici\u00f3n entre la Edad de Piedra y la Edad de Bronce. \u00c9pocas posteriores ilustran una acr\u00f3polis celta, una fortaleza fronteriza romana, un centro pol\u00edtico de la Gran Moravia y, posteriormente, un basti\u00f3n del Reino medieval de Hungr\u00eda. De 1536 a 1783, sirvi\u00f3 como sede legislativa y lugar de coronaci\u00f3n de dicho reino, donde once reyes y ocho reinas recibieron sus coronas dentro de los confines abovedados de la Catedral de San Mart\u00edn. El edificio, erigido entre los siglos XIII y XVI, sigue siendo un monumento g\u00f3tico a aquellas ceremonias, mientras que la Puerta de San Miguel, \u00fanico vestigio de las fortificaciones medievales, se alza como centinela sobre las estrechas calles que anta\u00f1o resonaban con los pasos de dignatarios, cl\u00e9rigos y comerciantes.<\/p>\n<p>Enclavada en la cuenca media del Danubio, a elevaciones que van desde los 126 metros a lo largo del r\u00edo hasta los 514 metros en Dev\u00ednska Kobyla, Bratislava se extiende por las tierras bajas ribere\u00f1as y se adentra en las colinas boscosas del distrito. Dentro de sus l\u00edmites administrativos, los r\u00edos Peque\u00f1o Danubio y Vydrica convergen con el Danubio, creando bosques ribere\u00f1os que albergan tejones europeos, zorros rojos, jabal\u00edes, ciervos rojos y corzos. El perfil clim\u00e1tico se registra como subtropical h\u00famedo (Cfa), con roces con el continental (Dfa), definido por una temperatura media anual cercana a los 11,1 \u00b0C, meses m\u00e1s c\u00e1lidos con un promedio de 22,0 \u00b0C y olas de fr\u00edo que bajan a 0,3 \u00b0C. Las precipitaciones se dispersan uniformemente a lo largo del a\u00f1o, aunque las r\u00e1pidas transiciones estacionales ahora truncan la primavera y el oto\u00f1o, mientras que los term\u00f3metros extremos han registrado m\u00e1ximas de 39,4 \u00b0C y m\u00ednimas de -24,6 \u00b0C. Las defensas contra inundaciones bordean ambas orillas en distritos vulnerables como Dev\u00edn y Dev\u00ednska Nov\u00e1 Ves, una necesidad surgida de siglos de din\u00e1mica fluvial.<\/p>\n<p>La forma urbana de Bratislava yuxtapone torres medievales con las ambiciones de los siglos XX y XXI. El casco antiguo concentra palacios barrocos, entre ellos el Palacio Grassalkovich, una estructura de mediados del siglo XVIII que ahora alberga la residencia presidencial, y el antiguo Palacio Arzobispal, sede actual del gobierno. El Ayuntamiento, compuesto por edificios de los siglos XIV y XV, alberga el Museo de la Ciudad de Bratislava y evoca la autoridad c\u00edvica de su \u00e9poca. Cerca de all\u00ed, la Biblioteca Universitaria, erigida en 1756, alberg\u00f3 la Dieta H\u00fangara desde 1802 hasta la \u00e9poca de la Reforma, cuando se proclamaron en su interior las leyes que abolieron la servidumbre y fundaron la Academia H\u00fangara de Ciencias. Las viviendas m\u00e1s peque\u00f1as preservan el patrimonio inmaterial: la casa natal de Johann Nepomuk Hummel ejemplifica la arquitectura dom\u00e9stica del siglo XVIII.<\/p>\n<p>Las estructuras religiosas forman un hilo conductor que ilumina la narrativa de la ciudad. La Iglesia y Monasterio Franciscano, que data de finales del siglo XIII, se considera el edificio sacro m\u00e1s antiguo que se conserva y en su d\u00eda sirvi\u00f3 como sede de ceremonias de nombramiento de caballeros. La Iglesia Azul de Santa Isabel, obra maestra de la secesi\u00f3n h\u00fangara, exhibe una singular fachada monocrom\u00e1tica y a\u00fan atrae a visitantes que buscan sus l\u00edneas poco convencionales. La \u00fanica sinagoga que se conserva en Bratislava es testigo de una comunidad jud\u00eda anta\u00f1o vibrante, mientras que bajo la colina del castillo, un segmento excavado de los muros del cementerio del siglo XIX marca el lugar de descanso del rabino Mois\u00e9s Sofer. Tras la Segunda Guerra Mundial, se inaugur\u00f3 el cementerio militar de Slav\u00edn en una colina que domina la ciudad, con sus monumentos dedicados a los soldados sovi\u00e9ticos ca\u00eddos en la liberaci\u00f3n de abril de 1945.<\/p>\n<p>Entre las intervenciones modernas destaca el Most SNP, el Puente del Levantamiento Nacional Eslovaco, con su restaurante en forma de platillo, encaramado sobre el Danubio como un hito en el horizonte. La sede de Radio Eslovaca, con su pir\u00e1mide invertida, y la esbelta silueta de la Torre de Televisi\u00f3n Kamz\u00edk, con su comedor giratorio, dan testimonio de las diversas tendencias est\u00e9ticas del siglo XX. El nuevo milenio marc\u00f3 el comienzo de un r\u00e1pido desarrollo: la forma arqueada del Puente Apolo y el edificio contempor\u00e1neo del Teatro Nacional Eslovaco reivindican una nueva ambici\u00f3n c\u00edvica, mientras que proyectos inmobiliarios privados transforman antiguas parcelas industriales en torres residenciales con fachada de cristal.<\/p>\n<p>En lo alto del r\u00edo, el Castillo de Bratislava corona una meseta a 85 metros sobre el Danubio. Los yacimientos arqueol\u00f3gicos revelan una bas\u00edlica prerrom\u00e1nica que precedi\u00f3 a una fortaleza de piedra del siglo X construida bajo influencia h\u00fangara. Las mejoras g\u00f3ticas del siglo XV, bajo el reinado de Segismundo de Luxemburgo, dieron paso a modificaciones renacentistas y, posteriormente, barrocas, encargadas en 1649. Un incendio en 1811 redujo la estructura a ruinas, y permaneci\u00f3 as\u00ed hasta que una restauraci\u00f3n a mediados del siglo XX restableci\u00f3 el vocabulario estil\u00edstico de Mar\u00eda Teresa. Hoy en d\u00eda, el castillo alberga una secci\u00f3n del Museo Nacional Eslovaco, donde se celebran ceremonias en los salones que anta\u00f1o acogieron a la realeza de los Habsburgo.<\/p>\n<p>R\u00edo abajo, encaramados donde el Morava se une al Danubio, se encuentran las ruinas del Castillo de Dev\u00edn, documentado ya en el a\u00f1o 864. Su promontorio rocoso sigui\u00f3 siendo un puesto fronterizo estrat\u00e9gico para la Gran Moravia y Hungr\u00eda hasta que las fuerzas de Napole\u00f3n arrasaron sus defensas en 1809. Los esfuerzos de conservaci\u00f3n han dejado al descubierto los cimientos de piedra y han creado un museo que enmarca a Dev\u00edn como un hito arqueol\u00f3gico y un s\u00edmbolo de la identidad eslovaca.<\/p>\n<p>En el distrito sure\u00f1o de Rusovce, una mansi\u00f3n neog\u00f3tica inglesa construida a mediados del siglo XIX preside un terreno ajardinado, mientras que en las cercan\u00edas, los restos del campamento romano Gerulata evocan la frontera danubiana del limes romano. El palimpsesto estratificado de Rusovce encapsula dos milenios de influencia imperial, desde las legiones hasta la nobleza terrateniente.<\/p>\n<p>Los espacios verdes invaden Bratislava: los parques p\u00fablicos ocupan 46,8 kil\u00f3metros cuadrados, lo que equivale a 110 metros cuadrados por habitante. El parque Horsk\u00fd, en el casco antiguo, y el parque Bratislavsk\u00fd lesn\u00fd, en los Peque\u00f1os C\u00e1rpatos, ofrecen refugios boscosos, con senderos que conducen a \u017delezn\u00e1 studienka y Koliba. En la margen derecha del Danubio, el parque Janko Kr\u00e1\u013e, fundado en el siglo XVIII, extiende un paseo fluvial, mientras que las futuras obras en Petr\u017ealka prometen nuevas zonas verdes entre dos lagos. Los lagos recreativos de color galleta \u2014Zlat\u00e9 piesky, Kuchajda, Vajnory y Rusovce\u2014 atraen a ba\u00f1istas y amantes del sol, mientras que Mlynsk\u00e1 dolina alberga el zool\u00f3gico de la ciudad, donde deambulan 152 especies, y el Jard\u00edn Bot\u00e1nico de la Universidad Comenius cultiva m\u00e1s de 120 variedades de plantas.<\/p>\n<p>Como epicentro econ\u00f3mico de Eslovaquia, Bratislava representa aproximadamente una cuarta parte del producto nacional y se sit\u00faa como la decimonovena regi\u00f3n m\u00e1s rica de la Uni\u00f3n Europea en t\u00e9rminos de PIB per c\u00e1pita, casi triplicando la media de otras regiones eslovacas. Las bajas cifras de desempleo, un salario medio mensual superior a los 2150 \u20ac en 2024 y la presencia de importantes sedes corporativas dan fe de su vitalidad financiera. En 2023, casi un mill\u00f3n de turistas pernoctaron m\u00e1s de 1,7 millones de veces en sus alrededores, la mayor\u00eda de los cuales proced\u00edan de la vecina Chequia, Alemania, Austria y Polonia. La infraestructura tur\u00edstica incluye ocho importantes centros comerciales \u2014desde Aupark y Eurovea Galleria hasta Nivy Centrum\u2014 y una gran cantidad de cafeter\u00edas y restaurantes agrupados en las revitalizadas calles del casco antiguo.<\/p>\n<p>El transporte p\u00fablico opera bajo la bandera de Mestsk\u00e1 hromadn\u00e1 doprava, con autobuses, tranv\u00edas y trolebuses pintados en rojo y negro. La integraci\u00f3n con las compa\u00f1\u00edas regionales a trav\u00e9s de IDS BK permite viajes fluidos a los distritos adyacentes. Las conexiones ferroviarias desde la Estaci\u00f3n Central de Bratislava y Petr\u017ealka ofrecen servicios cada hora a Viena, Budapest, Praga y otros lugares. La estaci\u00f3n subterr\u00e1nea Autobusov\u00e1 stanica Nivy, inaugurada en septiembre de 2021 bajo un complejo de rascacielos y centro comercial, evoca las terminales de un aeropuerto en su dise\u00f1o y servicios. Cuatro arterias de autopistas se extienden hacia Brno, Viena, Budapest y los centros nacionales, mientras que el puerto de Bratislava conecta con los mares Negro y del Norte mediante v\u00edas navegables interiores. El Aeropuerto MR \u0160tef\u00e1nik, a nueve kil\u00f3metros del centro, atendi\u00f3 a m\u00e1s de dos millones de pasajeros en sus primeros a\u00f1os, complementado con el uso frecuente del Aeropuerto Internacional de Viena, a cuarenta y nueve kil\u00f3metros de distancia.<\/p>\n<p>La escala humana de Bratislava reside en su n\u00facleo medieval, donde estrechas callejuelas serpentean entre dos plazas principales \u2014Hlavn\u00e9 n\u00e1mestie y Hviezdoslavovo n\u00e1mestie\u2014, cada una animada por cafeter\u00edas con terraza. Una profusi\u00f3n de sitios patrimoniales \u2014desde la casa m\u00e1s esbelta de Europa hasta la torre del reloj del Museo de la Ciudad\u2014 coexiste con los bloques monol\u00edticos de Petr\u017ealka, testimonio de las estrategias de vivienda de mediados de siglo. M\u00e1s all\u00e1 de los l\u00edmites de la ciudad, vi\u00f1edos y granjas producen productos frescos que enriquecen la gastronom\u00eda local, desde el plato nacional, las bryndzov\u00e9 hal\u00fasky (empanadillas con queso de oveja y trocitos de tocino), hasta una contundente sopa de ajo y vinos blancos frescos.<\/p>\n<p>En invierno, la plaza del Antiguo Ayuntamiento acoge un mercado tradicional. Sus cien puestos ofrecen s\u00e1ndwiches de cerdo o pollo asado con mostaza y cebolla, tortitas de patata rellenas de grasa de oca o semillas de amapola, y pan con grasa de cerdo y cebolla. El vino caliente, el vino de miel, los t\u00e9s con ron y el grog caliente animan a los asistentes bajo la suave luz de las luces del mercado, haciendo que la temporada festiva de Bratislava sea \u00edntima y duradera.<\/p>\n<p>La curiosidad urbana coexiste con la calma buc\u00f3lica: un corto trayecto en autob\u00fas a Kamz\u00edk revela Partiz\u00e1nska l\u00faka y Sne\u017eienka, amplios claros rodeados de bosques mixtos de robles y carpes, conectados por un telesilla que opera de jueves a domingo y ofrece a los senderistas un tranquilo descanso sobre las copas de los \u00e1rboles por un precio m\u00f3dico. Estos enclaves reafirman la doble naturaleza de Bratislava: capital y guardiana de verdes fronteras.<\/p>\n<p>En sus capas de tierra y piedra, en sus corrientes comerciales y culturales, Bratislava presenta una narrativa matizada de las convergencias hist\u00f3ricas de Europa Central. Sus calles son testigos tanto del esplendor din\u00e1stico como del comercio cotidiano, con una arquitectura que abarca pin\u00e1culos g\u00f3ticos, fachadas barrocas y un audaz modernismo. Desde el suave fluir del Danubio hasta las laderas boscosas de los C\u00e1rpatos, la ciudad perdura como punto de encuentro entre pueblos, econom\u00edas y \u00e9pocas.<\/p>","protected":false},"excerpt":{"rendered":"<p>Bratislava, capital y ciudad m\u00e1s grande de Eslovaquia, ejemplifica la intrincada interacci\u00f3n entre la historia europea y el desarrollo urbano contempor\u00e1neo. A orillas del r\u00edo Danubio, esta vibrante ciudad cuenta con una poblaci\u00f3n oficial de aproximadamente 475.000 habitantes, aunque algunas estimaciones sugieren que la cifra real podr\u00eda superar los 660.000. Como centro pol\u00edtico, cultural y econ\u00f3mico de Eslovaquia, Bratislava define el rumbo del pa\u00eds en el siglo XXI m\u00e1s all\u00e1 de sus l\u00edmites municipales.<\/p>","protected":false},"author":1,"featured_media":3996,"parent":13300,"menu_order":0,"comment_status":"closed","ping_status":"closed","template":"elementor_theme","meta":{"_eb_attr":"","footnotes":""},"class_list":["post-13339","page","type-page","status-publish","has-post-thumbnail"],"_links":{"self":[{"href":"https:\/\/travelshelper.com\/es\/wp-json\/wp\/v2\/pages\/13339","targetHints":{"allow":["GET"]}}],"collection":[{"href":"https:\/\/travelshelper.com\/es\/wp-json\/wp\/v2\/pages"}],"about":[{"href":"https:\/\/travelshelper.com\/es\/wp-json\/wp\/v2\/types\/page"}],"author":[{"embeddable":true,"href":"https:\/\/travelshelper.com\/es\/wp-json\/wp\/v2\/users\/1"}],"replies":[{"embeddable":true,"href":"https:\/\/travelshelper.com\/es\/wp-json\/wp\/v2\/comments?post=13339"}],"version-history":[{"count":0,"href":"https:\/\/travelshelper.com\/es\/wp-json\/wp\/v2\/pages\/13339\/revisions"}],"up":[{"embeddable":true,"href":"https:\/\/travelshelper.com\/es\/wp-json\/wp\/v2\/pages\/13300"}],"wp:featuredmedia":[{"embeddable":true,"href":"https:\/\/travelshelper.com\/es\/wp-json\/wp\/v2\/media\/3996"}],"wp:attachment":[{"href":"https:\/\/travelshelper.com\/es\/wp-json\/wp\/v2\/media?parent=13339"}],"curies":[{"name":"wp","href":"https:\/\/api.w.org\/{rel}","templated":true}]}}