{"id":13300,"date":"2024-09-17T15:52:09","date_gmt":"2024-09-17T15:52:09","guid":{"rendered":"https:\/\/travelshelper.com\/staging\/?page_id=13300"},"modified":"2026-03-12T22:35:25","modified_gmt":"2026-03-12T22:35:25","slug":"eslovaquia","status":"publish","type":"page","link":"https:\/\/travelshelper.com\/es\/destinations\/europe\/slovakia\/","title":{"rendered":"Eslovaquia"},"content":{"rendered":"<p>Eslovaquia, oficialmente la Rep\u00fablica Eslovaca, es una naci\u00f3n sin litoral de 49.000 kil\u00f3metros cuadrados en Europa Central, rodeada por Polonia al norte, Ucrania al este, Hungr\u00eda al sur, Austria al oeste y la Rep\u00fablica Checa al noroeste. Con una poblaci\u00f3n que supera los 5,4 millones de habitantes, se distingue por un terreno predominantemente monta\u00f1oso entrelazado con f\u00e9rtiles tierras bajas. La capital, Bratislava, se encuentra en el extremo suroeste del pa\u00eds, mientras que Ko\u0161ice domina el extremo oriental como la segunda ciudad m\u00e1s grande. Esta compacta rep\u00fablica ofrece un intrincado tapiz hist\u00f3rico, desde la llegada de los eslavos occidentales en el siglo VI, pasando por siglos de dominio h\u00fangaro y Habsburgo, hasta su surgimiento como estado independiente en 1993, con un tel\u00f3n de fondo de imponentes picos de los C\u00e1rpatos, antiguos castillos, cavernas subterr\u00e1neas y una econom\u00eda que la sit\u00faa entre las historias de \u00e9xito poscomunistas m\u00e1s din\u00e1micas de Europa.<\/p>\n<p>Enclavados en los C\u00e1rpatos septentrionales, los Altos Tatras se alzan como la joya alpina de Eslovaquia. Su silueta escarpada, marcada por veintinueve cumbres que superan los 2500 metros y coronada por el Gerlachovsk\u00fd \u0161t\u00edt a 2655 metros, constituye una frontera natural con Polonia y un im\u00e1n para senderistas y esquiadores. Kriv\u00e1\u0148, un pico triangular de gran resonancia cultural, preside profundos valles y lagos glaciares, mientras que los Tatras Occidentales y Belianske extienden la majestuosidad de la cordillera a panoramas m\u00e1s amplios. Bajo los Tatras, los Bajos Tatras se despliegan en suaves ondulaciones, coronados por el \u010eumbier a poco m\u00e1s de 2000 metros. En el norte del pa\u00eds, nueve parques nacionales \u2014incluido el Para\u00edso Eslovaco, con sus ca\u00f1ones de piedra caliza y gargantas cubiertas de escaleras, y el remoto Poloniny, donde todav\u00eda persisten bosques de hayas primigenios\u2014 abarcan el 6,5 por ciento del territorio y preservan un mosaico ecol\u00f3gico extraordinario.<\/p>\n<p>Bajo estas monta\u00f1as se esconde un reino de cuevas. Unas 30 est\u00e1n abiertas al p\u00fablico, con sus b\u00f3vedas resplandecientes de estalactitas y estalagmitas, entre ellas la cueva de hielo de Dob\u0161in\u00e1 y la cueva de aragonito de Ochtinsk\u00e1, ambas protegidas por la UNESCO. El sistema de Dem\u00e4novsk\u00e1, cerca de Poprad, excava laber\u00ednticos pasajes de c\u00e1maras de alabastro, mientras que Domica se adentra en el paisaje k\u00e1rstico de la frontera eslovaco-h\u00fangara. Los r\u00edos que se anidan entre las crestas excavan valles y tierras bajas: el V\u00e1h, el m\u00e1s largo de Eslovaquia con 403 kil\u00f3metros, discurre hacia el oeste; el Danubio serpentea por el extremo sur de Bratislava; mientras que el Dunajec y el Morava delimitan fronteras naturales. M\u00e1s de 49.700 kil\u00f3metros de v\u00edas fluviales desembocan en estas arterias, que se desbordan en primavera con el deshielo alpino y, en el caso del Danubio, alcanzan su punto m\u00e1ximo en verano cuando los torrentes alpinos se unen al gran curso de agua europeo.<\/p>\n<p>El clima templado continental del pa\u00eds se distingue por cuatro estaciones bien diferenciadas. Los caprichosos deshielos de la primavera siguen al equinoccio de primavera, lo que produce temperaturas medias diurnas que suben de 9 \u00b0C en marzo a 17 \u00b0C en junio. El verano, que comienza el 22 de junio, presenta m\u00e1ximas diurnas que suelen superar los 30 \u00b0C en la llanura del Danubio, con picos de calor cercanos a los 40 \u00b0C en las zonas meridionales; las alturas monta\u00f1osas se mantienen agradables a 25 \u00b0C. Los vientos h\u00famedos del oto\u00f1o predominan desde finales de septiembre, aunque un veranillo puede adornar las primeras semanas con calor y sol. El invierno, que comienza el 21 de diciembre, trae nieve a las tierras altas, donde persiste hasta marzo, y temperaturas que descienden hasta los -20 \u00b0C en altitud, mientras que las heladas en las tierras bajas y la nieve intermitente ofrecen un paisaje nevado m\u00e1s variable.<\/p>\n<p>Mucho antes de que se cristalizaran las fronteras modernas, tribus eslavas occidentales se asentaron en estos valles en los siglos V y VI. Incluidas brevemente en el kaganato \u00e1varo, alcanzaron prominencia en el Imperio samoano alrededor del a\u00f1o 631 d. C. El Principado de Nitra surgi\u00f3 en el siglo IX, pronto absorbido por la Gran Moravia, que leg\u00f3 un legado literario y eclesi\u00e1stico. Su desaparici\u00f3n bajo las incursiones magiares marc\u00f3 el comienzo de diez siglos de dominio h\u00fangaro, interrumpidos por los avances otomanos que devastaron las zonas meridionales en los siglos XVI y XVII. La reconstrucci\u00f3n del rey B\u00e9la IV tras la devastaci\u00f3n mongola de 1241-1242 sent\u00f3 las bases para una renovada vida urbana y fortificaci\u00f3n.<\/p>\n<p>El despertar nacional del siglo XIX encontr\u00f3 eco entre los eslovacos, quienes en 1848 formaron el Consejo Nacional Eslovaco en medio de las revoluciones que se extend\u00edan por Europa. Si bien su levantamiento no asegur\u00f3 la autonom\u00eda, result\u00f3 fundamental para forjar una identidad eslovaca distintiva. El Compromiso de 1867 uni\u00f3 el reino a Austria-Hungr\u00eda, pero las corrientes culturales y ling\u00fc\u00edsticas continuaron fluyendo. El fin de la Primera Guerra Mundial desmantel\u00f3 imperios y propici\u00f3 la proclamaci\u00f3n de la Rep\u00fablica Checoslovaca en 1918, integrando a Eslovaquia bajo los Tratados de Saint-Germain y Trianon. Un breve interludio de fascismo clerical bajo el patrocinio nazi dio paso en 1945 a la restablecida Checoslovaquia. El golpe de Estado de 1948, respaldado por los sovi\u00e9ticos, consolid\u00f3 el r\u00e9gimen comunista hasta la represi\u00f3n de la Primavera de Praga en 1968. Fue la revoluci\u00f3n pac\u00edfica de 1989 (la Revoluci\u00f3n de Terciopelo) la que recuper\u00f3 la democracia y culmin\u00f3 el 1 de enero de 1993 con el sobrio nacimiento de la Rep\u00fablica Eslovaca.<\/p>\n<p>La Eslovaquia actual combina una econom\u00eda de mercado con una red integral de seguridad social: atenci\u00f3n m\u00e9dica universal, educaci\u00f3n gratuita, una edad de jubilaci\u00f3n entre las m\u00e1s bajas del continente y una licencia parental entre las m\u00e1s generosas de la OCDE. En 2024, su PIB per c\u00e1pita en paridad de poder adquisitivo super\u00f3 los 44.000 d\u00f3lares estadounidenses, lo que la sit\u00faa entre los pa\u00edses de altos ingresos de Europa. Las exportaciones, principalmente a Alemania, la Rep\u00fablica Checa y Polonia, sustentan su producci\u00f3n industrial; tan solo la producci\u00f3n automotriz gener\u00f3 1,1 millones de veh\u00edculos en 2019, la cifra per c\u00e1pita m\u00e1s alta del mundo. Sin embargo, persisten las disparidades econ\u00f3micas: la regi\u00f3n de Bratislava posee casi el triple del poder adquisitivo de los distritos orientales, incluso cuando la propiedad de vivienda a nivel nacional se dispara al 90 %.<\/p>\n<p>La vida administrativa se desarrolla en ocho regiones aut\u00f3nomas, cada una con el nombre de su ciudad principal y dotada de competencias legislativas desde 2002. Bajo ellas se encuentran 79 distritos y 2890 municipios, conformando un marco que fusiona los patrones hist\u00f3ricos de asentamiento con la gobernanza moderna. Las v\u00edas de comunicaci\u00f3n reflejan esta integraci\u00f3n: la autopista D1 recorre 600 kil\u00f3metros desde Bratislava atravesando Trnava, Nitra, Tren\u010d\u00edn y \u017dilina, mientras que la D2 conecta con Praga y Budapest. El ferrocarril conecta centros urbanos y pueblos por igual, y los puertos fluviales de Bratislava y Kom\u00e1rno mantienen el servicio de mercanc\u00edas y pasajeros a lo largo de la v\u00eda fluvial Rin-Meno-Danubio. Tres aeropuertos \u2014Bratislava, Ko\u0161ice y el de gran altitud Poprad-Tatry\u2014 conectan Eslovaquia con Europa y el extranjero.<\/p>\n<p>El turismo se basa en paisajes naturales, arquitectura medieval y una viva tradici\u00f3n popular. La UNESCO ha inscrito ocho sitios: desde las iglesias de madera del norte, como la Iglesia del Esp\u00edritu Santo en \u017dehra, hasta el n\u00facleo medieval de Bardejov, y desde las imponentes ruinas del Castillo de Spi\u0161 hasta las c\u00e1maras bajo cero de la Cueva de Hielo de Dob\u0161in\u00e1. El Castillo de Bojnice conserva sus rom\u00e1nticos interiores; el Castillo de Tren\u010d\u00edn contempla el r\u00edo V\u00e1h desde sus acantilados de basalto; el Castillo de Dev\u00edn evoca el pasado celta y de la Gran Moravia sobre el meandro del Danubio. Las ciudades balneario, entre ellas Pie\u0161\u0165any, ofrecen aguas termales curativas, mientras que las estaciones de esqu\u00ed de Jasn\u00e1 y los Altos Tatras atraen a los aficionados a los deportes de invierno. La artesan\u00eda popular perdura en los comercios de \u00da\u013dUV: fujaras, hachas ornamentadas, mu\u00f1ecas de hojas de ma\u00edz y esculturas de alambre dan testimonio de un arte rural que valora tanto la forma como la funci\u00f3n.<\/p>\n<p>La demograf\u00eda de Eslovaquia refleja estabilidad y diversidad. El censo de 2021 registr\u00f3 un 83,8% de eslovacos, un 7,8% de h\u00fangaros y una proporci\u00f3n menor de roman\u00edes, checos, rusinos y otros grupos; el 5,4% opt\u00f3 por no especificar su origen \u00e9tnico. Con una edad media de 42,8 a\u00f1os, la densidad de poblaci\u00f3n promedia los 110 habitantes por kil\u00f3metro cuadrado, aumentando considerablemente en los centros urbanos y disminuyendo en las aldeas remotas de las tierras altas. El eslovaco, una lengua eslava occidental, es el idioma oficial, mientras que el h\u00fangaro y el rusino gozan de estatus cooficial all\u00ed donde las minor\u00edas locales cumplen los requisitos legales. Los eslovacos destacan en el estudio de lenguas extranjeras: casi todos los estudiantes de secundaria superior aprenden dos o m\u00e1s idiomas, a menudo checo, ingl\u00e9s, alem\u00e1n o ruso.<\/p>\n<p>Las tradiciones culinarias se basan en productos de las praderas de monta\u00f1a y en la gastronom\u00eda porcina: los bryndzov\u00e9 halu\u0161ky (empanadillas de patata con queso de oveja) gozan de gran prestigio nacional, junto con las sopas de col, las morcillas y el pirohy de patata. En las regiones vin\u00edcolas a lo largo de los afluentes del Danubio, antiguamente predominaban las variedades blancas y dulces; una creciente cultura cervecera artesanal ahora abarca tanto las lagers claras como las oscuras. Los mercados de temporada en las plazas de los castillos permiten a los visitantes degustar pasteles de miel, trucha ahumada de arroyos de monta\u00f1a y quesos regionales, mientras que la gastronom\u00eda artesanal \u2014desde la miel de tilo hasta el aguardiente de ciruela\u2014 a\u00f1ade un toque rural a la exploraci\u00f3n gastron\u00f3mica.<\/p>\n<p>Las costumbres de hospitalidad y respeto impregnan la vida urbana y rural. Los hu\u00e9spedes que entran en los hogares eslovacos se quitan los zapatos de calle y a menudo se ponen zapatillas; los anfitriones pueden ofrecer comidas de varios platos, especialmente en el almuerzo, la comida principal del d\u00eda. Los gestos de cortes\u00eda incluyen besos en la mejilla \u2014t\u00edpicamente entre mujeres\u2014 y peque\u00f1os obsequios para la anfitriona, aunque se desaconsejan las ofrendas monetarias. La cortes\u00eda se extiende a las sensibilidades hist\u00f3ricas: las referencias a la separaci\u00f3n de Eslovaquia de Checoslovaquia en 1993 se reciben sin rencor, pero las comparaciones con Eslovenia o el pasado austroh\u00fangaro pueden provocar una correcci\u00f3n amable. Las conversaciones sobre el Estado eslovaco de la Segunda Guerra Mundial o la era comunista requieren tacto, y la simpat\u00eda manifiesta por Rusia puede despertar resentimientos latentes arraigados en d\u00e9cadas de dominio sovi\u00e9tico.<\/p>\n<p>En los pueblos de las laderas septentrionales, iglesias de madera \u2014cat\u00f3licas, luteranas y de rito oriental\u2014 se alzan entre laderas boscosas, con sus muros de troncos y tejados de tejas armonizando con los campos de pastoreo. La Bas\u00edlica de Santiago en Levo\u010da alberga el altar de madera tallada m\u00e1s alto del mundo, mientras que las doce iglesias de Trnava enmarcan sus calles barrocas. Los festivales folcl\u00f3ricos \u2014que se celebran durante la cosecha y la Pascua\u2014 reviven la m\u00fasica, la danza y las costumbres ancestrales, que a menudo culminan con serenatas vespertinas con villancicos, conocidas como &#034;koliedy&#034;. En los centros urbanos, festivales de arte y galer\u00edas exhiben cine, artes visuales y dise\u00f1o eslovacos contempor\u00e1neos, reflejando una sociedad en un di\u00e1logo din\u00e1mico entre tradici\u00f3n e innovaci\u00f3n.<\/p>\n<p>Tal multiplicidad de experiencias convierte a Eslovaquia en un estudio de contrastes: desde el silencio de los lagos de monta\u00f1a bajo cielos estrellados hasta el pulso urbano de los caf\u00e9s de Bratislava a lo largo del paseo del Danubio; desde la calma rec\u00f3ndita de los balnearios termales hasta los coros de turistas que suben a los telef\u00e9ricos de Tatransk\u00e1 Lomnica; desde las solemnes criptas de los castillos medievales hasta las efervescentes melod\u00edas de viol\u00edn que se escuchan en los mercados al aire libre. Su tama\u00f1o compacto esconde una amplia gama de ofertas, entrelazando geograf\u00eda e historia en un mosaico \u00edntimo.<\/p>\n<p>Poner un pie en Eslovaquia es recorrer \u00e9pocas y elevaciones, sentir siglos bajo los pies y alcanzar cimas en cuesti\u00f3n de horas. Es adentrarse en parajes que no entienden de fronteras, adentrarse en plazas de piedra cuyos adoquines evocan procesiones imperiales y ferias campesinas. Es saborear el sabor salado y \u00e1cido del queso de oveja, escuchar letras populares que marcan las estaciones con rituales y a\u00f1oranza. Es descubrir que, en una naci\u00f3n nacida en paz y armon\u00eda, el descubrimiento mismo no se mide por la conquista, sino por la curiosidad, la verdadera gu\u00eda del viaje de cualquier viajero.<\/p>","protected":false},"excerpt":{"rendered":"<p>Eslovaquia es un pa\u00eds sin litoral ubicado en Europa Central, con una poblaci\u00f3n de m\u00e1s de 5,4 millones de habitantes distribuidos en un paisaje predominantemente monta\u00f1oso que abarca unos 49.000 kil\u00f3metros cuadrados. Con una posici\u00f3n estrat\u00e9gica en Europa, la Rep\u00fablica Eslovaca limita al norte con Polonia, al este con Ucrania, al sur con Hungr\u00eda, al oeste con Austria y al noroeste con la Rep\u00fablica Checa. Si bien Ko\u0161ice se considera la segunda regi\u00f3n metropolitana m\u00e1s grande, Bratislava, la capital y ciudad m\u00e1s grande, constituye el coraz\u00f3n pol\u00edtico, econ\u00f3mico y cultural del pa\u00eds.<\/p>","protected":false},"author":1,"featured_media":4021,"parent":24078,"menu_order":0,"comment_status":"closed","ping_status":"closed","template":"elementor_theme","meta":{"_eb_attr":"","footnotes":""},"class_list":["post-13300","page","type-page","status-publish","has-post-thumbnail"],"_links":{"self":[{"href":"https:\/\/travelshelper.com\/es\/wp-json\/wp\/v2\/pages\/13300","targetHints":{"allow":["GET"]}}],"collection":[{"href":"https:\/\/travelshelper.com\/es\/wp-json\/wp\/v2\/pages"}],"about":[{"href":"https:\/\/travelshelper.com\/es\/wp-json\/wp\/v2\/types\/page"}],"author":[{"embeddable":true,"href":"https:\/\/travelshelper.com\/es\/wp-json\/wp\/v2\/users\/1"}],"replies":[{"embeddable":true,"href":"https:\/\/travelshelper.com\/es\/wp-json\/wp\/v2\/comments?post=13300"}],"version-history":[{"count":0,"href":"https:\/\/travelshelper.com\/es\/wp-json\/wp\/v2\/pages\/13300\/revisions"}],"up":[{"embeddable":true,"href":"https:\/\/travelshelper.com\/es\/wp-json\/wp\/v2\/pages\/24078"}],"wp:featuredmedia":[{"embeddable":true,"href":"https:\/\/travelshelper.com\/es\/wp-json\/wp\/v2\/media\/4021"}],"wp:attachment":[{"href":"https:\/\/travelshelper.com\/es\/wp-json\/wp\/v2\/media?parent=13300"}],"curies":[{"name":"wp","href":"https:\/\/api.w.org\/{rel}","templated":true}]}}