{"id":13276,"date":"2024-09-17T15:32:27","date_gmt":"2024-09-17T15:32:27","guid":{"rendered":"https:\/\/travelshelper.com\/staging\/?page_id=13276"},"modified":"2026-03-12T23:23:50","modified_gmt":"2026-03-12T23:23:50","slug":"bilbao","status":"publish","type":"page","link":"https:\/\/travelshelper.com\/es\/destinations\/europe\/spain\/bilbao\/","title":{"rendered":"Bilbao"},"content":{"rendered":"<p>Bilbao se presenta como el principal n\u00facleo urbano del Pa\u00eds Vasco, en el norte de Espa\u00f1a, con una superficie de 40,65 kil\u00f3metros cuadrados \u2014de los cuales 17,35 kil\u00f3metros cuadrados forman la ciudad propiamente dicha y los 23,30 kil\u00f3metros cuadrados restantes ascienden hacia los pliegues monta\u00f1osos circundantes\u2014 situado a unos diecis\u00e9is kil\u00f3metros al sur del estuario del Golfo de Vizcaya; con una poblaci\u00f3n que supera los 347.000 habitantes en 2023 y presidiendo una aglomeraci\u00f3n metropolitana de 1.037.847 habitantes, no solo es el d\u00e9cimo municipio m\u00e1s grande de Espa\u00f1a sino tambi\u00e9n la conurbaci\u00f3n m\u00e1s poblada al norte del r\u00edo Duero.<\/p>\n<p>Desde sus inicios medievales a finales del siglo XIII, bajo el auspicio de Diego L\u00f3pez V de Haro \u2014descendiente del influyente linaje Haro\u2014, Bilbao adquiri\u00f3 r\u00e1pidamente relevancia dentro de la Corona de Castilla, con su puerto prosperando gracias a la exportaci\u00f3n de lana y mineral de hierro vizca\u00ednos a diversos mercados europeos. El serpenteante curso de la r\u00eda, delimitado por dos modestas cordilleras de 400 metros de altitud media, molde\u00f3 tanto la fisonom\u00eda de la ciudad como su actividad mar\u00edtima, garantizando que sus arterias de transporte y astilleros se convirtieran en el motor econ\u00f3mico de la regi\u00f3n.<\/p>\n<p>Con el avance del siglo XIX, el auge de Bilbao se aceler\u00f3 a la par de la Revoluci\u00f3n Industrial, convirti\u00e9ndola en la segunda zona m\u00e1s industrializada de Espa\u00f1a, despu\u00e9s de la Gran Barcelona. La confluencia de la miner\u00eda de hierro, las forjas sider\u00fargicas y los astilleros gener\u00f3 un auge demogr\u00e1fico que oblig\u00f3 a la incorporaci\u00f3n administrativa de las aldeas adyacentes \u2014entre ellas, Derio, Etxebarri y Galdakao\u2014, expandiendo as\u00ed la huella urbana y densificando su tejido humano. A principios del siglo XX, la metr\u00f3poli se hab\u00eda convertido en sin\u00f3nimo de industria pesada, y sus chimeneas y diques secos eran un s\u00edmbolo de la b\u00fasqueda de la modernidad de una naci\u00f3n.<\/p>\n<p>La \u00e9poca postindustrial, sin embargo, fue testigo de una reimaginaci\u00f3n deliberada de la identidad de Bilbao. La inauguraci\u00f3n del Museo Guggenheim Bilbao en octubre de 1997, un sinuoso monumento al arte contempor\u00e1neo revestido de titanio concebido por Frank Gehry, sirvi\u00f3 como un emblema catalizador de la regeneraci\u00f3n urbana. Este faro cultural, erigido sobre los antiguos muelles y almacenes del distrito del Arenal, inaugur\u00f3 una cascada de inversiones en infraestructura: una terminal de aeropuerto redise\u00f1ada por Santiago Calatrava; una red de metro de Bilbao distinguida por los &#034;fosteritos&#034; de vidrio de Norman Foster; la reintroducci\u00f3n del tranv\u00eda a lo largo de la r\u00eda; y la transformaci\u00f3n de un dep\u00f3sito de vinos de 1909 en el multidisciplinario Azkuna Zentroa por Philippe Starck. Adem\u00e1s, los sectores de Abandoibarra y Zorrozaurre contin\u00faan en reurbanizaci\u00f3n gradual, una que incluye el complejo de la torre Arata Isozaki, el Palacio de Congresos y de la M\u00fasica Euskalduna y la Torre Iberdrola de C\u00e9sar Pelli; El otro est\u00e1 a punto de surgir de un plan maestro ideado por Zaha Hadid como una isla de uso residencial y comercial mixto anclada por la sede de BBK.<\/p>\n<p>La ubicaci\u00f3n geogr\u00e1fica de Bilbao en el Umbral Vasco \u2014un punto de articulaci\u00f3n estructural entre la Cordillera Cant\u00e1brica y los Pirineos\u2014 le confiere una estratigraf\u00eda ed\u00e1fica de sedimentos mesozoicos superpuestos a un sustrato paleozoico y un relieve caracterizado por un anticlinal principal que se extiende desde Elorrio hasta Galdames. Dentro del t\u00e9rmino municipal, pliegues secundarios articulan el terreno en dos conjuntos monta\u00f1osos: al noreste, los montes Artxanda, Avril, Banderas, Pikota, San Bernab\u00e9 y Cabras; al sur, Kobetas, Restaleku, Pagasarri y Arraiz; este \u00faltimo alcanza altitudes de 673 y 689 metros en Pagasarri y Ganeta, respectivamente. Clim\u00e1ticamente, los sistemas de bajas presiones del Golfo de Vizcaya moderan los extremos estacionales, dando lugar a precipitaciones frecuentes (los d\u00edas lluviosos representan el cuarenta y cinco por ciento del total anual y los d\u00edas nublados el cuarenta por ciento), escasa aridez estival, insuficiente para reclasificar el r\u00e9gimen como mediterr\u00e1neo, y oscilaciones t\u00e9rmicas atenuadas a lo largo del a\u00f1o: las m\u00e1ximas medias rara vez superan los 26 \u00b0C en julio y las m\u00ednimas medias rara vez bajan de los 6 \u00b0C en enero.<\/p>\n<p>Espa\u00f1ol: Demogr\u00e1ficamente, la poblaci\u00f3n de Bilbao de 342.397 habitantes en 2017 ocupa una superficie de 40,59 km\u00b2; el \u00e1rea metropolitana, que representa casi el cuarenta y siete por ciento de la poblaci\u00f3n total de la Comunidad Aut\u00f3noma Vasca, contribuye sustancialmente a un PIB regional per c\u00e1pita de 30.860 \u20ac (superando las medianas nacionales y de la UE) y un PIB metropolitano nominal de 36.900 millones de d\u00f3lares. El patrimonio mercantil de la ciudad se remonta al establecimiento en el siglo XVI del Consulado del Mar, a trav\u00e9s del cual transitaban las mercanc\u00edas castellanas v\u00eda puerto; sin embargo, fue la explotaci\u00f3n en el siglo XIX de los dep\u00f3sitos de hierro cercanos lo que foment\u00f3 el rendimiento mar\u00edtimo y la expansi\u00f3n de los astilleros, culminando en una industria de construcci\u00f3n naval de estatura preeminente. El puerto original, una vez ubicado junto al barrio del Arenal del casco antiguo, cedi\u00f3 a un puerto exterior en Santurtzi en 1902; Las ampliaciones posteriores, conocidas colectivamente como el &#034;superpuerto&#034;, impulsaron la reubicaci\u00f3n de los muelles centrales en la d\u00e9cada de 1970, con la excepci\u00f3n de las instalaciones restantes en Zorroza. Hoy en d\u00eda, Bilbao se encuentra entre los cinco principales puertos comerciales de Espa\u00f1a, ofreciendo m\u00e1s de doscientos servicios regulares a quinientos destinos en todo el mundo y gestionando m\u00e1s de treinta y un millones de toneladas de carga en 2009 \u2014principalmente con destino a Rusia, el Reino Unido, los Pa\u00edses Bajos y los mercados n\u00f3rdicos\u2014, sustentando a casi diez mil personas, a la vez que aporta 419 millones de euros al PIB vasco.<\/p>\n<p>El turismo, inicialmente vislumbrado por la conexi\u00f3n ferroviaria de 1872 con la playa de Las Arenas de Getxo, alcanz\u00f3 un verdadero impulso con la llegada del Guggenheim. Las cifras de visitantes aumentaron exponencialmente de tan solo 25.000 en 1995 a m\u00e1s de 932.000 en 2018, posicionando a Bilbao como el principal destino del Pa\u00eds Vasco, superando a San Sebasti\u00e1n, y representando el 31% del turismo regional. Predominan los viajeros nacionales, procedentes principalmente de Madrid y Catalu\u00f1a, mientras que las visitas internacionales se componen principalmente de visitantes franceses y, en menor medida, de brit\u00e1nicos, alemanes e italianos. Los ingresos anuales por turismo se aproximan a los 300 millones de euros, a los que se suma un s\u00f3lido negocio de convenciones, con el Palacio Euskalduna y el Bilbao Exhibition Centre en Barakaldo como base.<\/p>\n<p>El tejido urbano de Bilbao revela un palimpsesto de \u00e9pocas arquitect\u00f3nicas: vestigios g\u00f3ticos en la Catedral de Santiago del Casco Viejo y la Iglesia de San Ant\u00f3n; florecimientos neog\u00f3ticos y art d\u00e9co; l\u00edneas modernistas de estilo art nouveau; y las emblem\u00e1ticas intervenciones contempor\u00e1neas de Gehry, Foster, Starck, Isozaki, Pelli y Hadid. Diecisiete puentes atraviesan la r\u00eda del Nervi\u00f3n dentro de los l\u00edmites municipales, cada uno encarnando narrativas de ingenier\u00eda distintas: el Zubizuri dise\u00f1ado por Calatrava (el &#034;puente blanco&#034;, inaugurado en 1997); el Puente de los Pr\u00edncipes de Espa\u00f1a (&#034;La Salve&#034;, 1972, posteriormente reimaginado por Daniel Buren); el puente levadizo de Deusto (1936), inspirado en el puente de la Avenida Michigan de Chicago; y el puente transbordador inaugural del mundo en Portugalete (1890-1893), nacido del ingenio de Alberto Palacio.<\/p>\n<p>Los espacios verdes constituyen un contrapunto destacado a los vestigios industriales de la ciudad: dieciocho parques municipales que abarcan 200 hect\u00e1reas, complementados por un cintur\u00f3n verde de 1.025 hect\u00e1reas, de las cuales 119 est\u00e1n urbanizadas. El Parque Do\u00f1a Casilda Iturrizar \u2014un jard\u00edn de estilo ingl\u00e9s de 8,5 hect\u00e1reas dise\u00f1ado por Ricardo Bastida e inaugurado en 1907\u2014 cuenta con una fuente danzante y una avifauna acu\u00e1tica que le ha valido el sobrenombre local de &#034;Parque de los Patos&#034;, mientras que el Parque Etxeberria de Ibaiondo se extiende sobre el emplazamiento de una antigua acer\u00eda, conservando su chimenea como homenaje al pasado metal\u00fargico de Bilbao. Espacios abiertos perif\u00e9ricos como el Monte Cobetas (18,5 ha), Larreagaburu (12 ha), el Parque Europa, el Parque Miribilla y el Paseo Conmemorativo de tres kil\u00f3metros \u2014un paseo estuarino iluminado por farolas de doce metros de altura\u2014 refuerzan el compromiso de la ciudad con el ocio accesible. El funicular del Monte Artxanda transporta a los visitantes a vistas panor\u00e1micas e instalaciones de ocio; al sur, Pagasarri, protegido desde 2007, atrae a senderistas que recorren sus laderas como lo han hecho desde la d\u00e9cada de 1870.<\/p>\n<p>En el \u00e1mbito cultural, la designaci\u00f3n de Bilbao como &#034;Ciudad del Dise\u00f1o&#034; de la UNESCO en 2014 y su inclusi\u00f3n en la Red de Ciudades Creativas dan fe de su fusi\u00f3n de tradici\u00f3n e innovaci\u00f3n. La gastronom\u00eda se centra en la riqueza de la r\u00eda \u2014anguilas, bacalao, merluza, calamares y morros de ternera\u2014, que se reinterpretan en preparaciones emblem\u00e1ticas como el bacalao al pil-pil, el bacalao a la vizca\u00edna, la merluza en salsa verde y los chipirones en su tinta; entre los postres dulces se incluyen los canutillos de Bilbao, la panxineta y las tortas de arroz. El sociable ritual de los pintxos \u2014peque\u00f1os montajes pinchados con palillos sobre rebanadas de pan\u2014 es la esencia de la convivencia vasca, junto con las rabas, la tortilla espa\u00f1ola, los champi\u00f1ones rellenos (txampis), los tri\u00e1ngulos y las gildas.<\/p>\n<p>Las arterias de transporte irradian desde el n\u00facleo c\u00edvico de Bilbao, comenzando con la Gran V\u00eda de Don Diego L\u00f3pez de Haro, que divide el distrito financiero de Abando y une el Casco Viejo con San Mam\u00e9s; las avenidas Sabino Arana y Juan Antonio Zunzunegui canalizan el tr\u00e1fico hacia las autopistas perif\u00e9ricas; la calle Autonom\u00eda se extiende de este a oeste a trav\u00e9s de los distritos del sur; y catorce puentes entrelazan los cursos del estuario y del r\u00edo Kadagua. Las redes de carreteras conectan la ciudad con la Pen\u00ednsula Ib\u00e9rica y m\u00e1s all\u00e1: la autopista A-8 (E70 costera) a Santander, Gij\u00f3n y Burdeos; la autopista de peaje AP-8 hacia el este hasta San Sebasti\u00e1n y la frontera francesa; la AP-68 (E804) a Vitoria-Gasteiz, Logro\u00f1o y Zaragoza; arterias auxiliares como la N-634, BI-631, BI-626, BI-625 y N-637 completan la red terrestre.<\/p>\n<p>El Aeropuerto de Bilbao (BIO), inaugurado en 1948 y redise\u00f1ado por Calatrava en el a\u00f1o 2000, funciona como la principal puerta de entrada a\u00e9rea de la costa norte, gestionando m\u00e1s de 5,4 millones de pasajeros en 2018 a trav\u00e9s de veinte aerol\u00edneas \u2014entre ellas, Iberia, Lufthansa y TAP Portugal\u2014 y conectando con Londres, Fr\u00e1ncfort, M\u00fanich, Madrid, Barcelona, \u200b\u200bM\u00e1laga, Par\u00eds, Bruselas y \u00c1msterdam. Un prolongado plan de expansi\u00f3n, concebido en 2009 para duplicar la capacidad, esper\u00f3 la recuperaci\u00f3n econ\u00f3mica antes de iniciarse las obras, mientras que operadores de bajo coste como Ryanair dependen del Aeropuerto de Vitoria, situado a 59 kil\u00f3metros al sur.<\/p>\n<p>Las redes ferroviarias se bifurcan entre las l\u00edneas de Renfe operadas por Adif \u2014centradas en Bilbao-Abando, con servicios de larga distancia Alvia e Intercity a Madrid, Barcelona y Vigo, y cinco enlaces de v\u00eda estrecha desde Bilbao-Concordia\u2014 y las rutas de Euskotren, de propiedad vasca, desde Bilbao-Atxuri y Zazpikaleak\/Casco Viejo, que dan servicio a Durango, \u00c9ibar, San Sebasti\u00e1n y Bermeo. El futuro corredor de alta velocidad de la Y vasca, cuya finalizaci\u00f3n est\u00e1 prevista para despu\u00e9s de 2023, sustituir\u00e1 la infraestructura actual por un nexo subterr\u00e1neo. Las l\u00edneas de metro 1 y 2, inauguradas en 1995, siguen la r\u00eda y se extienden desde Etxebarri hasta Plentzia y Santurtzi; la l\u00ednea 3, dependiente de Euskotren desde abril de 2017, prev\u00e9 la ampliaci\u00f3n al aeropuerto; las l\u00edneas 4 y 5 siguen en estudio. El tranv\u00eda, reactivado en 2002 tras cuatro d\u00e9cadas, recorre la r\u00eda, mientras que cuatro l\u00edneas de Cercan\u00edas y una l\u00ednea de cercan\u00edas de Renfe integran a\u00fan m\u00e1s los municipios metropolitanos. Las flotas de Bilbobus y Bizkaibus ofrecen cobertura de autob\u00fas urbano y regional \u2014veintiocho l\u00edneas urbanas, ocho microbuses y ocho l\u00edneas nocturnas de Gautxori, complementadas con m\u00e1s de cien servicios interurbanos\u2014, garantizando que incluso los valles m\u00e1s remotos mantengan un v\u00ednculo cotidiano con el coraz\u00f3n de Bilbao.<\/p>\n<p>Un servicio de Brittany Ferries de Santurtzi a Portsmouth y la l\u00ednea Bilbao-Departures del MV Cap Finist\u00e8re dan fe de la perdurable conectividad mar\u00edtima de la ciudad, incluso despu\u00e9s de que ferries hist\u00f3ricos como el Pride of Bilbao de P&amp;O se retiraran en 2010. Dentro de esta matriz de movimiento, el viajero medio de Bilbao dedica treinta y cinco minutos diarios al transporte p\u00fablico, siete minutos de espera en las paradas y una longitud media de viaje de 6,9 \u200b\u200bkil\u00f3metros, estad\u00edsticas que subrayan tanto la eficiencia de la red como la compacidad de la ciudad.<\/p>\n<p>El Athletic Club Bilbao, con su tradici\u00f3n centenaria de alinear exclusivamente jugadores vascos, encarna la identidad regional y el sentimiento nacionalista; una de las instituciones futbol\u00edsticas m\u00e1s exitosas de Espa\u00f1a, ocupa el Estadio de San Mam\u00e9s, la \u201cCatedral\u201d del f\u00fatbol, \u200b\u200bdonde se fusionan el fervor y la herencia.<\/p>\n<p>La metamorfosis urbana de Bilbao ha cosechado elogios internacionales: el Premio Lee Kuan Yew a la Ciudad Mundial en mayo de 2010 (otorgado en junio de 2010), el Premio al Alcalde Mundial 2012 otorgado al alcalde I\u00f1aki Azkuna en enero de 2013 y la designaci\u00f3n de Mejor Ciudad Europea 2018 por la Academia de Urbanismo en noviembre de 2017. Estos honores marcan una narrativa de resiliencia y renovaci\u00f3n que sigue animando las calles de Bilbao, sus espacios culturales, sus orillas del Nervi\u00f3n y la vida cotidiana de sus ciudadanos, cada uno de ellos testimonio de una ciudad que, habiendo sido forjada durante mucho tiempo en hierro e industria, ahora se alza sobre los pilares gemelos de la creatividad y la gesti\u00f3n urbana.<\/p>","protected":false},"excerpt":{"rendered":"<p>Bilbao, la ciudad m\u00e1s grande de Vizcaya y el Pa\u00eds Vasco, es un importante centro urbano en el norte de Espa\u00f1a. Es la novena ciudad m\u00e1s grande de Espa\u00f1a y la m\u00e1s poblada de la zona norte; en 2023, su poblaci\u00f3n superaba los 347.000 habitantes. Con 1.037.847 habitantes, la regi\u00f3n metropolitana de Bilbao es la mayor concentraci\u00f3n urbana del norte de Espa\u00f1a. Con 875.552 habitantes, la comarca del Gran Bilbao ocupa el quinto lugar entre las \u00e1reas urbanas del pa\u00eds. Como principal centro metropolitano de la regi\u00f3n vasca, Bilbao tiene una gran repercusi\u00f3n m\u00e1s all\u00e1 de su entorno inmediato.<\/p>","protected":false},"author":1,"featured_media":2844,"parent":13090,"menu_order":0,"comment_status":"closed","ping_status":"closed","template":"elementor_theme","meta":{"_eb_attr":"","footnotes":""},"class_list":["post-13276","page","type-page","status-publish","has-post-thumbnail"],"_links":{"self":[{"href":"https:\/\/travelshelper.com\/es\/wp-json\/wp\/v2\/pages\/13276","targetHints":{"allow":["GET"]}}],"collection":[{"href":"https:\/\/travelshelper.com\/es\/wp-json\/wp\/v2\/pages"}],"about":[{"href":"https:\/\/travelshelper.com\/es\/wp-json\/wp\/v2\/types\/page"}],"author":[{"embeddable":true,"href":"https:\/\/travelshelper.com\/es\/wp-json\/wp\/v2\/users\/1"}],"replies":[{"embeddable":true,"href":"https:\/\/travelshelper.com\/es\/wp-json\/wp\/v2\/comments?post=13276"}],"version-history":[{"count":0,"href":"https:\/\/travelshelper.com\/es\/wp-json\/wp\/v2\/pages\/13276\/revisions"}],"up":[{"embeddable":true,"href":"https:\/\/travelshelper.com\/es\/wp-json\/wp\/v2\/pages\/13090"}],"wp:featuredmedia":[{"embeddable":true,"href":"https:\/\/travelshelper.com\/es\/wp-json\/wp\/v2\/media\/2844"}],"wp:attachment":[{"href":"https:\/\/travelshelper.com\/es\/wp-json\/wp\/v2\/media?parent=13276"}],"curies":[{"name":"wp","href":"https:\/\/api.w.org\/{rel}","templated":true}]}}