{"id":13072,"date":"2024-09-17T12:09:27","date_gmt":"2024-09-17T12:09:27","guid":{"rendered":"https:\/\/travelshelper.com\/staging\/?page_id=13072"},"modified":"2026-03-12T23:47:06","modified_gmt":"2026-03-12T23:47:06","slug":"andermatt","status":"publish","type":"page","link":"https:\/\/travelshelper.com\/es\/destinations\/europe\/switzerland\/andermatt\/","title":{"rendered":"Andermatt"},"content":{"rendered":"<p>Andermatt, un pueblo de monta\u00f1a y municipio situado a 1.437 metros sobre el nivel del mar, ocupa una posici\u00f3n central dentro del macizo de San Gotardo, sirviendo como nexo hist\u00f3rico de las traves\u00edas norte-sur y este-oeste de Suiza; con una poblaci\u00f3n de 1.527 habitantes en 2020 y una superficie de 62,2 kil\u00f3metros cuadrados, se encuentra a unos 28 kil\u00f3metros al sur de Altdorf, la capital cantonal de Uri, anclando las cabeceras del r\u00edo Reuss dentro del valle de Urseren.<\/p>\n<p>Rodeado por los picos de los Alpes Adula, Andermatt presenta un panorama de terreno alpino en el que el 40,8 por ciento de su tierra se destina a fines agr\u00edcolas y el 5,5 por ciento permanece cubierto de bosques, mientras que el 52 por ciento se mantiene improductivo, definido por r\u00edos, glaciares y laderas escarpadas; esta composici\u00f3n, medida en el estudio de 2006, refleja un valle moldeado por la actividad glaciar y siglos de uso pastoral, en el que los prados alpinos dan paso a afloramientos rocosos demasiado accidentados para la vegetaci\u00f3n y estrechos corredores canalizan el Reuss hacia el desfiladero de Sch\u00f6llenen, un pronunciado descenso que une el pueblo con G\u00f6schenen y, finalmente, con Urnersee en el lago de Lucerna.<\/p>\n<p>Desde sus inicios como corredor que conectaba cantones orientales como Graub\u00fcnden (a trav\u00e9s del Paso de Oberalp a 2.044 metros) y regiones occidentales como Valais (a trav\u00e9s del Paso de Furka a 2.436 metros) hasta su papel en la uni\u00f3n de Ticino a trav\u00e9s del Paso de San Gotardo a 2.106 metros, Andermatt ha mantenido su funci\u00f3n como cruce de caminos desde principios del siglo XIII, cuando la apertura de la ruta de Sch\u00f6llenen formaliz\u00f3 la conexi\u00f3n de San Gotardo; estos pasos de monta\u00f1a, junto con la formidable garganta de Sch\u00f6llenen, con el Puente del Diablo, han enmarcado al pueblo como punto de referencia y guardi\u00e1n del tr\u00e1nsito alpino.<\/p>\n<p>La evidencia arqueol\u00f3gica indica presencia humana en el valle de Urseren ya en el a\u00f1o 4000 a. C., con artefactos neol\u00edticos que dan fe del asentamiento de pueblos cazadores-recolectores; durante el dominio romano, el alto valle probablemente alberg\u00f3 tribus celtas helv\u00e9ticas, aunque los cimientos de la actual Andermatt se remontan a los migrantes walser alem\u00e1nicos que, en busca de tierras de pastoreo y refugio a gran altitud, establecieron aldeas que se unir\u00edan en torno a una modesta parroquia mencionada en 1203 como &#034;de Prato&#034; y m\u00e1s tarde, en 1290, como &#034;A der Matte&#034;.<\/p>\n<p>La afiliaci\u00f3n a la abad\u00eda benedictina de Disentis rigi\u00f3 la vida local durante siglos; la supervisi\u00f3n eclesi\u00e1stica persisti\u00f3 hasta 1649, cuando la naciente Confederaci\u00f3n Suiza transfiri\u00f3 la jurisdicci\u00f3n espiritual a manos civiles, reflejando cambios m\u00e1s amplios en el gobierno suizo. Sin embargo, la relevancia estrat\u00e9gica del valle trascendi\u00f3 los asuntos clericales: el d\u00eda de San Patricio de 1608, se dice que condes irlandeses que cruzaban el Paso de San Gotardo perdieron un tesoro de oro en el Puente del Diablo, un incidente inmortalizado en la tradici\u00f3n local como el Tesoro Perdido del Paso de San Gotardo, aunque no se ha registrado su recuperaci\u00f3n.<\/p>\n<p>La topograf\u00eda de Sch\u00f6llenen transmite m\u00e1s que un mito, pues en 1799 el general ruso Alexander Suvorov condujo tropas a trav\u00e9s del desfiladero durante su campa\u00f1a alpina; un monumento conmemorativo cerca de Andermatt honra la ardua traves\u00eda, con una piedra pulida inscrita en memoria de los soldados que soportaron las exigencias de la monta\u00f1a. Dos d\u00e9cadas m\u00e1s tarde, de 1818 a 1831, la ruta de San Gotardo se volvi\u00f3 viable para el transporte en diligencia; como \u00faltimo refugio antes de la cumbre, Andermatt se benefici\u00f3 de una floreciente econom\u00eda balnearia, con visitantes atra\u00eddos por los tratamientos termales y la promesa de un aire salubre.<\/p>\n<p>La inauguraci\u00f3n del t\u00fanel ferroviario de San Gotardo en 1881 reorganiz\u00f3 el transporte subterr\u00e1neo, dejando atr\u00e1s el papel de Andermatt como principal v\u00eda alpina. La construcci\u00f3n, que cobr\u00f3 vidas entre los trabajadores locales y provoc\u00f3 disturbios, sofocados por la intervenci\u00f3n militar, marc\u00f3 el comienzo de una era en la que los trenes pasaban por alto el pueblo. Sin embargo, Andermatt se adapt\u00f3: para 1885, el Ej\u00e9rcito Federal Suizo la design\u00f3 ciudad guarnici\u00f3n, erigiendo instalaciones de mando subterr\u00e1neas dise\u00f1adas para resistir la guerra y, posteriormente, estableciendo un centro de entrenamiento que persiste como centro de instrucci\u00f3n militar.<\/p>\n<p>En 1946, los planes para represar el valle de Urseren para construir embalses hidroel\u00e9ctricos avanzaron, provocando una oposici\u00f3n decidida que, en 1950, detuvo el desarrollo en Andermatt y redirigi\u00f3 el proyecto al vecino G\u00f6schenertal; este episodio subraya el compromiso local con la preservaci\u00f3n del paisaje, incluso cuando el valle sufri\u00f3 los desaf\u00edos de la volatilidad de la naturaleza, especialmente en los inviernos de 1951 y 1975, cuando las avalanchas cayeron sobre sectores residenciales, causando da\u00f1os y cobr\u00e1ndose vidas.<\/p>\n<p>La fortuna econ\u00f3mica decay\u00f3 en la d\u00e9cada de 1930, cuando el turismo alpino gravit\u00f3 hacia centros tur\u00edsticos establecidos y muchos hoteles de Ursental (entre ellos los construidos por la familia M\u00fcller, propietarios del Grand Hotel Bellevue y otros establecimientos que una vez salpicaron el valle) cerraron sus puertas o cambiaron de prop\u00f3sito; el propio Bellevue, transformado en apartamentos en la d\u00e9cada de 1970, qued\u00f3 abandonado en 1990 antes de su demolici\u00f3n controlada.<\/p>\n<p>A finales del siglo XX, Andermatt resurgi\u00f3 como alternativa a los destinos de esqu\u00ed de alta gama, adoptando una estrategia de desarrollo que conectaba las pistas de N\u00e4tschen con Gemsstock, en su flanco sur, y, mediante el Glaciar Express, con Sedrun y Disentis para formar una red de estaciones interconectadas durante todo el a\u00f1o. La alianza Andermatt-Sedrun-Disentis, unificada bajo el auspicio del Matterhorn Gotthard Bahn, refleja las aspiraciones del siglo XXI, impulsadas por la accesibilidad ferroviaria que integra a\u00fan m\u00e1s N\u00e4tschen con las pistas de Oberalp (actualmente accesibles solo en tren) y promete itinerarios de esqu\u00ed m\u00e1s amplios.<\/p>\n<p>Los incentivos inmobiliarios acompa\u00f1aron esta transformaci\u00f3n; exento de las restricciones de la Lex Koller por decreto federal en 2006, Andermatt Swiss Alps permiti\u00f3 a los extranjeros adquirir propiedades sin autorizaci\u00f3n especial hasta 2040, lo que posibilit\u00f3 una inversi\u00f3n de 1.800 millones de francos suizos liderada por el empresario Samih Sawiris y atrajo a compradores internacionales, especialmente inversores estadounidenses cuyas compras de apartamentos a principios de 2025, valoradas en 14,2 millones de francos suizos, respondieron a las incertidumbres geopol\u00edticas en el extranjero.<\/p>\n<p>Demogr\u00e1ficamente, la poblaci\u00f3n del pueblo ha experimentado fluctuaciones: de 605 residentes en 1799 a 1589 en 1970, contray\u00e9ndose a 1282 en 2000 y ajust\u00e1ndose a 1527 a finales de 2020. El alem\u00e1n predomina como lengua local (95,2 % en 2000), acompa\u00f1ado de modestas comunidades portuguesa e italiana, y una d\u00e9cima parte de los habitantes no tiene nacionalidad suiza. El nivel educativo es considerable: tres cuartas partes de las personas de entre 25 y 64 a\u00f1os han completado estudios secundarios superiores o terciarios, y la tasa de desempleo es inferior al uno por ciento. En t\u00e9rminos econ\u00f3micos, el sector primario emplea a cincuenta y un trabajadores en veintid\u00f3s empresas, el sector secundario a noventa personas en trece establecimientos y el sector terciario a 599 empleados en setenta y ocho empresas.<\/p>\n<p>Clim\u00e1ticamente, Andermatt experimenta un r\u00e9gimen sub\u00e1rtico (\u201cdfc\u201d seg\u00fan K\u00f6ppen), con un promedio anual de 139,4 d\u00edas h\u00famedos que arrojaron 1.423 mil\u00edmetros de precipitaci\u00f3n entre 1991 y 2020; noviembre registra la precipitaci\u00f3n m\u00e1s alta con 142 mil\u00edmetros en 11,8 d\u00edas, junio registra los eventos de precipitaci\u00f3n m\u00e1s frecuentes con 13,2 d\u00edas y 131 mil\u00edmetros, y febrero sigue siendo el m\u00e1s seco, con 91 mil\u00edmetros en 11,4 d\u00edas.<\/p>\n<p>Las actividades de recreaci\u00f3n invernal giran en torno a dos dominios de esqu\u00ed principales: N\u00e4tschen, que se eleva al noreste y es accesible por ferrocarril, y Gemsstock al sur; ambos ofrecen pistas con remontes y pistas en el valle que funcionan hasta mediados de marzo; los aficionados valoran los descensos fuera de pista y las condiciones de nieve profunda que caracterizan a estas monta\u00f1as, y los planes estrat\u00e9gicos prev\u00e9n circuitos de esqu\u00ed unificados que incorporen las pistas de Oberalp.<\/p>\n<p>En el plano cultural, Andermatt inaugur\u00f3 una sala de conciertos construida especialmente para este fin, el primer espacio art\u00edstico concebido expresamente para un pueblo alpino, inaugurada bajo la direcci\u00f3n de Constantinos Carydis al frente de la Filarm\u00f3nica de Berl\u00edn; dise\u00f1ada por Christina Seilern y financiada por Sawiris, la sala significa la evoluci\u00f3n de Andermatt de centro de tr\u00e1nsito a sede de artes alpinas, afirmando su capacidad para albergar espect\u00e1culos de calibre internacional en su entorno monta\u00f1oso.<\/p>\n<p>A lo largo de su historia, Andermatt ha sorteado las cambiantes corrientes del transporte, los conflictos y el comercio, conservando un car\u00e1cter alpino distintivo, incluso mientras su econom\u00eda y sociedad se adaptan a las exigencias modernas. Su valle, surcado por antiguas rutas y un ferrocarril moderno, en equilibrio entre el cultivo y el terreno accidentado, sigue siendo un s\u00edmbolo de la compleja interacci\u00f3n suiza entre la topograf\u00eda y la actividad humana, invitando a una observaci\u00f3n que trasciende el mero turismo para considerar la resistencia de las comunidades de gran altitud.<\/p>\n<table>\n<thead>\n<tr>\n<th>Categor\u00eda<\/th>\n<th>Informaci\u00f3n<\/th>\n<\/tr>\n<\/thead>\n<tbody>\n<tr>\n<td>Ubicaci\u00f3n<\/td>\n<td>Andermatt, Suiza (Suiza Central, Uri)<\/td>\n<\/tr>\n<tr>\n<td>Altitud del complejo tur\u00edstico<\/td>\n<td>1.444 m \u2013 2.600 m (4.738 pies \u2013 8.530 pies)<\/td>\n<\/tr>\n<tr>\n<td>Temporada de esqu\u00ed<\/td>\n<td>Mediados de diciembre a principios de abril<\/td>\n<\/tr>\n<tr>\n<td>Precios del forfait<\/td>\n<td>Adulto: 89 CHF (95 \u20ac), Joven: 63 CHF (67 \u20ac), Ni\u00f1o: 45 CHF (48 \u20ac)<\/td>\n<\/tr>\n<tr>\n<td>Horarios de apertura<\/td>\n<td>08:45 &#8211; 16:45<\/td>\n<\/tr>\n<tr>\n<td>N\u00famero de pistas<\/td>\n<td>70 km (43,5 millas) en total<\/td>\n<\/tr>\n<tr>\n<td>Longitud total de la pista<\/td>\n<td>70 kil\u00f3metros (43,5 millas)<\/td>\n<\/tr>\n<tr>\n<td>La carrera m\u00e1s larga<\/td>\n<td>No especificado en los datos<\/td>\n<\/tr>\n<tr>\n<td>Pendientes f\u00e1ciles<\/td>\n<td>18 kil\u00f3metros (26%)<\/td>\n<\/tr>\n<tr>\n<td>Pendientes moderadas<\/td>\n<td>40 kil\u00f3metros (57%)<\/td>\n<\/tr>\n<tr>\n<td>Pendientes avanzadas<\/td>\n<td>12 kil\u00f3metros (17%)<\/td>\n<\/tr>\n<tr>\n<td>Direcciones de pendientes<\/td>\n<td>\/<\/td>\n<\/tr>\n<tr>\n<td>Esqu\u00ed nocturno<\/td>\n<td>Disponible (SnowNight Sedrun)<\/td>\n<\/tr>\n<tr>\n<td>Fabricaci\u00f3n de nieve<\/td>\n<td>Disponible<\/td>\n<\/tr>\n<tr>\n<td>Ascensores totales<\/td>\n<td>13<\/td>\n<\/tr>\n<tr>\n<td>Capacidad de subida<\/td>\n<td>\/<\/td>\n<\/tr>\n<tr>\n<td>Elevaci\u00f3n m\u00e1s alta<\/td>\n<td>2.600 m (8.530 pies)<\/td>\n<\/tr>\n<tr>\n<td>G\u00f3ndolas\/Telef\u00e9ricos<\/td>\n<td>1<\/td>\n<\/tr>\n<tr>\n<td>Telesillas<\/td>\n<td>3<\/td>\n<\/tr>\n<tr>\n<td>Elevadores de arrastre<\/td>\n<td>8<\/td>\n<\/tr>\n<tr>\n<td>Parques de nieve<\/td>\n<td>Disponible<\/td>\n<\/tr>\n<tr>\n<td>Alquiler de esqu\u00eds<\/td>\n<td>Disponible<\/td>\n<\/tr>\n<tr>\n<td>Despu\u00e9s de esquiar<\/td>\n<td>Disponible (calificada como una caracter\u00edstica destacada)<\/td>\n<\/tr>\n<\/tbody>\n<\/table>\n<article>\n<\/article>","protected":false},"excerpt":{"rendered":"<p>Andermatt, situada en los Alpes suizos, es un testimonio del perdurable encanto de los pueblos de monta\u00f1a suizos. Situada en el cant\u00f3n de Uri, esta encantadora ciudad tiene una poblaci\u00f3n de casi 1500 habitantes y constituye un punto de encuentro crucial en la compleja geograf\u00eda suiza. Con una altitud de 1437 metros (4715 pies) sobre el nivel del mar, Andermatt es el epicentro del macizo de San Gotardo, una formaci\u00f3n geol\u00f3gica que ha moldeado no solo el terreno, sino tambi\u00e9n el valor hist\u00f3rico y cultural de la zona.<\/p>","protected":false},"author":1,"featured_media":2748,"parent":12907,"menu_order":0,"comment_status":"closed","ping_status":"closed","template":"elementor_theme","meta":{"_eb_attr":"","footnotes":""},"class_list":["post-13072","page","type-page","status-publish","has-post-thumbnail"],"_links":{"self":[{"href":"https:\/\/travelshelper.com\/es\/wp-json\/wp\/v2\/pages\/13072","targetHints":{"allow":["GET"]}}],"collection":[{"href":"https:\/\/travelshelper.com\/es\/wp-json\/wp\/v2\/pages"}],"about":[{"href":"https:\/\/travelshelper.com\/es\/wp-json\/wp\/v2\/types\/page"}],"author":[{"embeddable":true,"href":"https:\/\/travelshelper.com\/es\/wp-json\/wp\/v2\/users\/1"}],"replies":[{"embeddable":true,"href":"https:\/\/travelshelper.com\/es\/wp-json\/wp\/v2\/comments?post=13072"}],"version-history":[{"count":0,"href":"https:\/\/travelshelper.com\/es\/wp-json\/wp\/v2\/pages\/13072\/revisions"}],"up":[{"embeddable":true,"href":"https:\/\/travelshelper.com\/es\/wp-json\/wp\/v2\/pages\/12907"}],"wp:featuredmedia":[{"embeddable":true,"href":"https:\/\/travelshelper.com\/es\/wp-json\/wp\/v2\/media\/2748"}],"wp:attachment":[{"href":"https:\/\/travelshelper.com\/es\/wp-json\/wp\/v2\/media?parent=13072"}],"curies":[{"name":"wp","href":"https:\/\/api.w.org\/{rel}","templated":true}]}}