{"id":12907,"date":"2024-09-17T00:26:15","date_gmt":"2024-09-17T00:26:15","guid":{"rendered":"https:\/\/travelshelper.com\/staging\/?page_id=12907"},"modified":"2026-03-12T23:47:53","modified_gmt":"2026-03-12T23:47:53","slug":"suiza","status":"publish","type":"page","link":"https:\/\/travelshelper.com\/es\/destinations\/europe\/switzerland\/","title":{"rendered":"Suiza"},"content":{"rendered":"<p>Suiza se presenta como un estado compacto de 41.285 kil\u00f3metros cuadrados situado en el centro-oeste de Europa. Sus fronteras colindan con Italia al sur, Francia al oeste, Alemania al norte y Austria y Liechtenstein al este. Con aproximadamente nueve millones de habitantes, la Confederaci\u00f3n Suiza une diversas regiones ling\u00fc\u00edsticas y culturales (alemana, francesa, italiana y romanche) bajo una estructura federal compuesta por 26 cantones, con Berna como sede de la autoridad federal. Dividida geogr\u00e1ficamente entre la meseta suiza, los Alpes y el Jura, la naci\u00f3n concentra su poblaci\u00f3n y sus principales centros urbanos (Z\u00farich, Ginebra y Lausana) en la meseta, mientras que los Altos Alpes ocupan la mayor parte del territorio.<\/p>\n<p>Desde sus or\u00edgenes a finales del siglo XIII como una alianza defensiva y comercial forjada por la Carta Federal de 1291, Suiza ha evolucionado a trav\u00e9s de ciclos de desaf\u00edos externos y transformaci\u00f3n interna hasta emerger como una rep\u00fablica distinguida por los principios del federalismo y la democracia directa. La Paz de Westfalia de 1648 reconoci\u00f3 la independencia de la confederaci\u00f3n del Sacro Imperio Romano Germ\u00e1nico, estableci\u00e9ndola entre las pocas rep\u00fablicas perdurables de la Europa moderna temprana. Las convulsiones de finales del siglo XVIII y principios del XIX, marcadas por la imposici\u00f3n y posterior disoluci\u00f3n de la Rep\u00fablica Helv\u00e9tica bajo los auspicios napole\u00f3nicos, culminaron en la Constituci\u00f3n de 1848, que consagr\u00f3 los derechos individuales, la separaci\u00f3n de poderes y el gobierno parlamentario bicameral, sentando as\u00ed las bases del Estado federal moderno.<\/p>\n<p>La perdurable pol\u00edtica de neutralidad armada de Suiza, mantenida desde el siglo XVI e inalterada por conflictos internacionales desde 1815, ha cimentado su papel en la diplomacia global. Si bien la Confederaci\u00f3n se adhiri\u00f3 a las Naciones Unidas reci\u00e9n en 2002, mantiene una activa pol\u00edtica exterior mediante su participaci\u00f3n en iniciativas de consolidaci\u00f3n de la paz y la gobernanza global. La Cruz Roja, fundada en Ginebra en 1863, y la presencia de importantes instituciones internacionales \u2014entre ellas la Organizaci\u00f3n Mundial del Comercio, la Organizaci\u00f3n Mundial de la Salud, la Organizaci\u00f3n Internacional del Trabajo, la FIFA, el Foro Econ\u00f3mico Mundial y las oficinas de las Naciones Unidas\u2014 avalan la posici\u00f3n de Suiza como centro de cooperaci\u00f3n multilateral. Miembro fundador de la Asociaci\u00f3n Europea de Libre Comercio, Suiza permanece fuera de la Uni\u00f3n Europea, el Espacio Econ\u00f3mico Europeo y la eurozona, pero participa en el mercado \u00fanico europeo y el espacio Schengen mediante acuerdos bilaterales.<\/p>\n<p>En t\u00e9rminos econ\u00f3micos, la Confederaci\u00f3n se encuentra entre las naciones m\u00e1s desarrolladas del mundo. Registra la mayor riqueza nominal per c\u00e1pita y se sit\u00faa entre las principales econom\u00edas per c\u00e1pita en t\u00e9rminos de producto interior bruto. Los \u00edndices de competitividad, las m\u00e9tricas de gobernanza democr\u00e1tica y las evaluaciones de la libertad de prensa sit\u00faan a Suiza en un puesto destacado entre las naciones. Z\u00farich, Ginebra y Basilea figuran constantemente en los rankings de calidad de vida, a pesar de su posici\u00f3n concomitante entre las ciudades con un elevado coste de la vida. El sector bancario y las industrias especializadas del pa\u00eds \u2014en particular, la relojer\u00eda de precisi\u00f3n y la fabricaci\u00f3n de chocolate\u2014 han forjado su reputaci\u00f3n internacional y han contribuido a posicionarla como el decimotercer mayor exportador mundial y el quinto mayor exportador per c\u00e1pita.<\/p>\n<p>Topogr\u00e1ficamente, Suiza se extiende entre las latitudes 45\u00b0 y 48\u00b0 N y las longitudes 5\u00b0 y 11\u00b0 E, abarcando tres regiones principales. En el sur, los Alpes suizos representan casi el sesenta por ciento del territorio nacional, elev\u00e1ndose a altitudes superiores a los cuatro mil metros en cuarenta y ocho cumbres. El Monte Rosa alcanza los 4634 metros, mientras que el Cervino, con sus 4478 metros, es un icono reconocido. Los Alpes Peninos tambi\u00e9n albergan las cabeceras de importantes r\u00edos (Rin, Inns, Tesino y R\u00f3dano), que divergen hacia todos los puntos cardinales, sustentando la red hidrogr\u00e1fica europea y alimentando el lago Lem\u00e1n (Lago Lem\u00e1n), el lago de Constanza (Bodensee) y el lago Mayor. Los glaciares cubren unos 1063 kil\u00f3metros cuadrados, y los mil quinientos lagos del pa\u00eds comprenden el seis por ciento de las reservas de agua dulce de Europa. Una amplia regulaci\u00f3n de los r\u00edos (canalizaci\u00f3n, construcci\u00f3n de represas y conducci\u00f3n subterr\u00e1nea) mitiga los riesgos de inundaciones, deslizamientos de tierra y avalanchas, mientras que las aguas subterr\u00e1neas suministran el ochenta por ciento del agua potable.<\/p>\n<p>Al norte de los Altos Alpes, la meseta suiza se extiende entre ondulantes pastos, huertos y bosques, cuyos suelos producen cultivos y sustentan el pastoreo de ganado. La meseta alberga las principales aglomeraciones urbanas y la mayor parte de los nueve millones de habitantes. Al noroeste, las monta\u00f1as del Jura presentan una cordillera m\u00e1s baja, parcialmente boscosa. Enclavadas en estas regiones se encuentran dos enclaves: B\u00fcsingen, administrado por Alemania, y Campione d&#039;Italia, administrado por Italia, ambos completamente rodeados por territorio suizo.<\/p>\n<p>Clim\u00e1ticamente, el r\u00e9gimen templado de la Confederaci\u00f3n var\u00eda considerablemente con la altitud. Las alturas alpinas soportan condiciones glaciales durante todo el a\u00f1o, mientras que los valles m\u00e1s bajos del sur experimentan una calidez cercana al Mediterr\u00e1neo, lo que permite el crecimiento de palmeras resistentes al fr\u00edo en hondonadas aisladas. Los meses de verano traen calor y precipitaciones ocasionales beneficiosas para las tierras de pastoreo, mientras que las condiciones anticicl\u00f3nicas invernales estables en las monta\u00f1as pueden atrapar aire m\u00e1s fr\u00edo en las capas inferiores, creando capas de inversi\u00f3n que oscurecen la luz solar en los valles. El fen\u00f3meno del f\u00f6hn \u2014un viento inusualmente c\u00e1lido y seco que desciende por las laderas septentrionales durante las lluvias orientadas al sur\u2014 puede ocurrir durante todo el a\u00f1o, siendo sus efectos m\u00e1s pronunciados en los valles alineados con los corredores sur-norte. Las cuencas interalpinas, como las de los Grisones y el Valais, soportan menores precipitaciones, condiciones que han apoyado la viticultura desde la \u00e9poca romana y que contin\u00faan produciendo vinos, principalmente Chasselas en los vi\u00f1edos de nombre Fendant y Pinot Noir, con el Merlot dominando en el cant\u00f3n italoparlante del Tesino. Las zonas m\u00e1s lluviosas se encuentran en los Altos Alpes y en el Tesino, donde tormentas intensas y espor\u00e1dicas interrumpen largos intervalos de sol.<\/p>\n<p>La estructura pol\u00edtica se basa en la federaci\u00f3n de 26 cantones, cada uno con su propia constituci\u00f3n, parlamento, gobierno, poder judicial y polic\u00eda. La poblaci\u00f3n cantonal var\u00eda desde poco m\u00e1s de diecis\u00e9is mil habitantes en Appenzell Rodas Interiores hasta casi un mill\u00f3n y medio en Z\u00farich, mientras que su extensi\u00f3n territorial var\u00eda desde catorce millas cuadradas en Basilea-Ciudad hasta 7105 kil\u00f3metros cuadrados en los Grisones. Seg\u00fan la Constituci\u00f3n Federal, todos los cantones tienen paridad de estatus, salvo seis &#034;medios cantones&#034;, cuya representaci\u00f3n en el Consejo de Estados se reduce a la mitad.<\/p>\n<p>La infraestructura de transporte refleja el compromiso de la Confederaci\u00f3n con la conectividad y la sostenibilidad. Su red ferroviaria, de cinco mil doscientos cincuenta kil\u00f3metros de longitud y pr\u00e1cticamente electrificada en su totalidad, transporta a m\u00e1s de seiscientos millones de pasajeros al a\u00f1o. En 2015, los residentes suizos viajaron un promedio de 2550 kil\u00f3metros por a\u00f1o en tren, un r\u00e9cord europeo. Los Ferrocarriles Federales Suizos, propiedad del estado, operan el sesenta por ciento de la red de ancho est\u00e1ndar, mientras que compa\u00f1\u00edas como BLS AG, el Ferrocarril R\u00e9tico y el Matterhorn Gotthard Bahn prestan servicios en rutas adicionales, incluyendo l\u00edneas reconocidas por la UNESCO y el Glaciar Express. Central para el tr\u00e1nsito alpino, el T\u00fanel de Base del San Gotardo se extiende 57,1 kil\u00f3metros bajo los Alpes, emergiendo como el t\u00fanel ferroviario m\u00e1s largo y profundo del mundo y formando el n\u00facleo del Nuevo Enlace Ferroviario a trav\u00e9s de los Alpes. Las autopistas, gratuitas pero sujetas al requisito de una vi\u00f1eta anual, se extienden por 1638 kil\u00f3metros, clasific\u00e1ndose entre los sistemas de autopistas m\u00e1s densos del mundo.<\/p>\n<p>El principal aeropuerto de Z\u00farich es el aeropuerto de Z\u00farich, que gestion\u00f3 veintid\u00f3s millones y medio de pasajeros en 2012, seguido de los aeropuertos de Ginebra, EuroAirport Basel-Mulhouse-Friburgo, Berna, Lugano, St. Gallen-Altenrhein y Sion. Swiss International Air Lines, con sede en Basilea y hub en Z\u00farich, es la aerol\u00ednea nacional.<\/p>\n<p>Demogr\u00e1ficamente, la poblaci\u00f3n de Suiza se cuadriplic\u00f3 entre 1800 y 1990, impulsada por la industrializaci\u00f3n y la inmigraci\u00f3n. Las proyecciones actuales anticipan un crecimiento continuo hasta 2035, impulsado principalmente por la llegada de residentes. La tasa de fertilidad se acerca al nivel de reemplazo, y la edad media de cuarenta y cuatro a\u00f1os y medio marca una de las poblaciones nacionales m\u00e1s envejecidas del mundo. \u00c9tnicamente, los suizos constituyen aproximadamente el sesenta y nueve por ciento de los habitantes, mientras que las comunidades alemana, italiana, portuguesa, francesa, kosovara, turca y otras comprenden el resto, junto con una minor\u00eda roman\u00ed estimada en treinta mil personas. Los extranjeros representan una cuarta parte de la poblaci\u00f3n de casi nueve millones de personas, lo que representa una inusual diversidad de or\u00edgenes globales.<\/p>\n<p>La vida cultural surge del entrelazamiento de regiones ling\u00fc\u00edsticas y un patrimonio alpino compartido. Cuatro lenguas nacionales conforman las costumbres locales y la expresi\u00f3n art\u00edstica, mientras que los enclaves de habla romanche de los Grisones conservan tradiciones ling\u00fc\u00edsticas \u00fanicas en los valles del Alto Rin y del Inn. Figuras creativas, desde escritores hasta compositores, han surgido en Suiza y se han sentido atra\u00eddas por ella, especialmente durante per\u00edodos de conflicto continental. Unos mil museos reflejan la dedicaci\u00f3n al arte, la historia y la ciencia, mientras que los eventos anuales \u2014Festival de Pal\u00e9o, Festival de Lucerna, Festival de Jazz de Montreux, Festival Internacional de Cine de Locarno y Art Basel\u2014 atraen al p\u00fablico internacional. La Confederaci\u00f3n ha acogido el Festival de la Canci\u00f3n de Eurovisi\u00f3n en tres ocasiones: su edici\u00f3n inaugural en 1956 en Lugano, la de 1989 en Lausana y la de 2025 en Basilea; entre los ganadores suizos se encuentran Lys Assia en 1956, C\u00e9line Dion en 1988 y Nemo en 2024.<\/p>\n<p>El simbolismo alpino sustenta la identidad suiza, evocado en la m\u00fasica, la danza, la talla en madera, la poes\u00eda y el bordado. Las instituciones de arte popular nutren tradiciones que abarcan desde la interpretaci\u00f3n de la trompa alpina \u2014sus resonantes tubos de madera evocan valles monta\u00f1osos\u2014 hasta el canto tirol\u00e9s y la m\u00fasica de acorde\u00f3n. La vida pastoral sigue siendo omnipresente en las comunidades de las tierras altas, donde las modestas granjas y el pastoreo de ganado representan la continuidad de pr\u00e1cticas centenarias.<\/p>\n<p>La gastronom\u00eda refleja los climas regionales y las afinidades culturales. Platos universales como la fondue, la raclette y el r\u00f6sti se combinan con especialidades locales como las Z\u00fcrcher Geschnetzeltes, cada una elaborada con productos l\u00e1cteos de origen regional y quesos de renombre como el Gruy\u00e8re y el Emmental. La Suiza Occidental alberga una gran cantidad de establecimientos de alta cocina, mientras que la fabricaci\u00f3n de chocolate, que data del siglo XVIII, alcanz\u00f3 un refinamiento t\u00e9cnico a finales del siglo XIX gracias a inventores como Daniel Peter, cuya f\u00f3rmula de chocolate con leche s\u00f3lido en 1875 impuls\u00f3 a Suiza a liderar el consumo mundial de chocolate per c\u00e1pita.<\/p>\n<p>Las tradiciones vitivin\u00edcolas se remontan a la antigua Roma, pero prosperan en los vi\u00f1edos contempor\u00e1neos del Valais, Vaud, Ginebra y el Tesino. La Chasselas y la Pinot Noir predominan entre las variedades blancas y tintas, respectivamente, y su cultivo se ve influenciado por la diversidad de suelos y microclimas.<\/p>\n<p>La recreaci\u00f3n al aire libre se fusiona con las v\u00edas de transporte para convertir el propio viaje en un componente integral de la experiencia. El esqu\u00ed alpino goza de renombre mundial, mientras que el senderismo y el ciclismo de monta\u00f1a recorren senderos alpinos que abarcan desde valles accesibles hasta la formidable cara norte del Eiger, cuyas ascensiones, cargadas de sacrificios hist\u00f3ricos, han alcanzado un estatus casi m\u00edtico. Las v\u00edas f\u00e9rreas y las carreteras que atraviesan los puertos de monta\u00f1a revelan panoramas de picos, glaciares y lagos, garantizando que la riqueza topogr\u00e1fica de Suiza se experimente no solo como objeto de contemplaci\u00f3n, sino tambi\u00e9n como vector de movimiento.<\/p>\n<p>Gracias a la convergencia de su gobierno federal, diversidad geogr\u00e1fica, vitalidad econ\u00f3mica y pluralismo cultural, Suiza conserva una identidad nacional cohesionada, arraigada en los valores compartidos de la democracia directa y el simbolismo alpino. Su evoluci\u00f3n, de una confederaci\u00f3n de cantones medievales a un estado moderno, ejemplifica una s\u00edntesis de autonom\u00eda local y voluntad colectiva, un modelo que contin\u00faa configurando la vida suiza ante los desaf\u00edos de un mundo en constante cambio.<\/p>\n<p>Al ser testigo de siglos de innovaci\u00f3n pol\u00edtica, haza\u00f1as de ingenier\u00eda y esfuerzo art\u00edstico, Suiza se afirma no s\u00f3lo como un destino, sino como un ejemplo de c\u00f3mo la gobernanza mesurada, el respeto por la heterogeneidad regional y una decidida aceptaci\u00f3n de la neutralidad pueden unirse para formar una sociedad pr\u00f3spera y estable cuya grandeza natural y logros sociales siguen estando inextricablemente entrelazados.<\/p>","protected":false},"excerpt":{"rendered":"<p>Suiza, un pa\u00eds sin litoral ubicado en el centro de Europa Occidental, con una poblaci\u00f3n de aproximadamente 8,7 millones de personas en 2023. Estrat\u00e9gicamente situada en la confluencia de varias naciones europeas importantes, esta peque\u00f1a pero poderosa naci\u00f3n limita al norte con Alemania, al oeste con Francia, al sur con Italia y al este con Austria y Liechtenstein. Aunque la mayor\u00eda de la poblaci\u00f3n vive en la meseta suiza, donde se encuentran las ciudades m\u00e1s grandes y centros econ\u00f3micos como Z\u00farich, Ginebra y Basilea, los magn\u00edficos Alpes dominan el paisaje suizo y abarcan una parte considerable de la superficie del pa\u00eds.<\/p>","protected":false},"author":1,"featured_media":3506,"parent":24078,"menu_order":0,"comment_status":"closed","ping_status":"closed","template":"elementor_theme","meta":{"_eb_attr":"","footnotes":""},"class_list":["post-12907","page","type-page","status-publish","has-post-thumbnail"],"_links":{"self":[{"href":"https:\/\/travelshelper.com\/es\/wp-json\/wp\/v2\/pages\/12907","targetHints":{"allow":["GET"]}}],"collection":[{"href":"https:\/\/travelshelper.com\/es\/wp-json\/wp\/v2\/pages"}],"about":[{"href":"https:\/\/travelshelper.com\/es\/wp-json\/wp\/v2\/types\/page"}],"author":[{"embeddable":true,"href":"https:\/\/travelshelper.com\/es\/wp-json\/wp\/v2\/users\/1"}],"replies":[{"embeddable":true,"href":"https:\/\/travelshelper.com\/es\/wp-json\/wp\/v2\/comments?post=12907"}],"version-history":[{"count":0,"href":"https:\/\/travelshelper.com\/es\/wp-json\/wp\/v2\/pages\/12907\/revisions"}],"up":[{"embeddable":true,"href":"https:\/\/travelshelper.com\/es\/wp-json\/wp\/v2\/pages\/24078"}],"wp:featuredmedia":[{"embeddable":true,"href":"https:\/\/travelshelper.com\/es\/wp-json\/wp\/v2\/media\/3506"}],"wp:attachment":[{"href":"https:\/\/travelshelper.com\/es\/wp-json\/wp\/v2\/media?parent=12907"}],"curies":[{"name":"wp","href":"https:\/\/api.w.org\/{rel}","templated":true}]}}