{"id":12648,"date":"2024-09-16T18:01:50","date_gmt":"2024-09-16T18:01:50","guid":{"rendered":"https:\/\/travelshelper.com\/staging\/?page_id=12648"},"modified":"2026-03-13T00:14:59","modified_gmt":"2026-03-13T00:14:59","slug":"reino-unido","status":"publish","type":"page","link":"https:\/\/travelshelper.com\/es\/destinations\/europe\/united-kingdom\/","title":{"rendered":"Reino Unido"},"content":{"rendered":"<p>El Reino Unido de Gran Breta\u00f1a e Irlanda del Norte, un reino archipel\u00e1gico de 94.354 millas cuadradas (244.376 km\u00b2) ubicado en el extremo noroeste de la Europa continental, sostiene m\u00e1s de 68,2 millones de habitantes a partir de 2023. Abarcando la isla principal de Gran Breta\u00f1a, la sexta isla nororiental de Irlanda y una constelaci\u00f3n de islas m\u00e1s peque\u00f1as dispersas entre el Atl\u00e1ntico, el mar del Norte, el Canal de la Mancha, el mar C\u00e9ltico y el mar de Irlanda, esta uni\u00f3n de cuatro naciones (Inglaterra, Escocia, Gales e Irlanda del Norte) se erige como un tapiz geogr\u00e1fico y pol\u00edtico, sus extremidades separadas del norte de Francia por solo 22 millas bajo el Canal de la Mancha, pero unidas a Europa por el Eurot\u00fanel de 31 millas.<\/p>\n<p>Desde las primeras huellas en el suelo neol\u00edtico hasta la llegada de las legiones romanas en el a\u00f1o 43 d. C., las Islas Brit\u00e1nicas han sido testigos del incesante esfuerzo humano. Tras dos siglos de dominio romano, las legiones que se marchaban dieron paso a asentamientos anglosajones que, a lo largo de los siglos, unieron reinos dispares. La conquista normanda de 1066 reestructur\u00f3 la trayectoria de Inglaterra, forjando un orden feudal que, al t\u00e9rmino de la Guerra de las Rosas a finales del siglo XV, dar\u00eda lugar a una monarqu\u00eda inglesa centralizada, lista para la expansi\u00f3n. Para el siglo XVI, Gales ya estaba anexionado; a lo largo de los siglos siguientes, la ambici\u00f3n imperial se consolid\u00f3 en el Imperio Brit\u00e1nico, cuyo dominio, en su apogeo en la d\u00e9cada de 1920, se extender\u00eda sobre una cuarta parte de la superficie y la poblaci\u00f3n del planeta. Sin embargo, la gravedad de dos guerras mundiales y la inexorable marea de la descolonizaci\u00f3n erosionar\u00edan ese alcance global, dejando atr\u00e1s una Commonwealth moderna de estados independientes y el actual Reino Unido, establecido por la Ley de T\u00edtulos Reales y Parlamentarios de 1927.<\/p>\n<p>La residencia de la Corona en el Palacio de Westminster, aunque anta\u00f1o unipersonal, se vio limitada durante el siglo XVII, sobre todo por la Guerra Civil Inglesa, y gradualmente dio origen al cargo de primer ministro durante la era georgiana. Las Actas de Uni\u00f3n de 1707 fusionaron Inglaterra y Escocia en Gran Breta\u00f1a, mientras que las Actas de Uni\u00f3n de 1800 unieron Irlanda, formando el Reino Unido de Gran Breta\u00f1a e Irlanda. La secesi\u00f3n de la mayor parte de Irlanda en 1922 transform\u00f3 el reino en su versi\u00f3n actual, que comprende cuatro jurisdicciones distintas: Inglaterra y Gales, Escocia e Irlanda del Norte. Desde 1999, Escocia, Gales e Irlanda del Norte han ejercido autoridad delegada en asuntos que abarcan desde la educaci\u00f3n hasta la sanidad, aunque Westminster conserva la supervisi\u00f3n de la defensa, los asuntos exteriores y la pol\u00edtica macroecon\u00f3mica.<\/p>\n<p>Geogr\u00e1ficamente, el Reino Unido se extiende entre las latitudes 49\u00b0 y 61\u00b0 N y las longitudes 9\u00b0 O y 2\u00b0 E. Los 17\u00a0820 km (11\u00a0073 millas) de costa de su isla principal contribuyen a una extensi\u00f3n total de costa insular de casi 31\u00a0368 km (19\u00a0500 millas), aunque la cifra exacta fluct\u00faa con las ondulantes medidas de la paradoja costera. La frontera terrestre de 499 km (310 millas) de Irlanda del Norte con la Rep\u00fablica de Irlanda refleja la compleja divisi\u00f3n de la isla, mientras que los 650 km (404 millas) de costa del pa\u00eds enmarcan sus ondulantes colinas y lagos dispersos. Bajo el clima mar\u00edtimo templado, dominado por vientos suaves y h\u00famedos del suroeste, calentados por la Corriente del Golfo, el Reino Unido rara vez experimenta temperaturas extremas: las heladas invernales rara vez bajan de 0 \u00b0C (32 \u00b0F), ni las m\u00e1ximas estivales se mantienen por encima de los 30 \u00b0C (86 \u00b0F), incluso cuando enclaves de las tierras altas de Escocia se acercan a condiciones sub\u00e1rticas y de tundra. La insolaci\u00f3n anual tiene un promedio de unas 1340 horas, aunque las variaciones regionales indican totales de entre aproximadamente 1200 y 1580 horas, una cifra que ha tendido a aumentar desde finales de la d\u00e9cada de 1990.<\/p>\n<p>Bajo este paraguas clim\u00e1tico se encuentran cuatro ecorregiones terrestres: los bosques latifolios celtas, los hayedos de las Tierras Bajas Inglesas, los bosques mixtos h\u00famedos del Atl\u00e1ntico Norte y los bosques de con\u00edferas de Caledonia. Aproximadamente 3,25 millones de hect\u00e1reas (aproximadamente el 13 % del territorio) est\u00e1n cubiertas de bosques, testimonio tanto de la persistencia natural como de la conservaci\u00f3n concertada. La red belga de autopistas y v\u00edas f\u00e9rreas encuentra el meridiano del Observatorio Real de Greenwich inscrito en la longitud cero, un hito perdurable del papel crucial de Gran Breta\u00f1a en la cartograf\u00eda del globo.<\/p>\n<p>Como primera naci\u00f3n industrializada del mundo, los avances tecnol\u00f3gicos, la agricultura mecanizada y la producci\u00f3n industrial de Gran Breta\u00f1a durante los siglos XVIII y XIX la impulsaron a la preeminencia econ\u00f3mica. Londres se convirti\u00f3 en el principal centro financiero del mundo, orquestando transacciones diarias de divisas que ahora representan el 38,1 % de un mercado de 7,5 billones de d\u00f3lares estadounidenses. Incluso cuando el imperio, sustentado por s\u00f3lidas redes comerciales y una vasta flota mercante, se contrajo tras dos conflictos mundiales y oleadas de descolonizaci\u00f3n, el Reino Unido conserv\u00f3 gran parte de su influencia financiera. Hoy se encuentra entre las mayores econom\u00edas por PIB nominal, y su moneda, la libra esterlina, es la cuarta m\u00e1s negociada y la cuarta moneda de reserva m\u00e1s importante del mundo, sin que su paridad hist\u00f3rica se haya visto afectada por la redenominaci\u00f3n.<\/p>\n<p>Sin embargo, bajo esas fachadas de prosperidad se esconden marcadas desigualdades. La econom\u00eda social de mercado del Reino Unido, si bien ofrece un alto \u00cdndice de Desarrollo Humano, tambi\u00e9n registra una de las mayores disparidades de ingresos de la OCDE. La pol\u00edtica fiscal ha buscado desde hace tiempo conciliar el dinamismo del mercado con el bienestar social, aun cuando persisten los debates sobre este equilibrio en el parlamento y entre la poblaci\u00f3n. A pesar de estas tensiones, el poder blando brit\u00e1nico conserva su formidable influencia: los marcos legales inspirados en el derecho consuetudinario ingl\u00e9s, la ubicuidad del ingl\u00e9s \u2014ahora el m\u00e1s hablado a nivel mundial y la tercera lengua materna m\u00e1s com\u00fan\u2014 y la difusi\u00f3n global de exportaciones culturales, desde Shakespeare hasta los Beatles, dan fe de una resonancia cultural que se extiende mucho m\u00e1s all\u00e1 de estas islas.<\/p>\n<p>Inglaterra, el mayor pa\u00eds del mundo en superficie y poblaci\u00f3n (con un 53 % del territorio total, con 130\u00a0395 km\u00b2), se caracteriza por la combinaci\u00f3n de tierras bajas y altas. Bajo la l\u00ednea diagonal de Tees-Exe se extienden llanuras pastorales: los Norfolk Broads, los South Downs, New Forest y las ondulantes vistas de Cornualles. Al noroeste, las colinas y valles del Distrito de los Lagos ascienden hacia los 978 metros de Scafell Pike; los Peninos y los valles de Yorkshire, en otros lugares, dibujan una silueta escarpada, mientras que Exmoor y Dartmoor evocan p\u00e1ramos primitivos.<\/p>\n<p>Escocia, que abarca el 32 % del reino con una superficie de 78\u00a0772 km\u00b2 (30\u00a0410 millas cuadradas), es una tierra de contrastes. Cerca de 800 islas se extienden mar adentro (las H\u00e9bridas, las Orcadas y las Shetland), mientras que las Tierras Altas albergan la mayor parte del territorio monta\u00f1oso. En el interior, el lago Lomond y los Trossachs ofrecen aguas cristalinas enmarcadas por antiguos bosques; m\u00e1s al norte, el Ben Nevis, la cumbre m\u00e1s alta de las Islas Brit\u00e1nicas, se alza a 1345 metros (4413 pies). M\u00e1s all\u00e1 de sus escarpados paisajes, las cosmopolitas ciudades de Edimburgo y Glasgow vibran con su arquitectura, sus festivales y su industria.<\/p>\n<p>Gales, con una superficie inferior al 9 % del Reino Unido (8020 millas cuadradas o 20\u00a0779 km\u00b2), impone su car\u00e1cter monta\u00f1oso en Snowdonia, donde se encuentra Yr Wyddfa (Snowdon), que se eleva a 1085 metros (3560 pies). La costa de Pembrokeshire, con m\u00e1s de 2704 km (1680 millas) de costa, invita a la exploraci\u00f3n itinerante, y Anglesey se erige como la mayor de varias islas cercanas a la costa, conservando antiguas tradiciones celtas junto con la vida moderna.<\/p>\n<p>Irlanda del Norte, con una extensi\u00f3n de 14\u00a0160 km\u00b2 (5470 millas cuadradas), se define por sus ondulantes tierras altas, el extenso Lough Neagh (388 km\u00b2), el lago m\u00e1s grande de las Islas Brit\u00e1nicas, y las hist\u00f3ricas columnas de basalto de la Calzada del Gigante, declarada Patrimonio de la Humanidad por la UNESCO. Su pico m\u00e1s alto, Slieve Donard en las Mournes, alcanza los 852 metros (2795 pies), un silencioso centinela de siglos de intercambio cultural y conflicto.<\/p>\n<p>M\u00e1s all\u00e1 del Reino Unido propiamente dicho se encuentran las Dependencias de la Corona \u2014Guernsey y sus sat\u00e9lites Alderney, Herm y Sark, y Jersey\u2014, cada una con vestigios de la herencia anglonormanda y, en ocasiones, climas inesperados, condicionados por la proximidad a la Francia continental. La Isla de Man, en medio del Canal de la Mancha, conserva sus costumbres celtas, una carrera anual de motociclismo TT y el parlamento m\u00e1s antiguo del mundo. Un poco m\u00e1s lejos, catorce Territorios de Ultramar \u2014desde la belleza subtropical de las Bermudas y las Islas Caim\u00e1n hasta las ventosas extensiones de la Ant\u00e1rtida Brit\u00e1nica\u2014 extienden el alcance de la Corona, cada uno gobernado por estatutos distintivos y rutas geogr\u00e1ficamente remotas.<\/p>\n<p>Dentro de las cuatro naciones, las ciudades y pueblos presentan un mosaico de historias. Londres, una metr\u00f3polis sin igual en influencia global, rebosa de monumentos emblem\u00e1ticos \u2014Westminster, la Torre de Londres, el Museo Brit\u00e1nico\u2014, cada uno un hilo conductor de una narrativa en constante evoluci\u00f3n. Belfast, tras la renovaci\u00f3n urbana, vibra con energ\u00eda creativa, mientras que Bristol equilibra fachadas georgianas y arte moderno con patrimonio mar\u00edtimo. El pasado carbon\u00edfero de Cardiff da paso a una vibrante escena art\u00edstica junto a la bah\u00eda; Edimburgo, solo superada por Londres en n\u00famero de visitantes, acoge cada agosto el festival de arte m\u00e1s grande del mundo entre castillos medievales y riscos volc\u00e1nicos. Glasgow conjuga el esplendor victoriano con la innovaci\u00f3n art\u00edstica, Liverpool retoma su legado de ciudad portuaria a trav\u00e9s de la m\u00fasica y el deporte, y Manchester, a lo largo de d\u00e9cadas, se ha transformado, pasando de epicentro industrial a crisol cultural. Las antiguas murallas y los vestigios romanos de York hablan de milenios de historia humana entretejidos en su trazado urbano.<\/p>\n<p>Sin embargo, incluso m\u00e1s all\u00e1 de esos encuentros urbanos, el Reino Unido se despliega en escenarios singulares de un drama elemental. Las columnas poligonales de la Calzada del Gigante se alzan desde el Atl\u00e1ntico, los acantilados de la pen\u00ednsula de Gower enmarcan las brisas salinas de la bah\u00eda de Swansea, y las piedras desmoronadas del Muro de Adriano trazan las ambiciones m\u00e1s lejanas de Roma. La isla de Arran, a menudo descrita como &#034;Escocia en miniatura&#034;, condensa monta\u00f1as, bosques y costa en una sola excursi\u00f3n, mientras que las cuencas acu\u00e1ticas del Distrito de los Lagos reflejan los versos lastimeros de Wordsworth. En las profundidades del Lago Ness, el folclore se agita junto a antiguas costas, y el Distrito de los Picos atrae a millones a sus accesibles alturas. Los picos de Snowdonia, cubiertos de pizarra, invitan a desaf\u00edos tanto f\u00edsicos como mentales, y las piedras monol\u00edticas de Stonehenge, erosionadas por 4.500 a\u00f1os, siguen seduciendo a eruditos y peregrinos por igual.<\/p>\n<p>Culturalmente rico y ecol\u00f3gicamente variado, con matices pol\u00edticos pero unificado por instituciones compartidas, el Reino Unido se encuentra hoy en una encrucijada entre la historia y la modernidad. Su monarqu\u00eda constitucional y democracia parlamentaria \u2014divididas en tres sistemas jur\u00eddicos distintos, pero unidas bajo una sola Corona\u2014 forjan un equilibrio entre las costumbres ancestrales y la gobernanza contempor\u00e1nea. Su econom\u00eda, a la vez impulsada por el mercado y con conciencia social, se enfrenta a la desigualdad al tiempo que domina los mercados globales de finanzas y comercio. Su lengua, literatura, m\u00fasica y deporte proyectan un poder blando que trasciende con creces sus fronteras f\u00edsicas, moldeando el discurso y la identidad globales. Para el viajero, acad\u00e9mico o residente, estas islas no presentan un cuadro est\u00e1tico, sino una narrativa en constante evoluci\u00f3n, una en la que el pasado y el presente dialogan continuamente, aliment\u00e1ndose mutuamente en un di\u00e1logo a la vez \u00edntimo y de gran alcance.<\/p>","protected":false},"excerpt":{"rendered":"<p>El Reino Unido de Gran Breta\u00f1a e Irlanda del Norte, a menudo denominado Reino Unido (RU) o Gran Breta\u00f1a, es una naci\u00f3n soberana situada frente a la costa noroeste de la Europa continental. Con una poblaci\u00f3n de aproximadamente 67,6 millones de habitantes en 2022, el Reino Unido se extiende a ambos lados del Canal de la Mancha al sur y el Mar del Norte al este, ocupando una posici\u00f3n estrat\u00e9gica en el Oc\u00e9ano Atl\u00e1ntico Norte. Compuesto por cuatro pa\u00edses independientes: Inglaterra, Escocia, Gales e Irlanda del Norte, este pa\u00eds insular abarca una superficie total de 244.376 km\u00b2 (94.354 millas cuadradas).<\/p>","protected":false},"author":1,"featured_media":4691,"parent":24078,"menu_order":0,"comment_status":"closed","ping_status":"closed","template":"elementor_theme","meta":{"_eb_attr":"","footnotes":""},"class_list":["post-12648","page","type-page","status-publish","has-post-thumbnail"],"_links":{"self":[{"href":"https:\/\/travelshelper.com\/es\/wp-json\/wp\/v2\/pages\/12648","targetHints":{"allow":["GET"]}}],"collection":[{"href":"https:\/\/travelshelper.com\/es\/wp-json\/wp\/v2\/pages"}],"about":[{"href":"https:\/\/travelshelper.com\/es\/wp-json\/wp\/v2\/types\/page"}],"author":[{"embeddable":true,"href":"https:\/\/travelshelper.com\/es\/wp-json\/wp\/v2\/users\/1"}],"replies":[{"embeddable":true,"href":"https:\/\/travelshelper.com\/es\/wp-json\/wp\/v2\/comments?post=12648"}],"version-history":[{"count":0,"href":"https:\/\/travelshelper.com\/es\/wp-json\/wp\/v2\/pages\/12648\/revisions"}],"up":[{"embeddable":true,"href":"https:\/\/travelshelper.com\/es\/wp-json\/wp\/v2\/pages\/24078"}],"wp:featuredmedia":[{"embeddable":true,"href":"https:\/\/travelshelper.com\/es\/wp-json\/wp\/v2\/media\/4691"}],"wp:attachment":[{"href":"https:\/\/travelshelper.com\/es\/wp-json\/wp\/v2\/media?parent=12648"}],"curies":[{"name":"wp","href":"https:\/\/api.w.org\/{rel}","templated":true}]}}