{"id":12625,"date":"2024-09-16T17:29:54","date_gmt":"2024-09-16T17:29:54","guid":{"rendered":"https:\/\/travelshelper.com\/staging\/?page_id=12625"},"modified":"2026-03-13T00:15:36","modified_gmt":"2026-03-13T00:15:36","slug":"kiev","status":"publish","type":"page","link":"https:\/\/travelshelper.com\/es\/destinations\/europe\/ukraine\/kiev\/","title":{"rendered":"Kiev"},"content":{"rendered":"<p>Kiev, la capital y ciudad m\u00e1s poblada de Ucrania, se presenta como una metr\u00f3polis con aproximadamente 2.952.301 habitantes al 1 de enero de 2022, extendida por el centro-norte del pa\u00eds y a orillas del r\u00edo Dni\u00e9per. Hoy en d\u00eda, es la s\u00e9ptima ciudad m\u00e1s grande de Europa, un lugar donde se entrelazan el vigor industrial, la investigaci\u00f3n cient\u00edfica, el auge educativo y la profundidad cultural. Desde su legendaria fundaci\u00f3n por Kyi \u2014cuyo nombre le dio el suyo\u2014 hasta su actual papel como polo de atracci\u00f3n tanto para la migraci\u00f3n nacional como para el turismo internacional, la importancia de Kiev ha fluctuado con el paso de la historia, surgiendo repetidamente de \u00e9pocas de desolaci\u00f3n a per\u00edodos de renovada prominencia.<\/p>\n<p>Mucho antes de su apogeo medieval como capital de la Rus de Kiev, Kiev ya hab\u00eda comenzado a consolidarse como un centro mercantil en el siglo V, situada a ambos lados del gran corredor que un\u00eda Escandinavia y Constantinopla. Sus primeros habitantes eslavos rindieron tributo a los j\u00e1zaros hasta mediados del siglo IX, cuando los aventureros varegos \u2014a quienes las cr\u00f3nicas posteriores denominar\u00edan vikingos\u2014 tomaron la ciudad, elev\u00e1ndola al punto de apoyo de su naciente sistema pol\u00edtico eslavo oriental. Bajo la administraci\u00f3n varega, una iglesia de piedra y una empalizada fortificada se alzaron para enmarcar la capital del primer estado eslavo; sin embargo, este florecimiento se ver\u00eda truncado por la embestida mongola de 1240, dejando a Kiev en ruinas y su influencia languideciendo durante siglos.<\/p>\n<p>En los siglos posteriores, Kiev pas\u00f3 a manos de Lituania, Polonia y Rusia, y cada potencia sucesiva imprimi\u00f3 su propio orden administrativo y eclesi\u00e1stico en la ciudad. Para el siglo XVI, ya hab\u00eda alcanzado renombre como centro de erudici\u00f3n ortodoxa; para el siglo XIX, se hab\u00eda convertido en un centro industrial y comercial durante la era de la producci\u00f3n mecanizada del Imperio ruso. El pulso de los talleres artesanales y el estruendo de las forjas resonaban junto al silencio contemplativo de las bibliotecas mon\u00e1sticas, s\u00edmbolo del car\u00e1cter dual que definir\u00eda el crecimiento de Kiev: una uni\u00f3n de labores materiales y espirituales.<\/p>\n<p>Las convulsiones del siglo XX llevaron a Kiev a una nueva crisis. En 1918, cuando la Rep\u00fablica Popular Ucraniana afirm\u00f3 su independencia de la Rep\u00fablica Rusa en desintegraci\u00f3n, la ciudad asumi\u00f3 el papel de capital nacional. Para 1921, tras los conflictos ucraniano-sovi\u00e9tico y polaco-sovi\u00e9tico, Kiev se vio inmersa en la Rep\u00fablica Socialista Sovi\u00e9tica de Ucrania, formalizando su estatus como capital de la RSS en 1934. La Segunda Guerra Mundial caus\u00f3 una grave destrucci\u00f3n en sus edificios y poblaci\u00f3n; sin embargo, las d\u00e9cadas de la posguerra presenciaron una r\u00e1pida reconstrucci\u00f3n, que devolvi\u00f3 a Kiev su posici\u00f3n como el tercer centro urbano m\u00e1s grande de la Uni\u00f3n Sovi\u00e9tica.<\/p>\n<p>Con la disoluci\u00f3n de la Uni\u00f3n Sovi\u00e9tica en 1991, la soberan\u00eda ucraniana convirti\u00f3 a Kiev de nuevo en el coraz\u00f3n de un estado independiente. A lo largo de las d\u00e9cadas siguientes, la ciudad experiment\u00f3 una afluencia pronunciada de migrantes de etnia ucraniana procedentes de todo el pa\u00eds, lo que consolid\u00f3 su papel como eje demogr\u00e1fico y econ\u00f3mico de la naci\u00f3n. A medida que Kiev transitaba de un modelo de econom\u00eda dirigida \u2014donde prevalec\u00eda la producci\u00f3n de armamento\u2014 a una econom\u00eda de mercado, su base industrial se contrajo, pero los sectores emergentes de servicios y finanzas impulsaron el aumento de los salarios, atrajeron la inversi\u00f3n y financiaron importantes proyectos de vivienda e infraestructura. Pol\u00edticamente, el electorado de Kiev se ha mostrado sistem\u00e1ticamente prooccidental, favoreciendo a los partidos que abogan por una mayor integraci\u00f3n con la Uni\u00f3n Europea.<\/p>\n<p>La Kiev moderna yuxtapone vestigios de su pasado con el dinamismo del presente. Aproximadamente el setenta por ciento de los edificios construidos entre 1907 y 1914 se conservan, con sus p\u00e1lidos amarillos, azules y grises intercalados con el elegante cristal y acero de las construcciones recientes. Cuando la capital de la Rep\u00fablica Socialista Sovi\u00e9tica de Ucrania se traslad\u00f3 de J\u00e1rkov a Kiev, los planificadores estatales contemplaron dotar a la ciudad de un aire metropolitano; aunque las propuestas grandiosas \u2014ya fueran colosales monumentos a Lenin o Stalin\u2014 finalmente se descartaron debido a las limitaciones fiscales y la topograf\u00eda accidentada de la ciudad, el cambio impuls\u00f3 la construcci\u00f3n de nuevas estructuras c\u00edvicas, especialmente en torno a Jreshchatyk y Maidan Nezalezhnosti, la principal v\u00eda p\u00fablica y plaza de la ciudad.<\/p>\n<p>Desde la independencia de Ucrania, han proliferado en el centro complejos residenciales de estilo occidental, locales de ocio nocturno de refinamiento cosmopolita y hoteles de lujo. La liberalizaci\u00f3n de las normas de visados \u200b\u200ben 2005 impuls\u00f3 un aumento constante de visitantes extranjeros: en 2009, las estancias hoteleras anuales alcanzaron los 1,6 millones, de las cuales aproximadamente el 16 % fueron de extranjeros. Este impulso se aceler\u00f3 a\u00fan m\u00e1s tras la Eurocopa 2012, cuando Kiev atrajo un r\u00e9cord de 1,8 millones de turistas extranjeros, apoyados por una cifra cercana a los 2,5 millones de visitantes nacionales. En 2018, la ocupaci\u00f3n hotelera media de mayo a septiembre oscilaba entre el 45 % y el 50 %, con hostales y hoteles de tres estrellas a menudo llenos al 90 %.<\/p>\n<p>La arquitectura patrimonial de Kiev se encuentra entre sus mayores atractivos: la Catedral de Santa Sof\u00eda, inscrita por la UNESCO, y el Monasterio de las Cuevas de Kiev encarnan la funci\u00f3n de la ciudad como cuna de la cristianizaci\u00f3n de la Rus y basti\u00f3n del saber ortodoxo oriental. Han atra\u00eddo desde hace mucho tiempo tanto a peregrinos como a historiadores, incluso cuando su estatus se vio amenazado en septiembre de 2023 por la designaci\u00f3n de estos sitios como &#034;en peligro&#034; por parte del Comit\u00e9 del Patrimonio Mundial de la UNESCO en tiempos de guerra. Otros monumentos venerables incluyen el Palacio Mariinskyi del siglo XVIII, la reconstruida Puerta Dorada, la Catedral de San Miguel, la Iglesia de San Andr\u00e9s, la Catedral de San Volodymyr y la Iglesia de San Cirilo. Con una historia que evoca la posguerra, el Museo Nacional de Historia de Ucrania durante la Segunda Guerra Mundial exhibe la imponente estatua de titanio de la Madre Ucrania, mientras que la cercana Tumba del Soldado Desconocido y la Casa con Quimeras transmiten sensibilidades heroicas y art\u00edsticas modernas.<\/p>\n<p>Los monumentos por toda la ciudad narran sus mitos fundacionales y personajes hist\u00f3ricos: Bohdan Khmelnytsky a caballo inspecciona los recintos de Santa Sof\u00eda; Vladimir el Grande contempla el Dni\u00e9per desde la colina de San Volodymyr; los hermanos Kyi, Shchek, Khoryv y Lybid vigilan la orilla del r\u00edo; y en Maidan Nezalezhnosti, el arc\u00e1ngel Miguel y la diosa protectora Berehynia presiden imponentes columnas. La vida cultural de Kiev se extiende m\u00e1s all\u00e1 de la piedra y el metal con una impresionante constelaci\u00f3n de teatros, entre ellos la \u00d3pera de Kiev, el Teatro Dram\u00e1tico Acad\u00e9mico Nacional Ivan Franko y el Teatro Acad\u00e9mico Nacional Lesya Ukrainka, as\u00ed como salas de conciertos, estudios de cine, circos y m\u00e1s de cuarenta museos. El Museo Nacional de Arte, el Museo de Arte Occidental y Oriental, el Centro de Arte Pinchuk, el Museo de Chern\u00f3bil y los Estudios de Cine Dovzhenko ejemplifican la multifac\u00e9tica actividad art\u00edstica e hist\u00f3rica de la ciudad.<\/p>\n<p>El frondoso car\u00e1cter de la ciudad afianza su reputaci\u00f3n como una de las capitales m\u00e1s verdes de Europa. Dos jardines bot\u00e1nicos y numerosos parques \u2014el Parque de la Victoria cerca de la estaci\u00f3n de Darnytsia, el Parque Mariinskyi junto al palacio y los parques que rodean el museo de la guerra\u2014 est\u00e1n surcados por paseos donde las copas de los casta\u00f1os de Indias ofrecen sombra incluso en pleno verano. Entre las islas de Kiev, Hydropark (Venetsiiskyi) destaca por sus playas, atracciones, instalaciones n\u00e1uticas y vida nocturna, todas accesibles en metro o coche; las islas Trukhaniv, Muromets y Dolobetskyi ofrecen remansos m\u00e1s tranquilos. En invierno, las orillas del Dni\u00e9per se convierten en lugares ideales para la pesca en hielo y el patinaje sobre hielo; en verano, los ciudadanos acuden en masa a nadar en las c\u00e1lidas aguas del r\u00edo.<\/p>\n<p>Los mercados constituyen otra faceta esencial de la vida urbana. El Mercado Bessarabskyi, en el centro de la ciudad, y decenas de rynoks regionales rebosan de vendedores que ofrecen productos agr\u00edcolas, carnes, pescado, l\u00e1cteos, caviar, flores, herramientas y ropa. Cada mercado tiene su propia personalidad \u2014algunos se especializan en autom\u00f3viles, otros en mascotas o textiles\u2014 y cada uno mantiene un ritmo comunitario vital. Adem\u00e1s, el Museo al aire libre de Arquitectura Popular y Vida de Ucrania, en las afueras del sur de Kiev, recrea viviendas rurales tradicionales a lo largo de 1,5 kil\u00f3metros cuadrados, ofreciendo un v\u00ednculo tangible con las tradiciones vern\u00e1culas regionales.<\/p>\n<p>Para el ocio, Kiev ofrece salas de billar, pistas de karts, campos de paintball, boleras e incluso campos de tiro. El centenario Zool\u00f3gico de Kiev, con una extensi\u00f3n de cuarenta hect\u00e1reas, alberga a unos 2600 animales de 328 especies y funciona como instituci\u00f3n cient\u00edfica y de ocio. Adem\u00e1s, los homenajes musicales y literarios a la ciudad \u2014canciones como &#034;\u00bfC\u00f3mo no amarte, Kyiv m\u00edo?&#034; y &#034;Vals de Kiev&#034;, as\u00ed como la opereta de Oleksandr Bilash &#034;Leyenda de Kiev&#034;\u2014 dan fe de su perdurable resonancia emocional.<\/p>\n<p>La infraestructura de transporte sustenta el tejido urbano. El metro de Kiev, compuesto por tres l\u00edneas que se extienden 66,1 kil\u00f3metros y 51 estaciones \u2014algunas de ellas joyas arquitect\u00f3nicas\u2014, transporta aproximadamente 1.422 millones de pasajeros cada d\u00eda, lo que representa el 38 % del uso del transporte p\u00fablico. La hist\u00f3rica red de tranv\u00edas, que en su d\u00eda fue uno de los primeros sistemas el\u00e9ctricos de Europa, ahora abarca casi 140 kil\u00f3metros en 21 rutas, aunque gradualmente est\u00e1 cediendo el paso a autobuses y trolebuses. El funicular de Kiev, que conecta la Ciudad Alta con Podil desde 1905, salva la pendiente de la colina de San Volodymyr con dos estaciones. Todo el transporte p\u00fablico municipal \u2014salvo algunos minibuses\u2014 es operado por Kyivpastrans, la empresa p\u00fablica de la ciudad, bajo un r\u00e9gimen de tarifa plana; se ha introducido un sistema de billetes digitales en el metro y se planea expandirlo a otros modos de transporte.<\/p>\n<p>En la red vial arterial, ocho puentes cruzan el Dni\u00e9per, conectando las secciones bifurcadas de la ciudad, mientras que las rutas europeas convergen en Kiev como nexo nacional. Si bien las condiciones de las carreteras y la congesti\u00f3n plantean desaf\u00edos, la construcci\u00f3n en curso de intersecciones a desnivel y la propuesta de una circunvalaci\u00f3n orbital prometen un alivio futuro. Las conexiones a\u00e9reas incluyen el Aeropuerto Internacional de Boryspil, a unos 30 kil\u00f3metros al este; el Aeropuerto de Zhuliany, m\u00e1s peque\u00f1o, al sur; as\u00ed como los aer\u00f3dromos de carga de Hostomel y los aer\u00f3dromos afiliados a Antonov. El sistema ferroviario, centrado en la estaci\u00f3n de larga distancia Kyiv-Pasazhyrskyi y complementado por seis terminales de carga, sigue siendo vital, aunque con alta demanda, lo que impulsa los esfuerzos de expansi\u00f3n en el centro de Darnytsia y la construcci\u00f3n de un puente ferroviario-vial sobre el Dni\u00e9per. El Tren Urbano, inaugurado en 2011, ofrece un servicio circular frecuente, con intercambio con el metro y el tranv\u00eda, mientras que los trenes suburbanos el\u00e9ctricos (elektrychka) ofrecen conectividad regional a pesar de las limitaciones de puntualidad y capacidad.<\/p>\n<p>En medio de este din\u00e1mico entramado urbano, cinco experiencias vecinales personifican la diversidad de Kiev. En el centro, Maidan Nezalezhnosti, sede de importantes reuniones entre 2004 y 2013, vibra con la memoria pol\u00edtica y social. Los fines de semana, la calle Khreshchatyk se transforma en un paseo peatonal, con su gran bulevar libre de tr\u00e1fico y animado por artistas y familias. El Descenso de San Andr\u00e9s, la arteria adoquinada que une la Ciudad Alta con Podil, atrae con la Iglesia de San Andr\u00e9s en su cima y una procesi\u00f3n de puestos, galer\u00edas y restaurantes que conservan un aire de autenticidad. Abajo, Podil revela su herencia de barrio comercial a trav\u00e9s de una cuadr\u00edcula de calles del siglo XIX, animadas por restaurantes de moda y la gentrificaci\u00f3n, pero a\u00fan ancladas por el descenso del funicular a Poshtova Ploshcha. Por \u00faltimo, Arsenalna cuenta con una variedad de opciones para comer dentro de una plaza hist\u00f3rica, adyacente a la estaci\u00f3n de metro m\u00e1s profunda del mundo en elevaci\u00f3n, una met\u00e1fora adecuada para las profundidades hist\u00f3ricas de Kiev.<\/p>\n<p>Tras \u00e9pocas de prosperidad, devastaci\u00f3n y renovaci\u00f3n, Kiev sigue siendo un testimonio de resiliencia y reinvenci\u00f3n. Su entorno ribere\u00f1o, su arquitectura hist\u00f3rica, sus instituciones culturales y su dinamismo moderno se fusionan en una metr\u00f3polis que honra su pasado y asume su papel evolutivo en el escenario europeo. En Kiev, uno se encuentra no solo con una capital, sino con una cr\u00f3nica viviente del esp\u00edritu perdurable de Europa del Este.<\/p>","protected":false},"excerpt":{"rendered":"<p>Kiev, la capital y ciudad m\u00e1s grande de Ucrania, se encuentra en la regi\u00f3n centro-norte del pa\u00eds, a orillas del r\u00edo Dni\u00e9per. Con 2.952.301 habitantes al 1 de enero de 2022, esta ciudad era la s\u00e9ptima m\u00e1s poblada de Europa. Durante m\u00e1s de un milenio, esta antigua ciudad \u2014una de las m\u00e1s antiguas de Europa del Este\u2014 ha sido fundamental en la historia, la cultura y la econom\u00eda de la regi\u00f3n.<\/p>","protected":false},"author":1,"featured_media":2772,"parent":12613,"menu_order":0,"comment_status":"closed","ping_status":"closed","template":"elementor_theme","meta":{"_eb_attr":"","footnotes":""},"class_list":["post-12625","page","type-page","status-publish","has-post-thumbnail"],"_links":{"self":[{"href":"https:\/\/travelshelper.com\/es\/wp-json\/wp\/v2\/pages\/12625","targetHints":{"allow":["GET"]}}],"collection":[{"href":"https:\/\/travelshelper.com\/es\/wp-json\/wp\/v2\/pages"}],"about":[{"href":"https:\/\/travelshelper.com\/es\/wp-json\/wp\/v2\/types\/page"}],"author":[{"embeddable":true,"href":"https:\/\/travelshelper.com\/es\/wp-json\/wp\/v2\/users\/1"}],"replies":[{"embeddable":true,"href":"https:\/\/travelshelper.com\/es\/wp-json\/wp\/v2\/comments?post=12625"}],"version-history":[{"count":0,"href":"https:\/\/travelshelper.com\/es\/wp-json\/wp\/v2\/pages\/12625\/revisions"}],"up":[{"embeddable":true,"href":"https:\/\/travelshelper.com\/es\/wp-json\/wp\/v2\/pages\/12613"}],"wp:featuredmedia":[{"embeddable":true,"href":"https:\/\/travelshelper.com\/es\/wp-json\/wp\/v2\/media\/2772"}],"wp:attachment":[{"href":"https:\/\/travelshelper.com\/es\/wp-json\/wp\/v2\/media?parent=12625"}],"curies":[{"name":"wp","href":"https:\/\/api.w.org\/{rel}","templated":true}]}}