{"id":12464,"date":"2024-09-16T01:26:46","date_gmt":"2024-09-16T01:26:46","guid":{"rendered":"https:\/\/travelshelper.com\/staging\/?page_id=12464"},"modified":"2026-03-12T18:30:03","modified_gmt":"2026-03-12T18:30:03","slug":"bar","status":"publish","type":"page","link":"https:\/\/travelshelper.com\/es\/destinations\/europe\/montenegro\/bar\/","title":{"rendered":"Bar"},"content":{"rendered":"<p>Bar se erige como la principal puerta de entrada mar\u00edtima de Montenegro, una ciudad de 15.868 habitantes enclavada en un paisaje de 598 kil\u00f3metros cuadrados de costa e interior, y sede de un municipio cuyos 46.171 habitantes residen en 85 asentamientos que se extienden desde el Adri\u00e1tico hasta las orillas del lago Skadar. Ubicada a sesenta kil\u00f3metros al suroeste de Podgorica, la capital del pa\u00eds, y justo al otro lado del mar de la ciudad italiana de Bari, Bar ocupa un punto liminal donde los ritmos del Mediterr\u00e1neo se funden con el pulso interior de los Balcanes.<\/p>\n<p>Desde sus antiguos or\u00edgenes como Antibarium \u2014\u00abfrente a Bari\u00bb en la lengua de los marineros romanos\u2014, la ciudad ha sido testigo de \u00e9pocas de imperio, fe y comercio mar\u00edtimo. Hoy perdura, no como una pieza de museo, sino como una comunidad viva cuya econom\u00eda depende de su puerto de aguas profundas, cuyo tejido urbano conserva las cicatrices y los triunfos del dominio veneciano, otomano y eslavo, y cuyos paisajes abarcan desde costas de guijarros hasta crestas cubiertas de robles. En Bar, la geograf\u00eda y la historia se entrelazan de una manera a la vez elemental e inescrutable, invitando tanto a la reflexi\u00f3n como a la curiosidad.<\/p>\n<p>La topograf\u00eda de Bar se despliega en tres zonas conc\u00e9ntricas. Al oeste, el Adri\u00e1tico se extiende en franjas de un p\u00e1lido color aguamarina, con sus mareas ba\u00f1ando una costa bordeada de puertos, olivares y alguna que otra muralla. Al este, el terreno asciende suavemente hacia las crestas de Rumija y Sutorman, con sus laderas cubiertas de maquis y robledales, antes de dar paso a la vasta extensi\u00f3n del lago Skadar, el m\u00e1s grande del sur de Europa. Entre el mar y el lago se extiende un mosaico de huertos de c\u00edtricos, vi\u00f1edos y campos de granados, testimonio de siglos de agricultura subtropical nutrida por el clima soleado.<\/p>\n<p>El clima de Bar presenta la huella de dos reg\u00edmenes mediterr\u00e1neos distintos. Los inviernos son suaves y persistentemente h\u00famedos, con temperaturas m\u00e1ximas diurnas en enero que rondan los 12,3 \u00b0C y bajan hasta los 4,3 \u00b0C por la noche, y las nevadas solo llegan en raras y moderadas acumulaciones de nieve, sobre todo los nueve cent\u00edmetros de enero de 2000. Los veranos son largos y luminosos, con m\u00e1ximas en julio de 27 \u00b0C a 28 \u00b0C y m\u00ednimas nocturnas de 18 \u00b0C, interrumpidas por breves lluvias templadas. A lo largo del a\u00f1o, la ciudad disfruta de m\u00e1s de 2500 horas de sol, que ti\u00f1en sus muros de piedra y tejados de una luz y sombras en constante cambio.<\/p>\n<p>Sin embargo, es en las silenciosas ruinas de Old Bar, cuatro kil\u00f3metros tierra adentro, al pie del monte Rumija, donde la rica historia de la regi\u00f3n se manifiesta con mayor claridad. Aqu\u00ed, m\u00e1s all\u00e1 de las puertas que anta\u00f1o custodiaban una fortaleza medieval, se encuentran los vestigios desmoronados de iglesias, mezquitas y acueductos. Una puerta del siglo X vigila las ruinas de la Catedral de San Jorge, fundada en el siglo XI, junto a los fragmentos de la Iglesia de Santa Catalina y la mezquita de Omerba\u0161i\u0107, construida en 1662. Dispersos entre ellos se encuentran los arcos restantes de un acueducto otomano (reconstruido tras el terremoto de 1979) y la tumba del predicador del siglo XVII, Dervish Hasan. Estas piedras, rotas y erosionadas, son un testimonio silencioso de una ciudad que anta\u00f1o pas\u00f3 de manos de pr\u00edncipes eslavos, dux venecianos y pach\u00e1s otomanos.<\/p>\n<p>En los distritos que rodean el moderno puerto, la historia de Bar se desarrolla en paralelo entre la industria tradicional y el turismo emergente. El puerto de Bar, con sus 3100 metros de muelle, 800 hect\u00e1reas de terreno y 200 hect\u00e1reas de aguas protegidas, gestiona unos cinco millones de toneladas de carga al a\u00f1o. Sus gr\u00faas y pilas de contenedores enmarcan el horizonte, un recordatorio constante de la importancia estrat\u00e9gica de la ciudad para la red comercial de Montenegro. Junto a \u00e9l, el ferrocarril Belgrado-Bar, finalizado en 1976 tras d\u00e9cadas de desaf\u00edos de ingenier\u00eda, discurre por t\u00faneles de monta\u00f1a y viaductos de valle, conectando el Adri\u00e1tico con la capital serbia y abriendo el interior tanto a visitantes como a mercanc\u00edas.<\/p>\n<p>La agricultura sigue siendo parte integral de la identidad de Bar. El suelo del municipio alberga unos 95.000 olivos y 80.000 ejemplares de c\u00edtricos (limones, mandarinas, naranjas y pomelos) que prosperan bajo el sol subtropical. El Centro de Cultivos Subtropicales, fundado en 1937, es la instituci\u00f3n cient\u00edfica m\u00e1s antigua de Montenegro; sus campos de investigaci\u00f3n y viveros son un archivo vivo de la adaptaci\u00f3n hort\u00edcola. La productora local de alimentos Primorka, activa desde hace m\u00e1s de medio siglo, prensa aceite de oliva y embotella zumo de granada, perpetuando tradiciones culinarias que se remontan a las primeras operaciones industriales de la d\u00e9cada de 1920.<\/p>\n<p>La arquitectura religiosa de la ciudad refleja su complejo tejido social. Las iglesias ortodoxas y cat\u00f3licas comparten barrios con mezquitas erigidas bajo el patrocinio otomano. En el barrio m\u00e1s nuevo de Novi Bar, la Iglesia de San Nicol\u00e1s alberga el arzobispado establecido en el siglo XI, mientras que en las cercan\u00edas, la moderna Catedral de San Juan Vladimir \u2014terminada entre 2009 y 2015\u2014 rivaliza en tama\u00f1o con el principal edificio ortodoxo de Podgorica, con sus galer\u00edas con frescos consagradas al primer santo medieval de la regi\u00f3n. Al otro lado de la ciudad, la Mezquita Omerba\u0161i\u0107, en el casco antiguo de Bar, conserva su esbelto minarete y sala de oraci\u00f3n, visitada por peregrinos atra\u00eddos por su fundaci\u00f3n del siglo XVII.<\/p>\n<p>La composici\u00f3n demogr\u00e1fica de Bar refleja las oleadas migratorias y el desplazamiento de fronteras. Seg\u00fan el censo de 2011, los montenegrinos y serbios constituyen en conjunto alrededor del 84% de la poblaci\u00f3n de la ciudad, mientras que bosnios, musulmanes, albaneses y croatas forman comunidades m\u00e1s peque\u00f1as. La religi\u00f3n sigue patrones similares: los creyentes ortodoxos representan casi el 80%, mientras que los musulmanes y los cat\u00f3licos representan el 10% y el 5%, respectivamente. Estas cifras, aunque sujetas a cambios graduales, apuntan a una sociedad arraigada en las tradiciones compartidas del Adri\u00e1tico y los Balcanes.<\/p>\n<p>A pesar de su puerto estrat\u00e9gico, Bar mantiene una escala modesta. Su n\u00facleo medieval, donde estrechas callejuelas ascienden hacia almenas en ruinas, apenas mide unas pocas hect\u00e1reas, y el centro urbano contempor\u00e1neo, rodeado de v\u00edas f\u00e9rreas y tanques de petr\u00f3leo, se extiende en bloques irregulares de edificios bajos. Unos pocos hoteles ocupan el paseo mar\u00edtimo, pero gran parte del alojamiento se encuentra en pensiones y alojamientos privados al norte de la zona industrial, en barrios como \u0160u\u0161anj. Aqu\u00ed, las playas bordeadas de pinos dan paso a playas de guijarros, y el bullicio del turismo estival se mantiene moderado incluso en su apogeo.<\/p>\n<p>Las conexiones de transporte se extienden desde la ciudad como los radios de una rueda. La Autopista Adri\u00e1tica bordea la costa, conectando Bar con Budva al norte y Ulcinj al sur. El T\u00fanel de Sozina, inaugurado en 2006, cre\u00f3 una ruta directa a trav\u00e9s de las monta\u00f1as de Golija hasta Podgorica, reduciendo el tiempo de viaje a menos de una hora. Un ferry recorre los ochenta kil\u00f3metros que lo separan de Bari, en Italia, y su horario estacional refleja el flujo y reflujo del turismo; el servicio a Ancona se interrumpi\u00f3 a finales de 2016. En el interior, los servicios de autob\u00fas conectan Bar con Sutomore, las playas de la Riviera de Budva y los pueblos que rodean el lago Skadar, mientras que los trenes llegan y salen de la estaci\u00f3n cada hora; sus vagones recuerdan el patrimonio industrial de la ciudad.<\/p>\n<p>La vida cultural de Bar se basa en dos instituciones ubicadas en vestigios reales. El Palacio del Rey Nikola, una construcci\u00f3n de 1885 de estilo ecl\u00e9ctico, se alza entre frondosos jardines, con su invernadero y balcones de hierro forjado que insin\u00faan influencias del Art Nouveau. Actualmente, sirve como museo de historia local; sus salas est\u00e1n dispuestas para evocar el interior de una corte de finales del siglo XIX, con muebles de \u00e9poca, retratos y documentos de archivo. Cerca de all\u00ed, la fortaleza medieval de Old Bar se ha transformado parcialmente en un museo al aire libre, donde senderos guiados conducen a los visitantes entre cisternas, murallas y el famoso &#034;Olivo Viejo&#034;, un \u00e1rbol nudoso que se dice que tiene dos milenios de antig\u00fcedad.<\/p>\n<p>El mercado bulle a lo largo del Bulevar 24 de Noviembre, donde los puestos ofrecen quesos en tarrinas de madera y el pabell\u00f3n de pescado ofrece la pesca diaria del Adri\u00e1tico a precios locales. Un supermercado VOLI cerca de la estaci\u00f3n atiende a los residentes con un hipermercado, una farmacia y un emporio culinario. Los caf\u00e9s se extienden por la calle pavimentada que sube desde el aparcamiento hasta la puerta del Old Bar, con mesas de diversos estilos: algunos modestos bancos de madera cerca de las murallas de la fortaleza, otros elegantemente decorados con toldos a rayas y sillas de hierro forjado. Entre ellos se encuentran \u0107evabd\u017einica Dino, donde las alb\u00f3ndigas de cordero sazonadas comparten mesa con zumo de granada, y el Fish Bar Cvijo, cuyo men\u00fa en forma de mezzaluna ofrece especialidades a la parrilla en un ambiente con cristales de mar.<\/p>\n<p>La vida nocturna en Bar es tranquila. Mientras que otros destinos tur\u00edsticos del Adri\u00e1tico inundan de luz y m\u00fasica hasta la madrugada, las noches en Bar se desploman a medianoche, con bares de cerveza artesanal como 501 Darts Bar y Varadero. Los taxis se aglomeran cerca de las estaciones de autob\u00fas y tren, y ofrecen autobuses cada hora a las playas de \u0160u\u0161anj y alrededores. Para quienes buscan compa\u00f1\u00eda m\u00e1s animada, Sutomore, un pueblo a diez minutos al sur por carretera, ofrece playas de arena y clubes de temporada, mientras que la legendaria vida nocturna de Budva se encuentra a una hora al norte.<\/p>\n<p>En el interior, las ruinas del Monasterio de Ratac y la Fortaleza de Tabiya se alzan sobre colinas boscosas, ofreciendo vistas tanto del mar como del lago. Una carretera secundaria conduce a un monumento que conmemora la Batalla de Bar en 1042, donde las fuerzas serbias al mando de Stefan Vojislav derrotaron a los bizantinos, un sitio cuyos pedestales de hormig\u00f3n sirven ahora como mirador panor\u00e1mico. Al este, las laderas que rodean el lago Skadar se abren a la Skadarska Krajina, un mosaico de pueblos pesqueros y humedales ricos en aves que invitan a las exploraciones matutinas en barco.<\/p>\n<p>Modern Bar se resiste a los estereotipos de la Riviera. No es un destino tur\u00edstico de gran \u00e9xito ni un tranquilo puerto de provincia, sino un lugar con ritmos anuales arraigados tanto en el comercio mar\u00edtimo y la agricultura como en el turismo de sol y playa. A lo largo del a\u00f1o, las gr\u00faas del puerto se ponen en marcha, las aceitunas caen en oto\u00f1o, las escuelas y tiendas abren en septiembre, y los festivales ortodoxos e isl\u00e1micos marcan la primavera y el verano. Aqu\u00ed hay una solidez en la vida cotidiana, un trasfondo hist\u00f3rico que se impone cada vez que el viento marino agita los cipreses o el silbido de un tren atraviesa el t\u00fanel hacia la estaci\u00f3n.<\/p>\n<p>Para el viajero que busca descubrir una aut\u00e9ntica ciudad adri\u00e1tica, Bar ofrece un equilibrio entre lo elemental y lo cotidiano. Se puede seguir el rastro de pasos tras una puerta veneciana, detenerse ante una mezquita otomana o disfrutar de una mesa de quesos locales sin sentir el ritmo que dicta una gu\u00eda tur\u00edstica. Aqu\u00ed, el Adri\u00e1tico no es un objeto de consumo ni un simple tel\u00f3n de fondo, sino un interlocutor constante, desde los barcos pesqueros al amanecer hasta los ferries que parten hacia Italia al anochecer.<\/p>\n<p>Al final, Bar se revela no en un \u00fanico panorama, sino en una sucesi\u00f3n de peque\u00f1os encuentros: el ta\u00f1ido entrecortado del reloj al mediod\u00eda, el aroma a jazm\u00edn mezclado con el humo del di\u00e9sel cerca del muelle, el eco de la risa infantil entre los arcos en ruinas de la iglesia de Santa Catalina. Estos detalles se funden en la imagen de una ciudad anclada en su patrimonio y abierta a las corrientes del cambio, donde lo antiguo y lo moderno encuentran un espacio provisional, y donde la historia est\u00e1 siempre en desarrollo.<\/p>","protected":false},"excerpt":{"rendered":"<p>Bar, una ciudad costera de Montenegro, se encuentra a 75 kil\u00f3metros de Podgorica, la capital. Con sus 13.719 habitantes, Bar es el centro de un municipio m\u00e1s amplio que incluye 83 asentamientos y tiene una poblaci\u00f3n total de 40.037 habitantes. Esta vibrante ciudad es famosa por su diverso tejido cultural, albergando a un impresionante n\u00famero de 25 nacionalidades diferentes que conviven en armon\u00eda dentro de sus l\u00edmites. El car\u00e1cter \u00fanico de Bar refleja su importancia hist\u00f3rica como crisol de influencias mediterr\u00e1neas y orientales, lo que ha dado lugar a una distintiva mezcla de culturas que sigue definiendo su identidad en la actualidad.<\/p>","protected":false},"author":1,"featured_media":3036,"parent":12406,"menu_order":0,"comment_status":"closed","ping_status":"closed","template":"elementor_theme","meta":{"_eb_attr":"","footnotes":""},"class_list":["post-12464","page","type-page","status-publish","has-post-thumbnail"],"_links":{"self":[{"href":"https:\/\/travelshelper.com\/es\/wp-json\/wp\/v2\/pages\/12464","targetHints":{"allow":["GET"]}}],"collection":[{"href":"https:\/\/travelshelper.com\/es\/wp-json\/wp\/v2\/pages"}],"about":[{"href":"https:\/\/travelshelper.com\/es\/wp-json\/wp\/v2\/types\/page"}],"author":[{"embeddable":true,"href":"https:\/\/travelshelper.com\/es\/wp-json\/wp\/v2\/users\/1"}],"replies":[{"embeddable":true,"href":"https:\/\/travelshelper.com\/es\/wp-json\/wp\/v2\/comments?post=12464"}],"version-history":[{"count":0,"href":"https:\/\/travelshelper.com\/es\/wp-json\/wp\/v2\/pages\/12464\/revisions"}],"up":[{"embeddable":true,"href":"https:\/\/travelshelper.com\/es\/wp-json\/wp\/v2\/pages\/12406"}],"wp:featuredmedia":[{"embeddable":true,"href":"https:\/\/travelshelper.com\/es\/wp-json\/wp\/v2\/media\/3036"}],"wp:attachment":[{"href":"https:\/\/travelshelper.com\/es\/wp-json\/wp\/v2\/media?parent=12464"}],"curies":[{"name":"wp","href":"https:\/\/api.w.org\/{rel}","templated":true}]}}