{"id":12406,"date":"2024-09-16T00:39:00","date_gmt":"2024-09-16T00:39:00","guid":{"rendered":"https:\/\/travelshelper.com\/staging\/?page_id=12406"},"modified":"2026-03-12T18:32:52","modified_gmt":"2026-03-12T18:32:52","slug":"montenegro","status":"publish","type":"page","link":"https:\/\/travelshelper.com\/es\/destinations\/europe\/montenegro\/","title":{"rendered":"Montenegro"},"content":{"rendered":"<p>Montenegro, una naci\u00f3n de 623\u00a0633 habitantes repartidos en 13\u00a0883 km\u00b2, ocupa una estrecha franja de la pen\u00ednsula balc\u00e1nica, en el sureste de Europa. Enmarcada por el mar Adri\u00e1tico al suroeste y con fronteras con Croacia, Bosnia y Herzegovina, Serbia, Kosovo y Albania, esta rep\u00fablica de 25 municipios encarna milenios de historia rica y una notable diversidad geogr\u00e1fica. Desde imponentes picos alpinos hasta una estrecha llanura costera, desde iglesias medievales hasta fortificaciones de la \u00e9poca otomana, el compacto territorio de Montenegro invita a una mirada atenta y contemplativa.<\/p>\n<p>Mucho antes de las migraciones eslavas de los siglos VI y VII d. C., las tribus ilirias moldearon las escarpadas tierras altas que hoy definen gran parte del norte de Montenegro. Durante los siglos posteriores, tres principados medievales \u2014Duklja al sur, Travunia al oeste y Ra\u0161ka al norte\u2014 sentaron las bases de un sistema pol\u00edtico emergente denominado Zeta para el siglo XIV. Los comerciantes y comandantes navales venecianos dejaron su huella a lo largo de la costa ya a finales del siglo XIV, integrando las costas meridionales en el dominio conocido como la Albania veneciana. Las incursiones otomanas llegaron a la regi\u00f3n a finales del siglo XV, pero los clanes de las tierras altas mantuvieron cierto grado de autonom\u00eda bajo la dinast\u00eda Petrovi\u0107-Njego\u0161. En 1878, el Congreso de Berl\u00edn reconoci\u00f3 formalmente la independencia de Montenegro; para 1910, se hab\u00eda convertido en el Reino de Montenegro. El siglo XX trajo consigo la uni\u00f3n con el Reino de los Serbios, Croatas y Eslovenos (posteriormente Yugoslavia), un acuerdo federal posterior con Serbia y, finalmente, en junio de 2006, la restauraci\u00f3n de la condici\u00f3n de Estado soberano mediante refer\u00e9ndum, dando como resultado la naci\u00f3n tal como es hoy.<\/p>\n<p>La econom\u00eda de Montenegro, actualmente clasificada como de ingresos medios-altos, se basa principalmente en el sector servicios, con el turismo adquiriendo una importancia creciente en las \u00faltimas d\u00e9cadas. El euro funciona como moneda nacional por adopci\u00f3n unilateral, mientras que el desarrollo de infraestructuras \u2014en especial la finalizaci\u00f3n de las autopistas y la modernizaci\u00f3n del ferrocarril Belgrado-Bar\u2014 sigue siendo una prioridad declarada para impulsar un crecimiento equilibrado. Dos aeropuertos internacionales, en Podgorica y Tivat, gestionan la afluencia de visitantes atra\u00eddos por las playas y las ciudades hist\u00f3ricas del litoral adri\u00e1tico; el puerto de Bar, reconstruido tras la destrucci\u00f3n causada por la guerra, gestiona vol\u00famenes de carga muy por debajo de su capacidad prevista.<\/p>\n<p>Geogr\u00e1ficamente, Montenegro es un estudio de contrastes. La llanura costera, de apenas kil\u00f3metros de ancho, da paso abruptamente a macizos calizos, entre ellos el monte Lov\u0107en y el Orjen, que se precipitan hacia la bah\u00eda de Kotor. En el interior, las formaciones k\u00e1rsticas se elevan a m\u00e1s de 2000 m: el monte Orjen a 1894 m, Bobotov Kuk en la cordillera de Durmitor a 2522 m y, seg\u00fan la triangulaci\u00f3n de 2018, Zla Kolata en la cordillera de Prokletije a 2534 m. Valles erosionados por los glaciares y ca\u00f1ones escarpados, como la garganta del r\u00edo Tara, declarada Patrimonio de la Humanidad por la UNESCO, esculpen las tierras altas del norte, mientras que el lago Skadar, compartido con Albania y protegido como parque nacional, salpica las tierras bajas del suroeste con humedales repletos de aves migratorias.<\/p>\n<p>Tanto en centros urbanos como en peque\u00f1as localidades, vestigios arquitect\u00f3nicos trazan los diversos gobernantes de Montenegro. En el centro medieval de Kotor, calles de arena serpentean entre palacios venecianos e iglesias rom\u00e1nicas: la Catedral de San Trif\u00f3n, del siglo XII, se alza sobre la plaza principal, mientras que la Iglesia de San Lucas domina una tranquila plaza junto al agua. Budva, cuna del turismo adri\u00e1tico, conserva una antigua ciudadela rodeada de nueve siglos de monumentos religiosos, con el tel\u00f3n de fondo de las modernas construcciones a lo largo de su costa arenosa. Herceg Novi, a la entrada de la bah\u00eda, presume de fortalezas de dise\u00f1o genov\u00e9s y un anfiteatro escalonado de vegetaci\u00f3n mediterr\u00e1nea.<\/p>\n<p>Cetinje, antigua capital real y ahora patrimonio nacional, se alza bajo el monte Lov\u0107en. Sus calles albergan museos, embajadas de la \u00e9poca diplom\u00e1tica y el Monasterio Ortodoxo de Cetinje, custodio de reliquias e iconograf\u00eda que dan testimonio de las tradiciones espirituales de Montenegro. En el norte, \u017dabljak sirve de puerta de entrada al Parque Nacional de Durmitor, donde el Lago Negro se encuentra a poca distancia a pie, y las nieves invernales impulsan el turismo deportivo en igual medida.<\/p>\n<p>El mosaico demogr\u00e1fico de Montenegro refleja su posici\u00f3n encrucijada. Ning\u00fan grupo \u00e9tnico constituye una mayor\u00eda absoluta; los montenegrinos representan aproximadamente el 41 % de la poblaci\u00f3n, los serbios el 33 %, los bosnios el 9 %, los albaneses el 5 % y los rusos el 2 %, entre otras comunidades m\u00e1s peque\u00f1as. Los cristianos ortodoxos orientales, predominantemente alineados con la Iglesia Ortodoxa Serbia, representan el 71 % de la feligres\u00eda; los musulmanes (principalmente en la regi\u00f3n de Sand\u017eak) y los cat\u00f3licos romanos (principalmente a lo largo de la costa) constituyen las principales minor\u00edas religiosas. La coexistencia de religiones a lo largo de los siglos ha imprimido un ritmo cultural que se manifiesta tanto en la vida ritual como en las reuniones festivas.<\/p>\n<p>El concepto de \u010cojstvo i Juna\u0161tvo \u2014traducido libremente como &#034;humanidad y caballerosidad&#034;\u2014 sustenta los valores \u00e9ticos y sociales de la regi\u00f3n, desde las costumbres de clan hasta la identidad c\u00edvica moderna. Las tradiciones populares encuentran expresi\u00f3n en el Oro, la &#034;danza del \u00e1guila&#034;, en la que los bailarines forman c\u00edrculos conc\u00e9ntricos y parejas intercaladas se suben a hombros en un cuadro que evoca tanto la gracia animal como la solidaridad comunitaria.<\/p>\n<p>Las corrientes gastron\u00f3micas fluyen de este a oeste en la mesa de Montenegro. Las influencias otomanas perduran en platos como el sarma (hojas de parra enrolladas alrededor de carne y arroz), la musaka, el pilav, la pita y el \u0107evapi. Las influencias centroeuropeas aparecen en crepes y rosquillas, mermeladas, galletas y pasteles contundentes. A lo largo del litoral adri\u00e1tico, donde abundan los mariscos, prevalece la simplicidad mediterr\u00e1nea: pescado a la parrilla, mariscos y el vino tinto caracter\u00edstico de la regi\u00f3n, el Vranac. En el interior, la gastronom\u00eda de las tierras altas rinde homenaje a los productos l\u00e1cteos y al cordero: la cicvara (harina de ma\u00edz enriquecida con queso y crema), el cordero hervido en leche y los quesos pljevaljski y njegu\u0161ki. El Njegu\u0161ki pr\u0161ut, un jam\u00f3n ahumado del pueblo de Njegu\u0161i, es un testimonio de las antiguas t\u00e9cnicas de curaci\u00f3n practicadas bajo las laderas del monte Lov\u0107en.<\/p>\n<p>La viticultura montenegrina se centra en las fincas Planta\u017ee, cerca de Podgorica, cuyos vi\u00f1edos producen vinos blancos y cabernet Krsta\u010d, adem\u00e1s de tintos Vranac y Pro Corde. Empresas boutique, como Kne\u017eevi\u0107 en Golubovci y la marca Monte Grande, complementan esta oferta. Un litro de Vranac en un restaurante local cuesta entre ocho y quince euros; los precios en supermercados parten de dos euros, lo que subraya la accesibilidad del vino.<\/p>\n<p>El comportamiento \u00e9tico va m\u00e1s all\u00e1 de la hora de comer. Las instituciones p\u00fablicas suelen exigir vestimenta modesta; los pantalones cortos pueden resultar indeseables en hospitales, edificios gubernamentales y lugares de culto. En las playas, tomar el sol sin l\u00edmite se limita a las zonas naturistas designadas. La costumbre de brindar exige el contacto visual directo; de lo contrario, el gesto puede ser malinterpretado. El rakija, el potente brandy de ciruela con un volumen de alcohol de alrededor del cincuenta y tres por ciento, exige un respeto moderado: los anfitriones pueden ofrecer varias rondas, pero se espera que el invitado beba con moderaci\u00f3n.<\/p>\n<p>Las llegadas de turistas superaron los dos millones en las \u00faltimas temporadas, atra\u00eddas por el paisaje de la bah\u00eda de Kotor, declarado Patrimonio de la Humanidad por la UNESCO, el monasterio de Ostrog, del siglo XVII, excavado en un acantilado casi vertical, y los 12 kil\u00f3metros de arena de la costa sur de Ulcinj, que The New York Times incluy\u00f3 entre sus &#034;31 mejores lugares para visitar en 2010&#034;. National Geographic Traveler ha incluido a Montenegro en su lista decenal &#034;50 lugares inolvidables&#034;, con el islote-hotel de Sveti Stefan en su portada. Sin embargo, m\u00e1s all\u00e1 de las atracciones principales, Montenegro ofrece encuentros \u00edntimos: un paseo a la luz de la luna por la ciudadela de Budva, la luz del amanecer iluminando los tejados rojos de Perast o un paseo en kayak bajo los picos cubiertos de nubes de Orjen.<\/p>\n<p>Persisten los desaf\u00edos de infraestructura. Las carreteras rara vez cumplen con los est\u00e1ndares de Europa Occidental, y la aspiraci\u00f3n de completar las conexiones por autopista se deriva tanto de la necesidad econ\u00f3mica como del deseo de distribuir el turismo de forma m\u00e1s equitativa en toda la rep\u00fablica. El ferrocarril Belgrado-Bar, una maravilla de la ingenier\u00eda que atraviesa puertos de monta\u00f1a y t\u00faneles, se esfuerza por restablecer el tr\u00e1fico de mercanc\u00edas a su capacidad prevista. Las propuestas para el transporte de gas natural licuado en el puerto de Bar se\u00f1alan un giro hacia la diversificaci\u00f3n energ\u00e9tica y la interconectividad regional.<\/p>\n<p>En el norte, las nieves invernales y las praderas alpinas de Durmitor atraen a los amantes de las actividades al aire libre durante todo el a\u00f1o. El ca\u00f1\u00f3n del r\u00edo Tara, con una ca\u00edda de m\u00e1s de 1300 m en sus orillas, se encuentra entre los m\u00e1s largos y profundos del mundo, ofreciendo excursiones de rafting que combinan la adrenalina con la serena contemplaci\u00f3n de las paredes de piedra caliza esculpidas por el hielo y el agua. El Parque Nacional del Lago Skadar, en cambio, ofrece un programa m\u00e1s tranquilo: los observadores de aves rastrean pel\u00edcanos y garzas entre los juncales, mientras que las tradicionales lanchas de pesca se deslizan por las cristalinas aguas.<\/p>\n<p>Los desaf\u00edos hist\u00f3ricos y culturales de la preservaci\u00f3n resuenan en el paisaje montenegrino. Antiguos monasterios \u2014Savina, cerca de Herceg Novi; la bas\u00edlica de San Lucas, sobre Kotor; y los enclaves ortodoxos de Budimlja y Nik\u0161i\u0107\u2014 conservan frescos que expresan la espiritualidad medieval. Los palacios barrocos venecianos de Perast narran las peripecias de los capitanes mar\u00edtimos cuyas aventuras mar\u00edtimas conectaron esta costa con el Mediterr\u00e1neo. En el monte Ostrog, los peregrinos recorren estrechos senderos para llegar a las celdas donde, en el siglo XVII, el obispo Basilio de Ostrog busc\u00f3 la soledad y, posteriormente, la santidad; sus reliquias atraen anualmente a devotos de todos los Balcanes.<\/p>\n<p>Podgorica, la capital moderna y la ciudad m\u00e1s grande de Montenegro, forja su propia narrativa de renovaci\u00f3n. Antiguamente conocida como Titograd bajo los auspicios yugoslavos, ahora exhibe arquitectura contempor\u00e1nea y espacios culturales junto con mezquitas de la \u00e9poca otomana y vestigios de calzadas romanas. Alberga la principal universidad del pa\u00eds y sirve como centro administrativo, aun cuando los municipios rurales mantienen identidades distintivas arraigadas en la afiliaci\u00f3n a clanes y regiones.<\/p>\n<p>A pesar de su tama\u00f1o, la composici\u00f3n multi\u00e9tnica de Montenegro se resiste a la homogeneizaci\u00f3n. Las tensiones serbomontenegrinas, aunque atenuadas en la vida cotidiana, afloran en los debates sobre la gobernanza eclesi\u00e1stica y la autoidentificaci\u00f3n ling\u00fc\u00edstica. La Iglesia Ortodoxa Montenegrina, a\u00fan no reconocida, sigue siendo un s\u00edmbolo pol\u00e9mico de soberan\u00eda nacional para algunos, mientras que otros consideran los v\u00ednculos can\u00f3nicos con la Iglesia Ortodoxa Serbia como parte integral de la continuidad religiosa. Ling\u00fc\u00edsticamente, las circulaciones montenegrina, serbia, bosnia y albanesa reflejan tanto afiliaciones comunitarias como cuestiones gramaticales y l\u00e9xicas.<\/p>\n<p>En resumen, Montenegro se encuentra en la confluencia del pasado y el futuro. Sus ciudades y parajes naturales, sus catedrales y tradiciones tribales convergen en un di\u00e1logo entre la preservaci\u00f3n y la innovaci\u00f3n. Para el visitante que se acerca sin expectativas ni urgencia, que escucha el canto de los grillos en las praderas de las tierras altas y observa a los pescadores recoger sus redes al amanecer, la rep\u00fablica se revela como algo m\u00e1s que un corredor hacia el sol adri\u00e1tico. Ofrece, en cambio, una cr\u00f3nica compacta del esfuerzo humano: resiliente, idiosincr\u00e1sica y con un profundo sentido de pertenencia que trasciende la geograf\u00eda. En Montenegro, cada piedra erosionada y cada ensenada serpenteante, similar a un fiordo, invita a la reflexi\u00f3n sobre el paso del tiempo y sobre el v\u00ednculo perdurable entre la tierra y sus habitantes.<\/p>","protected":false},"excerpt":{"rendered":"<p>Montenegro, ubicado en el sureste de Europa, en la pen\u00ednsula balc\u00e1nica, tiene una poblaci\u00f3n de 633.158 habitantes, distribuidos en 25 municipios y con una superficie de 13.812 kil\u00f3metros cuadrados (5.333 millas cuadradas). Esta naci\u00f3n, compacta y diversa, goza de una ubicaci\u00f3n estrat\u00e9gica, ya que limita al noroeste con Bosnia y Herzegovina, al noreste con Serbia, al este con Kosovo y al sureste con Albania. La frontera occidental limita con Croacia, y la costa suroeste se extiende a lo largo de las hermosas aguas azules del mar Adri\u00e1tico, ofreciendo un impresionante paisaje mar\u00edtimo a esta monta\u00f1osa regi\u00f3n.<\/p>","protected":false},"author":1,"featured_media":4896,"parent":24078,"menu_order":0,"comment_status":"closed","ping_status":"closed","template":"elementor_theme","meta":{"_eb_attr":"","footnotes":""},"class_list":["post-12406","page","type-page","status-publish","has-post-thumbnail"],"_links":{"self":[{"href":"https:\/\/travelshelper.com\/es\/wp-json\/wp\/v2\/pages\/12406","targetHints":{"allow":["GET"]}}],"collection":[{"href":"https:\/\/travelshelper.com\/es\/wp-json\/wp\/v2\/pages"}],"about":[{"href":"https:\/\/travelshelper.com\/es\/wp-json\/wp\/v2\/types\/page"}],"author":[{"embeddable":true,"href":"https:\/\/travelshelper.com\/es\/wp-json\/wp\/v2\/users\/1"}],"replies":[{"embeddable":true,"href":"https:\/\/travelshelper.com\/es\/wp-json\/wp\/v2\/comments?post=12406"}],"version-history":[{"count":0,"href":"https:\/\/travelshelper.com\/es\/wp-json\/wp\/v2\/pages\/12406\/revisions"}],"up":[{"embeddable":true,"href":"https:\/\/travelshelper.com\/es\/wp-json\/wp\/v2\/pages\/24078"}],"wp:featuredmedia":[{"embeddable":true,"href":"https:\/\/travelshelper.com\/es\/wp-json\/wp\/v2\/media\/4896"}],"wp:attachment":[{"href":"https:\/\/travelshelper.com\/es\/wp-json\/wp\/v2\/media?parent=12406"}],"curies":[{"name":"wp","href":"https:\/\/api.w.org\/{rel}","templated":true}]}}