{"id":12305,"date":"2024-09-15T22:10:07","date_gmt":"2024-09-15T22:10:07","guid":{"rendered":"https:\/\/travelshelper.com\/staging\/?page_id=12305"},"modified":"2026-03-12T18:44:28","modified_gmt":"2026-03-12T18:44:28","slug":"macedonia-del-norte","status":"publish","type":"page","link":"https:\/\/travelshelper.com\/es\/destinations\/europe\/north-macedonia\/","title":{"rendered":"Macedonia del Norte"},"content":{"rendered":"<p>La Rep\u00fablica de Macedonia del Norte ocupa una extensi\u00f3n sin litoral en el extremo sur de la pen\u00ednsula balc\u00e1nica, abarcando aproximadamente 25.436 kil\u00f3metros cuadrados. Extendi\u00e9ndose entre las latitudes 40\u00b0 y 43\u00b0 N y las longitudes 20\u00b0 y 23\u00b0 E, constituye el tercio norte de la regi\u00f3n geogr\u00e1fica m\u00e1s amplia conocida hist\u00f3ricamente como Macedonia. El pa\u00eds limita al norte con Serbia, al noroeste con Kosovo, al oeste con Albania, al sur con Grecia y al este con Bulgaria, con una frontera terrestre total de unos 748 kil\u00f3metros. Skopie, la capital y el mayor centro urbano de la naci\u00f3n, alberga aproximadamente una cuarta parte de su poblaci\u00f3n, que supera los 1,83 millones de habitantes. La mayor\u00eda demogr\u00e1fica est\u00e1 compuesta por macedonios \u00e9tnicos, un pueblo eslavo meridional, mientras que los albaneses constituyen alrededor de una cuarta parte de la poblaci\u00f3n; las comunidades m\u00e1s peque\u00f1as incluyen turcos, roman\u00edes, serbios, bosnios, arrumanos y otros grupos.<\/p>\n<p>El historial de asentamientos humanos en el territorio que hoy se conoce como Macedonia del Norte se remonta al antiguo reino de Peonia. A finales del siglo VI a. C., la regi\u00f3n cay\u00f3 bajo el dominio de los persas aquem\u00e9nidas, para luego ser incorporada al floreciente Reino de Macedonia en el siglo IV a. C. La Rep\u00fablica Romana anex\u00f3 la zona en el siglo II a. C., integr\u00e1ndola a la provincia de Macedonia. Tras la divisi\u00f3n del reino romano, el territorio permaneci\u00f3 bajo autoridad bizantina, a pesar de las repetidas incursiones y asentamientos de tribus eslavas desde el siglo VI d. C. Durante los siglos siguientes, el control oscil\u00f3 entre las entidades pol\u00edticas rivales b\u00falgaras, bizantinas y serbias, hasta que el Imperio Otomano absorbi\u00f3 la regi\u00f3n a mediados del siglo XIV. El dominio otomano perdur\u00f3 hasta principios del siglo XX, cuando las Guerras de los Balcanes de 1912 y 1913 pusieron las fronteras actuales de Macedonia del Norte bajo soberan\u00eda serbia.<\/p>\n<p>Las convulsiones del siglo XX trajeron consigo nuevos cambios en la gobernanza. Durante la Primera Guerra Mundial, Bulgaria administr\u00f3 el territorio, pero al finalizar la guerra se restableci\u00f3 el dominio serbio dentro del reci\u00e9n constituido Reino de los Serbios, Croatas y Eslovenos. En la Segunda Guerra Mundial, el control pas\u00f3 de nuevo a Bulgaria, y con el establecimiento de la Rep\u00fablica Federativa Socialista de Yugoslavia en 1945, la regi\u00f3n se convirti\u00f3 en una de sus seis rep\u00fablicas constituyentes. Una secesi\u00f3n pac\u00edfica en 1991 dio lugar a la plena independencia, y en 1993 el pa\u00eds se incorpor\u00f3 a las Naciones Unidas bajo el nombre provisional de \u00abex Rep\u00fablica Yugoslava de Macedonia\u00bb (ARY Macedonia), debido a una disputa por el nombre con Grecia. Tras prolongadas negociaciones, el Acuerdo de Prespa de 2018 resolvi\u00f3 esta controversia al estipular el nombre oficial de Rep\u00fablica de Macedonia del Norte, que entr\u00f3 en vigor a principios de 2019.<\/p>\n<p>Desde su independencia, Macedonia del Norte ha buscado la integraci\u00f3n en las estructuras euroatl\u00e1nticas. Se adhiri\u00f3 a la OTAN en 2020 y es miembro del Consejo de Europa, el Banco Mundial, la Organizaci\u00f3n para la Seguridad y la Cooperaci\u00f3n en Europa (OSCE), el Acuerdo de Libre Comercio de Europa Central (CEFTA), la Organizaci\u00f3n de Cooperaci\u00f3n Econ\u00f3mica del Mar Negro (BSEC) y la Organizaci\u00f3n Mundial del Comercio (OMC). Candidato a la adhesi\u00f3n a la Uni\u00f3n Europea desde 2005, el pa\u00eds ha implementado amplias reformas econ\u00f3micas para la transici\u00f3n de un sistema socialista de planificaci\u00f3n centralizada a una econom\u00eda de mercado abierta. Clasificado por el Banco Mundial como un pa\u00eds de ingresos medianos altos, Macedonia del Norte presenta un perfil de pa\u00eds en desarrollo con un \u00cdndice de Desarrollo Humano muy alto, baja desigualdad de ingresos, seguridad social financiada con fondos p\u00fablicos, atenci\u00f3n m\u00e9dica universal y educaci\u00f3n primaria y secundaria gratuita.<\/p>\n<p>La topograf\u00eda de Macedonia del Norte est\u00e1 dominada por un valle central excavado por el r\u00edo Vardar y rodeado de cordilleras. Extendi\u00e9ndose entre los montes \u0160ar, al noroeste, y la cadena Osogovo-Belasica, al sureste, el terreno es en gran parte accidentado. Tres grandes lagos \u2014Ohrid, Prespa y Dojran\u2014 se extienden a ambos lados de la frontera sur del pa\u00eds, compartidos en parte con Albania y Grecia. El lago Ohrid se encuentra entre los lagos m\u00e1s antiguos del mundo, junto con su singular ecosistema acu\u00e1tico. La regi\u00f3n se encuentra en una zona s\u00edsmica activa; en particular, un devastador terremoto en 1963 da\u00f1\u00f3 gravemente Skopie y caus\u00f3 m\u00e1s de 1000 v\u00edctimas mortales.<\/p>\n<p>Dos sistemas monta\u00f1osos principales definen el relieve del pa\u00eds. Los montes \u0160ar y la cordillera Vardar\/Pelagonia Occidental, que comprende picos como el monte Baba, Nid\u017ee, Ko\u017euf y Jakupica, forman parte del sistema Din\u00e1rico y son geol\u00f3gicamente m\u00e1s j\u00f3venes y elevados que la cadena Osogovo\u2013Belasica (R\u00f3dope). El monte Korab, que alcanza los 2764 metros en la frontera con Albania, representa la cumbre m\u00e1s alta del pa\u00eds. Hidrol\u00f3gicamente, las v\u00edas fluviales de Macedonia del Norte drenan en tres cuencas: el Egeo, el Adri\u00e1tico y el Mar Negro. La cuenca del Egeo abarca unos 22\u00a0075 kil\u00f3metros cuadrados (aproximadamente el 87\u00a0% del territorio), y el r\u00edo Vardar, por s\u00ed solo, canaliza el agua del 80\u00a0% de la superficie terrestre. La cuenca del Adri\u00e1tico, definida por el r\u00edo Drin Negro y alimentada por los lagos Prespa y Ohrid, abarca 3320 kil\u00f3metros cuadrados (el 13\u00a0% del pa\u00eds). La cuenca del Mar Negro es la m\u00e1s peque\u00f1a, con solo 37 kil\u00f3metros cuadrados de agua al norte del monte Skopska Crna Gora a trav\u00e9s del Bina\u010dka Morava y el sistema Morava-Danubio. Adem\u00e1s de los tres lagos naturales, el pa\u00eds cuenta con alrededor de cincuenta estanques artificiales y alberga nueve balnearios y centros tur\u00edsticos famosos por sus aguas minerales.<\/p>\n<p>Clim\u00e1ticamente, Macedonia del Norte experimenta cuatro estaciones bien diferenciadas. Los veranos tienden a ser c\u00e1lidos y secos, con temperaturas que ocasionalmente alcanzan los 40 \u00b0C, especialmente en las localidades meridionales de Demir Kapija y Gevgelija, donde las presiones subtropicales del Egeo y las influencias de Oriente Medio generan largos periodos de calor. Los inviernos son moderadamente fr\u00edos y nevados, con temperaturas m\u00ednimas que caen hasta los -20 \u00b0C bajo la influencia de los vientos del norte. El clima se subdivide en tres zonas principales: un r\u00e9gimen continental suave en el norte, un patr\u00f3n mediterr\u00e1neo templado en el sur y un clima monta\u00f1oso en las zonas m\u00e1s elevadas. La precipitaci\u00f3n anual var\u00eda considerablemente, desde 1700 mm en las monta\u00f1as occidentales hasta 500 mm en las tierras bajas orientales; el valle del Vardar registra de forma similar unos 500 mm al a\u00f1o. Estas disparidades clim\u00e1ticas y de riego favorecen el cultivo de diversos cultivos, como trigo, ma\u00edz, patatas, amapolas, cacahuetes y arroz. Treinta estaciones meteorol\u00f3gicas principales en todo el pa\u00eds monitorizan el tiempo y el clima.<\/p>\n<p>Administrativamente, Macedonia del Norte est\u00e1 dividida en ocho regiones estad\u00edsticas concebidas exclusivamente con fines legales y estad\u00edsticos: Oriental, Nororiental, Pelagonia, Polog, Skopie, Suroriental, Suroccidental y Vardar. En agosto de 2004, una reforma estableci\u00f3 84 municipios, de los cuales diez forman la ciudad de Skopie, una unidad aut\u00f3noma independiente y capital del pa\u00eds. La reforma consolid\u00f3 muchos de los 123 municipios existentes desde 1996, revisando sus l\u00edmites y fusionando unidades m\u00e1s peque\u00f1as seg\u00fan fuera necesario. Antes de la introducci\u00f3n de los municipios, el gobierno local operaba a trav\u00e9s de 34 distritos administrativos o comunas.<\/p>\n<p>El turismo constituye un segmento significativo de la econom\u00eda del pa\u00eds, representando el 6,7% del producto interno bruto en 2016 y generando aproximadamente 38.500 millones de denares (616 millones de euros) en ingresos. El conflicto armado de 2001 represent\u00f3 el rev\u00e9s m\u00e1s severo para el turismo tras la independencia; sin embargo, el n\u00famero de visitantes se ha recuperado desde entonces, aumentando un 14,6% en 2011. En 2019, el pa\u00eds recibi\u00f3 1.184.963 llegadas de turistas, de los cuales 757.593 fueron extranjeros, principalmente de Turqu\u00eda, los pa\u00edses vecinos Serbia, Grecia y Bulgaria, as\u00ed como de Polonia y otros pa\u00edses de Europa Occidental. Aproximadamente el 60% de los visitantes se concentran en Skopie y la regi\u00f3n suroeste, atra\u00eddos por el patrimonio cultural, los servicios urbanos y los paisajes naturales. El turismo lacustre, centrado en Ohrid, Prespa y Dojran, constituye la rama m\u00e1s prominente, respaldada por m\u00e1s de cincuenta lagos glaciares m\u00e1s peque\u00f1os. El turismo de monta\u00f1a tambi\u00e9n est\u00e1 muy desarrollado, con diecis\u00e9is picos que superan los 2.000 metros, mientras que el turismo rural y el ecoturismo, el turismo urbano y el turismo cultural florecen a trav\u00e9s de la gastronom\u00eda, la m\u00fasica tradicional, los festivales y los sitios patrimoniales.<\/p>\n<p>La infraestructura de transporte sigue siendo crucial para el desarrollo econ\u00f3mico de Macedonia del Norte. Como estado sin litoral en el coraz\u00f3n de los Balcanes, el pa\u00eds sirve como corredor de tr\u00e1nsito para las mercanc\u00edas que se desplazan desde el puerto de Tesal\u00f3nica en Grecia, a trav\u00e9s del interior de los Balcanes, hacia Europa occidental, central y oriental, as\u00ed como hacia Bulgaria, al este. En 2019, la red de carreteras se extend\u00eda aproximadamente 10\u00a0591 kil\u00f3metros, de los cuales unos 6000 estaban pavimentados. La principal v\u00eda arterial discurre por el eje norte-sur del valle del Vardar, en particular la ruta europea E75, que conecta Grecia con Serbia y otros pa\u00edses. La red ferroviaria, operada por Makedonski \u017deleznici, abarca 922 kil\u00f3metros; su l\u00ednea principal se extiende desde la frontera serbia, pasando por Kumanovo, Skopie y Veles, hasta Gevgelija, en la frontera griega. Desde 2001, una l\u00ednea que une Macedonia del Norte con Bulgaria en Beljakovci ha facilitado la futura conexi\u00f3n Skopie-Sof\u00eda. Skopje sirve como el principal centro ferroviario, con Veles y Kumanovo como nudos secundarios.<\/p>\n<p>Los servicios postales son prestados por la empresa estatal Correos de Macedonia del Norte, fundada en 1992 como PTT Macedonia y adherida a la Uni\u00f3n Postal Universal en 1993. En 1997, las funciones postales y de telecomunicaciones se separaron, dando lugar a Macedonian Telekom y Correos de Macedonia del Norte. El transporte mar\u00edtimo se limita al tr\u00e1fico lacustre en Ohrid y Prespa, principalmente para el turismo. La infraestructura aeron\u00e1utica incluye diecisiete aer\u00f3dromos, once de ellos con pistas pavimentadas, y dos aeropuertos internacionales: el Aeropuerto Internacional de Skopie y el Aeropuerto de Ohrid San Pablo Ap\u00f3stol.<\/p>\n<p>Seg\u00fan el censo nacional de 2021, la poblaci\u00f3n de Macedonia del Norte ascend\u00eda a 1.836.713 habitantes, lo que arroja una densidad de 72,2 personas por kil\u00f3metro cuadrado y una edad promedio de 40,08 a\u00f1os. El censo registr\u00f3 598.632 hogares, con un promedio de 3,06 miembros cada uno, y una distribuci\u00f3n de g\u00e9nero casi uniforme: 50,4 % de mujeres y 49,6 % de hombres. \u00c9tnicamente, predominan los macedonios, seguidos de los albaneses \u2014que se concentran en el noroeste\u2014, los turcos, que oficialmente suman alrededor de 70.000, aunque se estima que la cifra puede llegar a los 200.000, y posiblemente hasta 260.000 roman\u00edes, seg\u00fan algunas evaluaciones. Grupos m\u00e1s peque\u00f1os incluyen serbios, bosnios y arrumanos.<\/p>\n<p>La vida cultural en Macedonia del Norte refleja un rico patrimonio art\u00edstico, arquitect\u00f3nico, literario y musical, con numerosos monumentos religiosos antiguos protegidos como tesoros nacionales. La arquitectura eclesi\u00e1stica abunda en frescos bizantinos que datan de los siglos XI al XVI; varios miles de metros cuadrados de estas pinturas sobreviven en excelente estado, ejemplificando la escuela macedonia de iconograf\u00eda. Los eventos anuales incluyen el Festival de Verano de Ohrid de m\u00fasica cl\u00e1sica y teatro, las Veladas Po\u00e9ticas de Struga, que re\u00fanen a poetas de m\u00e1s de cincuenta pa\u00edses, el Festival Internacional de C\u00e1mara en Bitola, el Festival de Teatro Juvenil Abierto y el Festival de Jazz de Skopie. La \u00d3pera Nacional, inaugurada en 1947 como la \u00d3pera de Macedonia, present\u00f3 su primera producci\u00f3n de Cavalleria rusticana bajo la direcci\u00f3n de Branko Pomori\u0161ac; desde 1972, las Veladas de \u00d3pera de Mayo en Skopie presentan de dos a tres semanas de funciones nocturnas, comenzando con el Zar Samuel de Kiril Makedonski.<\/p>\n<p>Las tradiciones culinarias reflejan la posici\u00f3n del pa\u00eds en la confluencia de las influencias balc\u00e1nicas, mediterr\u00e1neas y de Oriente Medio. Un clima c\u00e1lido produce abundantes verduras, hierbas arom\u00e1ticas y frutas, mientras que las lecher\u00edas y vi\u00f1edos locales producen quesos y vinos de gran prestigio. La rakija, un aguardiente de frutas, acompa\u00f1a al tav\u010de grav\u010de (alubias al horno con pimientos rojos), considerado el plato nacional. La mastika, un licor con sabor a an\u00eds, es la bebida nacional. Otras especialidades populares incluyen la ensalada \u0160opska, el ajvar (una pasta de pimientos rojos asados), los pimientos rellenos y la pastrmajlija (un tipo de pastel de carne).<\/p>\n<p>Los centros urbanos abarcan desde la extensa \u00e1rea metropolitana de Skopie, hogar de m\u00e1s de medio mill\u00f3n de residentes y repleta de mezquitas otomanas, fachadas neocl\u00e1sicas, la fortaleza medieval de Kale y el ic\u00f3nico Puente de Piedra sobre el Vardar, hasta pueblos m\u00e1s peque\u00f1os como Bitola \u2014con sus antiguas murallas, bazares otomanos y caf\u00e9s contempor\u00e1neos\u2014, Kratovo, encaramado en un cr\u00e1ter volc\u00e1nico extinto, y Kru\u0161evo, la ciudad m\u00e1s alta del pa\u00eds y escenario de un levantamiento en 1878. La ciudad lacustre de Ohrid, declarada Patrimonio de la Humanidad por la UNESCO por sus monumentos culturales y su entorno natural, presume de una gran cantidad de iglesias bizantinas, la Iglesia de San Juan en Kaneo, que se alza sobre un acantilado sobre el agua, y una de las colecciones de iconos eslavos m\u00e1s bellas del mundo. Su ciudad hermana, Struga, ofrece un encanto similar con un ambiente m\u00e1s tranquilo.<\/p>\n<p>M\u00e1s all\u00e1 de las zonas urbanas, la campi\u00f1a rebosa de atractivos. El Parque Nacional Pelister, el m\u00e1s antiguo del pa\u00eds, alberga flora y fauna end\u00e9micas y dos lagos glaciares conocidos como &#034;Ojos de Monta\u00f1a&#034;. El Parque Nacional Mavrovo abarca el pico m\u00e1s alto del pa\u00eds, Golem Korab, la profunda garganta del r\u00edo Debar y el Monasterio de Sveti Jovan Bigorski. La reserva natural de Jasen, poco visitada y cercana a Skopie, ofrece h\u00e1bitat para la fauna silvestre y bosques pr\u00edstinos. Otros lugares de inter\u00e9s incluyen la ciudad de piedra de Kuklica, cerca de Kratovo, las torres medievales de Markovi Kuli cerca de Prilep y el yacimiento arqueol\u00f3gico de Stobi, que conserva ruinas de las \u00e9pocas helen\u00edstica, romana y paleocristiana.<\/p>\n<p>En resumen, Macedonia del Norte presenta un entramado de estratos hist\u00f3ricos, diversos paisajes, zonas clim\u00e1ticas y tradiciones culturales. Desde sus antiguos or\u00edgenes, pasando por sucesivos imperios, la federaci\u00f3n socialista y la independencia pac\u00edfica, el pa\u00eds ha forjado una identidad distintiva en el coraz\u00f3n de los Balcanes. Su orograf\u00eda monta\u00f1osa, sus valles s\u00edsmicamente activos, sus lagos cristalinos y sus monumentos urbanos dan testimonio de una geograf\u00eda f\u00edsica compleja, mientras que su mosaico demogr\u00e1fico, sus especialidades culinarias y sus vibrantes festivales reflejan un patrimonio plural. Como centro de tr\u00e1nsito y candidata a la adhesi\u00f3n a la Uni\u00f3n Europea, Macedonia del Norte contin\u00faa equilibrando la reforma econ\u00f3mica con la preservaci\u00f3n cultural, invitando a visitantes y acad\u00e9micos a explorar su legado perdurable y su futuro en evoluci\u00f3n.<\/p>","protected":false},"excerpt":{"rendered":"<p>Macedonia del Norte, oficialmente la Rep\u00fablica de Macedonia del Norte, es una naci\u00f3n sin litoral ubicada en el sureste de Europa, con una poblaci\u00f3n de aproximadamente 1,83 millones de habitantes. Situada en la encrucijada de los Balcanes, esta peque\u00f1a naci\u00f3n limita al sur con Grecia, al oeste con Albania, al este con Bulgaria, al noroeste con Kosovo y al norte con Serbia. Su posici\u00f3n estrat\u00e9gica ha sido fundamental para la formaci\u00f3n de su rica y variada historia, cultura y poblaci\u00f3n.<\/p>","protected":false},"author":1,"featured_media":2831,"parent":24078,"menu_order":0,"comment_status":"closed","ping_status":"closed","template":"elementor_theme","meta":{"_eb_attr":"","footnotes":""},"class_list":["post-12305","page","type-page","status-publish","has-post-thumbnail"],"_links":{"self":[{"href":"https:\/\/travelshelper.com\/es\/wp-json\/wp\/v2\/pages\/12305","targetHints":{"allow":["GET"]}}],"collection":[{"href":"https:\/\/travelshelper.com\/es\/wp-json\/wp\/v2\/pages"}],"about":[{"href":"https:\/\/travelshelper.com\/es\/wp-json\/wp\/v2\/types\/page"}],"author":[{"embeddable":true,"href":"https:\/\/travelshelper.com\/es\/wp-json\/wp\/v2\/users\/1"}],"replies":[{"embeddable":true,"href":"https:\/\/travelshelper.com\/es\/wp-json\/wp\/v2\/comments?post=12305"}],"version-history":[{"count":0,"href":"https:\/\/travelshelper.com\/es\/wp-json\/wp\/v2\/pages\/12305\/revisions"}],"up":[{"embeddable":true,"href":"https:\/\/travelshelper.com\/es\/wp-json\/wp\/v2\/pages\/24078"}],"wp:featuredmedia":[{"embeddable":true,"href":"https:\/\/travelshelper.com\/es\/wp-json\/wp\/v2\/media\/2831"}],"wp:attachment":[{"href":"https:\/\/travelshelper.com\/es\/wp-json\/wp\/v2\/media?parent=12305"}],"curies":[{"name":"wp","href":"https:\/\/api.w.org\/{rel}","templated":true}]}}