{"id":12137,"date":"2024-09-15T15:14:54","date_gmt":"2024-09-15T15:14:54","guid":{"rendered":"https:\/\/travelshelper.com\/staging\/?page_id=12137"},"modified":"2026-03-12T18:45:26","modified_gmt":"2026-03-12T18:45:26","slug":"polonia","status":"publish","type":"page","link":"https:\/\/travelshelper.com\/es\/destinations\/europe\/poland\/","title":{"rendered":"Polonia"},"content":{"rendered":"<p>Polonia se encuentra en el coraz\u00f3n mismo del continente europeo, una naci\u00f3n de poco m\u00e1s de 38 millones de habitantes que se extiende a lo largo de aproximadamente 312.700 km\u00b2 de territorio que se extiende desde las arenosas costas del mar B\u00e1ltico al norte hasta las escarpadas cumbres de los C\u00e1rpatos y los Sudetes al sur. Enclavada entre Alemania al oeste, Lituania y el \u00f3blast ruso de Kaliningrado al noreste, Bielorrusia y Ucrania al este, y Eslovaquia y la Rep\u00fablica Checa al sur, su paisaje es un mosaico de llanuras, colinas ondulantes, densos bosques, miles de lagos y imponentes cumbres, todo ello en un clima templado que oscila entre las suaves brisas oce\u00e1nicas del noroeste y el fresco aire continental del sureste.<\/p>\n<p>Desde los primeros destellos de actividad humana en el Paleol\u00edtico Inferior hasta el resplandor de las farolas en la Varsovia moderna, la historia de Polonia es inseparable de las corrientes m\u00e1s amplias de la historia europea. Tras la \u00daltima Glaciaci\u00f3n, sucesivas oleadas de colonos se asentaron en estas tierras, pero fue a principios de la Edad Media cuando los polacos eslavos occidentales se unieron en una entidad pol\u00edtica bajo la dinast\u00eda Piast. En 966, el duque Mieszko I abraz\u00f3 el cristianismo, una decisi\u00f3n que sent\u00f3 las bases espirituales y pol\u00edticas de lo que se convertir\u00eda en el Reino de Polonia en 1025. Siglos m\u00e1s tarde, la monarqu\u00eda electiva de la Mancomunidad Polaco-Lituana, forjada por la Uni\u00f3n de Lublin en 1569, se hizo famosa por su relativa tolerancia religiosa y su constituci\u00f3n pionera de 1791. Sin embargo, el esplendor de la Edad de Oro no pudo detener la oleada de particiones de finales del siglo XVIII por parte de los imperios vecinos, que borraron a Polonia del mapa durante 123 a\u00f1os.<\/p>\n<p>Cuando cesaron los disparos de agosto de 1914, y de nuevo con el colapso de los imperios en 1918, Polonia resurgi\u00f3 como la Segunda Rep\u00fablica, atravesando un peligroso per\u00edodo de entreguerras marcado por conflictos fronterizos, agitaci\u00f3n social y la ambici\u00f3n de forjar un Estado-naci\u00f3n moderno. Esa fr\u00e1gil independencia se top\u00f3 con un cataclismo en septiembre de 1939, cuando Alemania y la Uni\u00f3n Sovi\u00e9tica invadieron simult\u00e1neamente el pa\u00eds, desatando la Segunda Guerra Mundial en suelo polaco. El Holocausto diezm\u00f3 a la vibrante comunidad jud\u00eda de Polonia y la guerra se cobr\u00f3 millones de vidas polacas. Tras las secuelas, Polonia se encontr\u00f3 dentro de la esfera sovi\u00e9tica como la Rep\u00fablica Popular, con su cultura sometida bajo el Tel\u00f3n de Acero hasta que el auge del movimiento Solidaridad en la d\u00e9cada de 1980 y las trascendentales negociaciones de 1989 restauraron la democracia liberal. Polonia se convirti\u00f3 as\u00ed en el primer sat\u00e9lite sovi\u00e9tico en independizarse, sentando las bases para su adhesi\u00f3n a la OTAN en 1999 y a la Uni\u00f3n Europea en 2004.<\/p>\n<p>Hoy en d\u00eda, Polonia es una rep\u00fablica semipresidencial con un parlamento bicameral (un Sejm y un Senado electos), equilibrado por un presidente y un primer ministro. Su econom\u00eda de mercado ocupa el sexto lugar en la UE en t\u00e9rminos de PIB nominal y el quinto en t\u00e9rminos de paridad de poder adquisitivo; sin embargo, su crecimiento ha superado a muchos de sus pares en las \u00faltimas d\u00e9cadas. El desempleo ronda m\u00ednimos hist\u00f3ricos, en torno al 3%, y una fuerza laboral diversificada ocupa m\u00e1s del 60% en el sector servicios, un tercio en la manufactura y un sector agr\u00edcola floreciente. Los cl\u00fasteres de innovaci\u00f3n prosperan en Varsovia, Cracovia y Breslavia, mientras que la educaci\u00f3n universitaria gratuita y la atenci\u00f3n m\u00e9dica universal contribuyen a un alto nivel de vida y una s\u00f3lida libertad econ\u00f3mica.<\/p>\n<p>Geogr\u00e1ficamente, el pa\u00eds se divide claramente en una llanura central y septentrional surcada por r\u00edos \u2014entre ellos, el majestuoso V\u00edstula, el \u00d3der, el Warta y el Bug\u2014 y un sur accidentado y monta\u00f1oso. La costa b\u00e1ltica se extiende unos 770 km, salpicada de dunas esculpidas por el viento, crestas costeras y bah\u00edas recortadas, entre las que destacan la pen\u00ednsula de Hel y la laguna del V\u00edstula, compartida con Rusia. En el interior, el Distrito de los Lagos de Masuria cuenta con miles de lagos cristalinos, siendo los m\u00e1s grandes el \u015aniardwy y el Mamry, mientras que profundas fisuras como el lago Ha\u0144cza se hunden a m\u00e1s de 100 m bajo la superficie. En el extremo sur, los Sudetes y los C\u00e1rpatos alcanzan sus cumbres m\u00e1s elevadas, con el monte Rysy (2501 m) y el \u015anie\u017cka (1603 m) ofreciendo arduas ascensiones y una recompensa panor\u00e1mica. La altitud media de Polonia es de tan solo 173 m, pero su rango clim\u00e1tico abarca la frescura oce\u00e1nica del noroeste, pasando por zonas templadas de transici\u00f3n, hasta las condiciones alpinas en las alturas de los Tatras. Los veranos alcanzan temperaturas c\u00e1lidas de unos 20 \u00b0C en julio, los inviernos bajan a -1 \u00b0C en diciembre y las precipitaciones alcanzan su m\u00e1ximo de junio a septiembre. Sin embargo, el cambio clim\u00e1tico ha elevado las temperaturas medias anuales por encima de los 9 \u00b0C en la \u00faltima d\u00e9cada, alargando los veranos y reduciendo los inviernos nevados.<\/p>\n<p>Administrativamente, diecis\u00e9is voivodatos (provincias) reflejan regiones hist\u00f3ricas: Mazowieckie se centra en Varsovia y \u0141\u00f3d\u017a, en torno a la industrial Lod\u017a; la Peque\u00f1a Polonia abarca Cracovia y las monta\u00f1as; la Baja Silesia se extiende por la encrucijada cultural de Breslavia. En cada voivodato, un voivoda designado por el gobierno, una asamblea regional electa y un mariscal elegido por dicha asamblea comparten la autoridad, mientras que por debajo de ellos se encuentran 380 condados y 2477 municipios. Las grandes ciudades \u2014los vibrantes nodos de Polonia\u2014 suelen tener estatus de condado y de municipio para gestionar sus crecientes necesidades urbanas.<\/p>\n<p>El encanto natural de Polonia brilla en sus \u00e1reas protegidas: veintitr\u00e9s parques nacionales como Bia\u0142owie\u017ca, el \u00faltimo bosque primigenio de Europa y hogar de bisontes en libertad; el Parque Nacional de los Tatras, donde lagos glaciares como el Morskie Oko brillan bajo cumbres escarpadas; S\u0142owi\u0144ski, famoso por tener las dunas m\u00e1s grandes de Europa; y Karkonoski con sus cascadas. Los parques paisaj\u00edsticos y las zonas de amortiguamiento invitan a senderistas, kayakistas y observadores de aves, mientras que los lagos de Masuria invitan a los navegantes a recorrer sus tranquilas superficies. El \u00d3der y el V\u00edstula, anta\u00f1o arterias comerciales vitales, ahora ofrecen apacibles cruceros por ciudades cargadas de historia.<\/p>\n<p>Los paisajes urbanos de Polonia entrelazan agujas g\u00f3ticas, fachadas barrocas y modernidad vanguardista. El casco antiguo de Varsovia, meticulosamente reconstruido \u2014demolido en 1944 y renacido a partir de pinturas de archivo\u2014 es el eje de la Ruta Real de la capital, conectando palacios, catedrales y parques urbanos. El centro medieval de Cracovia vibra con la vida de los caf\u00e9s en torno a la vasta Plaza del Mercado, su Lonja de los Pa\u00f1os, testimonio del comercio renacentista, y el cercano Castillo de Wawel, guardi\u00e1n de los reyes polacos. Gdansk, el antiguo puerto hanse\u00e1tico, bordea el r\u00edo Moldava con casas comerciales de tonos \u00e1mbar; Breslavia se alza sobre una red de doce islas, repletas de puentes y acogedoras esculturas de &#034;enanos&#034; en sus rincones. La silueta g\u00f3tica intacta de Toru\u0144, la cuadr\u00edcula de \u201cciudad ideal\u201d de Zamo\u015b\u0107 y los lofts de patrimonio industrial de \u0141\u00f3d\u017a narran cada uno un cap\u00edtulo diferente de la evoluci\u00f3n urbana.<\/p>\n<p>Castillos y monumentos rurales salpican el paisaje como joyas engastadas en campos ondulados. Las fortificaciones de ladrillo de Malbork ostentan el t\u00edtulo del castillo m\u00e1s grande del mundo por superficie. La Ruta de los Nidos de \u00c1guila recorre Orla Per\u0107, as\u00ed como las ruinas de Krzy\u017ctop\u00f3r encaramadas en las llanuras, mientras que las iglesias de madera del sur de la Peque\u00f1a Polonia y las Iglesias de la Paz en Jawor y \u015awidnica reflejan el patrimonio espiritual sincr\u00e9tico de Polonia. Los peregrinos ascienden al monasterio de Jasna G\u00f3ra en Cz\u0119stochowa, donde la Virgen Negra atrae multitudes con los colores nacionales blanco y rojo, mientras procesiones al estilo de la Horda narran las luchas y los triunfos de la naci\u00f3n.<\/p>\n<p>La gastronom\u00eda polaca, al igual que su historia, combina una tradici\u00f3n contundente con un resurgimiento creativo. Los pierogi se sirven rellenos de patata, queso o setas silvestres; el bigos se cuece a fuego lento con chucrut, carne de caza y cerdo; el \u017curek, una sopa agria de centeno, se calienta con salchicha y huevo duro. El oscypek, un queso ahumado de monta\u00f1a, marida a la perfecci\u00f3n con la miel local; el makowiec, un panecillo de semillas de amapola, est\u00e1 presente en todas las mesas festivas. La historia escrita del vodka se despliega aqu\u00ed \u2014la palabra &#034;vodka&#034; se susurr\u00f3 por primera vez en los registros medievales\u2014, pero hoy en d\u00eda la cerveza y el vino dominan las reuniones sociales, desde la cerveza lager \u00e1mbar Grodziskie hasta los vinos regionales con infusiones de frutas. La hora del t\u00e9 sigue siendo un evento elegante desde el siglo XIX, mientras que las cafeter\u00edas evocan el siglo XVIII, ofreciendo un respiro arom\u00e1tico en medio de interiores barrocos.<\/p>\n<p>La vida cultural en Polonia bulle todo el a\u00f1o con festivales y tradiciones. La Nochebuena (Wigilia) se desarrolla en torno a un fest\u00edn de doce platos sin carne bajo manteles con incrustaciones de paja, compartiendo obleas (op\u0142atek) y reservando asientos vac\u00edos para los seres queridos ausentes. Los paczki del Jueves de Carnaval brillan con az\u00facar, anunciando la Cuaresma; las celebraciones del dingus h\u00famedo del Lunes de Pascua provocan divertidas guerras de agua entre los j\u00f3venes. El D\u00eda de Todos los Santos, las familias encienden velas sobre las l\u00e1pidas en un luminoso homenaje a los difuntos. Los d\u00edas festivos \u201413 en total\u2014 marcan el calendario desde el D\u00eda de la Constituci\u00f3n en mayo hasta el D\u00eda de la Independencia en noviembre, cada uno de los cuales enmarca la memoria c\u00edvica con desfiles, conciertos y reflexiones en silencio.<\/p>\n<p>Las bellas artes y la arquitectura ilustran las m\u00faltiples influencias de Polonia: las rotondas rom\u00e1nicas dan paso a iglesias g\u00f3ticas de ladrillo rojo; los claustros renacentistas de estilo italiano se alzan junto a las arcadas manieristas polacas; los palacios barrocos y las fachadas neocl\u00e1sicas reflejan las ambiciones de reyes y nobles. El estilo Zakopane, surgido entre los artesanos de Goral, en las faldas de los Tatras, fusiona la ornamentaci\u00f3n de madera tallada con la sensibilidad alpina. La arquitectura popular sobrevive en museos al aire libre, donde caba\u00f1as de troncos, graneros e iglesias fortificadas preservan las formas de vida rurales que la modernizaci\u00f3n casi arras\u00f3.<\/p>\n<p>El idioma y la identidad se entrelazan, ya que el 97 % de los ciudadanos habla polaco como lengua materna, unificada por una gram\u00e1tica eslava y un rico l\u00e9xico. Las lenguas minoritarias y auxiliares, entre ellas el casubio, prosperan en algunos lugares, mientras que la se\u00f1alizaci\u00f3n biling\u00fce honra la herencia compartida de Alemania y Lituania. La generaci\u00f3n erudita actual habla ingl\u00e9s, alem\u00e1n y ruso, y las escuelas y universidades polacas refuerzan la pluralidad ling\u00fc\u00edstica, incluso cuando las tendencias demogr\u00e1ficas registran una baja tasa de fertilidad de 1,33 hijos por mujer y una edad media superior a los 42 a\u00f1os, testimonio del envejecimiento de la sociedad.<\/p>\n<p>Las redes de transporte trazan el papel del pa\u00eds como cruce de caminos. Las autopistas E30 y E40 surcan las arterias continentales, mientras que m\u00e1s de 5.000 km de autopistas y autov\u00edas aceleran el comercio. Los ferrocarriles de Polonia \u2014casi 19.400 km de v\u00edas, el tercero en la UE por longitud\u2014 conectan centros regionales y sistemas de cercan\u00edas de las capitales, bajo la cuidadosa administraci\u00f3n de PKP y operadores locales. Los aeropuertos de Varsovia Chopin, Cracovia-Balice y Gdansk Lech Wa\u0142\u0119sa organizan vuelos diarios a trav\u00e9s de Europa y m\u00e1s all\u00e1, mientras que LOT Polish Airlines opera modernos aviones desde pistas nacionales. Las puertas mar\u00edtimas a lo largo del B\u00e1ltico \u2014Gdansk, Gdynia, Szczecin\u2014 gestionan el transporte de mercanc\u00edas a los mercados globales, y los transbordadores transportan veh\u00edculos y vagones de ferrocarril a trav\u00e9s del mar hasta Escandinavia.<\/p>\n<p>El turismo en Polonia se encuentra en un punto de inflexi\u00f3n entre el descubrimiento y el redescubrimiento. En 2021, las llegadas internacionales situaron a Polonia como el duod\u00e9cimo pa\u00eds m\u00e1s visitado del mundo, con un turismo que representa m\u00e1s del 4 % del PIB y casi 200\u00a0000 personas empleadas en el sector hotelero. Los visitantes acuden a recorrer los diques del V\u00edstula, a pasear bajo las b\u00f3vedas de la catedral de Wawel, a contemplar los pasillos cruciformes de la mina de sal de Wieliczka o a encontrar una soledad cinematogr\u00e1fica en la naturaleza de Bieszczady. Cada visita de regreso revela nuevos festivales, museos, galer\u00edas e instituciones culturales de vanguardia que vibran en los distritos de arte contempor\u00e1neo de Varsovia o en los lofts industriales reconvertidos de \u0141\u00f3d\u017a.<\/p>\n<p>Sin embargo, m\u00e1s all\u00e1 de los monumentos, se encuentra el mayor atractivo de Polonia: su gente. Cari\u00f1osos, resilientes e ingeniosos, los polacos llevan su historia milenaria en la vida cotidiana, conmemorando las luchas del pasado y celebrando los triunfos del presente. Banderas blancas y rojas ondean en los balcones, los ni\u00f1os aprenden danzas tradicionales en las plazas, los artesanos practican artesan\u00edas centenarias en madera, cer\u00e1mica y plata. En caf\u00e9s y cervecer\u00edas al aire libre, las voces se alzan ante platos de estofado casero, debates apasionados animan tanto la pol\u00edtica como la poes\u00eda. Esta interacci\u00f3n entre memoria y modernidad le da a Polonia su energ\u00eda el\u00e9ctrica: un pa\u00eds atemporal y en constante evoluci\u00f3n.<\/p>\n<p>En definitiva, Polonia desaf\u00eda cualquier clasificaci\u00f3n singular. Es una tierra de fortalezas medievales y paisajes urbanos vanguardistas, de solemnes recuerdos y alegres rituales populares, de bosques profundos y cielos abiertos. Su pasado est\u00e1 grabado en castillos, su presente vibra con la innovaci\u00f3n urbana y su futuro brilla en el optimismo de una sociedad que ha superado divisiones, guerras y reg\u00edmenes autoritarios. Para el viajero, Polonia ofrece no solo una lista de sitios de la UNESCO y cumbres monta\u00f1osas, sino una invitaci\u00f3n a adentrarse en el din\u00e1mico coraz\u00f3n de Europa: a escuchar sus historias en calles empedradas y claros de bosque, a degustar su conmovedora gastronom\u00eda en tabernas a la luz de las velas y a encontrar, en cada apret\u00f3n de manos, la resiliencia y la calidez de un pueblo para quien la historia informa, pero no define, lo que le espera.<\/p>","protected":false},"excerpt":{"rendered":"<p>Polonia, formalmente conocida como la Rep\u00fablica de Polonia, se encuentra en Europa Central y tiene una poblaci\u00f3n que supera los 38 millones de habitantes. Su ubicaci\u00f3n estrat\u00e9gica en el centro del continente se extiende desde la costa norte del mar B\u00e1ltico hasta los Sudetes y los C\u00e1rpatos en el sur. Su geograf\u00eda ha sido fundamental para su historia, cultura y crecimiento econ\u00f3mico. Limita al oeste con Alemania, al este con Bielorrusia y Ucrania, al sur con Eslovaquia y la Rep\u00fablica Checa, y al noreste con Lituania y el \u00f3blast ruso de Kaliningrado. Su privilegiada ubicaci\u00f3n la ha convertido en un punto de encuentro crucial entre Europa Oriental y Occidental a lo largo de su historia.<\/p>","protected":false},"author":1,"featured_media":2996,"parent":24078,"menu_order":0,"comment_status":"closed","ping_status":"closed","template":"elementor_theme","meta":{"_eb_attr":"","footnotes":""},"class_list":["post-12137","page","type-page","status-publish","has-post-thumbnail"],"_links":{"self":[{"href":"https:\/\/travelshelper.com\/es\/wp-json\/wp\/v2\/pages\/12137","targetHints":{"allow":["GET"]}}],"collection":[{"href":"https:\/\/travelshelper.com\/es\/wp-json\/wp\/v2\/pages"}],"about":[{"href":"https:\/\/travelshelper.com\/es\/wp-json\/wp\/v2\/types\/page"}],"author":[{"embeddable":true,"href":"https:\/\/travelshelper.com\/es\/wp-json\/wp\/v2\/users\/1"}],"replies":[{"embeddable":true,"href":"https:\/\/travelshelper.com\/es\/wp-json\/wp\/v2\/comments?post=12137"}],"version-history":[{"count":0,"href":"https:\/\/travelshelper.com\/es\/wp-json\/wp\/v2\/pages\/12137\/revisions"}],"up":[{"embeddable":true,"href":"https:\/\/travelshelper.com\/es\/wp-json\/wp\/v2\/pages\/24078"}],"wp:featuredmedia":[{"embeddable":true,"href":"https:\/\/travelshelper.com\/es\/wp-json\/wp\/v2\/media\/2996"}],"wp:attachment":[{"href":"https:\/\/travelshelper.com\/es\/wp-json\/wp\/v2\/media?parent=12137"}],"curies":[{"name":"wp","href":"https:\/\/api.w.org\/{rel}","templated":true}]}}