{"id":11976,"date":"2024-09-15T11:11:06","date_gmt":"2024-09-15T11:11:06","guid":{"rendered":"https:\/\/travelshelper.com\/staging\/?page_id=11976"},"modified":"2026-03-12T21:31:21","modified_gmt":"2026-03-12T21:31:21","slug":"federacion-rusa","status":"publish","type":"page","link":"https:\/\/travelshelper.com\/es\/destinations\/europe\/russian-federation\/","title":{"rendered":"Federaci\u00f3n Rusa"},"content":{"rendered":"<p>Rusia se presenta a la vez como un estudio de extremos y como un mosaico singular de la actividad humana en una extensi\u00f3n que eclipsa a tres continentes. Extendi\u00e9ndose desde el litoral b\u00e1ltico a 19\u00b0 E hasta el margen del Pac\u00edfico a 169\u00b0 O, y desde la costa del mar Negro hasta la frontera \u00e1rtica entre 41\u00b0 y 82\u00b0 N, la Federaci\u00f3n Rusa abarca m\u00e1s de una octava parte de la superficie terrestre habitada del mundo. Con sus 146 millones de habitantes en 2025, ostenta el mayor territorio de la Tierra, abarca once husos horarios y comparte fronteras con catorce pa\u00edses vecinos soberanos. Aunque este territorio alberga un promedio de tan solo ocho personas y media por kil\u00f3metro cuadrado, sus ciudades occidentales rebosan vida; diecis\u00e9is aglomeraciones urbanas superan el mill\u00f3n, y Mosc\u00fa reina como la metr\u00f3polis m\u00e1s poblada de Europa. Esta inmensidad, tanto geogr\u00e1fica como demogr\u00e1fica, consolida el estatus de Rusia como gran potencia al tiempo que configura una historia humana que se desarrolla en climas que van desde el subtropical h\u00famedo hasta el polar, desde el calor continental sofocante hasta el fr\u00edo r\u00e9cord de -71,2 \u00b0C en la Rep\u00fablica de Saj\u00e1.<\/p>\n<p>El entramado de la historia rusa, manifiesto hoy en sus horizontes urbanos, chalets rurales y aldeas fronterizas, comienza en el Paleol\u00edtico Inferior, cuando peque\u00f1os grupos de cazadores-recolectores recorr\u00edan los valles fluviales. Para el siglo III d. C., los eslavos orientales hab\u00edan emergido como un grupo cultural y ling\u00fc\u00edstico diferenciado en la llanura europea. Su consolidaci\u00f3n pol\u00edtica se manifest\u00f3 en el siglo IX con el auge de la Rus de Kiev, centrada en la cuenca baja del Dni\u00e9per. En 988, su Gran Pr\u00edncipe se convirti\u00f3 al cristianismo ortodoxo bajo los auspicios bizantinos, forjando una identidad religiosa que sigue siendo una piedra angular de la vida cultural rusa. La fragmentaci\u00f3n de la Rus de Kiev por incursiones externas y rivalidades internas allan\u00f3 el camino para Moscovia, cuyos grandes duques organizaron principados dispares bajo la \u00e9gida del Gran Ducado de Mosc\u00fa. En 1547, Iv\u00e1n IV asumi\u00f3 el t\u00edtulo de zar, inaugurando el Zarato de Rusia.<\/p>\n<p>Bajo Pedro el Grande y sus sucesores, Rusia proyect\u00f3 su poder por toda Eurasia, adquiriendo territorios desde el B\u00e1ltico hasta el Pac\u00edfico y alcanzando estatura imperial a principios del siglo XVIII. El Imperio ruso emergi\u00f3 como el tercero m\u00e1s grande de la historia, con fronteras estabilizadas por la conquista, la colonizaci\u00f3n y la exploraci\u00f3n. Las monta\u00f1as y las estepas produc\u00edan pieles, cereales y minerales que enriquecieron a la corte de San Petersburgo \u2014la &#034;ventana a Europa&#034; de Pedro\u2014, incluso mientras la servidumbre persist\u00eda en el campo. El fervor revolucionario, nacido de la represi\u00f3n pol\u00edtica y los reveses militares, culmin\u00f3 en 1917. La Revoluci\u00f3n de Febrero puso fin a la autocracia Romanov, y la Revoluci\u00f3n de Octubre instaur\u00f3 la RSFS de Rusia como el primer estado constitucionalmente socialista del mundo.<\/p>\n<p>La guerra civil resultante dio paso a la Uni\u00f3n de Rep\u00fablicas Socialistas Sovi\u00e9ticas, dentro de la cual la RSFS de Rusia ostentaba la preeminencia. Bajo el r\u00e9gimen de Stalin, la industria se reorganiz\u00f3 mediante planes quinquenales, mientras millones de personas sufr\u00edan hambrunas, purgas y trabajos forzados. El triunfo de la Uni\u00f3n Sovi\u00e9tica sobre la Alemania nazi en 1945, logrado con un inmenso coste humano en el Frente Oriental, consolid\u00f3 su estatus de potencia mundial. La era espacial comenz\u00f3 con el Sputnik en 1957 y el vuelo orbital de Yuri Gagarin en 1961, iniciativas que encarnaron la ambici\u00f3n tecnol\u00f3gica de la \u00e9poca. Mientras las tensiones de la Guerra Fr\u00eda crec\u00edan y menguaban, la esfera sovi\u00e9tica lidi\u00f3 con la rivalidad ideol\u00f3gica y militar contra Estados Unidos.<\/p>\n<p>Para diciembre de 1991, la Uni\u00f3n Sovi\u00e9tica se hab\u00eda disuelto; la Federaci\u00f3n Rusa emergi\u00f3 de la RSFS de Rusia con una nueva constituci\u00f3n que establec\u00eda una rep\u00fablica federal semipresidencialista. El cap\u00edtulo postsovi\u00e9tico ha sido testigo de una compleja interacci\u00f3n de reformas de mercado, nacionalismo de los recursos y repliegue pol\u00edtico. Desde el ascenso de Vladimir Putin a la presidencia en 1999, el sistema pol\u00edtico ha derivado hacia el autoritarismo. Las instituciones democr\u00e1ticas se han erosionado, las libertades civiles se han contra\u00eddo y la libertad de prensa ha disminuido. En el extranjero, Rusia ha participado en conflictos en Georgia en 2008 y en Ucrania desde 2014, anexion\u00e1ndose Crimea y, posteriormente, otras regiones ucranianas, violando las normas internacionales.<\/p>\n<p>Sin embargo, la controversia nacional e internacional coexiste con una sociedad arraigada en tradiciones centenarias. El ruso sigue siendo el idioma oficial y predominante, la lengua eslava m\u00e1s hablada y una de las seis que existen en las Naciones Unidas y dos a bordo de la Estaci\u00f3n Espacial Internacional. Su literatura \u2014Tolst\u00f3i, Dostoievski, Turgu\u00e9niev\u2014 ha moldeado el pensamiento europeo; sus compositores \u2014Chaikovski, Stravinski\u2014 han enriquecido el canon mundial; sus compa\u00f1\u00edas de ballet siguen siendo paradigmas de la disciplina cl\u00e1sica; sus teatros y museos dan testimonio de una pasi\u00f3n por el arte que abarca desde la pintura de iconos hasta el cine de vanguardia.<\/p>\n<p>Geogr\u00e1ficamente, los contornos de Rusia est\u00e1n definidos por nueve grandes sistemas monta\u00f1osos. Al sur, las monta\u00f1as del C\u00e1ucaso se elevan hasta el monte Elbr\u00fas, de 5642 m, la cumbre m\u00e1s alta de Europa. Las cordilleras de Alt\u00e1i y Sayan en Siberia, y los picos volc\u00e1nicos de Kamchatka, incluyendo Klyuchevskaya Sopka a 4750 m, dan fe de la inestabilidad tect\u00f3nica del pa\u00eds. Los montes Urales, ricos en minerales y piedras preciosas, forman la tradicional l\u00ednea divisoria entre Europa y Asia. Sus puntos m\u00e1s bajos se hunden hasta 29 m bajo el nivel del mar en la Depresi\u00f3n del Caspio, mientras que sus costas \u00e1rticas y pac\u00edficas convierten a Rusia en uno de los tres estados que tocan tres oc\u00e9anos y custodian m\u00e1s de 37\u00a0653 km de costa. Islas tan remotas como Wrangel y la Tierra de Francisco Jos\u00e9 vigilan el \u00c1rtico, mientras que Sajal\u00edn y las Kuriles marcan los l\u00edmites del Lejano Oriente, algunos disputados por Jap\u00f3n.<\/p>\n<p>El interior de Rusia est\u00e1 atravesado por m\u00e1s de 100.000 r\u00edos y alberga lagos que contienen una cuarta parte del agua dulce l\u00edquida del mundo. El lago Baikal, con 1.642 m de profundidad, es la cuenca lacustre m\u00e1s profunda y antigua de la Tierra, albergando m\u00e1s de una quinta parte de toda el agua dulce superficial. Al oeste se encuentran L\u00e1doga y Onega, entre los m\u00e1s grandes de Europa. El Volga, el &#034;R\u00edo Madre&#034;, recorre las llanuras occidentales hasta su vasto delta en el norte del Caspio, mientras que el Obi, el Yenis\u00e9i, el Lena y el Amur drenan Siberia hacia el \u00c1rtico y el Pac\u00edfico. Estas v\u00edas fluviales han moldeado los patrones de asentamiento y transporte desde la \u00e9poca medieval hasta la era de las barcazas industriales.<\/p>\n<p>Los reg\u00edmenes clim\u00e1ticos cambian abruptamente de norte a sur y de este a oeste. Siberia sufre inviernos sub\u00e1rticos con temperaturas extremadamente bajas, contrastados con veranos calurosos que ven c\u00f3mo los valles fluviales se transforman en oasis continentales. Los archipi\u00e9lagos \u00e1rticos y la tundra se encuentran bajo influencia polar; la costa del mar Negro, alrededor de Sochi, disfruta de inviernos subtropicales h\u00famedos que recuerdan al Mediterr\u00e1neo; escasas brisas tropicales llegan al litoral semi\u00e1rido del Caspio y a las laderas del sur de Siberia; y las llanuras mar\u00edtimas occidentales perciben la temperancia atl\u00e1ntica en Kaliningrado y a lo largo del B\u00e1ltico. Una breve primavera y un oto\u00f1o enmarcan las dos estaciones dominantes, invierno y verano, mientras los agricultores y los trabajadores al aire libre se preparan para afrontar los meses de nieve o las olas de calor. El cambio clim\u00e1tico intensifica los incendios forestales, descongela el permafrost y modifica los patrones de precipitaci\u00f3n y agricultura.<\/p>\n<p>Administrativamente, la federaci\u00f3n comprende 83 sujetos federales: 46 \u00f3blasts, 21 rep\u00fablicas, nueve krais, cuatro okrugs aut\u00f3nomos, dos ciudades federales y un \u00f3blast aut\u00f3nomo. Rusia Central, durante mucho tiempo el coraz\u00f3n cultural, presume de Mosc\u00fa y sus \u00f3blasts sat\u00e9lite, Yaroslavl y Vlad\u00edmir, con sus iglesias medievales. La regi\u00f3n de Chernozem, al sur de Mosc\u00fa (Kursk, Vor\u00f3nezh), conserva suelos negros que alimentaron a ej\u00e9rcitos y campesinos durante guerras y hambrunas. El noroeste de Rusia, con San Petersburgo como punto de referencia, se extiende hasta el Mar Blanco y los bosques de Carelia. En el sur, la pen\u00ednsula de Crimea y las rep\u00fablicas del C\u00e1ucaso presentan contrastes de centros tur\u00edsticos subtropicales y escarpadas culturas monta\u00f1osas. La regi\u00f3n del Volga bulle con la industria y la herencia t\u00e1rtara en Kaz\u00e1n y Samara, mientras que los Urales, Siberia y el Lejano Oriente ofrecen minerales, bosques y fronteras que desaf\u00edan la infraestructura y la gobernanza por igual.<\/p>\n<p>La vida urbana en Rusia refleja esta diversidad regional. El horizonte de Mosc\u00fa yuxtapone c\u00fapulas de cebolla con torres de cristal, y sus calles evocan siglos de zares y planificadores sovi\u00e9ticos. El metro de Mosc\u00fa, profusamente adornado, sirve tanto de red de transporte como de arte p\u00fablico. San Petersburgo, fundada por Pedro el Grande, se extiende a lo largo de canales y avenidas neocl\u00e1sicas bajo el resplandor de sus legendarias noches blancas. Kaz\u00e1n une catedrales ortodoxas con minaretes, emblem\u00e1ticos de la federaci\u00f3n multi\u00e9tnica de Rusia. Nizhni N\u00f3vgorod, Irkutsk, Ekaterimburgo y Vladivostok son puertos, centros industriales y centros culturales, cada uno de los cuales revela cap\u00edtulos distintivos de la historia y la vida econ\u00f3mica rusas. Los monumentos sovi\u00e9ticos de Volgogrado recuerdan el cataclismo de Stalingrado; la costa subtropical de Sochi foment\u00f3 una reinvenci\u00f3n ol\u00edmpica en 2014; las iglesias de madera de Kij\u00ed flotan como recuerdos en el lago Onega.<\/p>\n<p>El turismo, antes modesto en la era sovi\u00e9tica, ha experimentado altibajos debido a la geopol\u00edtica y las pandemias. En 2019, las visitas extranjeras a Rusia alcanzaron los 24,4 millones, lo que contribuy\u00f3 con un 4,8 % al PIB. La Plaza Roja, el Hermitage y la Galer\u00eda Tretiakov atraen a quienes se interesan por el arte y la historia. El conjunto de ciudades del Anillo de Oro \u2014S\u00fazdal, Rostov, Vlad\u00edmir\u2014 ofrece ejemplos de arquitectura eclesi\u00e1stica. El Ferrocarril Transiberiano invita a los viajeros intr\u00e9pidos a recorrer 9000 km entre continentes. Los g\u00e9iseres y osos de Kamchatka, las profundidades azul hielo del lago Baikal, la fortaleza mon\u00e1stica de Solovetsky y los Bosques V\u00edrgenes de Komi permanecen fuera del resplandor de la metr\u00f3poli, accesibles solo en barcaza fluvial o avioneta. La lista de 32 sitios declarados Patrimonio de la Humanidad por la UNESCO de Rusia da fe de su riqueza natural y cultural; sin embargo, su lejan\u00eda garantiza que muchos senderos permanezcan poco transitados.<\/p>\n<p>Demogr\u00e1ficamente, Rusia se enfrenta a los desaf\u00edos del envejecimiento de la poblaci\u00f3n y la baja fertilidad, con una tasa de fecundidad total de 1,41 nacimientos por mujer en 2024. La urbanizaci\u00f3n ha atra\u00eddo a dos tercios de los residentes a las ciudades, a pesar de que la densidad nacional se desploma al este de los Urales. La edad media, de 41,9 a\u00f1os, sit\u00faa a la sociedad entre las m\u00e1s envejecidas del mundo, con implicaciones para las pensiones, la atenci\u00f3n m\u00e9dica y el mercado laboral. La emigraci\u00f3n y las pol\u00edticas migratorias, en particular en lo que respecta a las antiguas rep\u00fablicas sovi\u00e9ticas, siguen configurando la composici\u00f3n \u00e9tnica y profesional de las ciudades, desde Mosc\u00fa hasta Magad\u00e1n.<\/p>\n<p>La gastronom\u00eda y la convivencia reflejan tanto el clima como la historia. Los sustanciosos panes de centeno y trigo resisten los fr\u00edos inviernos; las sopas \u2014shchi, borsch, ukha\u2014 combinan carnes, tub\u00e9rculos y crema agria para aportar energ\u00eda y calor. Los blinis, pirozhki y syrniki amenizan los desayunos y las meriendas. Los pelmeni y los golubtsy se basan en carne y repollo en rollos y panecillos que evocan el ingenio campesino. El stroganoff de ternera y el pollo Kiev evocan la aristocracia, mientras que el shashlik anima las parrilladas festivas. El kvas, una antigua bebida fermentada, calma la sed con una suave efervescencia; el vodka, destilado desde el siglo XIV, sigue siendo el emblema de los brindis rusos, mientras que la cerveza y el vino gozan de popularidad en la cultura juvenil moderna.<\/p>\n<p>En esta vasta naci\u00f3n, el pasado y el presente coexisten en una compleja combinaci\u00f3n de capas. Los palacios barrocos de Catalina y los monumentos sovi\u00e9ticos se alzan junto a torres de oficinas con fachadas de cristal. Los campanarios ortodoxos enmarcan los nuevos bloques de condominios. Los ecos de los zares y el Politbur\u00f3 se entremezclan en las salas de los museos. Monta\u00f1as y bosques custodian pueblos que hablan dialectos de Ucrania, Finlandia y Asia. Los r\u00edos siguen transportando barcazas y vapores de pasajeros seg\u00fan patrones establecidos por decreto imperial y iniciativa colectiva. Once husos horarios se despliegan al ritmo del mediod\u00eda y la medianoche, pero una sola bandera y un solo mito nacional unen a los pueblos de B\u00e9lgorod y Petropavlovsk-Kamchatski.<\/p>\n<p>En definitiva, Rusia no es un monolito ni un milagro, sino una entidad en constante cambio y de vastas proporciones. Sus riquezas en petr\u00f3leo, gas, madera y minerales sustentan una econom\u00eda que ocupa el und\u00e9cimo lugar en PIB nominal, pero deben equilibrarse con una gobernanza que genera controversia, una sociedad civil restringida y una prensa constre\u00f1ida. Su peso estrat\u00e9gico se refleja en un arsenal nuclear sin parang\u00f3n fuera de Estados Unidos, y en su influencia diplom\u00e1tica como miembro permanente del Consejo de Seguridad de las Naciones Unidas y eje central del G20, los BRICS y acuerdos regionales, desde la Comunidad de Estados Independientes hasta la Uni\u00f3n Econ\u00f3mica Euroasi\u00e1tica. Sin embargo, el entorno humano \u2014ciudades, pueblos, r\u00edos y monta\u00f1as\u2014 sigue siendo la verdadera moneda de cambio de la identidad rusa. Es aqu\u00ed, entre bosques de abedules y catedrales de m\u00e1rmol, en lagos helados y estepas ba\u00f1adas por el sol, donde la esencia de esta naci\u00f3n puede percibirse con mayor profundidad.<\/p>\n<p>Esta es Rusia como escenario y actor: heredera de milenios de presencia humana y crisol del poder moderno. Es un lugar donde la historia est\u00e1 inscrita en piedra y acero, donde la naturaleza afirma su grandeza m\u00e1s all\u00e1 del alcance del hombre, y donde el siguiente giro de la cr\u00f3nica permanece sin escribir, pero moldeado por la inmensidad que ocupa y sus habitantes.<\/p>","protected":false},"excerpt":{"rendered":"<p>Rusia, formalmente conocida como la Federaci\u00f3n Rusa, es el pa\u00eds m\u00e1s grande del mundo en extensi\u00f3n territorial, abarcando Europa Oriental y el norte de Asia. Con una poblaci\u00f3n de aproximadamente 146 millones en 2024, ocupaba el d\u00e9cimo lugar a nivel mundial y era la naci\u00f3n m\u00e1s poblada de Europa. Con once husos horarios y fronteras terrestres con catorce pa\u00edses, este vasto pa\u00eds es un monstruo geogr\u00e1fico con un territorio sin igual.<\/p>","protected":false},"author":1,"featured_media":4357,"parent":24078,"menu_order":0,"comment_status":"closed","ping_status":"closed","template":"elementor_theme","meta":{"_eb_attr":"","footnotes":""},"class_list":["post-11976","page","type-page","status-publish","has-post-thumbnail"],"_links":{"self":[{"href":"https:\/\/travelshelper.com\/es\/wp-json\/wp\/v2\/pages\/11976","targetHints":{"allow":["GET"]}}],"collection":[{"href":"https:\/\/travelshelper.com\/es\/wp-json\/wp\/v2\/pages"}],"about":[{"href":"https:\/\/travelshelper.com\/es\/wp-json\/wp\/v2\/types\/page"}],"author":[{"embeddable":true,"href":"https:\/\/travelshelper.com\/es\/wp-json\/wp\/v2\/users\/1"}],"replies":[{"embeddable":true,"href":"https:\/\/travelshelper.com\/es\/wp-json\/wp\/v2\/comments?post=11976"}],"version-history":[{"count":0,"href":"https:\/\/travelshelper.com\/es\/wp-json\/wp\/v2\/pages\/11976\/revisions"}],"up":[{"embeddable":true,"href":"https:\/\/travelshelper.com\/es\/wp-json\/wp\/v2\/pages\/24078"}],"wp:featuredmedia":[{"embeddable":true,"href":"https:\/\/travelshelper.com\/es\/wp-json\/wp\/v2\/media\/4357"}],"wp:attachment":[{"href":"https:\/\/travelshelper.com\/es\/wp-json\/wp\/v2\/media?parent=11976"}],"curies":[{"name":"wp","href":"https:\/\/api.w.org\/{rel}","templated":true}]}}