{"id":11908,"date":"2024-09-14T20:46:24","date_gmt":"2024-09-14T20:46:24","guid":{"rendered":"https:\/\/travelshelper.com\/staging\/?page_id=11908"},"modified":"2026-03-12T21:10:24","modified_gmt":"2026-03-12T21:10:24","slug":"rumania","status":"publish","type":"page","link":"https:\/\/travelshelper.com\/es\/destinations\/europe\/romania\/","title":{"rendered":"Rumania"},"content":{"rendered":"<p>Ruman\u00eda ocupa 238.397 kil\u00f3metros cuadrados en la confluencia de Europa central, oriental y sudoriental, un territorio atravesado por la cordillera de los C\u00e1rpatos y acariciado por el mar Negro; sus 19 millones de habitantes constituyen el sexto estado m\u00e1s poblado de la Uni\u00f3n Europea.<\/p>\n<p>Desde el momento en que se cruza a territorio rumano, ya sea en tren desde Hungr\u00eda a trav\u00e9s de la llanura pan\u00f3nica, en coche desde Bulgaria pasando por las suaves colinas del sur de Valaquia o en ferry hasta el bullicioso puerto de Constanza, es evidente que esta tierra se define por sus contornos. El arco de los C\u00e1rpatos esculpe una amplia media luna desde la frontera noroeste cerca de Ucrania hacia el suroeste, proyectando largas sombras sobre mesetas y valles. Aqu\u00ed, donde el pico Moldoveanu se eleva a 2.544 metros, el clima continental produce inviernos crudos, veranos de calor moderado y precipitaciones que cubren las cordilleras occidentales m\u00e1s altas con m\u00e1s de 750 mil\u00edmetros de lluvia cada a\u00f1o, mientras que las tierras bajas alrededor de Bucarest registran cerca de 570 mil\u00edmetros. El Danubio, el segundo r\u00edo m\u00e1s largo de Europa, corre a lo largo de la frontera sur antes de extenderse hacia los 5.800 kil\u00f3metros cuadrados de marismas del delta del Danubio, el humedal continuo m\u00e1s grande de Europa y una reserva de la biosfera de notable biodiversidad.<\/p>\n<p>El asentamiento de lo que hoy es Ruman\u00eda se remonta al Paleol\u00edtico Inferior, mucho antes de que las legiones romanas desembarcaran en la costa del Mar Negro. Durante siglos, el Reino Dacio domin\u00f3 la cuenca de los C\u00e1rpatos, hasta que las campa\u00f1as del emperador Trajano a principios del siglo II d. C. iniciaron un proceso de romanizaci\u00f3n cuyo eco ling\u00fc\u00edstico perdura en el rumano. A esto le siguieron milenios de fronteras y alianzas cambiantes. En 1859, los principados de Moldavia y Valaquia se unieron bajo el reinado de Alexandru Ioan Cuza, cristalizando el estado rumano moderno. La independencia de la soberan\u00eda otomana lleg\u00f3 en 1877, ratificada por el Tratado de Berl\u00edn, y dos a\u00f1os m\u00e1s tarde, Carlos I ascendi\u00f3 como el primer rey de Ruman\u00eda. La Primera Guerra Mundial ampli\u00f3 estos dominios: Transilvania, Banat, Bucovina y Besarabia se fusionaron con el \u00abReino Antiguo\u00bb para formar la Gran Ruman\u00eda, un estado cuyos per\u00edmetros norte, sur y oeste rozaban las fronteras de Hungr\u00eda, Bulgaria y lo que se convertir\u00eda en la Uni\u00f3n Sovi\u00e9tica. La presi\u00f3n del Eje en 1940 provoc\u00f3 la p\u00e9rdida de territorios ante Hungr\u00eda, Bulgaria y la administraci\u00f3n sovi\u00e9tica. Sin embargo, un golpe de Estado en agosto de 1944 realine\u00f3 al pa\u00eds con los Aliados y, mediante los Tratados de Paz de Par\u00eds, restaur\u00f3 Transilvania del Norte. Bajo la ocupaci\u00f3n sovi\u00e9tica, la abdicaci\u00f3n del rey Miguel I dio paso a la rep\u00fablica socialista que se adhiri\u00f3 al Pacto de Varsovia, para luego disolverse en medio de la Revoluci\u00f3n de diciembre de 1989, cuando Ruman\u00eda opt\u00f3 por la democracia liberal y la econom\u00eda de mercado.<\/p>\n<p>La Rumania actual est\u00e1 clasificada por el Banco Mundial como una econom\u00eda de altos ingresos y por los polit\u00f3logos como una potencia intermedia. Su rep\u00fablica semipresidencial se rige por un sistema multipartidista que equilibra el poder ejecutivo y el legislativo, mientras que su pertenencia a la Uni\u00f3n Europea, la OTAN y la Organizaci\u00f3n de Cooperaci\u00f3n Econ\u00f3mica del Mar Negro subraya su peso estrat\u00e9gico. En 2024, el PIB del pa\u00eds en paridad de poder adquisitivo se acerc\u00f3 a los 894\u00a0000 millones de d\u00f3lares estadounidenses, lo que equivale a 47\u00a0203 d\u00f3lares estadounidenses per c\u00e1pita, un recuerdo de una d\u00e9cada marcada por la inestabilidad macroecon\u00f3mica y un crecimiento err\u00e1tico que dio paso a una trayectoria de s\u00f3lida expansi\u00f3n desde el a\u00f1o 2000. El ascenso de Rumania de \u00abfrontera\u00bb a \u00abmercado emergente secundario\u00bb en el \u00edndice FTSE Russell en septiembre de 2020 reflej\u00f3 su evoluci\u00f3n; la Bolsa de Valores de Bucarest ahora cuenta con una capitalizaci\u00f3n burs\u00e1til de 74\u00a0000 millones de d\u00f3lares estadounidenses y negocia unos 7200 millones de d\u00f3lares estadounidenses anuales a trav\u00e9s de sus ochenta y seis empresas cotizadas. La industria automotriz y las manufacturas relacionadas se encuentran entre sus principales exportaciones, mientras que su reputaci\u00f3n como centro tecnol\u00f3gico ha sido consolidada por algunas de las velocidades promedio de Internet m\u00e1s r\u00e1pidas del mundo.<\/p>\n<p>La infraestructura de transporte refleja este dinamismo. La red vial total de Ruman\u00eda se extiende por 86.080 kil\u00f3metros, y el cuarto sistema ferroviario m\u00e1s grande de Europa ofrece m\u00e1s de 22.000 kil\u00f3metros de v\u00edas. Tras un declive en los viajes en tren despu\u00e9s de 1989, las inversiones recientes y la privatizaci\u00f3n parcial han impulsado una recuperaci\u00f3n, transportando casi el 45 por ciento del tr\u00e1fico de mercanc\u00edas y pasajeros del pa\u00eds. Dentro de la capital, el metro de Bucarest, una red de ochenta kil\u00f3metros de l\u00edneas subterr\u00e1neas inaugurada en 1979, acomoda a m\u00e1s de 720.000 pasajeros cada d\u00eda laborable. El transporte a\u00e9reo es atendido por diecis\u00e9is aeropuertos internacionales, el principal de ellos es el Aeropuerto Internacional Henri Coand\u0103 en Otopeni, por el que pasaron m\u00e1s de 12,8 millones de pasajeros en 2017.<\/p>\n<p>La naturaleza persiste en casi la mitad de la superficie terrestre de Ruman\u00eda, segmentada en seis ecorregiones terrestres, desde los bosques mixtos de los Balcanes del suroeste hasta las estepas p\u00f3nticas que bordean el Mar Negro. Unos 10.000 kil\u00f3metros cuadrados (aproximadamente el cinco por ciento del territorio nacional) est\u00e1n protegidos como trece parques nacionales y tres reservas de la biosfera. Solo el delta del Danubio alberga 1.688 especies de plantas y m\u00e1s de 300 variedades de aves, mientras que casi el 27 por ciento de los bosques de Ruman\u00eda permanecen intactos, entre las mayores extensiones de este tipo de Europa. La fauna incluye aproximadamente 33.792 especies (de las cuales 707 son vertebrados) que albergan a la mitad de la poblaci\u00f3n de osos pardos de Europa fuera de Rusia y al 20 por ciento de sus lobos. Las iniciativas de conservaci\u00f3n han identificado 23 especies de plantas como monumentos naturales y documentado 39 como en peligro de extinci\u00f3n.<\/p>\n<p>Las regiones de Ruman\u00eda se despliegan como narrativas en s\u00ed mismas. El coraz\u00f3n monta\u00f1oso de Transilvania est\u00e1 atravesado por los Alpes transilvanos, donde ciudades medievales como Sibiu y Sighi\u0219oara se alzan entre ciudadelas a la sombra de robles. Banat, al oeste, combina llanuras pan\u00f3nicas con ciudades barrocas y tramos de pueblos de influencia alemana, apuntalados por las laderas boscosas de las colinas orientales. Oltenia, al suroeste, alberga antiguos monasterios rupestres y balnearios termales en las estribaciones de los C\u00e1rpatos antes de dar paso a una extensi\u00f3n semi\u00e1rida que evoca un desierto estepario. El sur de Bucovina, al noreste, es c\u00e9lebre por sus complejos mon\u00e1sticos pintados, con exteriores con frescos que se yerguen como iconograf\u00edas secretas entre ondulantes colinas. Maramure\u0219, la provincia m\u00e1s septentrional, sigue siendo un basti\u00f3n de la carpinter\u00eda de madera en iglesias y de las tradiciones campesinas, con sus ondulantes paisajes atravesados \u200b\u200bpor arroyos de curso lento. Cri\u015fana, a lo largo de la frontera h\u00fangara, acoge a la mayor\u00eda de los viajeros por tierra, quienes a veces pasan por alto sus pueblos de estilo centroeuropeo y los retiros de la cordillera Apuseni. El norte de Dobruja, colindante con el mar Negro, combina ruinas de asentamientos griegos y romanos con zonas tur\u00edsticas como Mamaia y los humedales v\u00edrgenes del delta del Danubio. El entramado cultural de Moldavia abarca monasterios fortificados, ciudades-burgo y suaves llanuras salpicadas de vi\u00f1edos. Finalmente, Muntenia abraza Bucarest \u2014donde la &#034;Casa del Pueblo&#034; de Nicolae Ceau\u015fescu se alza sobre los barrios medievales\u2014 y el coraz\u00f3n valaco de las fortalezas ancestrales de Vlad \u015eepe\u015f y las estaciones de esqu\u00ed del valle de Prahova.<\/p>\n<p>La vida urbana en Ruman\u00eda es multifac\u00e9tica. Bucarest, la mayor metr\u00f3polis y n\u00facleo financiero del pa\u00eds, yuxtapone los bulevares de la Belle \u00c9poque del siglo XIX con las colosales estructuras del modernismo socialista de Ceau\u015fescu. Cluj-Napoca, sede de una de las mayores poblaciones estudiantiles de Europa, irradia energ\u00eda juvenil a trav\u00e9s de sus universidades y florecientes empresas tecnol\u00f3gicas. Timi\u015foara, a menudo elogiada por su patrimonio multicultural y su arquitectura Art Nouveau, fue la cuna de la Revoluci\u00f3n de 1989. Ia\u015fi, anta\u00f1o capital de un principado moldavo, sigue siendo un centro literario y educativo, con sus plazas p\u00fablicas flanqueadas por palacios barrocos. Constanza, a orillas del Mar Negro, es a la vez un puerto comercial y un destino tur\u00edstico. Bra\u015fov, enclavada bajo los picos de los C\u00e1rpatos, atrae a monta\u00f1eros a Poiana Bra\u015fov y a los aficionados a la historia a la cercana Ciudadela de R\u00e2\u015fnov y al llamado Castillo de Dr\u00e1cula en Bran. Otras joyas, como Sibiu, Sighi\u015foara, Alba Iulia y Bistri\u0163a, ofrecen n\u00facleos medievales preservados y tranquilas avenidas donde el adoqu\u00edn evoca siglos de procesiones y peregrinaciones.<\/p>\n<p>El turismo se ha consolidado como un motor econ\u00f3mico vital, representando alrededor del cinco por ciento del PIB y atrayendo a 14 millones de visitantes extranjeros en 2024. El verano en la costa del Mar Negro sigue siendo un atractivo, con las playas de Mamaia y el paseo mar\u00edtimo de Constanza, repleto de cafeter\u00edas y spas. Los inviernos atraen a los esquiadores a Sinaia, Predeal y Poiana Bra\u0219ov, mientras que las iglesias pintadas del norte de Moldavia y los santuarios de madera de Maramure\u0219 atraen a los viajeros culturales. El turismo rural prospera en pueblos que conservan el folclore tradicional, desde la proximidad de Bran a la leyenda de la lengua venenosa de Dr\u00e1cula hasta las iglesias fortificadas de Transilvania y la extensa ruta V\u00eda Transilv\u00e1nica, que serpentea por diez condados como testimonio de los ideales del viaje lento. Las inversiones en hosteler\u00eda \u2014unos 400 millones de euros en 2005\u2014 han modernizado los hoteles, aunque muchas pensiones conservan la arquitectura vern\u00e1cula y el sarmale (rollitos de col) casero. Tan solo el Castillo de Bran atrae a cientos de miles de personas cada a\u00f1o; sus torres y estrechos patios reflejan tanto la defensa medieval como el marketing moderno. El delta del Danubio sigue siendo un santuario para los observadores de la fauna, que navegan por canales repletos de juncos en esquifes de madera para avistar pel\u00edcanos y aguiluchos laguneros.<\/p>\n<p>El mosaico demogr\u00e1fico de Ruman\u00eda est\u00e1 cambiando. El censo de 2021 registr\u00f3 19.053.815 residentes. Los rumanos \u00e9tnicos constituyen el 89,33%, los h\u00fangaros el 6,05% y los roman\u00edes el 3,44%, aunque estimaciones independientes sit\u00faan la proporci\u00f3n de roman\u00edes cerca del 8%. Las comunidades h\u00fangaras siguen siendo mayoritarias en los condados de Harghita y Covasna, y peque\u00f1os enclaves de ucranianos, alemanes, turcos, lipovanos, arrumanos, t\u00e1rtaros y serbios se extienden por el territorio. La migraci\u00f3n tras la adhesi\u00f3n a la UE y las bajas tasas de natalidad han iniciado un declive gradual de la poblaci\u00f3n, a pesar del crecimiento de los centros urbanos debido a la reubicaci\u00f3n interna y a la llegada de expatriados extranjeros que buscan oportunidades en los sectores tecnol\u00f3gico y de la industria automotriz.<\/p>\n<p>El patrimonio cultural de Ruman\u00eda ha sido reconocido a trav\u00e9s de once Sitios Patrimonio Mundial de la UNESCO \u2014seis culturales y cinco naturales\u2014, que abarcan desde los monasterios pintados de Bucovina hasta el sistema deltaico intacto del delta del Danubio. Este reconocimiento subraya una paradoja central: Ruman\u00eda es a la vez una tierra donde la historia se palpa en cada portal de madera tallada y almena patinada, y una sociedad que se impulsa hacia el siglo XXI con cables de fibra \u00f3ptica y plantas de semiconductores. Uno puede recorrer un camino rural bordeado de girasoles bajo una b\u00f3veda azul, encontrarse con un pastor pastoreando ovejas al amanecer y, horas despu\u00e9s, subir a un tren de alta velocidad con destino al distrito comercial de Bucarest, con fachada de cristal.<\/p>\n<p>La historia rumana es una de convergencias: el lat\u00edn florece entre influencias eslavas, magiares y otomanas; plazas barrocas habitadas por estudiantes universitarios y peregrinos ortodoxos; monta\u00f1as boscosas que albergan a los \u00faltimos grandes carn\u00edvoros de Europa y valles salpicados de parques solares. Es una naci\u00f3n donde el palimpsesto de la historia permanece visible \u2014calzadas romanas bajo autopistas modernas, ayuntamientos medievales junto a elegantes fachadas de cristal\u2014 y donde las m\u00e9tricas econ\u00f3micas del PIB y la capitalizaci\u00f3n burs\u00e1til deben medirse junto con la silenciosa persistencia de las canciones populares y el coro de las cigarras al atardecer.<\/p>\n<p>En esta convergencia reside el perdurable atractivo de Ruman\u00eda: un pa\u00eds a la vez antiguo y emergente, con una identidad forjada por la geograf\u00eda y la \u00e9poca, y una gente protectora de una tierra que sigue sorprendiendo a quienes solo esperan lo familiar. Aqu\u00ed, cada viaje es un descubrimiento del tiempo tanto como del terreno, y cada plaza de la ciudad una invitaci\u00f3n a escuchar a una civilizaci\u00f3n que ha aprendido a equilibrar la resiliencia con la renovaci\u00f3n.<\/p>","protected":false},"excerpt":{"rendered":"<p>Ruman\u00eda, estrat\u00e9gicamente ubicada en la confluencia de Europa Central, Oriental y Sudoriental, ten\u00eda una poblaci\u00f3n de aproximadamente 19 millones de habitantes en 2023. Esta naci\u00f3n, la duod\u00e9cima m\u00e1s grande de Europa por superficie y el sexto miembro m\u00e1s poblado de la Uni\u00f3n Europea, abarca 238.397 kil\u00f3metros cuadrados (92.046 millas cuadradas) de topograf\u00eda variada. Su ubicaci\u00f3n geogr\u00e1fica le confiere una funci\u00f3n distintiva, ya que limita con Ucrania al norte y al este, Hungr\u00eda al oeste, Serbia al suroeste, Bulgaria al sur y Moldavia al este, a la vez que proporciona acceso al Mar Negro a trav\u00e9s de su costa sur.<\/p>","protected":false},"author":1,"featured_media":4398,"parent":24078,"menu_order":0,"comment_status":"closed","ping_status":"closed","template":"elementor_theme","meta":{"_eb_attr":"","footnotes":""},"class_list":["post-11908","page","type-page","status-publish","has-post-thumbnail"],"_links":{"self":[{"href":"https:\/\/travelshelper.com\/es\/wp-json\/wp\/v2\/pages\/11908","targetHints":{"allow":["GET"]}}],"collection":[{"href":"https:\/\/travelshelper.com\/es\/wp-json\/wp\/v2\/pages"}],"about":[{"href":"https:\/\/travelshelper.com\/es\/wp-json\/wp\/v2\/types\/page"}],"author":[{"embeddable":true,"href":"https:\/\/travelshelper.com\/es\/wp-json\/wp\/v2\/users\/1"}],"replies":[{"embeddable":true,"href":"https:\/\/travelshelper.com\/es\/wp-json\/wp\/v2\/comments?post=11908"}],"version-history":[{"count":0,"href":"https:\/\/travelshelper.com\/es\/wp-json\/wp\/v2\/pages\/11908\/revisions"}],"up":[{"embeddable":true,"href":"https:\/\/travelshelper.com\/es\/wp-json\/wp\/v2\/pages\/24078"}],"wp:featuredmedia":[{"embeddable":true,"href":"https:\/\/travelshelper.com\/es\/wp-json\/wp\/v2\/media\/4398"}],"wp:attachment":[{"href":"https:\/\/travelshelper.com\/es\/wp-json\/wp\/v2\/media?parent=11908"}],"curies":[{"name":"wp","href":"https:\/\/api.w.org\/{rel}","templated":true}]}}