{"id":11881,"date":"2024-09-14T18:51:08","date_gmt":"2024-09-14T18:51:08","guid":{"rendered":"https:\/\/travelshelper.com\/staging\/?page_id=11881"},"modified":"2026-03-12T15:58:18","modified_gmt":"2026-03-12T15:58:18","slug":"islandia","status":"publish","type":"page","link":"https:\/\/travelshelper.com\/es\/destinations\/europe\/iceland\/","title":{"rendered":"Iceland"},"content":{"rendered":"<p>Islandia, naci\u00f3n insular del Atl\u00e1ntico Norte con aproximadamente 380.000 habitantes, ocupa una extensi\u00f3n geol\u00f3gicamente inestable de unos 103.000 kil\u00f3metros cuadrados. Situada entre Groenlandia y Noruega, en la dorsal mesoatl\u00e1ntica, donde se separan las placas tect\u00f3nicas norteamericana y euroasi\u00e1tica, es el pa\u00eds m\u00e1s occidental y menos densamente poblado de Europa. Reikiavik, su capital, concentra a m\u00e1s de un tercio de la poblaci\u00f3n en un paisaje urbano de baja altitud que se alza contra el horizonte oce\u00e1nico. Se alza como un puesto de avanzada en un paisaje forjado por el vulcanismo y la glaciaci\u00f3n, donde la civilizaci\u00f3n parece provisional, siempre a merced del suelo.<\/p>\n<p>Al salir del per\u00edmetro urbano, el terreno pierde r\u00e1pidamente su previsibilidad. Se entra en un reino de severidad elemental: llanuras de lava cubiertas de l\u00edquenes, desiertos de ceniza pulida por el viento y siluetas lejanas de volcanes nevados. R\u00edos del interior, nacidos del deshielo de los glaciares, se abren paso a trav\u00e9s de gargantas de basalto, mientras que los g\u00e9iseres, con cadencia mec\u00e1nica, sisean y estallan en columnas de vapor. En la costa sureste, la masa helada de Vatnaj\u00f6kull da paso a la laguna salpicada de hielo de J\u00f6kuls\u00e1rl\u00f3n, donde los icebergs desprendidos del glaciar se desplazan hacia el mar, con sus n\u00facleos de cobalto marcados por el tiempo. Los fiordos al norte y al este, rodeados de acantilados y antiguos estratos rocosos, albergan aldeas que parecen habitar un siglo diferente.<\/p>\n<p>Aunque su posici\u00f3n latitudinal sugiere una severidad polar, el clima de Islandia se ve atenuado por la Corriente del Atl\u00e1ntico Norte. El resultado es una sorprendente moderaci\u00f3n: los inviernos son menos crudos que los del interior de Escandinavia, y los veranos, aunque frescos, se iluminan con luz diurna casi continua. Sin embargo, estas generalidades dan lugar a variaciones regionales. El sur sufre frecuentes precipitaciones y borrascas mar\u00edtimas; el norte disfruta de un aire seco y cristalino; y las Tierras Altas centrales \u2014\u00e1ridas, elevadas e inh\u00f3spitas\u2014 retienen la nieve hasta bien entrado el a\u00f1o y ceden poco a la ambici\u00f3n humana.<\/p>\n<p>El registro escrito comienza con el desembarco de Ing\u00f3lfr Arnarson en el a\u00f1o 874 d. C. Cacique de origen noruego, fund\u00f3 el asentamiento que se convertir\u00eda en Reikiavik. Oleadas de colonos n\u00f3rdicos le siguieron, trayendo consigo esclavos ga\u00e9licos y los principios de una sociedad arraigada en el derecho y la tradici\u00f3n oral. En el a\u00f1o 930 d. C., fundaron el Althing en \u00deingvellir, una asamblea de terratenientes que se convertir\u00eda en uno de los parlamentos ininterrumpidos m\u00e1s antiguos del mundo. Con el tiempo, las disputas internas y las presiones externas llevaron a la absorci\u00f3n de Islandia por la corona noruega a finales del siglo XIII. La uni\u00f3n con Dinamarca, primero a trav\u00e9s de la Uni\u00f3n de Kalmar y posteriormente mediante el control absoluto, trajo consigo siglos de gobierno a distancia.<\/p>\n<p>El siglo XVI impuso el luteranismo por decreto, desmantelando las estructuras cat\u00f3licas y centralizando el poder en Copenhague. El sentimiento nacionalista lat\u00eda bajo el dominio dan\u00e9s, impulsado por la Ilustraci\u00f3n y avivado por el nacionalismo rom\u00e1ntico en el siglo XIX. Islandia obtuvo su autonom\u00eda en 1918 mediante el Acta de Uni\u00f3n, pero la independencia plena solo lleg\u00f3 durante la convulsi\u00f3n mundial de la Segunda Guerra Mundial. En 1944, con Dinamarca ocupada por las fuerzas alemanas, los islandeses votaron casi un\u00e1nimemente a favor de establecer una rep\u00fablica.<\/p>\n<p>Durante siglos, la subsistencia defini\u00f3 la econom\u00eda islandesa. La pesca, el pastoreo de ovejas y la agricultura limitada sustentaron la vida en un entorno hostil. El siglo XX introdujo la pesca de arrastre mecanizada y el procesamiento moderno de pescado, transformando las poblaciones marinas en pilares econ\u00f3micos. Los fondos de reconstrucci\u00f3n de la posguerra y el acceso a los mercados europeos impulsaron la capacidad industrial. Para la d\u00e9cada de 1990, la pertenencia al Espacio Econ\u00f3mico Europeo facilit\u00f3 la diversificaci\u00f3n hacia la biotecnolog\u00eda, la banca y la manufactura; sin embargo, la econom\u00eda sigue anclada en sus ra\u00edces mar\u00edtimas.<\/p>\n<p>Islandia equilibra hoy el liberalismo de mercado con un sistema de bienestar social de estilo n\u00f3rdico. Mantiene bajos impuestos corporativos, una alta densidad sindical y s\u00f3lidos servicios p\u00fablicos, incluyendo atenci\u00f3n m\u00e9dica universal y educaci\u00f3n superior gratuita. A pesar de carecer de un ej\u00e9rcito permanente, el pa\u00eds contribuye a la OTAN y mantiene una guardia costera que patrulla su zona mar\u00edtima. Esta estrategia de defensa minimalista refleja valores sociales m\u00e1s amplios de diplomacia y responsabilidad colectiva.<\/p>\n<p>Geol\u00f3gicamente, Islandia sigue siendo inestable. La isla est\u00e1 atravesada por la dorsal mesoatl\u00e1ntica, donde el magma emerge para dar origen a nueva tierra. Erupciones como la del Eyjafjallaj\u00f6kull en 2010 recuerdan a los observadores la indiferencia de la naturaleza hacia los planes humanos. La actividad de 2014 bajo B\u00e1r\u00f0arbunga subray\u00f3 a\u00fan m\u00e1s la imprevisibilidad s\u00edsmica de la isla. Si bien la mayor parte de la poblaci\u00f3n reside en la franja costera, m\u00e1s apacible, las Tierras Altas permanecen deshabitadas, visitadas solo por veh\u00edculos bien equipados o por peatones dispuestos a desafiar su imponente majestuosidad.<\/p>\n<p>El \u00e1rea metropolitana de Reikiavik abarca varios municipios y constituye el coraz\u00f3n cultural y econ\u00f3mico del pa\u00eds. Centros urbanos m\u00e1s peque\u00f1os, como Akureyri, en el norte, y Reykjanesb\u00e6r, cerca del aeropuerto internacional, ofrecen servicios regionales, aunque la mayor\u00eda de las comunidades siguen siendo compactas y aut\u00f3nomas. En 2003, se redise\u00f1aron los distritos electorales para reflejar los cambios demogr\u00e1ficos y mantener una representaci\u00f3n equitativa entre la poblaci\u00f3n urbana y rural.<\/p>\n<p>La pol\u00edtica energ\u00e9tica distingue a Islandia. Casi toda la electricidad y la calefacci\u00f3n dom\u00e9stica provienen de sistemas hidroel\u00e9ctricos y geot\u00e9rmicos, una rareza incluso entre los pa\u00edses desarrollados. Los grandes proyectos hidroel\u00e9ctricos se nutren de la escorrent\u00eda glaciar, mientras que las centrales geot\u00e9rmicas aprovechan el calor subterr\u00e1neo. Esta abundante energ\u00eda renovable abastece tanto a los hogares como a la industria pesada. Tres parques nacionales \u2014\u00deingvellir, Sn\u00e6fellsj\u00f6kull y Vatnaj\u00f6kull\u2014 preservan sitios ecol\u00f3gicos e hist\u00f3ricos clave, enmarcando el di\u00e1logo continuo del pa\u00eds con su pasado y su futuro.<\/p>\n<p>Una red de infraestructuras une a esta naci\u00f3n insular. La Carretera de Circunvalaci\u00f3n rodea el pa\u00eds, conectando fiordos y campos con una ondulada franja asfaltada. En invierno, las carreteras interiores suelen ser intransitables, pero el circuito exterior permite viajar durante todo el a\u00f1o a quienes est\u00e9n preparados para cambios meteorol\u00f3gicos abruptos. Los autobuses p\u00fablicos llegan a pueblos remotos, mientras que los aeropuertos de Keflav\u00edk, Reikiavik, Akureyri y Egilssta\u00f0ir permiten conexiones nacionales e internacionales.<\/p>\n<p>La identidad cultural de Islandia refleja su ascendencia. El idioma island\u00e9s, relativamente inalterado desde la \u00e9poca medieval, conserva una gram\u00e1tica y un vocabulario arcaicos. Las sagas, escritas en n\u00f3rdico antiguo, siguen siendo fundamentales para la memoria colectiva, informando la literatura, la \u00e9tica y la autopercepci\u00f3n nacional. La igualdad de g\u00e9nero se encuentra entre las m\u00e1s altas del mundo, y la distribuci\u00f3n del ingreso es notablemente equitativa, consecuencia de las normas sociales moldeadas por el aislamiento y la dependencia mutua.<\/p>\n<p>Las tradiciones culinarias se mantienen arraigadas en la necesidad. El pescado y el cordero dominan la mesa, acompa\u00f1ados de productos l\u00e1cteos b\u00e1sicos como el skyr y verduras de temporada cultivadas en invernaderos geot\u00e9rmicos. La austeridad hist\u00f3rica persiste en platos como el h\u00e1karl (tibur\u00f3n fermentado) y el sl\u00e1tur (morcilla), mientras que el caf\u00e9 y el brenniv\u00edn marcan rituales sociales, subrayando una preferencia nacional por la fortaleza atemperada por la camarader\u00eda.<\/p>\n<p>M\u00e1s all\u00e1 de la capital y de las rutas m\u00e1s transitadas, Islandia revela su esencia m\u00e1s esquiva. Los escarpados acantilados de los fiordos occidentales albergan aves marinas y silencio. Sn\u00e6fellsnes, con su estratovolc\u00e1n coronado por un glaciar, fusiona geograf\u00eda y folclore. En H\u00fasav\u00edk, los cet\u00e1ceos rompen la superficie cristalina de la bah\u00eda de Skj\u00e1lfandi, mientras que m\u00e1s al interior, las laderas riol\u00edticas de Landmannalaugar reflejan la luz matutina en rojos y dorados apagados. Estos lugares remotos, moldeados por los cambios geol\u00f3gicos y las adversidades clim\u00e1ticas, se mantienen distantes y magn\u00e9ticos, ofreciendo una soledad poco com\u00fan en el mundo moderno.<\/p>\n<p>A lo largo de once siglos, Islandia ha evolucionado de las asambleas de caciques a la innovaci\u00f3n algor\u00edtmica. Sus habitantes han resistido la subyugaci\u00f3n pol\u00edtica, la precariedad ambiental y la incertidumbre econ\u00f3mica, forjando una sociedad que prioriza la continuidad sobre el espect\u00e1culo. La isla perdura no como una reliquia preservada, sino como un lugar en constante formaci\u00f3n: su terreno agrietado, su cultura en evoluci\u00f3n y su compacto social son testimonio de la silenciosa resiliencia que la define.<\/p>","protected":false},"excerpt":{"rendered":"<p>Islandia, un pa\u00eds insular n\u00f3rdico situado entre los oc\u00e9anos Atl\u00e1ntico Norte y \u00c1rtico, ocupa una posici\u00f3n privilegiada en la dorsal mesoatl\u00e1ntica, que conecta Am\u00e9rica del Norte con Europa. Con una poblaci\u00f3n de alrededor de 380.000 habitantes, es el pa\u00eds menos poblado de Europa. Esta extraordinaria regi\u00f3n de fuego y hielo cautiva con sus impresionantes paisajes, su profundo legado cultural y su avanzada sociedad.<\/p>","protected":false},"author":1,"featured_media":5053,"parent":24078,"menu_order":0,"comment_status":"closed","ping_status":"closed","template":"elementor_theme","meta":{"_eb_attr":"","footnotes":""},"class_list":["post-11881","page","type-page","status-publish","has-post-thumbnail"],"_links":{"self":[{"href":"https:\/\/travelshelper.com\/es\/wp-json\/wp\/v2\/pages\/11881","targetHints":{"allow":["GET"]}}],"collection":[{"href":"https:\/\/travelshelper.com\/es\/wp-json\/wp\/v2\/pages"}],"about":[{"href":"https:\/\/travelshelper.com\/es\/wp-json\/wp\/v2\/types\/page"}],"author":[{"embeddable":true,"href":"https:\/\/travelshelper.com\/es\/wp-json\/wp\/v2\/users\/1"}],"replies":[{"embeddable":true,"href":"https:\/\/travelshelper.com\/es\/wp-json\/wp\/v2\/comments?post=11881"}],"version-history":[{"count":0,"href":"https:\/\/travelshelper.com\/es\/wp-json\/wp\/v2\/pages\/11881\/revisions"}],"up":[{"embeddable":true,"href":"https:\/\/travelshelper.com\/es\/wp-json\/wp\/v2\/pages\/24078"}],"wp:featuredmedia":[{"embeddable":true,"href":"https:\/\/travelshelper.com\/es\/wp-json\/wp\/v2\/media\/5053"}],"wp:attachment":[{"href":"https:\/\/travelshelper.com\/es\/wp-json\/wp\/v2\/media?parent=11881"}],"curies":[{"name":"wp","href":"https:\/\/api.w.org\/{rel}","templated":true}]}}