{"id":11663,"date":"2024-09-13T15:44:11","date_gmt":"2024-09-13T15:44:11","guid":{"rendered":"https:\/\/travelshelper.com\/staging\/?page_id=11663"},"modified":"2026-03-12T16:03:56","modified_gmt":"2026-03-12T16:03:56","slug":"italy","status":"publish","type":"page","link":"https:\/\/travelshelper.com\/es\/destinations\/europe\/italy\/","title":{"rendered":"Italy"},"content":{"rendered":"<p>Italia, situada en el sur y oeste de Europa, tiene una poblaci\u00f3n de casi 60 millones de habitantes, lo que la convierte en el tercer estado miembro m\u00e1s poblado de la Uni\u00f3n Europea. Esta pen\u00ednsula con forma de bota se adentra en el mar Mediterr\u00e1neo, con los magn\u00edficos Alpes delimitando su frontera norte. El territorio nacional abarca varias islas, entre ellas Sicilia y Cerde\u00f1a. Italia, con una superficie de 301.340 kil\u00f3metros cuadrados, es el d\u00e9cimo pa\u00eds m\u00e1s grande de Europa. Comparte fronteras con Francia, Suiza, Austria y Eslovenia, e incluye dos enclaves soberanos: la Ciudad del Vaticano y San Marino. Roma, la capital y ciudad m\u00e1s importante, ejemplifica la profunda historia y la importancia cultural del pa\u00eds. Otros centros urbanos destacados son Mil\u00e1n, N\u00e1poles, Tur\u00edn, Florencia y Venecia, cada uno de los cuales enriquece el multifac\u00e9tico panorama art\u00edstico, cultural e innovador de Italia.<\/p>\n<p>La pen\u00ednsula it\u00e1lica ha sido cuna de civilizaciones a lo largo de la antig\u00fcedad, albergando a numerosos pueblos y culturas. Roma, inicialmente establecida como reino, se transform\u00f3 en una formidable rep\u00fablica que domin\u00f3 y gobern\u00f3 la regi\u00f3n mediterr\u00e1nea como un imperio durante siglos. La era de la supremac\u00eda romana impact\u00f3 profundamente la cultura occidental, moldeando el idioma, el derecho, la arquitectura y la administraci\u00f3n en toda Europa y m\u00e1s all\u00e1. Con la proliferaci\u00f3n del cristianismo, Roma emergi\u00f3 como el epicentro de la Iglesia cat\u00f3lica y el papado, consolidando as\u00ed su importancia en los asuntos globales.<\/p>\n<p>El declive del Imperio Romano de Occidente a principios de la Edad Media marc\u00f3 el inicio de un per\u00edodo de considerable transformaci\u00f3n para Italia. La pen\u00ednsula experiment\u00f3 una migraci\u00f3n de tribus germ\u00e1nicas, lo que alter\u00f3 su entorno cultural y pol\u00edtico. Para el siglo XI, Italia experiment\u00f3 un resurgimiento a medida que las ciudades-estado y las rep\u00fablicas mar\u00edtimas extend\u00edan su poder. Este per\u00edodo presenci\u00f3 el surgimiento del capitalismo moderno, cuando los comerciantes y banqueros italianos innovaron sistemas econ\u00f3micos que influir\u00edan en el futuro del comercio mundial.<\/p>\n<p>El Renacimiento italiano, una \u00e9poca de notables logros culturales e intelectuales, floreci\u00f3 durante los siglos XV y XVI. Esta floreciente era de arte, literatura y exploraci\u00f3n cient\u00edfica impregn\u00f3 Europa, moldeando significativamente la evoluci\u00f3n de la civilizaci\u00f3n occidental. Exploradores italianos, como Crist\u00f3bal Col\u00f3n y Am\u00e9rico Vespucio, fueron fundamentales en la Era Europea de los Descubrimientos, estableciendo nuevas rutas comerciales hacia el Lejano Oriente y cartografiando las Am\u00e9ricas. Estas expediciones no solo ampliaron la comprensi\u00f3n geogr\u00e1fica, sino que tambi\u00e9n marcaron el inicio de una nueva era de interacci\u00f3n e intercambio global.<\/p>\n<p>A pesar de estos logros, el panorama pol\u00edtico italiano persisti\u00f3 en su fragmentaci\u00f3n durante d\u00e9cadas. La competencia y la discordia entre las ciudades-estado obstaculizaron el establecimiento de un pa\u00eds cohesionado, dando como resultado una pen\u00ednsula fragmentada, susceptible a la influencia externa. La falta de unidad tuvo repercusiones considerables, ya que la importancia econ\u00f3mica de Italia disminuy\u00f3 durante los siglos XVII y XVIII, mientras que otras naciones europeas adquirieron mayor relevancia.<\/p>\n<p>El proyecto de unificaci\u00f3n italiano, denominado Risorgimento, se aceler\u00f3 durante el siglo XIX. Tras d\u00e9cadas de fragmentaci\u00f3n pol\u00edtica y territorial, Italia logr\u00f3 una unificaci\u00f3n casi total en 1861. Este importante logro surgi\u00f3 de las luchas por la independencia y de la famosa Expedici\u00f3n de los Mil, dirigida por Giuseppe Garibaldi. El reci\u00e9n formado Reino de Italia se enfrent\u00f3 a varios obst\u00e1culos en su b\u00fasqueda de una identidad nacional y una modernizaci\u00f3n econ\u00f3mica.<\/p>\n<p>Entre finales del siglo XIX y principios del XX, Italia experiment\u00f3 una r\u00e1pida industrializaci\u00f3n, especialmente en las zonas del norte. Sin embargo, esta transici\u00f3n econ\u00f3mica no fue uniforme en todo el pa\u00eds. El sur permaneci\u00f3 predominantemente despose\u00eddo, lo que provoc\u00f3 un importante cisma interno y propici\u00f3 una extensa emigraci\u00f3n a Am\u00e9rica. Este \u00e9xodo tendr\u00eda repercusiones duraderas tanto en la cultura italiana como en las naciones que acogieron a estos inmigrantes.<\/p>\n<p>La participaci\u00f3n de Italia en batallas internacionales influy\u00f3 en su historia a lo largo del siglo XX. De 1915 a 1918, Italia particip\u00f3 en la Primera Guerra Mundial en alianza con los pa\u00edses de la Entente contra los pa\u00edses centrales. Las secuelas de la guerra provocaron agitaci\u00f3n social y pol\u00edtica, que condujo a la formaci\u00f3n de una dictadura fascista bajo el liderazgo de Benito Mussolini en 1922. Esta dictadura vincul\u00f3 a Italia con la Alemania nazi durante la Segunda Guerra Mundial, primero como miembro de las potencias del Eje de 1940 a 1943. Tras la muerte de Mussolini, Italia modific\u00f3 su alianza, aline\u00e1ndose como cobeligerante con los Aliados durante la resistencia italiana y la liberaci\u00f3n de Italia de 1943 a 1945.<\/p>\n<p>La posguerra fue un momento crucial para Italia. La monarqu\u00eda fue desmantelada y se instituy\u00f3 la rep\u00fablica en 1946. A pesar de los da\u00f1os causados \u200b\u200bpor la guerra, Italia experiment\u00f3 un importante resurgimiento econ\u00f3mico, a veces denominado el \u00abmilagro econ\u00f3mico italiano\u00bb. Esta era de expansi\u00f3n convirti\u00f3 a la naci\u00f3n en un estado industrializado contempor\u00e1neo y miembro fundador de la Comunidad Econ\u00f3mica Europea, antecedente de la Uni\u00f3n Europea.<\/p>\n<p>Actualmente, Italia se considera una naci\u00f3n desarrollada con un impacto global considerable. Posee el noveno PIB nominal m\u00e1s grande del mundo y alberga el segundo sector industrial m\u00e1s grande de Europa. El pa\u00eds influye significativamente en asuntos regionales y globales, participando en iniciativas econ\u00f3micas, militares, culturales y diplom\u00e1ticas. Italia, como miembro fundador de la Uni\u00f3n Europea, est\u00e1 profundamente arraigada en los marcos pol\u00edticos y econ\u00f3micos del continente. Participa activamente en diversas organizaciones internacionales, como la OTAN, el G7 y el G20, lo que demuestra su compromiso con la colaboraci\u00f3n y el crecimiento global.<\/p>","protected":false},"excerpt":{"rendered":"<p>Italia, situada en el sur y oeste de Europa, tiene una poblaci\u00f3n de casi 60 millones de habitantes, lo que la convierte en el tercer estado miembro m\u00e1s poblado de la Uni\u00f3n Europea. Esta pen\u00ednsula con forma de bota se adentra en el mar Mediterr\u00e1neo, con los magn\u00edficos Alpes delimitando su frontera norte. El territorio nacional abarca varias islas, entre ellas Sicilia y Cerde\u00f1a. Italia, con una superficie de 301.340 kil\u00f3metros cuadrados, es el d\u00e9cimo pa\u00eds m\u00e1s grande de Europa. Comparte fronteras con Francia, Suiza, Austria y Eslovenia, e incluye dos enclaves soberanos: la Ciudad del Vaticano y San Marino. Roma, la capital y ciudad m\u00e1s importante, ejemplifica la profunda historia y la importancia cultural del pa\u00eds. Otros centros urbanos destacados son Mil\u00e1n, N\u00e1poles, Tur\u00edn, Florencia y Venecia, cada uno de los cuales enriquece el multifac\u00e9tico panorama art\u00edstico, cultural e innovador de Italia.<\/p>","protected":false},"author":1,"featured_media":2856,"parent":24078,"menu_order":0,"comment_status":"closed","ping_status":"closed","template":"elementor_theme","meta":{"_eb_attr":"","footnotes":""},"class_list":["post-11663","page","type-page","status-publish","has-post-thumbnail"],"_links":{"self":[{"href":"https:\/\/travelshelper.com\/es\/wp-json\/wp\/v2\/pages\/11663","targetHints":{"allow":["GET"]}}],"collection":[{"href":"https:\/\/travelshelper.com\/es\/wp-json\/wp\/v2\/pages"}],"about":[{"href":"https:\/\/travelshelper.com\/es\/wp-json\/wp\/v2\/types\/page"}],"author":[{"embeddable":true,"href":"https:\/\/travelshelper.com\/es\/wp-json\/wp\/v2\/users\/1"}],"replies":[{"embeddable":true,"href":"https:\/\/travelshelper.com\/es\/wp-json\/wp\/v2\/comments?post=11663"}],"version-history":[{"count":0,"href":"https:\/\/travelshelper.com\/es\/wp-json\/wp\/v2\/pages\/11663\/revisions"}],"up":[{"embeddable":true,"href":"https:\/\/travelshelper.com\/es\/wp-json\/wp\/v2\/pages\/24078"}],"wp:featuredmedia":[{"embeddable":true,"href":"https:\/\/travelshelper.com\/es\/wp-json\/wp\/v2\/media\/2856"}],"wp:attachment":[{"href":"https:\/\/travelshelper.com\/es\/wp-json\/wp\/v2\/media?parent=11663"}],"curies":[{"name":"wp","href":"https:\/\/api.w.org\/{rel}","templated":true}]}}