{"id":11538,"date":"2024-09-13T12:05:14","date_gmt":"2024-09-13T12:05:14","guid":{"rendered":"https:\/\/travelshelper.com\/staging\/?page_id=11538"},"modified":"2026-03-12T17:15:57","modified_gmt":"2026-03-12T17:15:57","slug":"liechtenstein","status":"publish","type":"page","link":"https:\/\/travelshelper.com\/es\/destinations\/europe\/liechtenstein\/","title":{"rendered":"Liechtenstein"},"content":{"rendered":"<p>El Principado de Liechtenstein es un microestado de habla alemana con 40.023 habitantes repartidos en 160 kil\u00f3metros cuadrados en el valle del Alto Rin de los Alpes centroeuropeos, situado entre Austria al este y al norte y Suiza al oeste y al sur.<\/p>\n<p>El terreno de Liechtenstein se eleva abruptamente desde la llanura aluvial del Rin hasta las escarpadas cumbres alpinas. El principado mide aproximadamente 24 kil\u00f3metros de sur a norte y 12 kil\u00f3metros en su punto m\u00e1s ancho, con fronteras que se extienden hasta 77,9 kil\u00f3metros seg\u00fan estudios precisos realizados en 2006. Su frontera occidental est\u00e1 completamente definida por el Rin, que ha moldeado tanto la hidrolog\u00eda del pa\u00eds como sus patrones de asentamiento tempranos. A pesar de su diminuto tama\u00f1o, casi la mitad del pa\u00eds se clasifica como monta\u00f1oso, una divisi\u00f3n topogr\u00e1fica que sustenta tanto su variaci\u00f3n clim\u00e1tica como la distribuci\u00f3n de la actividad humana.<\/p>\n<p>El clima se ve atenuado por los vientos predominantes del sur y la barrera protectora de las cordilleras vecinas. Los inviernos son frescos, aunque no severos, con heladas que rara vez bajan de -15 \u00b0C, y los vientos foehn del sur suelen elevar las temperaturas hasta los 15 \u00b0C incluso en pleno invierno. Los veranos son suaves, con m\u00e1ximas diurnas que rara vez superan los 28 \u00b0C. La precipitaci\u00f3n anual media oscila entre 900 y 1200 mil\u00edmetros en el valle, llegando a casi 1900 mil\u00edmetros en las laderas altas, lo que sustenta los verdes prados y los huertos que salpican las zonas m\u00e1s bajas.<\/p>\n<p>Las caracter\u00edsticas hidrol\u00f3gicas definen a\u00fan m\u00e1s el principado. El Rin, con casi 27 kil\u00f3metros de longitud dentro de las fronteras de Liechtenstein, funciona tanto como v\u00eda vital para el suministro de agua como como un para\u00edso recreativo. Su \u00fanico lago natural, el Gampriner Seelein, surgi\u00f3 en 1927 cuando las crecidas formaron una nueva cuenca; embalses complementarios, como el embalse de Steg, aprovechan la escorrent\u00eda alpina para generar energ\u00eda hidroel\u00e9ctrica. El r\u00edo Samina, con un recorrido de 10 kil\u00f3metros desde su nacimiento en la monta\u00f1a de Triesenberg hasta su confluencia con el Ill en Austria, ofrece tramos de aguas bravas muy apreciados por los aficionados.<\/p>\n<p>Hist\u00f3ricamente, la Casa de Liechtenstein, elevada a la soberan\u00eda en 1719, estableci\u00f3 el principado como una monarqu\u00eda semiconstitucional. El pr\u00edncipe reinante conserva una autoridad considerable, que incluye el veto legislativo, los nombramientos judiciales y la destituci\u00f3n del gobierno; poderes reafirmados y ampliados en un refer\u00e9ndum de 2003. La capital, Vaduz, sirve como sede del gobierno y se complementa con otros diez municipios. Schaan, la comuna m\u00e1s grande, combina la actividad industrial con los distritos residenciales, mientras que Balzers, Triesen y Triesenberg ocupan terrazas y laderas que ascienden hacia las tierras altas alpinas.<\/p>\n<p>Los once municipios de Liechtenstein se agrupan en dos distritos electorales: Oberland (zona alta) y Unterland (zona baja). Oberland comprende Vaduz, Schaan, Triesen, Triesenberg y Planken, cada uno situado en laderas o colinas elevadas. Unterland, m\u00e1s cercano a la llanura ribere\u00f1a, incluye Eschen, Gamprin, Mauren, Ruggell y Schellenberg. Cada municipio conserva tradiciones locales distintivas, que abarcan desde las terrazas vitivin\u00edcolas en Schaan hasta los terrenos comunales agrarios en Ruggell, pero todos se adhieren a un marco nacional unificado.<\/p>\n<p>La econom\u00eda del principado se distingue por tener uno de los PIB per c\u00e1pita (paridad de poder adquisitivo) m\u00e1s altos del mundo. Un s\u00f3lido sector industrial produce instrumentos de alta precisi\u00f3n, herramientas el\u00e9ctricas y electr\u00f3nica, con Hilti, fabricante de sistemas de fijaci\u00f3n, entre los principales empleadores. Peque\u00f1as granjas y huertos se extienden entre las aldeas, produciendo cereales, patatas, productos l\u00e1cteos y vino. La atenci\u00f3n artesanal, propia de un gremio, perdura en las empresas metal\u00fargicas y de ingenier\u00eda de precisi\u00f3n que atienden a los mercados globales.<\/p>\n<p>Los servicios financieros son la base del panorama econ\u00f3mico. El horizonte de Vaduz est\u00e1 salpicado de sedes bancarias cuyas operaciones fiduciarias adquirieron prominencia y notoriedad a principios de la d\u00e9cada de 2000. Tras el escrutinio internacional y un costoso asunto fiscal en 2008, el gobierno promulg\u00f3 medidas de transparencia para alinearse con los est\u00e1ndares globales. Hoy en d\u00eda, Liechtenstein mantiene un entorno regulatorio de prestigio, a la vez que preserva su papel como centro especializado en gesti\u00f3n patrimonial y servicios fiduciarios.<\/p>\n<p>El turismo representa un sector terciario vital, con una cifra anual cercana a los 80.000 visitantes. Los visitantes se sienten atra\u00eddos por la combinaci\u00f3n de actividades alpinas y oferta cultural del principado. Las pistas de esqu\u00ed de Malbun, situadas entre 1.600 y 2.000 metros de altitud, ofrecen pistas para esquiar y practicar snowboard; las rutas de senderismo entrecruzan prados de monta\u00f1a y ascienden a picos como el Grauspitz (2.599 m), el punto m\u00e1s alto del registro de cumbres de Liechtenstein, compuesto por 32 monta\u00f1as de m\u00e1s de 2.000 m.<\/p>\n<p>La identidad cultural est\u00e1 determinada por una poblaci\u00f3n mayoritariamente de habla alemana, de la cual el 92 % cita el alem\u00e1n como lengua materna, mientras que dialectos estrechamente relacionados con las formas suizas y austriacas persisten en el habla cotidiana. Triesenberg conserva un dialecto walser distintivo, promovido mediante iniciativas locales. Los residentes nacidos en el extranjero, un tercio de la poblaci\u00f3n total, provienen principalmente de Alemania, Austria y Suiza, lo que contribuye a un entorno multiling\u00fce.<\/p>\n<p>Abundan las instituciones dedicadas al patrimonio y al aprendizaje. El Kunstmuseum Liechtenstein, finalizado en el a\u00f1o 2000, presenta un edificio de hormig\u00f3n y basalto, una especie de &#034;caja negra&#034;, que alberga obras modernas y contempor\u00e1neas que conforman la imagen p\u00fablica de la colecci\u00f3n principesca. El Museo Nacional de Liechtenstein en Vaduz conserva piezas arqueol\u00f3gicas, culturales y de historia natural; entre sus espacios m\u00e1s peque\u00f1os se incluyen un museo de estilo de vida rural, un museo de esqu\u00ed y una exposici\u00f3n filat\u00e9lica.<\/p>\n<p>La infraestructura de transporte subraya la conectividad de Liechtenstein a pesar de la ausencia de aeropuerto. Una sola l\u00ednea ferroviaria \u2014la ruta Feldkirch-Buchs\u2014 atraviesa su territorio, con servicio del S-Bahn S2 Vorarlberg. Cuatro estaciones (Forst Hilti, Nendeln, Schaan-Vaduz y Schaanwald) conectan con las redes austriacas y suizas, aunque los servicios siguen orientados a los viajeros en hora punta. Una red de autobuses con una alta demanda opera cada quince minutos, integr\u00e1ndose con los sistemas de Swiss Postbus y la \u00d6BB austriaca; los titulares del Swiss Travel Pass viajan libremente en los autobuses de Liechtenstein.<\/p>\n<p>Las carreteras se extienden aproximadamente 250 kil\u00f3metros, con carriles bici se\u00f1alizados que abarcan 90 kil\u00f3metros. Las normas de velocidad reflejan las exigencias de los estrechos y sinuosos corredores que atraviesan valles habitados. Los puentes transfronterizos en Balzers y Vaduz conectan con la autopista suiza A13\/E34, lo que facilita el transporte de mercanc\u00edas y particulares. El transporte en coche desde Feldkirch o Buchs permite acceder sin peajes, pero los sistemas de vi\u00f1etas suizos y austriacos influyen en la elecci\u00f3n de rutas tanto para residentes como para visitantes.<\/p>\n<p>La atenci\u00f3n sanitaria y los servicios sociales se concentran en el \u00fanico hospital de Vaduz, el Liechtensteinisches Landesspital. Las instituciones educativas ofrecen programas multiling\u00fces en los niveles de primaria y secundaria; los estudios superiores suelen cursarse en el extranjero. La Biblioteca Nacional de Vaduz conserva el dep\u00f3sito legal de todas las publicaciones nacionales y apoya la investigaci\u00f3n en estudios culturales e hist\u00f3ricos.<\/p>\n<p>Las festividades enfatizan la solidaridad nacional. Cada agosto, la poblaci\u00f3n se re\u00fane en el Castillo de Vaduz para celebrar el D\u00eda del Soberano. Se invita a los s\u00fabditos a los terrenos principescos para presenciar discursos, participar en brindis comunitarios y degustar cerveza de cortes\u00eda, un ritual que refuerza la lealtad a la monarqu\u00eda y subraya una identidad colectiva forjada durante siglos.<\/p>\n<p>La preservaci\u00f3n de la soberan\u00eda y la singularidad cultural de Liechtenstein frente a sus vecinos m\u00e1s grandes da fe de su resiliencia. Su monarqu\u00eda semiconstitucional equilibra tradici\u00f3n y adaptaci\u00f3n, mientras que su econom\u00eda combina la destreza en ingenier\u00eda de precisi\u00f3n con un sector financiero revitalizado. El terreno alpino del principado moldea tanto el clima como el estilo de vida, ofreciendo praderas, laderas y cumbres que han sustentado la agricultura, el ocio y un sentido de pertenencia. En un territorio compacto donde los turistas franc\u00f3fonos rara vez se alojan, los residentes german\u00f3fonos mantienen costumbres arraigadas en la vida de los pueblos de valle, la observancia eclesi\u00e1stica y el aprecio por la serena dignidad de las viviendas de monta\u00f1a. La existencia de la naci\u00f3n, m\u00e1s de tres siglos despu\u00e9s de su ascensi\u00f3n a la soberan\u00eda, sigue reflejando una gesti\u00f3n mesurada de los recursos, una aceptaci\u00f3n de la interacci\u00f3n internacional y un compromiso con la preservaci\u00f3n del patrimonio y la innovaci\u00f3n.<\/p>","protected":false},"excerpt":{"rendered":"<p>Liechtenstein, formalmente conocido como el Principado de Liechtenstein, es una peque\u00f1a naci\u00f3n europea situada en los Alpes. Este microestado presenta una interesante combinaci\u00f3n de monarqu\u00eda tradicional y democracia contempor\u00e1nea, con su rica historia y un sistema pol\u00edtico \u00fanico. Liechtenstein, uno de los dos \u00fanicos pa\u00edses del mundo sin salida al mar, se encuentra entre Austria y Suiza; el otro es Uzbekist\u00e1n.<\/p>","protected":false},"author":1,"featured_media":4559,"parent":24078,"menu_order":0,"comment_status":"closed","ping_status":"closed","template":"elementor_theme","meta":{"_eb_attr":"","footnotes":""},"class_list":["post-11538","page","type-page","status-publish","has-post-thumbnail"],"_links":{"self":[{"href":"https:\/\/travelshelper.com\/es\/wp-json\/wp\/v2\/pages\/11538","targetHints":{"allow":["GET"]}}],"collection":[{"href":"https:\/\/travelshelper.com\/es\/wp-json\/wp\/v2\/pages"}],"about":[{"href":"https:\/\/travelshelper.com\/es\/wp-json\/wp\/v2\/types\/page"}],"author":[{"embeddable":true,"href":"https:\/\/travelshelper.com\/es\/wp-json\/wp\/v2\/users\/1"}],"replies":[{"embeddable":true,"href":"https:\/\/travelshelper.com\/es\/wp-json\/wp\/v2\/comments?post=11538"}],"version-history":[{"count":0,"href":"https:\/\/travelshelper.com\/es\/wp-json\/wp\/v2\/pages\/11538\/revisions"}],"up":[{"embeddable":true,"href":"https:\/\/travelshelper.com\/es\/wp-json\/wp\/v2\/pages\/24078"}],"wp:featuredmedia":[{"embeddable":true,"href":"https:\/\/travelshelper.com\/es\/wp-json\/wp\/v2\/media\/4559"}],"wp:attachment":[{"href":"https:\/\/travelshelper.com\/es\/wp-json\/wp\/v2\/media?parent=11538"}],"curies":[{"name":"wp","href":"https:\/\/api.w.org\/{rel}","templated":true}]}}