{"id":11404,"date":"2024-09-12T22:08:35","date_gmt":"2024-09-12T22:08:35","guid":{"rendered":"https:\/\/travelshelper.com\/staging\/?page_id=11404"},"modified":"2026-03-12T15:56:36","modified_gmt":"2026-03-12T15:56:36","slug":"hungria","status":"publish","type":"page","link":"https:\/\/travelshelper.com\/es\/destinations\/europe\/hungary\/","title":{"rendered":"Hungr\u00eda"},"content":{"rendered":"<p>Hungr\u00eda es una rep\u00fablica sin litoral con aproximadamente 9,6 millones de habitantes que ocupa unos 93\u00a0000 kil\u00f3metros cuadrados en el coraz\u00f3n de la cuenca de los C\u00e1rpatos. Limita con siete naciones: Eslovaquia, Ucrania, Ruman\u00eda, Serbia, Croacia, Eslovenia y Austria, y los r\u00edos Danubio y Tisza trazan sus principales v\u00edas fluviales. Desde la fundaci\u00f3n del principado magiar a finales del siglo IX bajo el reinado de \u00c1rp\u00e1d hasta su moderna democracia parlamentaria y su adhesi\u00f3n a la Uni\u00f3n Europea en 2004, la evoluci\u00f3n de Hungr\u00eda ha estado marcada por sucesivas oleadas de asentamiento, dominio imperial y renacimiento nacional.<\/p>\n<p>El terreno de Hungr\u00eda es predominantemente de tierras bajas, con sus contornos definidos por la r\u00edtmica elevaci\u00f3n de la monta\u00f1osa Transdanubia al oeste y la vasta Gran Llanura (Alf\u00f6ld) al este. Transdanubia se extiende desde la frontera austriaca a trav\u00e9s de las ondulantes estribaciones de los Alpes orientales (Alpokalja), los Montes Transdanubianos y las cordilleras de Mecsek y Vill\u00e1ny, culminando en \u00cdrott-k\u0151 (882 m). M\u00e1s all\u00e1 del Tisza, la amplia extensi\u00f3n de la llanura est\u00e1 marcada por las estribaciones de los C\u00e1rpatos al norte, coronadas por K\u00e9kes (1014 m), el punto m\u00e1s alto de Hungr\u00eda, mientras que el lago Balat\u00f3n \u2014el lago de agua dulce m\u00e1s grande de Europa Central\u2014 y las aguas termales de H\u00e9v\u00edz dan testimonio de la diversidad geol\u00f3gica de la regi\u00f3n. El clima es continental templado, con temperaturas medias anuales cercanas a 9,7 \u00b0C y precipitaciones promedio de 600 mm, lo que sustenta un rico mosaico de bosques mixtos de Panonia dentro de la Regi\u00f3n Circumboreal del Reino Boreal.<\/p>\n<p>Los primeros ocupantes conocidos de la cuenca inclu\u00edan celtas, romanos, hunos, tribus germ\u00e1nicas, \u00e1varos y eslavos. Las incursiones magiares bajo \u00c1lmos y \u00c1rp\u00e1d a finales del siglo IX consolidaron la cuenca en un principado, codificado por la coronaci\u00f3n de Esteban I como rey en el a\u00f1o 1000 d. C. y el establecimiento de instituciones cristianas que perduraron durante el Reino medieval de Hungr\u00eda. A finales de la Edad Media, el reino se hab\u00eda consolidado como una potencia centroeuropea, cuya influencia se extend\u00eda a los Balcanes y m\u00e1s all\u00e1. La conquista otomana, inaugurada por la derrota de Moh\u00e1cs en 1526 y la ca\u00edda de Buda en 1541, bifurc\u00f3 el reino en la Hungr\u00eda Real, gobernada por los Habsburgo, las provincias bajo gobierno otomano y el Principado semiaut\u00f3nomo de Transilvania. El Tratado de Karlowitz de 1699 puso fin al dominio otomano en la cuenca, reuniendo la mayor\u00eda de los territorios bajo la hegemon\u00eda de los Habsburgo para el siglo XVIII.<\/p>\n<p>Las rebeliones de los siglos XVII y XVIII, en particular la Guerra de Independencia de R\u00e1k\u00f3czi (1703-1711), culminaron en el Compromiso Austroh\u00fangaro de 1867, que inaugura una monarqu\u00eda dual cuyo florecimiento industrial y cultural marc\u00f3 el fin de siglo. El colapso de Austria-Hungr\u00eda tras la Primera Guerra Mundial y el Tratado de Trianon de 1920 redujeron el reino en un 71 % de su territorio hist\u00f3rico, lo que provoc\u00f3 una profunda dislocaci\u00f3n demogr\u00e1fica y econ\u00f3mica. Durante el per\u00edodo de entreguerras, la administraci\u00f3n conservadora del regente Mikl\u00f3s Horthy busc\u00f3 la estabilidad en medio del irredentismo territorial. La alineaci\u00f3n de Hungr\u00eda con el Eje durante la Segunda Guerra Mundial desencaden\u00f3 devastaci\u00f3n y ocupaci\u00f3n, seguida del establecimiento de la Rep\u00fablica Popular H\u00fangara, respaldada por la Uni\u00f3n Sovi\u00e9tica. El levantamiento de 1956, aunque reprimido, presagi\u00f3 una liberalizaci\u00f3n gradual. La transici\u00f3n pac\u00edfica de 1989-1990 instituy\u00f3 una rep\u00fablica parlamentaria democr\u00e1tica, que culmin\u00f3 con la membres\u00eda en la Uni\u00f3n Europea en 2004 y la adhesi\u00f3n a Schengen en 2007.<\/p>\n<p>La econom\u00eda contempor\u00e1nea se clasifica como de altos ingresos, sustentada por la atenci\u00f3n m\u00e9dica universal y la educaci\u00f3n secundaria gratuita. El sector servicios representa m\u00e1s del sesenta por ciento del empleo, mientras que la industria y la agricultura representan el treinta y el siete por ciento, respectivamente, lo que refleja una estructura laboral postindustrial. El flor\u00edn h\u00fangaro sigue siendo la moneda nacional, mientras que la complejidad econ\u00f3mica ocupa el noveno lugar a nivel mundial. La infraestructura es extensa: una moderna red de autopistas conecta Budapest con las principales ciudades; el metro de Budapest, que data de 1896, sigue siendo el segundo sistema subterr\u00e1neo m\u00e1s antiguo del mundo; y centros ferroviarios como Szolnok y Miskolc mantienen la conectividad nacional e internacional. A partir de marzo de 2024, la gratuidad en el transporte ferroviario se extiende a los ciudadanos menores de catorce a\u00f1os y mayores de sesenta y cinco.<\/p>\n<p>Administrativamente, Hungr\u00eda se divide en diecinueve condados y su capital, Budapest, que funciona de forma independiente. Estas veinte entidades forman regiones NUTS-3, subdivididas a su vez en 174 distritos que abarcan 3152 municipios: 346 ciudades (incluidos veintitr\u00e9s condados urbanos) y 2806 aldeas. La urbanizaci\u00f3n supera el setenta por ciento, y una cuarta parte de la poblaci\u00f3n reside en el \u00e1rea metropolitana de Budapest. Budapest, a caballo entre ambas orillas del Danubio, ostenta una gran primac\u00eda cultural y econ\u00f3mica, y su anillo de bulevares y monumentos cl\u00e1sicos atestigua el legado barroco, historicista y modernista.<\/p>\n<p>El h\u00fangaro, miembro de la familia ur\u00e1lica, ajeno a la corriente principal indoeuropea, es hablado como lengua materna por el noventa y nueve por ciento de la poblaci\u00f3n. El ingl\u00e9s y el alem\u00e1n son las principales lenguas extranjeras, mientras que las lenguas minoritarias reconocidas incluyen el armenio, el b\u00falgaro, el croata, el alem\u00e1n, el griego, el rumano, el roman\u00ed, el rusino, el serbio, el eslovaco, el esloveno y el ucraniano. \u00c9tnicamente, los magiares constituyen m\u00e1s del noventa por ciento de la poblaci\u00f3n, y las comunidades roman\u00ed, eslovaca y otras contribuyen a un tejido social hist\u00f3ricamente diverso, como lo demuestran los m\u00e1s de dos millones de h\u00fangaros \u00e9tnicos que residen fuera de las fronteras actuales.<\/p>\n<p>El cristianismo ha forjado la identidad h\u00fangara desde hace mucho tiempo. La adopci\u00f3n del cristianismo occidental por parte del rey Esteban I en el a\u00f1o 1000 d. C. consagr\u00f3 el catolicismo como religi\u00f3n de Estado, y el arzobispo de Esztergom se convirti\u00f3 en pr\u00edncipe primado. Las tradiciones luterana y calvinista se consolidaron en los siglos posteriores, sobre todo en las regiones orientales de la Gran Llanura. Hoy en d\u00eda, Hungr\u00eda sigue siendo mayoritariamente secular, con menos del 20 % de la poblaci\u00f3n asistiendo a los servicios religiosos habitualmente.<\/p>\n<p>El patrimonio arquitect\u00f3nico abarca desde fortificaciones medievales y maestros renacentistas hasta las innovaciones finiseculares de \u00d6d\u00f6n Lechner, cuya s\u00edntesis de motivos asi\u00e1ticos y nacionales inaugur\u00f3 un Art Nouveau h\u00fangaro distintivo. Sus sucesores, entre ellos K\u00e1roly K\u00f3s, Dezs\u0151 Zrumeczky y B\u00e9la Lajta, adaptaron corrientes extranjeras \u2014la Sezession vienesa, el Art Nouveau belga y franc\u00e9s, el Jugendstil alem\u00e1n y las influencias inglesas y finlandesas\u2014 a un vocabulario idiosincr\u00e1sico evidente en edificios c\u00edvicos y museos de artes aplicadas. El centro de Budapest conserva en su mayor parte un siglo de antig\u00fcedad, con sus fachadas de altos techos que ostentan medallas esculpidas de \u00e9pocas pasadas.<\/p>\n<p>La cocina h\u00fangara se basa en el piment\u00f3n, introducido en el siglo XVI, y la crema agria espesa (tejf\u00f6l), que modera los sabores intensos. El guly\u00e1s, en sus variantes de sopa o guiso, personifica la comida tradicional h\u00fangara, mientras que el pollo a la paprikash, el p\u00f6rk\u00f6lt, el hal\u00e1szl\u00e9 y las nobles preparaciones de foie gras atestiguan las distinciones regionales y de clase. Pasteles como la tarta Dobos, los strudels, el panqueque Gundel y las alb\u00f3ndigas de ciruela marcan la paprika, con una cultura de caf\u00e9s que florece en las cukr\u00e1szd\u00e1k (confiter\u00edas) y las eszpressz\u00f3k (cafeter\u00edas). Las posadas tradicionales (cs\u00e1rd\u00e1k) y las tabernas de vinos (boroz\u00f3k) preservan la cordialidad rural, mientras que los bistr\u00f3s urbanos y los buf\u00e9s de autoservicio satisfacen las exigencias modernas.<\/p>\n<p>El turismo, hist\u00f3ricamente floreciente, atrajo a 24,5 millones de visitantes internacionales en 2019, atra\u00eddos por sitios declarados Patrimonio de la Humanidad por la UNESCO, como las orillas del Danubio y el barrio del Castillo de Buda en Budapest, la milenaria abad\u00eda benedictina de Pannonhalma, el Parque Nacional de Hortob\u00e1gy con su vasta puszta, las cuevas de Aggtelek, la necr\u00f3polis paleocristiana de P\u00e9cs y las regiones vin\u00edcolas de Tokaj y Vill\u00e1ny. El lago Balaton sigue siendo el principal centro tur\u00edstico de interior de Europa Central, complementado por ciudades termales como H\u00e9v\u00edz, Hajd\u00faszoboszl\u00f3 y Hark\u00e1ny. Los fen\u00f3menos estacionales y culturales, desde la aparici\u00f3n de la ef\u00edmera (tiszavir\u00e1gz\u00e1s) a mediados de junio en el r\u00edo Tisza hasta el carnaval de Bus\u00f3j\u00e1r\u00e1s en febrero en Moh\u00e1cs, subrayan la perdurable interacci\u00f3n de Hungr\u00eda entre naturaleza, rituales y comunidad.<\/p>\n<p>Hungr\u00eda participa en una amplia gama de organizaciones internacionales, como las Naciones Unidas, la OTAN, la Organizaci\u00f3n Mundial de la Salud, la Organizaci\u00f3n Mundial del Comercio, el Banco Mundial, el Banco Asi\u00e1tico de Inversi\u00f3n en Infraestructuras, el Consejo de Europa y el Grupo de Visegr\u00e1d, lo que refleja su papel estrat\u00e9gico en los asuntos europeos. Dentro de la Uni\u00f3n Europea, Hungr\u00eda equilibra las prerrogativas nacionales con la gobernanza colectiva, negociando marcos fiscales y proyectos de infraestructura que sustentan su modernizaci\u00f3n econ\u00f3mica.<\/p>\n<p>La trayectoria de esta naci\u00f3n \u2014desde el crisol del arte de gobernar en la Alta Edad Media, pasando por la disoluci\u00f3n otomana, el dualismo de los Habsburgo, las convulsiones del siglo XX y el pluralismo posterior a 1989\u2014 ha forjado una resiliencia cultural evidente en el idioma, el arte, la arquitectura y las instituciones sociales. La Hungr\u00eda actual se mueve entre la tradici\u00f3n y la innovaci\u00f3n, y sus ciudades y llanuras son un testimonio elocuente de siglos de continuidad en medio de la transformaci\u00f3n. Sigue siendo, sobre todo, un territorio donde la geolog\u00eda, la historia y la iniciativa humana convergen para forjar una identidad europea distintiva.<\/p>","protected":false},"excerpt":{"rendered":"<p>Hungr\u00eda, un pa\u00eds sin litoral en Europa Central, con un profundo patrimonio hist\u00f3rico y cultural. Ubicada en el centro de la Cuenca de los C\u00e1rpatos, abarca 93.030 kil\u00f3metros cuadrados y comparte fronteras con numerosos pa\u00edses lim\u00edtrofes. Eslovaquia se encuentra al norte, mientras que Ucrania limita al noreste. Ruman\u00eda limita con Hungr\u00eda al este y sureste, y con Serbia al sur. La frontera suroeste limita con Croacia y Eslovenia, mientras que Austria se encuentra al oeste.<\/p>","protected":false},"author":1,"featured_media":3550,"parent":24078,"menu_order":0,"comment_status":"closed","ping_status":"closed","template":"elementor_theme","meta":{"_eb_attr":"","footnotes":""},"class_list":["post-11404","page","type-page","status-publish","has-post-thumbnail"],"_links":{"self":[{"href":"https:\/\/travelshelper.com\/es\/wp-json\/wp\/v2\/pages\/11404","targetHints":{"allow":["GET"]}}],"collection":[{"href":"https:\/\/travelshelper.com\/es\/wp-json\/wp\/v2\/pages"}],"about":[{"href":"https:\/\/travelshelper.com\/es\/wp-json\/wp\/v2\/types\/page"}],"author":[{"embeddable":true,"href":"https:\/\/travelshelper.com\/es\/wp-json\/wp\/v2\/users\/1"}],"replies":[{"embeddable":true,"href":"https:\/\/travelshelper.com\/es\/wp-json\/wp\/v2\/comments?post=11404"}],"version-history":[{"count":0,"href":"https:\/\/travelshelper.com\/es\/wp-json\/wp\/v2\/pages\/11404\/revisions"}],"up":[{"embeddable":true,"href":"https:\/\/travelshelper.com\/es\/wp-json\/wp\/v2\/pages\/24078"}],"wp:featuredmedia":[{"embeddable":true,"href":"https:\/\/travelshelper.com\/es\/wp-json\/wp\/v2\/media\/3550"}],"wp:attachment":[{"href":"https:\/\/travelshelper.com\/es\/wp-json\/wp\/v2\/media?parent=11404"}],"curies":[{"name":"wp","href":"https:\/\/api.w.org\/{rel}","templated":true}]}}