{"id":10632,"date":"2024-09-10T23:40:13","date_gmt":"2024-09-10T23:40:13","guid":{"rendered":"https:\/\/travelshelper.com\/staging\/?page_id=10632"},"modified":"2026-03-11T19:07:42","modified_gmt":"2026-03-11T19:07:42","slug":"santo-tome-y-principe","status":"publish","type":"page","link":"https:\/\/travelshelper.com\/es\/destinations\/asia\/sao-tome-and-principe\/","title":{"rendered":"Santo Tom\u00e9 y Pr\u00edncipe"},"content":{"rendered":"<p>Santo Tom\u00e9 y Pr\u00edncipe ocupa una modesta extensi\u00f3n del Golfo de Guinea, frente a la costa ecuatorial occidental de \u00c1frica Central. Compuesto por dos islas principales \u2014Santo Tom\u00e9 al suroeste y Pr\u00edncipe a unos 150 kil\u00f3metros al noreste\u2014, el pa\u00eds es el segundo m\u00e1s peque\u00f1o del continente en superficie y poblaci\u00f3n, solo superado por Seychelles. Aunque su geograf\u00eda y sociedad puedan parecer tranquilas hoy en d\u00eda, la historia de las islas entrelaza la agitaci\u00f3n volc\u00e1nica, los traumas del imperio, comunidades resilientes y una gradual maduraci\u00f3n hasta convertirse en una de las democracias m\u00e1s estables de \u00c1frica.<\/p>\n\n\n\n<p>Ambas islas pertenecen a la cordillera volc\u00e1nica de Camer\u00fan, una cadena monta\u00f1osa nacida de la actividad tect\u00f3nica bajo el Golfo de Guinea. Hace aproximadamente treinta millones de a\u00f1os, erupciones marinas profundas a lo largo de esta fractura produjeron cimientos de basalto y fonolita que ahora se han meteorizado formando suelos f\u00e9rtiles. Santo Tom\u00e9 se extiende unos cincuenta kil\u00f3metros de largo y treinta kil\u00f3metros de ancho. Su columna de picos culmina en el Pico de Santo Tom\u00e9, que se eleva a 2.024 metros sobre el nivel del mar. Pr\u00edncipe, m\u00e1s esbelto (treinta por seis kil\u00f3metros), alcanza su c\u00faspide en el Pico de Pr\u00edncipe (948 metros). Un marcador ecuatorial divide la isla de Santo Tom\u00e9 justo al sur de Ilh\u00e9u das Rolas. Entre los puntos de referencia m\u00e1s conocidos se encuentra el Pico C\u00e3o Grande, un escarpado tap\u00f3n volc\u00e1nico que se eleva m\u00e1s de 300 metros sobre los bosques circundantes, con su cima en sinton\u00eda con la capa de nubes.<\/p>\n\n\n\n<p>Ubicadas a horcajadas sobre el ecuador, las islas experimentan un clima c\u00e1lido y h\u00famedo a nivel del mar, con temperaturas medias anuales cercanas a los 26 \u00b0C y una fluctuaci\u00f3n diaria limitada; las tierras altas del interior disfrutan de noches m\u00e1s frescas y promedios de alrededor de 20 \u00b0C. Las precipitaciones var\u00edan dr\u00e1sticamente, desde unos 7000 mil\u00edmetros en las tierras altas cubiertas de nubes hasta tan solo 800 mil\u00edmetros en las tierras bajas m\u00e1s secas del norte, con lluvias que suelen caer entre octubre y mayo. La vegetaci\u00f3n forma parte de la ecorregi\u00f3n de bosques h\u00famedos de tierras bajas de Santo Tom\u00e9, Pr\u00edncipe y Annob\u00f3n. A pesar de una superficie terrestre modesta, las islas albergan una impresionante lista de especies end\u00e9micas: el ibis de Santo Tom\u00e9, el m\u00e1s peque\u00f1o del mundo de su tipo; el p\u00e1jaro sol gigante; y especialistas forestales como el fiscal de Santo Tom\u00e9. Varias especies de murci\u00e9lagos y la musara\u00f1a de Santo Tom\u00e9 representan los escasos mam\u00edferos nativos. Las aguas circundantes, que se hunden hasta dos mil metros, albergan arrecifes de coral y sirven como lugar de reproducci\u00f3n para las tortugas carey.<\/p>\n\n\n\n<p>Antes de finales del siglo XV, la vida humana era inexistente. Los navegantes portugueses Jo\u00e3o de Santar\u00e9m y Pedro Escobar cartografiaron las islas en 1470 y solo encontraron selva virgen. El asentamiento fue lento hasta que el cultivo de az\u00facar en el siglo XVI atrajo a trabajadores forzados del continente africano. Los f\u00e9rtiles suelos volc\u00e1nicos de las islas produjeron cosechas abundantes, pero a costa de una econom\u00eda \u2014y una sociedad\u2014 cimentada en la esclavitud. Para los siglos XVII y XVIII, el caf\u00e9 y el cacao reemplazaron al az\u00facar como principales exportaciones. Las plantaciones, o ro\u00e7as, se extend\u00edan por el paisaje; sus ruinas, ahora recuperadas por la selva o restauradas como casas de hu\u00e9spedes, a\u00fan se alzan como recordatorios de aquella \u00e9poca.<\/p>\n\n\n\n<p>Durante los siglos XIX y XX, oleadas de agitaci\u00f3n social marcaron el orden de las plantaciones. Las demandas de mejores condiciones de vida y derechos laborales minaron la apariencia de prosperidad colonial. El 12 de julio de 1975, una transferencia pac\u00edfica del poder estableci\u00f3 la Rep\u00fablica Democr\u00e1tica de Santo Tom\u00e9 y Pr\u00edncipe. Desde entonces, la naci\u00f3n ha mantenido un sistema pol\u00edtico pluralista, experimentando reformas democr\u00e1ticas desde 1990 y con solo una breve interrupci\u00f3n en su gobierno multipartidista.<\/p>\n\n\n\n<p>A mediados de 2018, la poblaci\u00f3n se situaba en torno a los 201.800 habitantes: m\u00e1s de 193.000 en Santo Tom\u00e9 y Pr\u00edncipe, unos 8.400. Casi todos los santotomenses tienen ra\u00edces africanas o de ascendencia lusoafricana mixta; unos pocos miles de colonos portugueses se marcharon tras la independencia, mientras que los refugiados de Angola llegaron en la d\u00e9cada de 1970. Las clasificaciones \u00e9tnicas incluyen a los angole\u00f1os (descendientes de esclavos angole\u00f1os n\u00e1ufragos), los forros (descendientes de libertos), los servi\u00e7ais (trabajadores contratados de toda el \u00c1frica portuguesa), los tongas (hijos de servi\u00e7ais nacidos en las islas), as\u00ed como peque\u00f1as minor\u00edas europeas y asi\u00e1ticas.<\/p>\n\n\n\n<p>El portugu\u00e9s es el idioma oficial y nacional de facto, hablado con fluidez por el 98,4 % de la poblaci\u00f3n. Los criollos \u2014forr\u00f3, principense, angole\u00f1o y caboverdiano\u2014 reflejan esta fusi\u00f3n cultural. El franc\u00e9s y el ingl\u00e9s se ense\u00f1an como lenguas extranjeras en las escuelas. El cristianismo predomina, mientras que las costumbres y ritmos locales \u2014los ritmos de \u00fassua, socop\u00e9 y d\u00eaxa\u2014 fusionan influencias de los bailes de sal\u00f3n europeos con la percusi\u00f3n africana. Representaciones teatrales como el tchiloli y el dan\u00e7o-congo preservan las tradiciones de la narraci\u00f3n festiva.<\/p>\n\n\n\n<p>Santo Tom\u00e9 y Pr\u00edncipe presenta un \u00cdndice de Desarrollo Humano medio, superando a muchos pa\u00edses subsaharianos similares. La matriculaci\u00f3n escolar universal, el aumento de la esperanza de vida (alrededor de 70 a\u00f1os), la marcada reducci\u00f3n de la mortalidad infantil y el acceso generalizado al agua potable y la electricidad son ejemplos de progreso social. Las reformas gubernamentales implementadas desde 2015 han facilitado la creaci\u00f3n de empresas y la inversi\u00f3n extranjera. El n\u00famero de peque\u00f1as empresas aument\u00f3, lo que contribuy\u00f3 a la reducci\u00f3n del desempleo y al aumento de las exportaciones, principalmente de cacao (95 % de las exportaciones agr\u00edcolas), junto con caf\u00e9, copra y palmiste. Persiste un procesamiento industrial moderado de productos locales, pero las actividades agr\u00edcolas y pesqueras a\u00fan predominan.<\/p>\n\n\n\n<p>La industria tur\u00edstica es prometedora. Los inversores han construido complejos tur\u00edsticos de playa; las mejoras de infraestructura incluyen la modernizaci\u00f3n de los puertos de Santo Tom\u00e9 y Neves en 2014, un aeropuerto internacional modernizado y la ampliaci\u00f3n de las redes de telefon\u00eda m\u00f3vil e internet. Las autoridades prev\u00e9n que una gesti\u00f3n tur\u00edstica responsable \u2014con \u00e9nfasis en la observaci\u00f3n de aves en el Parque Nacional de Obo, el senderismo en cascadas, la ascensi\u00f3n al Pico de Santo Tom\u00e9 y las excursiones marinas\u2014 diversificar\u00e1 las fuentes de ingresos sin sacrificar la integridad ecol\u00f3gica.<\/p>\n\n\n\n<p>Las conexiones por carretera entre ambas islas son adecuadas para los est\u00e1ndares regionales, aunque los conductores deben circular por carriles estrechos y sortear obst\u00e1culos ocasionales. Ning\u00fan cajero autom\u00e1tico acepta tarjetas extranjeras; los visitantes traen euros o d\u00f3lares estadounidenses, que se cambian en bancos o en hoteles Pestana (estos \u00faltimos cobran una comisi\u00f3n de aproximadamente el 5%). La moneda nacional, el nuevo dobra (s\u00edmbolo nDb, ISO STN), sustituy\u00f3 a la antigua con una tasa de cambio de 1000 a 1 en 2018. Las monedas circulan en c\u00e9ntimos y nuevos dobras, mientras que los billetes oscilan entre 5 y 200 nDb. La importaci\u00f3n de moneda no tiene restricciones, pero debe declararse; la exportaci\u00f3n est\u00e1 limitada a la cantidad declarada.<\/p>\n\n\n\n<p>La gastronom\u00eda local se centra en el pescado \u2014que a menudo se sirve con fruta del pan o pl\u00e1tanos cocidos\u2014 y una gran cantidad de frutas tropicales: papaya, mango, pi\u00f1a, aguacate y pl\u00e1tano. Los condimentos picantes realzan los platos del archipi\u00e9lago. Las comunidades del interior complementan sus prote\u00ednas con b\u00fazios, grandes caracoles terrestres, mientras que los hogares costeros cosechan caracoles marinos. Los hoteles urbanos pueden ofrecer men\u00fas de estilo europeo a precios elevados.<\/p>\n\n\n\n<p>Los delitos violentos son poco frecuentes; con el crecimiento del turismo, han surgido peque\u00f1os robos y estafas tur\u00edsticas selectivas. El tr\u00e1fico rodado representa el mayor peligro. Los peligros para la fauna silvestre son m\u00ednimos, salvo la cobra negra que habita el sur y el este de Santo Tom\u00e9. Aunque generalmente t\u00edmidas, estas serpientes venenosas requieren vigilancia en los senderos forestales. Los hospitales locales cuentan con ant\u00eddoto, y las muertes son poco frecuentes si el tratamiento se realiza en las dos horas siguientes a la mordedura.<\/p>\n\n\n\n<p>El Fuerte de San Sebasti\u00e1n, en la ciudad de Santo Tom\u00e9, erigido en 1575 y restaurado como museo nacional en 2006, ofrece una ventana al complejo pasado de las islas. Anta\u00f1o imponente basti\u00f3n contra las armadas rivales, ahora alberga artefactos que trazan desde el primer contacto europeo, pasando por las plantaciones coloniales, hasta la independencia contempor\u00e1nea. Las ro\u00e7as \u2014algunas deterioradas, otras renovadas como acogedores alojamientos\u2014 invitan a la contemplaci\u00f3n de vidas anta\u00f1o limitadas por el trabajo forzado y ahora definidas por una renovada autonom\u00eda.<\/p>\n\n\n\n<p>En su forma compacta, Santo Tom\u00e9 y Pr\u00edncipe encapsula las paradojas del esfuerzo humano en un contexto de extraordinaria riqueza natural. Los suelos volc\u00e1nicos nutren los \u00e1rboles de cacao que sostuvieron siglos de imperio; las poblaciones resilientes han forjado un sistema pol\u00edtico estable que oculta las heridas coloniales de las islas. Tanto viajeros como acad\u00e9micos encuentran una biodiversidad vibrante y el eco de la historia bajo las puertas oxidadas de las plantaciones. En esta fusi\u00f3n de marcados contrastes \u2014un ed\u00e9n f\u00e9rtil a la sombra del pasado\u2014, Santo Tom\u00e9 y Pr\u00edncipe se erige como testimonio de la renovaci\u00f3n y la perdurable interacci\u00f3n entre la tierra y su gente.<\/p>","protected":false},"excerpt":{"rendered":"<p>Situada en el Golfo de Guinea, frente a la costa ecuatorial occidental de \u00c1frica Central, se encuentra la cautivadora rep\u00fablica insular de Santo Tom\u00e9 y Pr\u00edncipe. Oficialmente denominada Rep\u00fablica Democr\u00e1tica de Santo Tom\u00e9 y Pr\u00edncipe, esta peque\u00f1a naci\u00f3n est\u00e1 compuesta por dos islas principales y varios islotes m\u00e1s peque\u00f1os. Aproximadamente 150 kil\u00f3metros separan las dos islas principales, Santo Tom\u00e9 y Pr\u00edncipe; Santo Tom\u00e9 es la m\u00e1s grande de las dos.<\/p>","protected":false},"author":1,"featured_media":4441,"parent":24063,"menu_order":0,"comment_status":"closed","ping_status":"closed","template":"elementor_theme","meta":{"_eb_attr":"","footnotes":""},"class_list":["post-10632","page","type-page","status-publish","has-post-thumbnail"],"_links":{"self":[{"href":"https:\/\/travelshelper.com\/es\/wp-json\/wp\/v2\/pages\/10632","targetHints":{"allow":["GET"]}}],"collection":[{"href":"https:\/\/travelshelper.com\/es\/wp-json\/wp\/v2\/pages"}],"about":[{"href":"https:\/\/travelshelper.com\/es\/wp-json\/wp\/v2\/types\/page"}],"author":[{"embeddable":true,"href":"https:\/\/travelshelper.com\/es\/wp-json\/wp\/v2\/users\/1"}],"replies":[{"embeddable":true,"href":"https:\/\/travelshelper.com\/es\/wp-json\/wp\/v2\/comments?post=10632"}],"version-history":[{"count":0,"href":"https:\/\/travelshelper.com\/es\/wp-json\/wp\/v2\/pages\/10632\/revisions"}],"up":[{"embeddable":true,"href":"https:\/\/travelshelper.com\/es\/wp-json\/wp\/v2\/pages\/24063"}],"wp:featuredmedia":[{"embeddable":true,"href":"https:\/\/travelshelper.com\/es\/wp-json\/wp\/v2\/media\/4441"}],"wp:attachment":[{"href":"https:\/\/travelshelper.com\/es\/wp-json\/wp\/v2\/media?parent=10632"}],"curies":[{"name":"wp","href":"https:\/\/api.w.org\/{rel}","templated":true}]}}