{"id":10220,"date":"2024-09-09T21:31:18","date_gmt":"2024-09-09T21:31:18","guid":{"rendered":"https:\/\/travelshelper.com\/staging\/?page_id=10220"},"modified":"2026-03-13T21:26:57","modified_gmt":"2026-03-13T21:26:57","slug":"alice-springs","status":"publish","type":"page","link":"https:\/\/travelshelper.com\/es\/destinations\/australia-and-oceania\/australia\/alice-springs\/","title":{"rendered":"Alice Springs"},"content":{"rendered":"<p>Alice Springs es un peque\u00f1o pueblo en pleno coraz\u00f3n de Australia. Su poblaci\u00f3n ronda los 34.000 habitantes (30.628 en 2021, 33.990 en 2024). Aproximadamente una quinta parte de sus residentes se identifica como aborigen o isle\u00f1o del Estrecho de Torres. La econom\u00eda del pueblo refleja su papel como centro regional: el gobierno del Territorio del Norte es el mayor empleador (aproximadamente el 8% de los empleos), y los servicios de educaci\u00f3n y salud emplean cada uno a alrededor del 7% de la fuerza laboral. El turismo tambi\u00e9n es significativo (alrededor del 4% de los empleos), ya que Alice Springs proporciona los principales servicios a los visitantes del Centro Rojo. En general, se trata de una econom\u00eda orientada a los servicios: predominan el comercio minorista, la hosteler\u00eda y la administraci\u00f3n p\u00fablica. A pesar de su ubicaci\u00f3n remota, Alice cuenta con servicios modernos: se encuentra a una altitud de unos 545 m, por lo que, aunque los veranos son extremadamente calurosos (hasta 45 \u00b0C), las noches pueden refrescar notablemente y las heladas son comunes en invierno. La poblaci\u00f3n aumenta ligeramente cuando ocurren los acontecimientos, pero en cualquier momento dado Alice sigue siendo una tranquila ciudad del interior.<\/p>\n<p>Alice Springs se encuentra pr\u00e1cticamente en el centro geogr\u00e1fico de Australia. Se encuentra en el Territorio del Norte, a orillas del r\u00edo Todd, habitualmente seco, un afluente del Finke (tambi\u00e9n llamado Lhere Mparnte). La ciudad est\u00e1 aproximadamente equidistante de Darwin y Adelaida, a unos 1500 km de cada una. Se encuentra a unos 578 m de altitud, en una llanura rodeada de antiguas colinas. Al oeste y al este se alzan las cordilleras MacDonnell, una serie de colinas de color ocre rojizo que enmarcan el paisaje. Uno de los miradores famosos de la ciudad es la colina Anzac, que se alza sobre el centro. El clima es des\u00e9rtico: los inviernos son templados a frescos (las temperaturas m\u00ednimas nocturnas pueden rozar los cero grados), mientras que los veranos son muy calurosos (es com\u00fan que durante el d\u00eda superen los 40 \u00b0C). Las precipitaciones son escasas (unos pocos cientos de mil\u00edmetros al a\u00f1o como m\u00e1ximo), y caen principalmente durante las tormentas de verano. El terreno circundante, el cl\u00e1sico desierto rojo de Australia Central, est\u00e1 salpicado de pasto spinifex, eucaliptos fantasma, acantilados de color ocre y pozos de agua ef\u00edmeros. El cielo es grande y despejado: Alice Springs tiene un promedio de m\u00e1s de 300 d\u00edas de sol al a\u00f1o, lo que tambi\u00e9n hace que el cielo nocturno sea espectacular.<\/p>\n<p>Mucho antes de la colonizaci\u00f3n europea, la zona que rodea Alice Springs (conocida como Mparntwe en la lengua local arrernte) fue el hogar de abor\u00edgenes durante decenas de miles de a\u00f1os. A finales del siglo XIX, despu\u00e9s de que los exploradores cartografiaran el interior, se construy\u00f3 la L\u00ednea Telegr\u00e1fica Terrestre (finalizada en 1872). Alice Springs creci\u00f3 alrededor de una de las estaciones repetidoras de esa l\u00ednea, que transmit\u00eda mensajes entre Adelaida y Darwin. La estaci\u00f3n estaba cerca de un manantial permanente (de ah\u00ed el nombre &#034;Alice Springs&#034;, llamado as\u00ed por Charles Todd en honor a su esposa). El asentamiento local se llam\u00f3 originalmente &#034;Stuart&#034; en honor al explorador John McDouall Stuart, pero pas\u00f3 a llamarse oficialmente Alice Springs en 1933. El ferrocarril lleg\u00f3 a Alice en 1929, conect\u00e1ndola por ferrocarril con Adelaida y generando un nuevo crecimiento. Durante la Segunda Guerra Mundial, Alice Springs fue una importante base de operaciones (su centro ferroviario y sus campamentos sirvieron a las tropas que se desplazaban al norte). Despu\u00e9s de la guerra, volvi\u00f3 a un ritmo tranquilo, desarrollando gradualmente la infraestructura y estableciendo servicios tur\u00edsticos. Entre las fechas clave se incluyen la estaci\u00f3n de tel\u00e9grafos en 1872, la independencia del Territorio del Norte en 1911 y la inauguraci\u00f3n de la carretera (Stuart Highway) y el enlace ferroviario que finaliz\u00f3 sus conexiones. Hoy en d\u00eda, los or\u00edgenes de Alice son visibles en sus edificios patrimoniales, y su historia se conmemora en la Reserva Hist\u00f3rica de la Antigua Estaci\u00f3n de Tel\u00e9grafos.<\/p>\n<p>Alice Springs se siente como el alma del Outback australiano. Aqu\u00ed se fusionan las culturas aborigen y europea. Casi todo el mundo habla ingl\u00e9s, pero alrededor del 21% de los residentes del municipio de Alice Springs se identifican como abor\u00edgenes o isle\u00f1os del Estrecho de Torres, principalmente arrernte. El arte y la m\u00fasica abor\u00edgenes son prominentes: las galer\u00edas locales suelen exhibir vibrantes pinturas de puntos y artefactos tallados. El ritmo de vida es relajado; la gente se saluda con un gesto de la cabeza o un apret\u00f3n de manos, y fumar un cigarrillo junto a la carretera o tomar un t\u00e9 en una cafeter\u00eda puede f\u00e1cilmente convertirse en una charla m\u00e1s larga. El clima seco del desierto fomenta la vida al aire libre; por las noches, las familias pueden reunirse alrededor de una fogata bajo las estrellas. La ciudad alberga algunos de los festivales m\u00e1s idiosincr\u00e1sicos de Australia. Cada julio se celebra la Camel Cup, donde los camellos compiten en una pista en el hip\u00f3dromo. En agosto, el lecho del r\u00edo Todd Mall acoge su regata anual Henley-on-Todd, donde &#034;barcas&#034; sobre ruedas se desplazan a trav\u00e9s del lecho seco del r\u00edo. Otros eventos (como el festival de luces de Parrtjima y un festival de gorros) celebran tanto el arte ind\u00edgena como el kitsch fronterizo. Estos festivales, aunque l\u00fadicos, reflejan el esp\u00edritu local: comunitario, creativo y resiliente. En la vida cotidiana, los lugare\u00f1os pueden llevar chalecos reflectantes trabajando en la construcci\u00f3n o sombreros de vaquero cuidando el ganado. El personal de servicio suele aprender algunas palabras en arrernte como cortes\u00eda. Alice posee la hospitalidad de un pueblo peque\u00f1o \u2014todos acaban por conocerse\u2014 combinada con una sana veta de individualismo e independencia. A veces se escucha una jerga local \u00fanica (&#034;arvo&#034; para &#034;tarde&#034;, &#034;sin dramas&#034; para &#034;sin problemas&#034;) y una broma amistosa (camarader\u00eda) que caracteriza la cultura informal australiana.<\/p>\n<p>Alice Springs ofrece una combinaci\u00f3n de atracciones culturales y paisajes agrestes. Dentro de la ciudad, el Parque del Desierto de Alice Springs es una visita obligada. Este galardonado parque abarca 1300 hect\u00e1reas de h\u00e1bitat des\u00e9rtico y exhibe plantas nativas, animales nocturnos y la cultura aborigen. Los visitantes pueden caminar por entornos des\u00e9rticos recreados, observar canguros y em\u00fas de cerca y asistir a un espect\u00e1culo diario de aves rapaces en vuelo libre. Cerca se encuentra la hist\u00f3rica Old Alice Springs Telegraph Station, el sitio original de la repetidora de 1872, que narra la historia de los primeros tiempos de la vida en el interior de Australia. Para disfrutar de las vistas, Anzac Hill (accesible por carretera) ofrece un panorama del atardecer sobre la ciudad y las cordilleras circundantes.<\/p>\n<p>Afuera de la ciudad, la naturaleza te llama. La cordillera West MacDonnell se encuentra justo al oeste de Alice Springs, una serie de colinas escarpadas y estrechos desfiladeros que brillan con un rojo intenso al amanecer. Visitar Simpsons Gap o Standley Chasm ofrece la experiencia de caminar entre imponentes paredes rocosas que albergan abrevaderos permanentes. M\u00e1s al oeste, Ormiston Gorge y Glen Helen Gorge ofrecen refrescantes pozas en un paisaje \u00e1rido. Al este, Emily y Jessie Gaps presentan imponentes acantilados con arte rupestre aborigen. La propia lejan\u00eda es un atractivo: simplemente conducir por la autopista Stuart hacia el norte o el sur desde Alice es un encuentro con horizontes infinitos y (si se hace en el momento adecuado) vistas de canguros al amanecer. Las excursiones fuera de la ciudad a sitios emblem\u00e1ticos como Uluru-Kata Tjuta y Kings Canyon tambi\u00e9n parten de Alice Springs, lo que la convierte en la base habitual para explorar las maravillas del Centro Rojo. Por la noche, el vasto cielo del interior del pa\u00eds, libre de contaminaci\u00f3n lum\u00ednica, revela la V\u00eda L\u00e1ctea con una claridad espectacular: un recordatorio de las antiguas culturas que interpretaron por primera vez esas constelaciones.<\/p>\n<p>La mejor manera de llegar a Alice Springs es por aire o por carretera. El Aeropuerto de Alice Springs (ASP) ofrece vuelos regulares desde y hacia Darwin, Adelaida y, en ocasiones, S\u00eddney o Melbourne. Por carretera, la autopista Stuart conecta Darwin con el norte y Adelaida con el sur; estos viajes requieren varias horas (o incluso d\u00edas) de viaje. Una vez en la ciudad, todo es bastante compacto: la mayor\u00eda de los visitantes utilizan coches de alquiler o autobuses tur\u00edsticos. Existe una peque\u00f1a red de autobuses locales, pero se recomienda tener coche. Los famosos camellos de la ciudad todav\u00eda se utilizan principalmente para paseos tur\u00edsticos, no para transporte.<\/p>\n<p>Las costumbres locales son sencillas. La moneda es el d\u00f3lar australiano y el ingl\u00e9s se usa universalmente. Se aplica el protocolo australiano est\u00e1ndar: la gente suele ser informal pero educada, usando su nombre de pila (o &#034;Se\u00f1or\/Se\u00f1ora&#034; en una tienda) y charlando amistosamente. La seguridad es importante, pero recuerde que es el desierto: lleve siempre agua cuando viaje, evite caminar solo durante el calor del mediod\u00eda y conduzca con precauci\u00f3n (puede aparecer fauna silvestre en las carreteras del interior al anochecer). Es esencial llevar protecci\u00f3n solar (sombrero, protector solar) y abundante agua potable, ya que el \u00edndice UV es alto durante todo el a\u00f1o. El respeto por la cultura aborigen es importante (muchos propietarios tradicionales a\u00fan viven en Alice Springs y sus alrededores); si visita yacimientos ind\u00edgenas, siga las indicaciones locales. En general, con la preparaci\u00f3n adecuada y un esp\u00edritu aventurero, los visitantes encontrar\u00e1n en Alice Springs una puerta de entrada inolvidable al espectacular interior de Australia.<\/p>","protected":false},"excerpt":{"rendered":"<p>Ubicada en el Territorio del Norte de Australia, Alice Springs, a veces conocida como Mparntwe en lengua arrernte oriental, es una ciudad fascinante y llena de valor cultural. Despu\u00e9s de Darwin y Palmerston, esta ciudad, estrat\u00e9gicamente ubicada a casi la misma distancia de Adelaida y Darwin, constituye el tercer asentamiento m\u00e1s grande de la zona. El agrimensor William Whitfield Mills dedic\u00f3 esta singular ciudad a Alice, Lady Todd, esposa del pionero del tel\u00e9grafo Sir Charles Todd.<\/p>","protected":false},"author":1,"featured_media":3256,"parent":9806,"menu_order":0,"comment_status":"closed","ping_status":"closed","template":"elementor_theme","meta":{"_eb_attr":"","footnotes":""},"class_list":["post-10220","page","type-page","status-publish","has-post-thumbnail"],"_links":{"self":[{"href":"https:\/\/travelshelper.com\/es\/wp-json\/wp\/v2\/pages\/10220","targetHints":{"allow":["GET"]}}],"collection":[{"href":"https:\/\/travelshelper.com\/es\/wp-json\/wp\/v2\/pages"}],"about":[{"href":"https:\/\/travelshelper.com\/es\/wp-json\/wp\/v2\/types\/page"}],"author":[{"embeddable":true,"href":"https:\/\/travelshelper.com\/es\/wp-json\/wp\/v2\/users\/1"}],"replies":[{"embeddable":true,"href":"https:\/\/travelshelper.com\/es\/wp-json\/wp\/v2\/comments?post=10220"}],"version-history":[{"count":0,"href":"https:\/\/travelshelper.com\/es\/wp-json\/wp\/v2\/pages\/10220\/revisions"}],"up":[{"embeddable":true,"href":"https:\/\/travelshelper.com\/es\/wp-json\/wp\/v2\/pages\/9806"}],"wp:featuredmedia":[{"embeddable":true,"href":"https:\/\/travelshelper.com\/es\/wp-json\/wp\/v2\/media\/3256"}],"wp:attachment":[{"href":"https:\/\/travelshelper.com\/es\/wp-json\/wp\/v2\/media?parent=10220"}],"curies":[{"name":"wp","href":"https:\/\/api.w.org\/{rel}","templated":true}]}}