{"id":10119,"date":"2024-09-09T19:24:20","date_gmt":"2024-09-09T19:24:20","guid":{"rendered":"https:\/\/travelshelper.com\/staging\/?page_id=10119"},"modified":"2026-03-13T21:44:12","modified_gmt":"2026-03-13T21:44:12","slug":"falls-creek","status":"publish","type":"page","link":"https:\/\/travelshelper.com\/es\/destinations\/australia-and-oceania\/australia\/falls-creek\/","title":{"rendered":"Falls Creek"},"content":{"rendered":"<p>Falls Creek es un peque\u00f1o pueblo alpino con una comunidad permanente muy reducida. De hecho, solo unas 200 personas viven all\u00ed a tiempo completo en verano, pero esta cifra aumenta dr\u00e1sticamente cada invierno: la estaci\u00f3n puede albergar hasta unos 5600 residentes en temporada alta. Este aumento se debe a las 4500 plazas de alojamiento y alojamientos de invierno de la localidad. En consecuencia, su econom\u00eda se basa casi exclusivamente en el turismo. Un informe gubernamental se\u00f1ala que Falls Creek &#034;contribuye significativamente a la econom\u00eda de la regi\u00f3n&#034; y genera un importante empleo estacional. En un a\u00f1o t\u00edpico (prepandemia), los ingresos totales por turismo de Falls Creek han sido de unos 12 millones de d\u00f3lares australianos. La poblaci\u00f3n permanente es peque\u00f1a (incluidos los alumnos de su escuela primaria, que funciona todo el a\u00f1o), por lo que la econom\u00eda local gira en torno a centros de esqu\u00ed, restaurantes y alojamientos de alquiler. En pleno invierno, la estaci\u00f3n bulle con miles de esquiadores y practicantes de snowboard; en verano, se instala en un ritmo m\u00e1s tranquilo de senderistas y ciclistas de monta\u00f1a.<\/p>\n<p>Falls Creek se encuentra en lo profundo de los Alpes Victorianos, al sureste de Australia. El pueblo se encuentra dentro del Parque Nacional Alpino, a unos 350 km al noreste de Melbourne (a unas 5-6 horas en coche). Ocupa una meseta elevada a unos 1600 m sobre el nivel del mar (1500 m de altitud base, 1780 m de altitud en la cima). El pueblo m\u00e1s cercano es Mount Beauty, a unos 30 km. Geogr\u00e1ficamente, Falls Creek forma parte de la regi\u00f3n de Hume, en Victoria, y est\u00e1 rodeado de escarpadas cordilleras. Llanuras nevadas y bosques alpinos bordean la estaci\u00f3n. El clima es fr\u00edo y nevoso durante muchos meses: se clasifica como una zona oce\u00e1nica\/subpolar fr\u00eda, con veranos cortos y frescos e inviernos con mucha nieve. Falls Creek tiene un promedio de aproximadamente cuatro metros de nieve cada invierno, lo que mantiene las pistas de esqu\u00ed abiertas normalmente de junio a septiembre. Los d\u00edas de verano son templados, a menudo despejados y soleados, pero las noches pueden ser bastante frescas. En resumen, el entorno de Falls Creek es un aut\u00e9ntico entorno de alta monta\u00f1a en el continente australiano, con bosques de pinos y lagos helados que dan paso a amplios campos de nieve en invierno.<\/p>\n<p>Los or\u00edgenes de Falls Creek se remontan a mediados del siglo XX, tras la Segunda Guerra Mundial y la construcci\u00f3n del cercano proyecto hidroel\u00e9ctrico Kiewa. Turistas y militares comenzaron a esquiar en las tierras altas. En 1948, ingenieros construyeron all\u00ed la primera caba\u00f1a de esqu\u00ed rudimentaria. En 1951 se instal\u00f3 un telesilla, y para 1957 Falls Creek contaba con el primer telesilla de Australia. El &#034;pueblo&#034; creci\u00f3 lentamente: en junio de 1958 se inaugur\u00f3 una oficina de correos, lo que marc\u00f3 su reconocimiento oficial. Durante d\u00e9cadas, Falls Creek fue esencialmente una zona ganadera de verano, utilizada para el pastoreo durante los meses c\u00e1lidos. Esto cambi\u00f3 a principios de la d\u00e9cada de 2000, cuando finalmente se prohibi\u00f3 el pastoreo para proteger el delicado entorno alpino. Desde entonces, la reputaci\u00f3n de la estaci\u00f3n ha aumentado. Un punto de inflexi\u00f3n significativo se produjo en 2019, cuando el operador global de esqu\u00ed Vail Resorts (conocido por ser propietario de Perisher en Nueva Gales del Sur) adquiri\u00f3 Falls Creek (junto con Mt. Hotham) por unos 174 millones de d\u00f3lares australianos. Hoy en d\u00eda, aunque Falls Creek tiene un aire de pueblo de esqu\u00ed moderno, quedan algunos vestigios tempranos (por ejemplo, un peque\u00f1o museo y las &#034;caba\u00f1as patrimoniales&#034; debajo de las pistas) que recuerdan sus d\u00edas pioneros de caba\u00f1as y remolques de cuerda.<\/p>\n<p>La cultura de Falls Creek se asemeja mucho a la de un pueblo de esqu\u00ed alpino. El idioma predominante es el ingl\u00e9s, y la comunidad est\u00e1 compuesta mayoritariamente por australianos (a menudo victorianos que trabajan como instructores de esqu\u00ed y personal de la estaci\u00f3n). El estilo de vida de los aficionados al esqu\u00ed se ve atenuado por la vida familiar; el pueblo incluso cuenta con una escuela primaria durante todo el a\u00f1o. En invierno, el ritmo se centra en la monta\u00f1a, pero al anochecer, el ambiente es animado: el centro del pueblo cuenta con bares y varias discotecas para entretener a esquiadores y snowboarders. Los visitantes suelen percibir un ambiente agradable y sin pretensiones; los australianos locales se mezclan con los visitantes internacionales que vienen a disfrutar de la nieve polvo. Las tradiciones de la comunidad incluyen celebraciones de fin de a\u00f1o y carreras de esqu\u00ed. Dos eventos emblem\u00e1ticos ilustran este ambiente: el Kangaroo Hoppet, una marat\u00f3n de esqu\u00ed de fondo de 42 km que se celebra cada agosto y atrae a miles de esquiadores de Australia y del extranjero. A principios de septiembre, la estaci\u00f3n alberga &#034;Stylewars&#034;, una competici\u00f3n de snowboard de slopestyle que atrae a esquiadores australianos e internacionales a sus snowparks. Ambos eventos crean un ambiente festivo en el pueblo. En verano, el ambiente cambia: se vuelve muy tranquilo en comparaci\u00f3n, con los visitantes cambiando los esqu\u00eds por botas de monta\u00f1a y bicicletas. En resumen, Falls Creek se siente como una comunidad de monta\u00f1a sencilla, con una cultura de actividades al aire libre y una temporada tur\u00edstica corta pero vibrante.<\/p>\n<p>Sin duda, el principal atractivo de Falls Creek es su propio terreno monta\u00f1oso. La estaci\u00f3n cuenta con unas 76 pistas de esqu\u00ed con 16 remontes. Estas pistas acondicionadas (desde pistas suaves para principiantes hasta empinadas pistas negras) atraen a esquiadores de todos los niveles. En invierno, simplemente esquiar o hacer snowboard en las pistas de Falls Creek, que incluyen una de 3 km llamada &#034;Wishing Well&#034;, es la experiencia principal. Para muchos visitantes, esto es lo que caracteriza a Falls Creek. En los meses de verano, las laderas heladas se funden con un paisaje diferente: Falls Creek se ha hecho famoso por su parque de bicicletas de monta\u00f1a, muy bien valorado. La estaci\u00f3n ofrece decenas de kil\u00f3metros de senderos para bicicletas que serpentean por el bosque alpino. De hecho, los folletos oficiales de la estaci\u00f3n describen a Falls Creek como una &#034;meca al aire libre&#034; para los deportes de verano, con oportunidades para practicar senderismo, trail running y ciclismo alrededor del lago Rocky Valley y las crestas cercanas. Otras atracciones incluyen las hist\u00f3ricas caba\u00f1as ganaderas (como la Caba\u00f1a de Wallace y la Caba\u00f1a de Johanna) al pie del Monte McKay, vestigios de la antigua era del pastoreo donde los visitantes pueden retroceder a la vida alpina de mediados del siglo XIX. En el propio pueblo, el complejo Falls Creek Alpine Resort, un conjunto de hoteles, albergues y tiendas con acceso directo a las pistas de esqu\u00ed, es a menudo el centro de la actividad. Las pistas locales de esqu\u00ed de fondo (65 km de circuitos acondicionados alrededor del pueblo y los picos cercanos) son de primera clase, por lo que muchos visitantes prueban el esqu\u00ed de fondo o las raquetas de nieve. En resumen, las visitas obligadas de Falls Creek son sus propios campos de nieve en invierno y sus rutas de senderismo y ciclismo de monta\u00f1a en verano; esencialmente, el paisaje monta\u00f1oso es la atracci\u00f3n principal.<\/p>\n<p>Llegar a Falls Creek requiere cierta planificaci\u00f3n. El aeropuerto principal m\u00e1s cercano es Albury (en el sur de Nueva Gales del Sur, a unos 130 km), pero muchos visitantes vuelan a Melbourne (Aeropuerto de Tullamarine) y luego conducen o toman un autob\u00fas hasta la estaci\u00f3n. El viaje por carretera desde Melbourne es de unos 350 km (aproximadamente 5-6 horas en coche) por la autopista Hume y la carretera alpina. Se accede al pueblo por la carretera Bogong High Plains desde la ciudad de Mount Beauty. Cabe destacar que esta carretera de alta monta\u00f1a est\u00e1 abierta todo el a\u00f1o, pero en invierno los visitantes deben llevar y usar cadenas para la nieve en caso de hielo o nieve profunda. De hecho, las carreteras de la aldea de Falls Creek est\u00e1n completamente despejadas durante la mayor parte de la temporada de esqu\u00ed (la estaci\u00f3n inform\u00f3 que en invierno sus carreteras de la aldea estuvieron cerradas al tr\u00e1fico durante 93 d\u00edas en 2022), lo que significa que la gente aparca en la base y esqu\u00eda o camina hasta la aldea. Un autob\u00fas lanzadera gratuito funciona en d\u00edas de hielo para facilitar el transporte de los visitantes a los alojamientos. Dentro de la aldea, todo es transitable a pie o esquiable. (Cabe destacar que en verano, tanto la carretera de las Altas Llanuras de Bogong desde Omeo como la carretera de Bogong son populares entre los ciclistas, con eventos como el Peaks Challenge anual que se celebran en la zona). Consejos b\u00e1sicos para visitantes: Falls Creek utiliza d\u00f3lares australianos y se habla ingl\u00e9s en todas partes. El c\u00f3digo de vestimenta en invierno es usar varias capas de ropa de abrigo; en verano puede refrescar en la monta\u00f1a por la noche. Se aplican medidas de seguridad de sentido com\u00fan en la monta\u00f1a: permanecer en los senderos se\u00f1alizados en invierno, estar atento a los cambios de clima y, en verano, usar protecci\u00f3n solar. La se\u00f1al m\u00f3vil es irregular en las zonas m\u00e1s altas, as\u00ed que planifique con antelaci\u00f3n. En general, los visitantes deben tener en cuenta que Falls Creek es un lugar remoto y se encuentra a gran altitud; es recomendable prever tiempo de viaje adicional en invierno y prepararse para el fr\u00edo.<\/p>","protected":false},"excerpt":{"rendered":"<p>Enclavado entre los magn\u00edficos Alpes Victorianos, Falls Creek Alpine Resort es el mejor refugio de Australia para las aventuras alpinas. Ubicado en la zona de Hume del Parque Nacional Alpino, al noreste de Victoria, este resort se encuentra a unos 350 kil\u00f3metros (220 millas) de Melbourne; Mount Beauty es la ciudad m\u00e1s cercana, a solo 30 kil\u00f3metros (20 millas). Con una altitud de entre 1500 y 1830 metros (4921 y 6004 pies), el punto m\u00e1s alto del resort se encuentra a 1780 metros (5840 pies). Para quienes buscan desaf\u00edos m\u00e1s verticales, el pico vecino del Monte McKay, de 1842 metros (6043 pies), es accesible desde el resort en snowcat.<\/p>","protected":false},"author":1,"featured_media":2902,"parent":9806,"menu_order":0,"comment_status":"closed","ping_status":"closed","template":"elementor_theme","meta":{"_eb_attr":"","footnotes":""},"class_list":["post-10119","page","type-page","status-publish","has-post-thumbnail"],"_links":{"self":[{"href":"https:\/\/travelshelper.com\/es\/wp-json\/wp\/v2\/pages\/10119","targetHints":{"allow":["GET"]}}],"collection":[{"href":"https:\/\/travelshelper.com\/es\/wp-json\/wp\/v2\/pages"}],"about":[{"href":"https:\/\/travelshelper.com\/es\/wp-json\/wp\/v2\/types\/page"}],"author":[{"embeddable":true,"href":"https:\/\/travelshelper.com\/es\/wp-json\/wp\/v2\/users\/1"}],"replies":[{"embeddable":true,"href":"https:\/\/travelshelper.com\/es\/wp-json\/wp\/v2\/comments?post=10119"}],"version-history":[{"count":0,"href":"https:\/\/travelshelper.com\/es\/wp-json\/wp\/v2\/pages\/10119\/revisions"}],"up":[{"embeddable":true,"href":"https:\/\/travelshelper.com\/es\/wp-json\/wp\/v2\/pages\/9806"}],"wp:featuredmedia":[{"embeddable":true,"href":"https:\/\/travelshelper.com\/es\/wp-json\/wp\/v2\/media\/2902"}],"wp:attachment":[{"href":"https:\/\/travelshelper.com\/es\/wp-json\/wp\/v2\/media?parent=10119"}],"curies":[{"name":"wp","href":"https:\/\/api.w.org\/{rel}","templated":true}]}}