{"id":9957,"date":"2024-09-09T13:05:58","date_gmt":"2024-09-09T13:05:58","guid":{"rendered":"https:\/\/travelshelper.com\/staging\/?page_id=9957"},"modified":"2026-03-13T21:36:20","modified_gmt":"2026-03-13T21:36:20","slug":"thredbo","status":"publish","type":"page","link":"https:\/\/travelshelper.com\/de\/destinations\/australia-and-oceania\/australia\/thredbo\/","title":{"rendered":"Thredbo"},"content":{"rendered":"<p>Thredbo Alpine Village liegt im Kosciuszko-Nationalpark und ist Australiens h\u00f6chstgelegener Ferienort. Es liegt in einem bewaldeten Tal der Ramshead Range, etwa 500 km s\u00fcdlich von Sydney. Das Dorfzentrum ist eine Fu\u00dfg\u00e4ngerzone im alpinen Stil mit Gesch\u00e4ften, H\u00fctten und Tavernen \u2013 ein bewusster Kontrast zum verstreuteren Perisher. Trotz seiner Gr\u00f6\u00dfe (nur etwa 477 Einwohner) bietet Thredbo Platz f\u00fcr Tausende von Besuchern: Das Resort verf\u00fcgt \u00fcber rund 4.150 G\u00e4stebetten. An einem Winterwochenende wimmelt es auf Thredbos Pisten von Skifahrern, und die Lifte sind rund um die Uhr in Betrieb und bedienen 14 von ihnen, darunter eine Achtergondelbahn, die bis auf 1.989 m H\u00f6he reicht (die <em>Bergstation<\/em>). Bemerkenswerterweise ist Thredbos Village Run die l\u00e4ngste durchgehende Abfahrtsloipe in Australien (etwa 5 km von Karels T-Bar bis zum Dorfrand).<\/p>\n<p>Thredbo verf\u00fcgt \u00fcber etwa 480 Hektar Skigebiet \u2013 kleiner als Perisher, macht dies aber durch H\u00f6henunterschied und gute Liftqualit\u00e4t wett. Der Gipfel liegt auf 2.037 m, die Talstation auf 1.365 m, was es zu einem der h\u00f6chstgelegenen Skigebiete in NSW macht. Wintersport dominiert die Wirtschaft: Thredbo zieht j\u00e4hrlich rund 700.000 Winterg\u00e4ste an, die von seinen Funparks, Buckelpisten und pr\u00e4parierten H\u00e4ngen angezogen werden. Auch im Sommer floriert Thredbo: Rund 300.000 Besucher kommen zum Wandern, Mountainbiken und zu Festivals, was es zu einem der wenigen ganzj\u00e4hrigen Alpenresorts Australiens macht. Das Liftsystem (1 Gondel, 3 Hochgeschwindigkeits-Viersitzer-Lifte, 5 Schlepplifte und weitere Lifte) ist auf dem neuesten Stand, und die Dienstleistungen des Dorfes \u2013 von Skischulen bis zu Restaurants \u2013 sind das ganze Jahr \u00fcber in Betrieb.<\/p>\n<p>Thredbo liegt im \u00e4u\u00dfersten S\u00fcdosten von New South Wales, hoch in den Australischen Alpen. Es ist \u00fcber den Alpine Way erreichbar, der sich durch Cooma und Jindabyne Richtung Westen schl\u00e4ngelt und nach Sydney oder Canberra f\u00fchrt. Das Dorf liegt am Fu\u00dfe des Crackenback (Thredbo) River, umgeben von hohen Schnee-Eukalyptusb\u00e4umen und Gipfeln wie dem Mount Kosciuszko. Im Winter ist die Landschaft typisch alpin: schneebedeckte B\u00e4ume, frische Bergluft und ein mit Eisschollen gef\u00fcllter Fluss. Die Sommer sind k\u00fchl und gr\u00fcn, mit Wildblumen, die die Wiesen bedecken. Thredbo ist nur 15 Autominuten von Perisher entfernt, hat aber seinen ganz eigenen Charakter (eine Busverbindung verbindet die beiden Orte).<\/p>\n<p>Das Klima ist alpin-maritim. Die Winter bringen von Juni bis September regelm\u00e4\u00dfig Schneefall mit einer durchschnittlichen j\u00e4hrlichen Schneefallmenge von etwa 2.040 mm. Die Sommertage sind mild (H\u00f6chsttemperaturen um die -20 \u00b0C), die N\u00e4chte k\u00f6nnen jedoch k\u00fchl sein. Da das Tal eng ist, k\u00f6nnen St\u00fcrme Thredbo schnell erfassen, weshalb Wettervorhersagen wichtig sind.<\/p>\n<p>Das moderne Dorf Thredbo entstand als Vision w\u00e4hrend des Snowy-Mountains-Wasserkraftprojekts. 1957 erhielt ein Konsortium, das am Snowy-Mountains-Projekt mitgearbeitet hatte, die Pacht zur Entwicklung von Thredbo. Der Legende nach stammt der Name \u201eThredbo\u201c von einem Aborigine-Begriff f\u00fcr eine lokale Fluss\u00fcberquerung; n\u00e4here Einzelheiten sind jedoch rar. Die ersten Skilifte wurden Anfang der 1980er Jahre er\u00f6ffnet, und bald brachte ein Sessellift Skifahrer auf die hohen Gipfel. Bis 1987 wurden die Kernanlagen von Thredbo Village von Amalgamated Holdings Ltd. erworben.<\/p>\n<p>Thredbos Bekanntheitsgrad stieg international, als hier 1989 der FIS Alpine Ski World Cup (das erste Abfahrtsrennen der s\u00fcdlichen Hemisph\u00e4re) ausgetragen wurde. 1997 erweiterten der Riverview-Sessellift und weitere Modernisierungen das Gel\u00e4nde, und 1999 er\u00f6ffnete das Dorf die erste Gondelbahn Australiens. Im Laufe der Zeit entwickelte sich Thredbo zu einem eher europ\u00e4ischen Alpencharme: Hotels und Restaurants mit Holzbalkonen, europ\u00e4ische K\u00f6che und sogar ein Biergarten f\u00fcr Apr\u00e8s-Ski.<\/p>\n<p>Im Gegensatz zu Perisher, das aus mehreren Skigebieten entstand, wurde Thredbo von Anfang an als integrierte Stadt geplant. Seine Geschichte ist heute noch an Gedenktafeln f\u00fcr die fr\u00fchen \u201eSki-Truppen\u201c und am historischen Riverview-T-Bar (der immer noch langsam Anf\u00e4nger bef\u00f6rdert) erkennbar. Die Stadt bewahrt einen Hauch ihres Ski-Erbes aus den 1950er Jahren in Stra\u00dfennamen (z. B. Tin Can Ski Bar, erbaut 1969 von Skiarbeitern) und einem kleinen Museum mit Erinnerungsst\u00fccken aus dem Ski-Programm. In den 2000er Jahren \u00fcbertrafen die Besucherzahlen die der Viehz\u00fcchter von einst; einige H\u00fctten der fr\u00fchen Viehz\u00fcchter stehen noch immer verlassen in der Wildnis jenseits des Skigebiets.<\/p>\n<p>Thredbos Kultur verbindet entspannte australische Freundlichkeit mit einem Hauch von internationalem Skiort-Flair. Im Winter ist das Dorf lebendig, aber nicht hektisch: Die Lifte sind morgens schon gut besucht, und nachmittags herrscht in den Caf\u00e9s ein reges Treiben mit Gespr\u00e4chen in den unterschiedlichsten Dialekten. Die gesch\u00e4ftigen Schichten in den Caf\u00e9s und Skigesch\u00e4ften weichen gem\u00fctlichen Winterabenden in den H\u00fctten. Die Vielfalt der Besucher \u2013 einheimische Familien, europ\u00e4ische Skilehrer, australische Rucksacktouristen \u2013 sorgt f\u00fcr ein multikulturelles Treiben auf den B\u00fcrgersteigen und in den Brauereien. Viele Mitarbeiter haben schwedische oder deutsche Ausdr\u00fccke im lockeren Gespr\u00e4ch mit G\u00e4sten gelernt. Nat\u00fcrlich spricht hier jeder Englisch, aber \u201eSchuss\u201c oder \u201eGuten Morgen\u201c zu k\u00f6nnen, ist nicht ungew\u00f6hnlich.<\/p>\n<p>Lokale Veranstaltungen pr\u00e4gen das Leben in Thredbo. Jeden Winter findet die Dorfbeleuchtung (der Countdown zu den Feiertagen Anfang Juli) mit Feuerwerk statt. Das lange Oktoberwochenende ist ber\u00fchmt f\u00fcr das Thredbo Blues Festival, ein traditionsreiches Open-Air-Musikfestival, das Jazz- und Bluesfans anzieht. Im Sommer finden Mountainbike-Rennen und gef\u00fchrte Wildblumenwanderungen statt. Zwischen den Veranstaltungen ist der Gemeinschaftsgeist stark: Man sagt, wenn jemand im Dorf vermisst wird (zum Beispiel, wenn er vergisst, von einem Abend in der Bar zur\u00fcckzukommen), wird er meist schlafend auf einer freien Matratze im Zimmer eines Freundes gefunden. Die Leute begr\u00fc\u00dfen Fremde mit einem L\u00e4cheln oder Nicken; die Eltern kennen jeden mit Vornamen, und in einer karnevalesken \u201eAustraliana\u201c-Lounge (der Tin Can Ski Bar) finden spontane Sing-Alongs statt.<\/p>\n<p>Insgesamt ist die Atmosph\u00e4re warm und rustikal. Gesch\u00e4fte und Skih\u00fctten laden zu legerer, naturbelassener Kleidung ein (z. B. dicke Strickwaren und Schneestiefel). Nach einem Tag auf der Piste sieht man beim Abendessen sonnenverbrannte Gesichter, die Schnitzel oder Lammbraten verdr\u00fccken und einen europ\u00e4ischen oder tasmanischen Pinot in der Hand halten. Die Kinder kehren jeden Abend zum gemeinsamen Abendessen in die H\u00fctte zur\u00fcck, stricken Eisbecher und unterhalten sich angeregt \u00fcber den Pulverschnee des Tages. Hier herrscht ein Gef\u00fchl der Geschlossenheit \u2013 anders als in einer Gro\u00dfstadt trifft man \u00fcberall dieselben Gesichter \u2013, was Thredbo eine nachbarschaftliche Atmosph\u00e4re verleiht.<\/p>\n<p>Nat\u00fcrlich ist Skifahren Thredbos gr\u00f6\u00dfte Attraktion. Die Pisten reichen von breiten Anf\u00e4ngerpisten in Friday Flat bis zu steilen Rinnen wie Minaret und Pigs Head f\u00fcr Experten. Der Perisher Range T-Bar verbindet diese Pisten. Abseits der Pisten locken im Sommer alpine Wanderungen: Besucher k\u00f6nnen von Thredbo Village durch subalpine Feuchtgebiete und Ger\u00f6llfelder zum Gipfel des Kosciuszko wandern (ca. 18 km hin und zur\u00fcck). Ein weiteres Sommer-Highlight ist die Fahrt mit dem Sessellift \u2013 der Kosciuszko Express ist im Sommer f\u00fcr Sightseeing und Mountainbike-Abfahrten ge\u00f6ffnet.<\/p>\n<p>F\u00fcr einen entspannteren Ausflug empfiehlt sich eine Fahrt mit dem Sessellift zum Eagles Nest Restaurant (dem Speisesaal auf halber H\u00f6he). Hier genie\u00dfen Sie bei einem Latte Macchiato einen Panoramablick auf schneebedeckte Gipfel. Naturliebhaber k\u00f6nnen im oberen Teil des Thredbo River Forellen angeln oder wilde Brumbies (verwilderte Pferde) beobachten, die auf den Hochebenen grasen. Im Winter k\u00f6nnen Nicht-Skifahrer im Tal rodeln und im Schnee spielen.<\/p>\n<p>Auch das Dorf selbst ist eine Attraktion. Die Hauptstra\u00dfe ist ges\u00e4umt von Holzh\u00fctten und Restaurants \u2013 vom Alpine Hotel (mit Live-Musik am Wochenende) bis hin zu modernen Lokalen mit internationaler K\u00fcche (Thai, Italienisch, moderne australische K\u00fcche). Thredbos Apr\u00e8s-Ski-Nachtleben ist zwar kleiner als das von Perisher, aber charmant. An Wochenendabenden spielen Live-Bands in der Alpine Bar oder laden zum gem\u00fctlichen Singen am Kamin der Schuss Bar ein. Im Innenbereich l\u00e4dt das Thredbo Leisure Centre mit Pool und Fitnessstudio zum Entspannen ein.<\/p>\n<p>Ein einzigartiges Merkmal von Thredbo ist die Gondelfahrt, die eine Attraktion f\u00fcr sich ist. Sie ist ganzj\u00e4hrig ge\u00f6ffnet und f\u00fchrt bis knapp unter den Gipfel, von wo aus man einen weiten Blick \u00fcber die Berge bis in die Ferne genie\u00dft. An klaren Tagen kann man bis nach Kosciuszko und dar\u00fcber hinaus sehen \u2013 ein Panorama aus Seespiegelungen und Schneefeldern.<\/p>\n<p>Die Natur liegt buchst\u00e4blich vor der Haust\u00fcr: Selbst im Winter h\u00fcpfen gelegentlich K\u00e4ngurus durch das Dorf, und im Fr\u00fchling bl\u00fchen die T\u00e4ler voller alpiner Wildblumen. Jeder Einwohner kennt die Eukalyptusb\u00e4ume, die sich im Herbst feuerrot f\u00e4rben. F\u00fcr Besucher ist eine halbt\u00e4gige Wanderung von den Thredbo Falls zum Lake Crackenback oder Mount Kosciuszko ein besonders lohnendes Erlebnis \u2013 sowohl wegen der Aussicht als auch wegen des Gef\u00fchls unber\u00fchrter Wildnis.<\/p>\n<p>Thredbo ist ausschlie\u00dflich \u00fcber die Stra\u00dfe erreichbar. Die besten Flugh\u00e4fen sind Canberra (ca. 1,5\u20132 Stunden \u00fcber Cooma entfernt) und Sydney (ca. 5\u20136 Stunden). Von Canberra aus nimmt man den Monaro Highway nach Cooma und dann den Alpine Way Richtung Osten nach Thredbo. Die Stra\u00dfe f\u00fchrt durch alpines Gel\u00e4nde \u2013 im Winter sind Schneeketten erforderlich. Busse fahren von Canberra und Sydney nach Cooma oder Jindabyne; von Jindabyne fahren einige mit kleineren Shuttlebussen weiter nach Thredbo (viele Reisende mieten sich jedoch aus praktischen Gr\u00fcnden einfach ein Auto oder einen Gel\u00e4ndewagen).<\/p>\n<p>Im Gegensatz zu Perisher ist Thredbos Zentrum kompakt und fu\u00dfg\u00e4ngerfreundlich. Im Dorf angekommen, erreichen die meisten G\u00e4ste ihr Ziel zu Fu\u00df oder mit Skiern (die Gondelbahn und die Hauptlifte befinden sich am Ortsende). F\u00fcr G\u00e4ste, die am Ortsrand wohnen, bieten die Shuttlebusse des Resorts eine Umrundung des Dorfes Thredbo. Parkpl\u00e4tze gibt es in der N\u00e4he des Dorfes, im Winter ist es jedoch oft schneller, drau\u00dfen zu parken und den Shuttle zu nehmen (Reserveparkpl\u00e4tze befinden sich in Friday Flat und Bullocks Flat). In Thredbo ist die Autofahrt au\u00dferhalb des Dorfkerns minimal; Skigebiete sind nur eingeschr\u00e4nkt \u00fcber das Stra\u00dfennetz erreichbar.<\/p>\n<p>Es gelten die \u00fcblichen australischen Regeln: W\u00e4hrung ist AUD, Sprache Englisch, Trinkgeld optional. Das Klima ist k\u00e4lter, daher sollten Besucher geeignete Kleidung mitbringen. Der Mobilfunkempfang in Thredbo ist besser als in Perisher (es gibt Mobilfunkmasten im Dorf), aber die Empfangsst\u00e4rke kann oben am Berg nachlassen. Aufgrund der H\u00f6he von Thredbo k\u00f6nnen manche Besucher, die zum ersten Mal kommen, leichte Benommenheit versp\u00fcren. Vermeiden Sie daher vorsichtshalber am ersten Tag Alkohol und trinken Sie ausreichend.<\/p>\n<p>Lebensmittel und Dienstleistungen sind im Ort gut verf\u00fcgbar: Superm\u00e4rkte verkaufen Lebensmittel, und Skigesch\u00e4fte vermieten Ausr\u00fcstung und Schneeketten. Im Dorf gibt es eine kleine medizinische Klinik f\u00fcr leichte Verletzungen. Bei schweren Verletzungen ist der Krankenwagen gut erreichbar (die Stra\u00dfen f\u00fchren \u00fcber die Hauptverkehrsstra\u00dfen ins Dorf). Die meisten Besucher packen Sonnencreme ein und f\u00fcr Kinder warme, wasserdichte Kleidung. Begegnungen mit Wildtieren (z. B. Wombats, die in der D\u00e4mmerung die Stra\u00dfe \u00fcberqueren) sind m\u00f6glich. Seien Sie daher beim Fahren bei schlechten Lichtverh\u00e4ltnissen vorsichtig.<\/p>\n<p>Die Mitarbeiter und Einheimischen von Thredbo sind locker und hilfsbereit. Eine \u00fcbliche Begr\u00fc\u00dfung ist ein freundliches \u201eHallo\u201c oder \u201eTsch\u00fcss\u201c. Um respektvoll zu sein, k\u00f6nnen Besucher ein paar Noongar-W\u00f6rter lernen, obwohl dies hier selten erwartet wird (Noongar-Kulturreisen konzentrieren sich eher auf Perth). In Restaurants und Bars bedeutet Barservice oft, dass man an der Theke bestellt und Getr\u00e4nke an den Tisch bringt. An Gemeinschaftstischen ist es h\u00f6flich, anderen etwas einzuschenken.<\/p>\n<p>Beachten Sie die Jahreszeiten: Thredbo ist im Winter und Sommer unterschiedlich. Der Winter (Juni\u2013September) ist die Hauptsaison; die meisten Gesch\u00e4fte sind t\u00e4glich ge\u00f6ffnet. Im Sommer schlie\u00dfen einige Skiverleihe (Mountainbike-Verleihe ersetzen diese jedoch). Schneeketten sind f\u00fcr Fahrzeuge mit Allradantrieb im Winter, genau wie in Perisher, gesetzlich vorgeschrieben. In der Stadt ist das Leben je nach Jahreszeit unterschiedlich \u2013 im Juli ist es lebhaft und \u00fcberf\u00fcllt, im Januar ruhig und gr\u00fcn.<\/p>\n<p>Thredbos Mischung aus Komfort (ein echtes Dorf) und Wildnis (der umliegende Nationalpark) bedeutet f\u00fcr Reisende Entspannung und gleichzeitige Vorsicht. Das Resort gilt als sicher, da Pistenrettung und Polizei regelm\u00e4\u00dfig patrouillieren. Insgesamt wirkt Thredbo einladend und bodenst\u00e4ndig: eine gem\u00fctliche Alpengemeinde am anderen Ende der Stra\u00dfe, die G\u00e4ste mit hei\u00dfem Kaffee und Bergluft unter der australischen Sonne begr\u00fc\u00dft.<\/p>\n<table>\n<thead>\n<tr>\n<th>Kategorie<\/th>\n<th>Details<\/th>\n<\/tr>\n<\/thead>\n<tbody>\n<tr>\n<td>Standort<\/td>\n<td>Thredbo, New South Wales, Australien<\/td>\n<\/tr>\n<tr>\n<td>H\u00f6he des Resorts<\/td>\n<td>1.365 Meter (4.478 Fu\u00df)<\/td>\n<\/tr>\n<tr>\n<td>Skisaison<\/td>\n<td>Juni bis Oktober<\/td>\n<\/tr>\n<tr>\n<td>Skipasspreise<\/td>\n<td>Variiert je nach Saison und Dauer<\/td>\n<\/tr>\n<tr>\n<td>\u00d6ffnungszeiten<\/td>\n<td>Normalerweise 8:30 bis 16:30 Uhr<\/td>\n<\/tr>\n<tr>\n<td>Anzahl der Pisten<\/td>\n<td>53<\/td>\n<\/tr>\n<tr>\n<td>Gesamte Pistenl\u00e4nge<\/td>\n<td>Ungef\u00e4hr 50 km<\/td>\n<\/tr>\n<tr>\n<td>L\u00e4ngster Lauf<\/td>\n<td>5,9 km (Karels T-Bar bis Friday Flat)<\/td>\n<\/tr>\n<tr>\n<td>Leichte Pisten<\/td>\n<td>16%<\/td>\n<\/tr>\n<tr>\n<td>Moderate Steigungen<\/td>\n<td>67%<\/td>\n<\/tr>\n<tr>\n<td>Fortgeschrittene Pisten<\/td>\n<td>17%<\/td>\n<\/tr>\n<tr>\n<td>Pistenrichtungen<\/td>\n<td>Norden, Osten<\/td>\n<\/tr>\n<tr>\n<td>Nachtskifahren<\/td>\n<td>Verf\u00fcgbar an ausgew\u00e4hlten Tagen<\/td>\n<\/tr>\n<tr>\n<td>Beschneiung<\/td>\n<td>Umfassende Abdeckung<\/td>\n<\/tr>\n<tr>\n<td>Gesamtaufz\u00fcge<\/td>\n<td>14<\/td>\n<\/tr>\n<tr>\n<td>Steigf\u00e4higkeit<\/td>\n<td>17.000 Skifahrer pro Stunde<\/td>\n<\/tr>\n<tr>\n<td>H\u00f6chster Lift<\/td>\n<td>2.037 Meter (6.683 Fu\u00df)<\/td>\n<\/tr>\n<tr>\n<td>Gondeln\/Seilbahnen<\/td>\n<td>1<\/td>\n<\/tr>\n<tr>\n<td>Sessellifte<\/td>\n<td>8<\/td>\n<\/tr>\n<tr>\n<td>Schlepplifte<\/td>\n<td>5<\/td>\n<\/tr>\n<tr>\n<td>Snowparks<\/td>\n<td>Ja<\/td>\n<\/tr>\n<tr>\n<td>Skiverleih<\/td>\n<td>Verf\u00fcgbar<\/td>\n<\/tr>\n<tr>\n<td>Apr\u00e8s-Ski<\/td>\n<td>Verschiedene Bars und Restaurants<\/td>\n<\/tr>\n<\/tbody>\n<\/table>\n<article>\n<\/article>","protected":false},"excerpt":{"rendered":"<p>Thredbo liegt eingebettet in den Snowy Mountains von New South Wales, Australien, und ist ein malerisches Dorf mit einem ber\u00fchmten Skigebiet. Es ist \u00fcber den Alpine Way von Cooma, Berridale und Jindabyne aus erreichbar und liegt etwa 500 Kilometer s\u00fcdlich von Sydney. Am Fu\u00dfe der Ramshead Range liegt das Dorf im Tal des Thredbo River, auch bekannt als Crackenback River. Diese Lage macht Thredbo zu einem beliebten Winter- und Sommerziel mit atemberaubender Natursch\u00f6nheit.<\/p>","protected":false},"author":1,"featured_media":3673,"parent":9806,"menu_order":0,"comment_status":"closed","ping_status":"closed","template":"elementor_theme","meta":{"_eb_attr":"","footnotes":""},"class_list":["post-9957","page","type-page","status-publish","has-post-thumbnail"],"_links":{"self":[{"href":"https:\/\/travelshelper.com\/de\/wp-json\/wp\/v2\/pages\/9957","targetHints":{"allow":["GET"]}}],"collection":[{"href":"https:\/\/travelshelper.com\/de\/wp-json\/wp\/v2\/pages"}],"about":[{"href":"https:\/\/travelshelper.com\/de\/wp-json\/wp\/v2\/types\/page"}],"author":[{"embeddable":true,"href":"https:\/\/travelshelper.com\/de\/wp-json\/wp\/v2\/users\/1"}],"replies":[{"embeddable":true,"href":"https:\/\/travelshelper.com\/de\/wp-json\/wp\/v2\/comments?post=9957"}],"version-history":[{"count":0,"href":"https:\/\/travelshelper.com\/de\/wp-json\/wp\/v2\/pages\/9957\/revisions"}],"up":[{"embeddable":true,"href":"https:\/\/travelshelper.com\/de\/wp-json\/wp\/v2\/pages\/9806"}],"wp:featuredmedia":[{"embeddable":true,"href":"https:\/\/travelshelper.com\/de\/wp-json\/wp\/v2\/media\/3673"}],"wp:attachment":[{"href":"https:\/\/travelshelper.com\/de\/wp-json\/wp\/v2\/media?parent=9957"}],"curies":[{"name":"wp","href":"https:\/\/api.w.org\/{rel}","templated":true}]}}