{"id":9824,"date":"2024-09-09T00:31:47","date_gmt":"2024-09-09T00:31:47","guid":{"rendered":"https:\/\/travelshelper.com\/staging\/?page_id=9824"},"modified":"2026-03-13T21:41:46","modified_gmt":"2026-03-13T21:41:46","slug":"perisher-skigebiet","status":"publish","type":"page","link":"https:\/\/travelshelper.com\/de\/destinations\/australia-and-oceania\/australia\/perisher\/","title":{"rendered":"Perisher Skigebiet"},"content":{"rendered":"<p>In den Snowy Mountains von New South Wales erstreckt sich das Perisher Ski Resort zwischen nach Eukalyptus duftenden H\u00e4ngen unter einem weiten Winterhimmel. Auf einer H\u00f6he von etwa 1.720 m gelegen und auf \u00fcber 2.000 m ansteigend, erstreckt sich dieser hochgelegene alpine Komplex \u00fcber etwa 12 Quadratkilometer und verbindet vier D\u00f6rfer \u2013 Perisher Valley, Smiggin Holes, Guthega und Blue Cow. Mit 45 Liften, die sich durch W\u00e4lder und Schneefelder schl\u00e4ngeln, bietet Perisher ein Mosaik aus sanften Pisten und steileren Lichtungen. Es ist keine \u00dcbertreibung zu sagen, dass Perisher \u201edas gr\u00f6\u00dfte Skigebiet der s\u00fcdlichen Hemisph\u00e4re\u201c ist, ein Titel, der durch sein abwechslungsreiches Gel\u00e4nde und das gesch\u00e4ftige Winterleben gerechtfertigt ist. Wie viele australische Resorts ist Perisher haupts\u00e4chlich auf Naturschnee angewiesen; Besucher kommen oft im Juni und fahren bis September, wenn die Tagesh\u00f6chsttemperaturen knapp \u00fcber dem Gefrierpunkt liegen.<\/p>\n<p>Das Dorf Perisher Valley selbst hat nur ein paar Dutzend st\u00e4ndige Einwohner. Bei der australischen Volksz\u00e4hlung von 2021 wurden lediglich 99 Personen gemeldet, die das ganze Jahr \u00fcber hier leben. Im Winter steigt diese Zahl auf rund 2.500, einschlie\u00dflich Skilehrern, Gastronomiepersonal und G\u00e4sten, was Perisher zum gesch\u00e4ftigsten Alpenzentrum in New South Wales macht. Die lokale Wirtschaft dreht sich fast ausschlie\u00dflich um Tourismus und Wintersport. Unterk\u00fcnfte, Restaurants, Skischulen und Liftdienste besch\u00e4ftigen den Gro\u00dfteil der Einwohner. Seit 2015 wird Perisher nach einer \u00dcbernahme f\u00fcr 177 Millionen AU$ von Vail Resorts (einem amerikanischen Unternehmen) betrieben. Diese Investition spiegelt die Gr\u00f6\u00dfe von Perisher wider \u2013 es umfasst \u00fcber 1.245 Hektar an Liftanlagen und tr\u00e4gt eine j\u00e4hrliche Schneedecke von Hunderten von Zentimetern. In den ruhigen Sommermonaten liegt diese Kapazit\u00e4t gr\u00f6\u00dftenteils ungenutzt, aber im Winter floriert das Resort: Seine 48 Lifte und pr\u00e4parierten Pisten arbeiten zusammen, um t\u00e4glich Tausende von Skifahrern zu bef\u00f6rdern.<\/p>\n<p>Perisher liegt tief in den Snowy Mountains, einem Teilgebirge der Great Dividing Range, etwa 500 km s\u00fcdlich von Sydney und 190 km s\u00fcdwestlich von Canberra. Der Ferienort liegt vollst\u00e4ndig im Kosciuszko-Nationalpark, einem rauen Wildnisgebiet rund um Australiens h\u00f6chsten Gipfel (Mount Kosciuszko, 2.228 m). Die Landschaft ist klassisch alpin: abgerundete Berge, die die meiste Zeit des Jahres schneebedeckt sind, durchsetzt mit Hochebenen und subalpinen W\u00e4ldern. Blue Lake und Guthega Lake liegen gleich hinter den Skigebieten. Im Winter ist die Luft frisch und trocken (nachts oft weit unter dem Gefrierpunkt), und auf den Berggipfeln schneit es regelm\u00e4\u00dfig. Eine klimatologische Quelle stuft das Klima in Perisher als subarktisch ein, mit langen, kalten Wintern und kurzen, milden Sommern. Die Sommer sind in der H\u00f6he k\u00fchl (selten \u00fcber 25 \u00b0C), w\u00e4hrend die Wintertage an den Liften im Allgemeinen um die 0 \u00b0C liegen. Von Ende Mai bis Anfang Oktober liegt auf den Gipfeln zuverl\u00e4ssig Schnee, wobei im Juli und August normalerweise die h\u00f6chste Schneeh\u00f6he zu verzeichnen ist.<\/p>\n<p>Die menschliche Aktivit\u00e4t in der Region Perisher reicht Jahrtausende zur\u00fcck. Die Snowy Mountains waren im Sommer Sammelpl\u00e4tze f\u00fcr indigene V\u00f6lker, die einst in gro\u00dfen Gruppen herabkamen, um die fetten Bogong-Motten von den Almen zu ernten. Europ\u00e4ische Entdecker drangen erstmals in den 1830er Jahren in die Region ein. 1840 bestieg Sir Paul Edmund de Strzelecki den Kosciuszko und gab ihm einen Namen. Viehz\u00fcchter folgten bald. Die Gegend erlangte in sp\u00e4teren \u00dcberlieferungen eine legend\u00e4re Dimension: Banjo Patersons Gedicht <em>\u201eDer Mann vom Snowy River\u201c<\/em> verewigte die mutigen Viehz\u00fcchter, die dem Hochland trotzten.<\/p>\n<p>Die Wurzeln der Skiindustrie in Perisher reichen bis in die Mitte des 20. Jahrhunderts zur\u00fcck. Nach dem Zweiten Weltkrieg erschloss das Snowy Mountains Hydroelectric Scheme (1949\u20131974) die Region mit Stra\u00dfen und Infrastruktur. Skibegeisterte kamen, und 1951 wurden die ersten H\u00fctten gebaut. Ein Jahr sp\u00e4ter entstanden primitive Liftanlagen: Schlepplifte und der erste Schlepplift im Tal bis 1958, gefolgt von einem Doppelsessellift im Jahr 1961. Im Laufe der Jahrzehnte kamen weitere Sessellifte und Anlagen hinzu. Einer apokryphen Geschichte aus diesen fr\u00fchen Tagen zufolge rief ein Alpensiedler namens James Spencer aus, als er in einen Sturm geriet: \u201eWas f\u00fcr ein Perisher!\u201c Der Name des Resorts k\u00f6nnte von diesem treffenden Ausspruch abgeleitet sein.<\/p>\n<p>1995 wurden die vier Basisgebiete \u2013 Perisher Valley, Smiggin Holes, Guthega und Blue Cow \u2013 unter dem Dach der Perisher Blue Company zusammengelegt, wodurch die Lifte und P\u00e4sse vereinheitlicht wurden. In den 2000er Jahren verf\u00fcgte Perisher \u00fcber Dutzende miteinander verbundene Lifte auf einer Fl\u00e4che von 1.245 Hektar. Heute bringen moderne Hochgeschwindigkeitssessellifte die G\u00e4ste die Pisten hinauf, doch Spuren der fr\u00fchen Skigeschichte sind im Tal noch immer zu finden \u2013 verblasste Skiclub-Plaketten, ausgestellte alte Pistenraupen und die Geschichte der ersten Enthusiasten, die zu Fu\u00df den Whiteouts trotzten.<\/p>\n<p>Die Kultur von Perisher ist gepr\u00e4gt von seinem alpinen Charakter und dem Rhythmus der Jahreszeiten. Im Sommer wirkt das Dorf ruhig und abgeschieden \u2013 eine Handvoll Hausmeister und Einheimische k\u00fcmmern sich um die H\u00fctten und f\u00fchren Wandertouren. Im Winter verwandelt sich die Atmosph\u00e4re in ein geselliges Treiben von Urlaubern, ausl\u00e4ndischen Auswanderern und australischen Familien. Englisch ist die Lingua Franca (Australier aus Sydney oder Melbourne dominieren oft), aber Saisonarbeiter bringen Akzente aus Europa, Nordamerika und Asien mit. Alle teilen eine l\u00e4ssige, naturverbundene Atmosph\u00e4re: Jacken tags\u00fcber, Fleeceschichten abends und ein herzlicher Empfang in den \u00f6rtlichen Caf\u00e9s und Bars.<\/p>\n<p>Ein H\u00f6hepunkt im Kalender von Perisher ist das j\u00e4hrliche PEAK Music Festival, ein viert\u00e4giges Fest am Winterer\u00f6ffnungswochenende. Es verwandelt das Dorf in einen lebendigen alpinen Spielplatz mit Live-Bands, DJs und Feuerwerk. Auch lokale Traditionen kommen nicht zu kurz: Grillabende am Holzofen, Skirennen f\u00fcr Clubmitglieder und Geschichtenabende in Bergh\u00fctten. In der kristallklaren Stille des Morgens unterhalten sich Skifahrer \u00fcber die Pulverschneeverh\u00e4ltnisse; am sp\u00e4ten Nachmittag schallt Gel\u00e4chter aus den Pubs im Tal. Auf subtile Weise bewahrt Perisher den Widerhall seiner Pioniervergangenheit: Mitarbeiter erz\u00e4hlen Witze \u00fcber die \u201eBogong-Mottensaison\u201c, und alte Hasen schwelgen in Erinnerungen an vergessene H\u00fctten. Die Atmosph\u00e4re ist freundlich und unkompliziert \u2013 ein typisches alpines Gemeinschaftserlebnis s\u00fcdlich des \u00c4quators.<\/p>\n<p>F\u00fcr die meisten Besucher ist das Skifahren selbst die Hauptattraktion von Perisher. Das 1245 Hektar gro\u00dfe Skigebiet ist \u00fcberwiegend f\u00fcr Fortgeschrittene geeignet (etwa 60 % der Pisten). Pisten wie die Olympic, North Perisher und Blue Calf T-Bars f\u00fchren sanft durch den Eukalyptuswald, w\u00e4hrend Gebiete wie Sunday School weitl\u00e4ufige, pr\u00e4parierte Steilh\u00e4nge bieten. Der h\u00f6chste Liftzugang \u2013 auf dem Gipfel des Mount Perisher auf 2.054 m \u2013 belohnt Skifahrer mit einem atemberaubenden Panoramablick auf die Great Dividing Range. Die l\u00e4ngste Abfahrt vom Mount Perisher ins Perisher Valley ist fast 4 km lang und bietet Skifahrern abwechslungsreiche Abfahrten.<\/p>\n<p>Neben Skifahren bietet Perisher auch klassische alpine Erlebnisse. Ein absolutes Muss ist der Mount Kosciuszko selbst: Ein markierter Wanderweg f\u00fchrt von Perisher Valley oder Thredbo zum Gipfel des Australia (2.228 m) und bietet Tundra-Aussichten auf zerkl\u00fcftete Bergr\u00fccken und Bergseen. Im Sommer nutzen Wanderer und Mountainbiker die Skipisten als Wege, und Angler werfen ihre Angel in den nahegelegenen Seen aus. Die Skitube \u2013 eine unterirdische Zahnradbahn \u2013 ist eine einzigartige Attraktion; sie bef\u00f6rdert Skifahrer durch einen 6 km langen Tunnel von Bullocks Flat ins Perisher Valley. In der Bergh\u00fctte oberhalb von Blue Cow k\u00f6nnen Besucher hei\u00dfen Apfelwein probieren und spektakul\u00e4re Bergpanoramen genie\u00dfen. Auch die Tierwelt ist vertreten: Abseits der Skipisten kann man in tiefer gelegenen Lichtungen Wombats oder K\u00e4ngurus beobachten oder den hohen Ruf eines Leierschwanzes h\u00f6ren.<\/p>\n<p>Geschichtsinteressierte k\u00f6nnen im Kosciuszko-Nationalpark verstreut alte Bergh\u00fctten erkunden, Relikte der Viehzucht der Vergangenheit. Banjo Paterson&#039;s <em>Der Mann vom Snowy River<\/em> Eine Statue in Jindabyne (nahegelegene Stadt) erinnert an die Sagen der Region. F\u00fcr eine moderne Interpretation bieten die j\u00e4hrlichen Langlaufrennen und Lawinenhundevorf\u00fchrungen in Perisher einen Einblick in das Urlaubsleben. Allein der Blick auf den alpinen Sonnenaufgang vom Sessellift in Perisher Valley \u2013 mit Skist\u00f6cken in der Hand und eisiger Luft im Gesicht \u2013 ist ein Erlebnis f\u00fcr sich.<\/p>\n<p>Perisher liegt in einer abgelegenen Bergregion. Der n\u00e4chstgelegene gr\u00f6\u00dfere Flughafen ist der internationale Flughafen Canberra, etwa zweieinhalb Autostunden n\u00f6rdlich. Von Canberra aus folgt man dem Snowy Mountains Highway durch Cooma und Jindabyne und biegt dann auf die Kosciuszko Road Richtung Westen in Richtung Perisher ab. Das Resort vertreibt auch den Skitube: Man f\u00e4hrt nach Bullocks Flat (auf der Kosciuszko Road) und nimmt den Zug, um verschneite Stra\u00dfen zu vermeiden. Der Flughafen Sydney ist weiter entfernt (etwa f\u00fcnf bis sechs Autostunden), aber viele internationale Besucher kombinieren einen Buschflug nach Canberra mit einem Roadtrip. Im Winter m\u00fcssen alle Fahrzeuge auf den Stra\u00dfen von Kosciuszko Schneeketten mitf\u00fchren. Perisher Valley verf\u00fcgt \u00fcber ausreichend Parkpl\u00e4tze am Fu\u00dfe des Berges; zus\u00e4tzliche Parkpl\u00e4tze gibt es bei Smiggin Holes.<\/p>\n<p>In Perisher angekommen, bewegt man sich haupts\u00e4chlich zu Fu\u00df oder auf Skiern. Die vier D\u00f6rfer sind durch Shuttlebusse, Skilifte und Stra\u00dfenbahnen miteinander verbunden, sodass man nicht selbst fahren muss. Ein kostenloser Shuttle verkehrt morgens und nachmittags zwischen Jindabyne und Perisher, und lokale Busse verkehren zwischen den D\u00f6rfern. Innerhalb des Resorts dienen Lifte als vertikaler Transport. Das Hauptdorf ist leicht zu Fu\u00df zu erkunden, aber bringen Sie warme Kleidung mit, da die Wege verschneit oder vereist sein k\u00f6nnen. Lokale Taxis und Mitfahrdienste sind nur selten verf\u00fcgbar \u2013 planen Sie f\u00fcr abendliche Ausfl\u00fcge auf eigene Faust oder mit dem Resort-Transport.<\/p>\n<p>Die W\u00e4hrung ist der Australische Dollar (AUD); Kreditkarten werden weitgehend akzeptiert. Die Landessprache ist Englisch. Der Alltag in Perisher ist unkompliziert: In Gesch\u00e4ften und Caf\u00e9s wird eine h\u00f6fliche Begr\u00fc\u00dfung erwartet, und die Einheimischen sind entspannt und ungezwungen. Trinkgeld ist nicht \u00fcblich (das Lohnsystem beinhaltet alles), kleine Gratifikationen f\u00fcr vorbildlichen Service werden jedoch gerne entgegengenommen. Das Wetter kann sich schnell \u00e4ndern: Selbst im September kann die Mittagssonne der abendlichen K\u00fchle weichen. Ziehen Sie sich in mehreren Schichten an und nehmen Sie Sonnenschutzmittel mit \u2013 die UV-Strahlung auf Schnee ist stark. Sicherheitsregeln beim Skifahren sind \u00e4u\u00dferst wichtig (bleiben Sie immer innerhalb der Grenzen und beachten Sie die Warnschilder). Der Handyempfang ist auf den Pisten l\u00fcckenhaft; informieren Sie jemanden \u00fcber Ihre Pl\u00e4ne, wenn Sie abseits der Piste unterwegs sind. Praktischer Hinweis: In diesen bescheidenen H\u00f6hen ist ein Mal de Montagne unwahrscheinlich, aber Dehydrierung kann auftreten \u2013 trinken Sie Wasser und ruhen Sie sich zwischen den Abfahrten aus.<\/p>\n<p>Perisher-Reisende berichten insgesamt von einem sehr sicheren und besucherfreundlichen Resort. Aus logistischer Sicht empfiehlt es sich, nach Canberra zu fliegen, ein Allradfahrzeug zu mieten und \u00fcber Jindabyne aufzusteigen. Dieselfahrzeuge sind auf dem steilen Anstieg sparsamer. Im Winter sollten Sie t\u00e4glich die Stra\u00dfenverh\u00e4ltnisse pr\u00fcfen. Jindabyne bietet im Notfall umfassende Dienstleistungen (Kraftstoff, Lebensmittel, Apotheken) und sogar medizinische Kliniken. Die Stra\u00dfe nach Perisher f\u00fchrt jedoch ab Bullocks Flat gr\u00f6\u00dftenteils durch Wildnis. Mit guter Vorbereitung verl\u00e4uft eine Reise nach Perisher \u2013 abgesehen von der K\u00e4lte am Berg \u2013 problemlos, und die herzliche Dorfgemeinschaft vertreibt die Reisek\u00e4lte schnell.<\/p>\n<table>\n<thead>\n<tr>\n<th><strong>Kategorie<\/strong><\/th>\n<th><strong>Details<\/strong><\/th>\n<\/tr>\n<\/thead>\n<tbody>\n<tr>\n<td><strong>Standort<\/strong><\/td>\n<td>New South Wales, Australien<\/td>\n<\/tr>\n<tr>\n<td><strong>H\u00f6he des Resorts<\/strong><\/td>\n<td>1.720 Meter (5.643 Fu\u00df)<\/td>\n<\/tr>\n<tr>\n<td><strong>Skisaison<\/strong><\/td>\n<td>Juni bis Oktober<\/td>\n<\/tr>\n<tr>\n<td><strong>Skipasspreise<\/strong><\/td>\n<td>Variiert je nach Saison und Dauer<\/td>\n<\/tr>\n<tr>\n<td><strong>\u00d6ffnungszeiten<\/strong><\/td>\n<td>Normalerweise 8:30 bis 17:00 Uhr<\/td>\n<\/tr>\n<tr>\n<td><strong>Anzahl der Pisten<\/strong><\/td>\n<td>47<\/td>\n<\/tr>\n<tr>\n<td><strong>Gesamte Pistenl\u00e4nge<\/strong><\/td>\n<td>100 Kilometer<\/td>\n<\/tr>\n<tr>\n<td><strong>L\u00e4ngster Lauf<\/strong><\/td>\n<td>3 Kilometer<\/td>\n<\/tr>\n<tr>\n<td><strong>Leichte Pisten<\/strong><\/td>\n<td>22%<\/td>\n<\/tr>\n<tr>\n<td><strong>Moderate Steigungen<\/strong><\/td>\n<td>60%<\/td>\n<\/tr>\n<tr>\n<td><strong>Fortgeschrittene Pisten<\/strong><\/td>\n<td>18%<\/td>\n<\/tr>\n<tr>\n<td><strong>Pistenrichtungen<\/strong><\/td>\n<td>Norden, S\u00fcden, Osten, Westen<\/td>\n<\/tr>\n<tr>\n<td><strong>Nachtskifahren<\/strong><\/td>\n<td>Verf\u00fcgbar an ausgew\u00e4hlten Abenden<\/td>\n<\/tr>\n<tr>\n<td><strong>Beschneiung<\/strong><\/td>\n<td>Umfassende Abdeckung<\/td>\n<\/tr>\n<tr>\n<td><strong>Gesamtaufz\u00fcge<\/strong><\/td>\n<td>47<\/td>\n<\/tr>\n<tr>\n<td><strong>Steigf\u00e4higkeit<\/strong><\/td>\n<td>53.990 Skifahrer pro Stunde<\/td>\n<\/tr>\n<tr>\n<td><strong>H\u00f6chster Lift<\/strong><\/td>\n<td>2.034 Meter (6.673 Fu\u00df)<\/td>\n<\/tr>\n<tr>\n<td><strong>Gondeln\/Seilbahnen<\/strong><\/td>\n<td>0<\/td>\n<\/tr>\n<tr>\n<td><strong>Sessellifte<\/strong><\/td>\n<td>14<\/td>\n<\/tr>\n<tr>\n<td><strong>Schlepplifte<\/strong><\/td>\n<td>22<\/td>\n<\/tr>\n<tr>\n<td><strong>Snowparks<\/strong><\/td>\n<td>5<\/td>\n<\/tr>\n<tr>\n<td><strong>Skiverleih<\/strong><\/td>\n<td>Verf\u00fcgbar<\/td>\n<\/tr>\n<tr>\n<td><strong>Apr\u00e8s-Ski<\/strong><\/td>\n<td>Verschiedene Bars und Restaurants<\/td>\n<\/tr>\n<\/tbody>\n<\/table>\n<article>\n<\/article>","protected":false},"excerpt":{"rendered":"<p>Das Perisher Ski Resort ist das gr\u00f6\u00dfte Skigebiet der s\u00fcdlichen Hemisph\u00e4re. Es liegt im Herzen der australischen Snowy Mountains und besteht aus vier verschiedenen D\u00f6rfern: Blue Cow, Guthega, Perisher Valley und Smiggin Holes. Zusammen erstrecken sich diese Gemeinden und die dazugeh\u00f6rigen Skigebiete \u00fcber eine Fl\u00e4che von etwa 12 Quadratkilometern. Die Grundfl\u00e4che des Resorts betr\u00e4gt 1.720 Meter \u00fcber dem Meeresspiegel; der Gipfel des Mount Perisher erreicht eine H\u00f6he von 2.054 Metern.<\/p>","protected":false},"author":1,"featured_media":4759,"parent":9806,"menu_order":0,"comment_status":"closed","ping_status":"closed","template":"elementor_theme","meta":{"_eb_attr":"","footnotes":""},"class_list":["post-9824","page","type-page","status-publish","has-post-thumbnail"],"_links":{"self":[{"href":"https:\/\/travelshelper.com\/de\/wp-json\/wp\/v2\/pages\/9824","targetHints":{"allow":["GET"]}}],"collection":[{"href":"https:\/\/travelshelper.com\/de\/wp-json\/wp\/v2\/pages"}],"about":[{"href":"https:\/\/travelshelper.com\/de\/wp-json\/wp\/v2\/types\/page"}],"author":[{"embeddable":true,"href":"https:\/\/travelshelper.com\/de\/wp-json\/wp\/v2\/users\/1"}],"replies":[{"embeddable":true,"href":"https:\/\/travelshelper.com\/de\/wp-json\/wp\/v2\/comments?post=9824"}],"version-history":[{"count":0,"href":"https:\/\/travelshelper.com\/de\/wp-json\/wp\/v2\/pages\/9824\/revisions"}],"up":[{"embeddable":true,"href":"https:\/\/travelshelper.com\/de\/wp-json\/wp\/v2\/pages\/9806"}],"wp:featuredmedia":[{"embeddable":true,"href":"https:\/\/travelshelper.com\/de\/wp-json\/wp\/v2\/media\/4759"}],"wp:attachment":[{"href":"https:\/\/travelshelper.com\/de\/wp-json\/wp\/v2\/media?parent=9824"}],"curies":[{"name":"wp","href":"https:\/\/api.w.org\/{rel}","templated":true}]}}