{"id":9806,"date":"2024-09-08T23:56:45","date_gmt":"2024-09-08T23:56:45","guid":{"rendered":"https:\/\/travelshelper.com\/staging\/?page_id=9806"},"modified":"2026-03-13T21:28:08","modified_gmt":"2026-03-13T21:28:08","slug":"australien","status":"publish","type":"page","link":"https:\/\/travelshelper.com\/de\/destinations\/australia-and-oceania\/australia\/","title":{"rendered":"Australien"},"content":{"rendered":"<p>Australien erstreckt sich \u00fcber einen ganzen Kontinent, ein Land der Gr\u00f6\u00dfe und lebendigen Widerspr\u00fcche. Im Morgengrauen leuchtet der Sandsteinmonolith Uluru (Ayers Rock) im Red Centre als stummer Zeuge der jahrhundertealten Geschichte Australiens. In diesem fr\u00fchen Licht erstreckt sich die weite Leere des Outbacks bis zum fernen Horizont und l\u00e4sst den Felsen zeitlos erscheinen. Tats\u00e4chlich ist Australien riesig \u2013 etwa 7,69 Millionen Quadratkilometer gro\u00df \u2013 doch seine rund 28 Millionen Einwohner leben haupts\u00e4chlich an den K\u00fcsten, w\u00e4hrend die W\u00fcsten und Buschlandschaften im Landesinneren kaum besiedelt sind. Trotz seiner Gr\u00f6\u00dfe ist Australien eine f\u00f6derale parlamentarische Demokratie mit konstitutioneller Monarchie und einer modernen, wohlhabenden Wirtschaft. Das Land verf\u00fcgt \u00fcber eine hoch entwickelte, einkommensstarke Wirtschaft und belegt bei globalen Lebensqualit\u00e4tsindikatoren stets Spitzenpl\u00e4tze.<\/p>\n<p>Australien hat rund 28 Millionen Einwohner. Obwohl Australien fl\u00e4chenm\u00e4\u00dfig das sechstgr\u00f6\u00dfte Land der Welt ist, leben mehr als 95 % der Bev\u00f6lkerung im Umkreis von etwa 100 km der K\u00fcste. Das bedeutet, dass das Landesinnere nahezu unbewohnt ist und eine Bev\u00f6lkerungsdichte von nur etwa 3,5 Menschen pro km\u00b2 aufweist \u2013 eine der niedrigsten Bev\u00f6lkerungsdichten weltweit. Wirtschaftlich gesehen ist Australien ein wichtiger globaler Akteur: Reich an Ressourcen und Dienstleistungen, z\u00e4hlt das Pro-Kopf-Einkommen zu den h\u00f6chsten der Welt. Englisch ist die Hauptsprache (de facto Landessprache), und etwa 72 % der Australier sprechen zu Hause ausschlie\u00dflich Englisch. Das Land ist zudem multikulturell: Rund 30 % der Einwohner wurden im Ausland geboren und bringen eine Mischung aus ethnischen und sprachlichen Hintergr\u00fcnden mit. Die W\u00e4hrung ist der Australische Dollar (AUD), der landesweit verwendet wird. Canberra ist die Hauptstadt, aber Sydney und Melbourne sind die gr\u00f6\u00dften St\u00e4dte (mit jeweils \u00fcber f\u00fcnf Millionen Einwohnern). Kurz gesagt: Australien ist heute modern und wohlhabend, mit riesigen, unbebauten Fl\u00e4chen im Kontrast zu dicht besiedelten K\u00fcstenst\u00e4dten.<\/p>\n<p>Australien nimmt den Kontinent Australasien im s\u00fcdlichen Pazifik ein. Es liegt s\u00fcdlich von Indonesien und Papua-Neuguinea und ist von Ozeanen umgeben \u2013 dem Indischen Ozean im Westen, dem Pazifik im Osten und dem S\u00fcdlichen Ozean im S\u00fcden. Die Insel Tasmanien (mit ihren k\u00fchlen W\u00e4ldern) liegt im S\u00fcden. Das Gel\u00e4nde des Landes ist bekannterma\u00dfen flach: Es ist der flachste und trockenste bewohnte Kontinent. Kein Teil Australiens erhebt sich h\u00f6her als 2.200 m, und nur entlang der \u00f6stlichen Grenze (der Great Dividing Range) verlaufen Berge in einem durchgehenden Grat. Anderswo sind H\u00fcgel und K\u00fcsten im Allgemeinen niedrig. Gro\u00dfe Teile des Landesinneren sind trocken: Etwa 70 % Australiens werden als arid oder semiarid eingestuft, womit es der trockenste bewohnte Kontinent ist. Die durchschnittliche Niederschlagsmenge betr\u00e4gt landesweit nur etwa 470 mm\/Jahr. Folglich dominieren W\u00fcsten im Zentrum und im Westen (dem Outback), w\u00e4hrend an den R\u00e4ndern mildere Bedingungen herrschen. Der Norden hat ein tropisches Klima mit einer hei\u00dfen, feuchten Monsunzeit im Sommer; Der S\u00fcden hat ein gem\u00e4\u00dfigtes Klima mit warmen Sommern und k\u00fchlen Wintern. In Queensland kann man Regenw\u00e4lder und tropische Hitze, auf Tasmaniens Gipfeln alpinen Schnee und im Zentrum sonnenverbrannte rote Erde erleben \u2013 alles in einem Land.<\/p>\n<p>Menschen kamen vor Zehntausenden von Jahren nach Australien. Die australischen Ureinwohner betrieben Jagd und Landwirtschaft und beherrschten zum Zeitpunkt des europ\u00e4ischen Kontakts mindestens 250 verschiedene Sprachgruppen. Ihre Kultur ist eine der \u00e4ltesten zusammenh\u00e4ngenden Gesellschaften der Welt und bewahrte \u00fcber Jahrtausende Traditionen und Kunst der Traumzeit. Die europ\u00e4ische Erforschung erreichte Australien im 17. Jahrhundert, als der britische Kapit\u00e4n James Cook 1770 die Ostk\u00fcste beanspruchte. Die erste dauerhafte europ\u00e4ische Siedlung war 1788 eine britische Strafkolonie in Sydney Cove. Im Laufe des 19. Jahrhunderts wuchsen und expandierten einzelne Kolonien (New South Wales, Victoria, Queensland usw.), angetrieben von Wollproduktion, Goldrausch und Landwirtschaft. Ein entscheidender Wendepunkt war der 1. Januar 1901, als sich die sechs Kolonien zum Commonwealth of Australia zusammenschlossen. Von da an entwickelte sich Australien allm\u00e4hlich zu einer selbstverwalteten Nation. (Weltkriege, wirtschaftliche Umbr\u00fcche und Einwanderungswellen im 20. Jahrhundert sind weitere wichtige Kapitel, doch die Gr\u00fcndung 1788 und die F\u00f6deration 1901 bleiben grundlegende Daten.)<\/p>\n<p>Die moderne australische Kultur verbindet das raue Outback-Erbe mit kosmopolitischem Stadtleben. Englisch, mit australischem Akzent, ist de facto die Nationalsprache; laut der Volksz\u00e4hlung von 2021 war es die einzige Sprache, die von etwa 72 % der Bev\u00f6lkerung zu Hause gesprochen wurde. Es gibt keine Staatsreligion, und die Australier sind in der Regel informell und locker. Fast jeder dritte Australier wurde im Ausland geboren, sodass die Einwanderungswellen die Gesellschaft sehr multikulturell gemacht haben (Gemeinschaften aus Asien, Europa, dem Nahen Osten und dar\u00fcber hinaus). Sport und Freizeitaktivit\u00e4ten im Freien sind fester Bestandteil des t\u00e4glichen Lebens \u2013 sei es Surfen im Morgengrauen, Wochenend-Grillabende am Hafen oder eine beliebte Runde Cricket oder Aussie Rules Football. Gleichzeitig gibt es ein starkes Bewusstsein f\u00fcr die Kultur der Aborigines: Viele Australier feiern indigene Kunst, Musik und Feste.<\/p>\n<p>Zu den bemerkenswerten lokalen Traditionen in verschiedenen Regionen z\u00e4hlen Rodeos und Pferderennen in l\u00e4ndlichen Gemeinden, Strandfestivals in K\u00fcstenst\u00e4dten und Veranstaltungen im Hochland im S\u00fcdosten. Byron Bay (siehe unten) ist beispielsweise f\u00fcr sein alternatives, festivalreiches Ambiente bekannt, und Brisbane veranstaltet lebhafte Shows wie die Ekka-Landwirtschaftsmesse und das Riverfire-Feuerwerk. In Alice Springs ziehen ungew\u00f6hnliche Outback-Events wie der Camel Cup (ein Kamelrennen) und Henley-on-Todd (eine Trockenflussregatta) Massen an. Insgesamt sind Australier f\u00fcr ihre Gastfreundschaft und Kameradschaft bekannt \u2013 Fremde k\u00f6nnen sich ungezwungen bei einem Flat White oder einem Outback-Lagerfeuer unterhalten. Das Leben ist im l\u00e4ndlichen Hinterland tendenziell langsamer und in den St\u00e4dten gesch\u00e4ftiger, aber im ganzen Land sind die Menschen im Allgemeinen offen, freundlich und widerstandsf\u00e4hig.<\/p>\n<p>Australiens Sehensw\u00fcrdigkeiten, die man gesehen haben muss, reichen von pulsierenden St\u00e4dten bis hin zu Naturwundern. In Sydney pr\u00e4gen das Sydney Opera House und die Harbour Bridge die Skyline. Das Opernhaus \u2013 ein Weltkulturerbe der Architektur des 20. Jahrhunderts \u2013 wurde 1973 fertiggestellt und ist eine internationale Ikone. (Die Br\u00fccke wurde 1932 fertiggestellt und bietet Fu\u00dfg\u00e4nger\u00fcberwege mit Panoramablick auf den Hafen.) Entlang der K\u00fcste locken unz\u00e4hlige Weltklasse-Str\u00e4nde, vom Bondi Beach in Sydney bis zu den Surfspots von Byron Bay. Im Landesinneren erstreckt sich das Great Barrier Reef \u2013 das gr\u00f6\u00dfte Korallenriff der Welt \u2013 \u00fcber 2.300 km entlang der K\u00fcste von Queensland; es wurde 1981 zum UNESCO-Weltkulturerbe erkl\u00e4rt. Uluru-Kata Tjuta in Zentralaustralien (der massive rote Monolith und die nahegelegenen Kuppeln) sind heilig und beeindruckend; Uluru ist Teil einer UNESCO-St\u00e4tte, die seine geologische und kulturelle Bedeutung unterstreicht. In Melbourne kann man Gassencaf\u00e9s und K\u00fcnstlerviertel erkunden, w\u00e4hrend die Fahrt entlang der Great Ocean Road in Victoria atemberaubende Ausblicke auf die K\u00fcste bietet. Weit im Norden, in den Tropen, bieten der Daintree-Regenwald und seine Wasserf\u00e4lle eine uralte Dschungellandschaft. Und \u00fcberall sonst feiern Australier die Wildnis: Kangaroo Island (vor S\u00fcdaustralien) und Tasmaniens Parks offenbaren eine einzigartige Tierwelt und W\u00e4lder. In der Hauptstadt Canberra s\u00e4umen nationale Sch\u00e4tze das Parliamentary Triangle: Das Parlamentsgeb\u00e4ude (fertiggestellt 1988), das Australian War Memorial, die National Gallery und die Australian National University ziehen Besucher an. Insgesamt sorgt die Vielfalt des Landes \u2013 vom kulturellen Rhythmus seiner St\u00e4dte bis zur Stille des Outbacks \u2013 daf\u00fcr, dass jeder Reisende etwas Unvergessliches findet.<\/p>\n<p>Australiens wichtigste internationale Drehkreuze sind die gro\u00dfen Flugh\u00e4fen in Sydney, Melbourne, Brisbane, Perth und Adelaide. Inlandsfl\u00fcge und Fernbusse oder Z\u00fcge (wie der Indian-Pacific oder der Ghan) verbinden die St\u00e4dte. Innerhalb der St\u00e4dte ist der \u00f6ffentliche Nahverkehr unterschiedlich: Brisbane und Sydney verf\u00fcgen beispielsweise \u00fcber S-Bahn- und F\u00e4hrnetze, w\u00e4hrend Byron Bay nur \u00fcber Regionalbusse verf\u00fcgt. \u00dcberall herrscht Linksverkehr. Entlegene Gebiete lassen sich am besten mit dem Auto erkunden, die Entfernungen sind jedoch enorm \u2013 planen Sie voraus, f\u00fcllen Sie den Tank und nehmen Sie im Outback Wasser mit. Es werden australische Standardstecker (Typ I) und 230-V-Strom verwendet. Die Landesw\u00e4hrung ist der Australische Dollar (AUD). Englisch wird \u00fcberall gesprochen, und in gesch\u00e4ftlichen oder formellen Situationen begr\u00fc\u00dft man sich in der Regel mit einem festen H\u00e4ndedruck; in zwanglosen Gespr\u00e4chen sind Vornamen und \u201eMate\u201c \u00fcblich. Trinkgeld ist nicht erforderlich (ein kleines Trinkgeld f\u00fcr au\u00dfergew\u00f6hnlichen Service wird gerne gesehen, aber nicht erwartet). Wassersicherheit und Sonnenschutz sind wichtig: Der s\u00fcdliche Ozean kann k\u00fchl und rau sein, w\u00e4hrend das n\u00f6rdliche Sommermeer Quallen (Stinger) enth\u00e4lt. Beachten Sie daher die \u00f6rtlichen Schilder und verwenden Sie Sonnenschutzmittel. Australien ist insgesamt sehr sicher f\u00fcr Reisende, die Kriminalit\u00e4t ist niedrig. Besucher sollten jedoch die \u00f6rtlichen Vorschriften (z. B. Alkohol am Steuer und Wildtierschutz) beachten. Umgangsformen wie \u201eHallo\u201c oder \u201eDanke\u201c, h\u00f6fliches Anstehen und das Vorfahren von Fu\u00dfg\u00e4ngern werden gesch\u00e4tzt. Mit etwas Vorbereitung ist die Navigation in Australien unkompliziert, und Besucher k\u00f6nnen diesen riesigen Inselstaat mit seinen vielf\u00e4ltigen und freundlichen Erlebnissen genie\u00dfen.<\/p>","protected":false},"excerpt":{"rendered":"<p>Officially the Commonwealth of Australia, Australia is a nation that enthralls with its rich history, dynamic culture, and large landscapes. It includes the mainland of Australia, the island state of Tasmania, and many smaller islands. Australia is a land of contrasts and diversity being the sixth-largest country in the world and the biggest nation by area in Oceania. Characterised by infertile soils, its geographical extent comprises some of the oldest, flattest, driest inhabited areas on Earth.<\/p>","protected":false},"author":1,"featured_media":3758,"parent":24105,"menu_order":0,"comment_status":"closed","ping_status":"closed","template":"elementor_theme","meta":{"_eb_attr":"","footnotes":""},"class_list":["post-9806","page","type-page","status-publish","has-post-thumbnail"],"_links":{"self":[{"href":"https:\/\/travelshelper.com\/de\/wp-json\/wp\/v2\/pages\/9806","targetHints":{"allow":["GET"]}}],"collection":[{"href":"https:\/\/travelshelper.com\/de\/wp-json\/wp\/v2\/pages"}],"about":[{"href":"https:\/\/travelshelper.com\/de\/wp-json\/wp\/v2\/types\/page"}],"author":[{"embeddable":true,"href":"https:\/\/travelshelper.com\/de\/wp-json\/wp\/v2\/users\/1"}],"replies":[{"embeddable":true,"href":"https:\/\/travelshelper.com\/de\/wp-json\/wp\/v2\/comments?post=9806"}],"version-history":[{"count":0,"href":"https:\/\/travelshelper.com\/de\/wp-json\/wp\/v2\/pages\/9806\/revisions"}],"up":[{"embeddable":true,"href":"https:\/\/travelshelper.com\/de\/wp-json\/wp\/v2\/pages\/24105"}],"wp:featuredmedia":[{"embeddable":true,"href":"https:\/\/travelshelper.com\/de\/wp-json\/wp\/v2\/media\/3758"}],"wp:attachment":[{"href":"https:\/\/travelshelper.com\/de\/wp-json\/wp\/v2\/media?parent=9806"}],"curies":[{"name":"wp","href":"https:\/\/api.w.org\/{rel}","templated":true}]}}