{"id":9800,"date":"2024-09-08T23:47:48","date_gmt":"2024-09-08T23:47:48","guid":{"rendered":"https:\/\/travelshelper.com\/staging\/?page_id=9800"},"modified":"2026-03-13T22:57:40","modified_gmt":"2026-03-13T22:57:40","slug":"suva","status":"publish","type":"page","link":"https:\/\/travelshelper.com\/de\/destinations\/australia-and-oceania\/fiji\/suva\/","title":{"rendered":"Suva"},"content":{"rendered":"<p>Suva ist sowohl die Hauptstadt als auch die gr\u00f6\u00dfte Stadt Fidschis. Sie fungiert als zentraler Knotenpunkt der gr\u00f6\u00dften Metropolregion des Landes und ist dessen wichtigster Hafen. Suva liegt an der S\u00fcdostk\u00fcste von Viti Levu, der gr\u00f6\u00dften Insel Fidschis, in der Provinz Rewa der Central Division. Die Stadt vereint historische Bedeutung und zeitgen\u00f6ssische Vitalit\u00e4t und ist damit ein wichtiger Standort im S\u00fcdpazifik.<\/p>\n<p>Suva wurde 1877 zur Hauptstadt Fidschis ernannt, nachdem sie von Levuka, der damals wichtigsten europ\u00e4ischen Kolonialsiedlung, umgesiedelt worden war. Levukas geografische Lage zwischen steilen Bergen und dem Meer machte eine Expansion unm\u00f6glich. 1882 wurde die Verwaltung offiziell nach Suva verlegt, womit Suva zum Zentrum der Regierungsf\u00fchrung und Entwicklung Fidschis wurde.<\/p>\n<p>Laut der Volksz\u00e4hlung von 2017 hatte Suva 93.970 Einwohner. Die Metropolregion mit ihren autonomen Vororten z\u00e4hlte 185.913 Einwohner. Die st\u00e4dtische Bev\u00f6lkerung, zusammen mit den angrenzenden St\u00e4dten Lami, Nasinu und Nausori, betr\u00e4gt rund 330.000 Einwohner und macht damit \u00fcber ein Drittel der Gesamtbev\u00f6lkerung Fidschis aus. Der als Suva-Nausori-Korridor bekannte Stadtkomplex unterstreicht Suvas Bedeutung als zentraler Knotenpunkt innerhalb des st\u00e4dtischen Gef\u00fcges Fidschis.<\/p>\n<p>Suva ist sowohl das politische Zentrum als auch die wirtschaftliche und kulturelle Hauptstadt Fidschis. Die Stadt ist der wichtigste Standort f\u00fcr regionale Hauptsitze zahlreicher internationaler Unternehmen, Agenturen und diplomatischer Vertretungen. Die Stadt zeichnet sich durch ihre lebendige Kunst- und Kulturszene aus und gilt zunehmend als Modemetropole des S\u00fcdpazifiks. Historische St\u00e4tten, die Suvas koloniales Erbe widerspiegeln, wie die Suva City Carnegie Library und der Regierungskomplex, bereichern das kulturelle Umfeld der Stadt.<\/p>\n<p>Suva liegt auf einer h\u00fcgeligen Halbinsel, die einen Hafen umschlie\u00dft und an die Laucala-Bucht und den Suva-Hafen grenzt. Die Berge im Norden und Westen fangen die s\u00fcd\u00f6stlichen Passatwinde ab, was das ganze Jahr \u00fcber f\u00fcr ein konstant feuchtes Klima sorgt. Trotz der N\u00e4he zum Meer ist Suvas K\u00fcste von Mangroven gepr\u00e4gt, und der n\u00e4chstgelegene Strand ist Pacific Harbour. Die besondere geografische Lage unterstreicht Suvas Attraktivit\u00e4t und Identit\u00e4t.<\/p>\n<p>Suva zeichnet sich durch eine vielf\u00e4ltige kulturelle Zusammensetzung aus, die \u00fcberwiegend aus indigenen Fidschianern und Indo-Fidschianern besteht. Die Stadt beherbergt eine Reihe ethnischer Minderheiten wie Rotumaner, Lauaner, Europ\u00e4er und Chinesen. Die sprachliche Vielfalt in Suva ist deutlich erkennbar: Englisch, Fidschianisch und Fidschianisches Hindi sind die vorherrschenden Sprachen.<\/p>\n<p>Die Stadt ist ein bedeutendes Bildungszentrum und beherbergt den Hauptcampus der University of the South Pacific (USP). Diese Institution zieht Studierende aus verschiedenen Pazifikregionen an und tr\u00e4gt so zur kulturellen Vielfalt Suvas bei. Das Fiji Museum in den Thurston Gardens bietet einen \u00dcberblick \u00fcber die umfangreiche Geschichte und Kultur Fidschis und beherbergt die weltweit gr\u00f6\u00dfte Sammlung fidschianischer Artefakte.<\/p>\n<p>Die Entstehung moderner Einkaufszentren wie der Suva Central Shopping Mall und TappooCity, die der Stadt eine moderne \u00c4sthetik verleihen, kennzeichnet Suvas Stadtbild als sich st\u00e4ndig weiterentwickelnd. Die Integration dieser Entwicklungen in traditionelle Einkaufsviertel wie die Cumming Street schafft eine Gegen\u00fcberstellung historischer und zeitgen\u00f6ssischer Elemente und tr\u00e4gt so zu Suvas Status als dynamisches und kultiviertes Stadtzentrum bei.<\/p>","protected":false},"excerpt":{"rendered":"<p>Suva ist sowohl die Hauptstadt als auch die gr\u00f6\u00dfte Stadt Fidschis. Sie fungiert als zentraler Knotenpunkt der gr\u00f6\u00dften Metropolregion des Landes und ist dessen wichtigster Hafen. Suva liegt an der S\u00fcdostk\u00fcste von Viti Levu, der gr\u00f6\u00dften Insel Fidschis, in der Provinz Rewa der Central Division. Die Stadt vereint historische Bedeutung und zeitgen\u00f6ssische Vitalit\u00e4t und ist damit ein wichtiger Standort im S\u00fcdpazifik.<\/p>","protected":false},"author":1,"featured_media":3855,"parent":9785,"menu_order":0,"comment_status":"closed","ping_status":"closed","template":"elementor_theme","meta":{"_eb_attr":"","footnotes":""},"class_list":["post-9800","page","type-page","status-publish","has-post-thumbnail"],"_links":{"self":[{"href":"https:\/\/travelshelper.com\/de\/wp-json\/wp\/v2\/pages\/9800","targetHints":{"allow":["GET"]}}],"collection":[{"href":"https:\/\/travelshelper.com\/de\/wp-json\/wp\/v2\/pages"}],"about":[{"href":"https:\/\/travelshelper.com\/de\/wp-json\/wp\/v2\/types\/page"}],"author":[{"embeddable":true,"href":"https:\/\/travelshelper.com\/de\/wp-json\/wp\/v2\/users\/1"}],"replies":[{"embeddable":true,"href":"https:\/\/travelshelper.com\/de\/wp-json\/wp\/v2\/comments?post=9800"}],"version-history":[{"count":0,"href":"https:\/\/travelshelper.com\/de\/wp-json\/wp\/v2\/pages\/9800\/revisions"}],"up":[{"embeddable":true,"href":"https:\/\/travelshelper.com\/de\/wp-json\/wp\/v2\/pages\/9785"}],"wp:featuredmedia":[{"embeddable":true,"href":"https:\/\/travelshelper.com\/de\/wp-json\/wp\/v2\/media\/3855"}],"wp:attachment":[{"href":"https:\/\/travelshelper.com\/de\/wp-json\/wp\/v2\/media?parent=9800"}],"curies":[{"name":"wp","href":"https:\/\/api.w.org\/{rel}","templated":true}]}}