{"id":9779,"date":"2024-09-08T23:26:08","date_gmt":"2024-09-08T23:26:08","guid":{"rendered":"https:\/\/travelshelper.com\/staging\/?page_id=9779"},"modified":"2026-03-13T23:07:55","modified_gmt":"2026-03-13T23:07:55","slug":"honiara","status":"publish","type":"page","link":"https:\/\/travelshelper.com\/de\/destinations\/australia-and-oceania\/solomon-islands\/honiara\/","title":{"rendered":"Honiara"},"content":{"rendered":"<p>Honiara, die gesch\u00e4ftige Hauptstadt der Salomonen, liegt an der Nordk\u00fcste Guadalcanals. Die wichtigste Stadt der Salomonen ist bekannt f\u00fcr ihre reiche Geschichte und vielf\u00e4ltige Kultur. Die Einwohnerzahl betr\u00e4gt derzeit 92.344. Diese pulsierende Stadt ist ein lebendiger Ort mit einer einzigartigen Mischung aus historischem Wert und modernem Wachstum.<\/p>\n<p>Honiara liegt strategisch g\u00fcnstig am Kukum Highway und ist bequem per Flugzeug und Schiff zu erreichen. Wichtige nationale und internationale Verkehrsknotenpunkte f\u00fcr den Personen- und Warenverkehr sind der internationale Flughafen Honiara und der Seehafen Point Cruz. Die Stadt wurde 1983 zum Hauptstadtterritorium erkl\u00e4rt und verf\u00fcgt \u00fcber ein 22 Quadratkilometer gro\u00dfes Ballungsgebiet. Honiara ist heute die Hauptstadt der Provinz Guadalcanal und genie\u00dft die Autonomie einer Provinz.<\/p>\n<p>Wichtige historische Ereignisse \u2013 insbesondere der Zweite Weltkrieg \u2013 haben Honiaras Geschichte nachhaltig gepr\u00e4gt. W\u00e4hrend des Guadalcanal-Feldzugs, insbesondere der Schlacht von Henderson Field 1942, war der \u00f6stlich der Stadt gelegene Flugplatz ein wichtiger Schauplatz. US-amerikanische und japanische Truppen k\u00e4mpften in diesem Kampf, wobei erstere siegten. Als Wendepunkt, der schlie\u00dflich zum Triumph der Alliierten f\u00fchrte, war dieser Sieg im Pazifikkrieg von entscheidender Bedeutung.<\/p>\n<p>Nach dem Krieg \u00e4nderte sich Honiaras Rolle, als es 1952 zum neuen Verwaltungssitz des Britischen Protektorats der Salomonen wurde. Der Bau mehrerer Regierungsgeb\u00e4ude unterstrich diesen Wandel und beschleunigte das Bev\u00f6lkerungswachstum und die Entwicklung der Stadt.<\/p>\n<p>Honiara sah sich trotz seiner Expansion mit zahlreichen Herausforderungen konfrontiert, darunter politische Unruhen und ethnische Gewalt. Die fr\u00fchen 2000er und sp\u00e4ten 1990er Jahre waren turbulent. Die Malaita Eagle Force (MEF) und die Isatabu Freedom Movement (IFM), die abwechselnd die ethnischen Malaitaner und die Bewohner Guadalcanals vertraten, lieferten sich nach einem Putschversuch im Juni 2000 t\u00f6dliche K\u00e4mpfe. Obwohl im Oktober 2000 ein Friedenspakt geschlossen wurde, brach im M\u00e4rz 2002 erneut Gewalt aus, bei der zwei neuseel\u00e4ndische Diplomaten und viele weitere Personen ums Leben kamen.<\/p>\n<p>Bis Juli 2003 hatte sich die Lage noch deutlich verschlechtert. Daher bat die Regierung der Salomonen die Regionale Hilfsmission f\u00fcr die Salomonen (RAMSI) um Unterst\u00fctzung bei der Wiederherstellung des Friedens. Diese Mission, an der mehrere pazifische Staaten teilnahmen und Australien die Leitung innehatte, war f\u00fcr die Wiederherstellung der regionalen Stabilit\u00e4t von entscheidender Bedeutung.<\/p>\n<p>Nach der Ernennung Snyder Rinis zum Premierminister erlebte Honiara 2006 erneut Unruhen. Es kam zu Unruhen, die Teile von Chinatown zerst\u00f6rten und rund 1.000 Chinesen obdachlos machten. Der Tourismus ist ein wichtiger Wirtschaftszweig f\u00fcr die Stadt und die Inseln; daher hatten diese Ereignisse erhebliche Auswirkungen.<\/p>\n<p>Die meisten Regierungsgeb\u00e4ude und Institutionen der Salomonen befinden sich in Honiara. Das Nationalparlament, das Solomon Islands College of Higher Education und der Campus der University of the South Pacific befinden sich alle in der Stadt. Wichtige kulturelle und kommerzielle Attraktionen sind au\u00dferdem das Nationalmuseum und der gesch\u00e4ftige Honiara-Markt.<\/p>\n<p>Ost-Honiara, Zentral-Honiara und West-Honiara sind drei Parlamentssitze. Honiara hat drei Wahlkreise: Diese Sitze sind eine von sechs im Land mit einer W\u00e4hlerschaft von mehr als 10.000 Menschen und spiegeln die politische Bedeutung der Stadt wider.<\/p>\n<p>Obwohl viele andere Religionen vertreten sind, ist Honiaras religi\u00f6ses Umfeld im Wesentlichen christlich gepr\u00e4gt. Die Stadt beherbergt unter anderem den Hauptsitz der r\u00f6misch-katholischen Erzdi\u00f6zese Honiara, der S\u00fcdsee-Evangelischen Kirche, der Vereinigten Kirche, der Kirche der Provinz Melanesien (anglikanisch) und der Siebenten-Tags-Adventisten. Diese Vielfalt spiegelt das breitere kulturelle Gef\u00fcge der Salomonen wider, das moderne und traditionelle Aspekte vereint.<\/p>","protected":false},"excerpt":{"rendered":"<p>Honiara, die gesch\u00e4ftige Hauptstadt der Salomonen, liegt an der Nordk\u00fcste Guadalcanals. Die wichtigste Stadt der Salomonen ist bekannt f\u00fcr ihre reiche Geschichte und vielf\u00e4ltige Kultur. Die Einwohnerzahl betr\u00e4gt derzeit 92.344. Diese pulsierende Stadt ist ein lebendiger Ort mit einer einzigartigen Mischung aus historischem Wert und modernem Wachstum.<\/p>","protected":false},"author":1,"featured_media":3238,"parent":9773,"menu_order":0,"comment_status":"closed","ping_status":"closed","template":"elementor_theme","meta":{"_eb_attr":"","footnotes":""},"class_list":["post-9779","page","type-page","status-publish","has-post-thumbnail"],"_links":{"self":[{"href":"https:\/\/travelshelper.com\/de\/wp-json\/wp\/v2\/pages\/9779","targetHints":{"allow":["GET"]}}],"collection":[{"href":"https:\/\/travelshelper.com\/de\/wp-json\/wp\/v2\/pages"}],"about":[{"href":"https:\/\/travelshelper.com\/de\/wp-json\/wp\/v2\/types\/page"}],"author":[{"embeddable":true,"href":"https:\/\/travelshelper.com\/de\/wp-json\/wp\/v2\/users\/1"}],"replies":[{"embeddable":true,"href":"https:\/\/travelshelper.com\/de\/wp-json\/wp\/v2\/comments?post=9779"}],"version-history":[{"count":0,"href":"https:\/\/travelshelper.com\/de\/wp-json\/wp\/v2\/pages\/9779\/revisions"}],"up":[{"embeddable":true,"href":"https:\/\/travelshelper.com\/de\/wp-json\/wp\/v2\/pages\/9773"}],"wp:featuredmedia":[{"embeddable":true,"href":"https:\/\/travelshelper.com\/de\/wp-json\/wp\/v2\/media\/3238"}],"wp:attachment":[{"href":"https:\/\/travelshelper.com\/de\/wp-json\/wp\/v2\/media?parent=9779"}],"curies":[{"name":"wp","href":"https:\/\/api.w.org\/{rel}","templated":true}]}}