{"id":9773,"date":"2024-09-08T23:18:28","date_gmt":"2024-09-08T23:18:28","guid":{"rendered":"https:\/\/travelshelper.com\/staging\/?page_id=9773"},"modified":"2026-03-13T23:08:16","modified_gmt":"2026-03-13T23:08:16","slug":"salomonen","status":"publish","type":"page","link":"https:\/\/travelshelper.com\/de\/destinations\/australia-and-oceania\/solomon-islands\/","title":{"rendered":"Salomonen"},"content":{"rendered":"<p>Die Salomonen, auch Salomonen genannt, sind ein wundersch\u00f6nes Land im Herzen Melanesiens, einem Teil der gr\u00f6\u00dferen Region Ozeanien nord\u00f6stlich von Australien. Der Archipel besteht aus 21 gro\u00dfen Inseln mit jeweils \u00fcber 100 Quadratkilometern Fl\u00e4che, darunter Guadalcanal, Malaita, Makira und Santa Isabel. Abgesehen von diesen riesigen Landmassen sind die Salomonen von etwa 900 kleineren Inseln umgeben, die ein reiches und komplexes Netz aus Land und Meer bilden. Von Papua-Neuguinea im Westen, Australien im S\u00fcdwesten, Neukaledonien und Vanuatu im S\u00fcdosten, Fidschi, Wallis und Futuna sowie Tuvalu im Osten liegen die Salomonen geografisch in der N\u00e4he vieler anderer Staaten. Im Norden liegen Nauru und die F\u00f6derierten Staaten von Mikronesien.<\/p>\n<p>Mit einer Gesamtfl\u00e4che von 28.896 Quadratkilometern (11.157 Quadratmeilen) werden die Salomonen Mitte 2023 voraussichtlich eine Bev\u00f6lkerung von 734.887 Einwohnern haben. Die Hauptstadt Honiara auf der gr\u00f6\u00dften Insel, Guadalcanal, ist das politische und wirtschaftliche Zentrum des Landes. Der Name \u201eSalomonen\u201c beschreibt den gesamten Archipel der Salomonen, der die Autonome Region Bougainville umfasst, die heute zu Papua-Neuguinea geh\u00f6rt, jedoch nicht die Santa-Cruz-Inseln.<\/p>\n<p>Zwischen 30.000 und 28.800 v. Chr. begannen Menschen, diese Inseln zu besiedeln. Zahlreiche Migrationswellen trugen zur Entstehung der genetischen Mischung bei, die die indigene Bev\u00f6lkerung heute pr\u00e4gt. Zu diesen ersten Einwanderern geh\u00f6rten die Lapita, bekannt f\u00fcr ihre einzigartigen T\u00f6pfer- und Segelk\u00fcnste, die die Kulturszene der Inseln pr\u00e4gten.<\/p>\n<p>Der spanische Entdecker \u00c1lvaro de Menda\u00f1a erreichte 1568 als erster Europ\u00e4er die Salomonen. Menda\u00f1a gab den Inseln keinen Namen; andere, die \u00fcber seine Entdeckung schrieben, bezeichneten sie sp\u00e4ter als \u201edie Salomonen\u201c. Menda\u00f1a besuchte die Inseln 1595 erneut, und 1606 traf eine weitere spanische Expedition unter der Leitung des portugiesischen Seefahrers Pedro Fernandes de Queir\u00f3s ein.<\/p>\n<p>Die Inseln hatten im Zweiten Weltkrieg eine ganz offensichtliche strategische Bedeutung. Die Salomonen-Kampagne von 1942 bis 1945 war eine entscheidende Reihe von Gefechten zwischen den alliierten Streitkr\u00e4ften \u2013 haupts\u00e4chlich den USA und dem Britischen Empire \u2013 und dem Japanischen Kaiserreich. Insbesondere die Schlacht um Guadalcanal markierte einen Wendepunkt im Pazifikkrieg, da heftige K\u00e4mpfe die entscheidende Bedeutung der Inseln im Krieg unterstrichen.<\/p>\n<p>Die s\u00fcdlichen Salomonen wurden im Juni 1893 unter Kapit\u00e4n Herbert Gibson von der HMS Curacoa britisches Protektorat. Hier begann die Kolonialzeit, die bis Mitte des 20. Jahrhunderts andauerte. Auf dem Weg zur Selbstverwaltung \u00e4nderte die britische Regierung 1975 den offiziellen Namen von \u201eBritisches Salomonen-Protektorat\u201c in \u201eSalomonen\u201c. Dieser Prozess erreichte 1976 seinen H\u00f6hepunkt, als die Inseln ihre Selbstverwaltung erlangten; die endg\u00fcltige Unabh\u00e4ngigkeit erlangten sie 1978. Nach der Unabh\u00e4ngigkeit nahm das Land den Namen \u201eSalomonen\u201c an, verzichtete auf den bestimmten Artikel und wurde als konstitutionelle Monarchie bekannt.<\/p>\n<p>Die Salomonen erkennen heute Karl III. als ihren K\u00f6nig an. Dieser wird vor Ort von einem Generalgouverneur vertreten, der auf Empfehlung des Premierministers ernannt wird. Dieser politische Rahmen verleiht den Inseln nicht nur eine eigene nationale Identit\u00e4t, sondern tr\u00e4gt auch ihrer historischen Verbindung zur britischen Krone Rechnung. Dank ihrer reichen Geschichte, ihrer vielf\u00e4ltigen Kulturen und ihrer wichtigen Lage am Pazifik stehen die Salomonen auch heute noch vor Herausforderungen und Chancen.<\/p>","protected":false},"excerpt":{"rendered":"<p>Die Salomonen, auch Salomonen genannt, sind ein wundersch\u00f6nes Land im Herzen Melanesiens, einem Teil der gr\u00f6\u00dferen Region Ozeanien nord\u00f6stlich von Australien. Der Archipel besteht aus 21 gro\u00dfen Inseln mit jeweils \u00fcber 100 Quadratkilometern Fl\u00e4che, darunter Guadalcanal, Malaita, Makira und Santa Isabel. Abgesehen von diesen riesigen Landmassen sind die Salomonen von etwa 900 kleineren Inseln umgeben, die ein reiches und komplexes Netz aus Land und Meer bilden. Von Papua-Neuguinea im Westen, Australien im S\u00fcdwesten, Neukaledonien und Vanuatu im S\u00fcdosten, Fidschi, Wallis und Futuna sowie Tuvalu im Osten liegen die Salomonen geografisch in der N\u00e4he vieler anderer Staaten. Im Norden liegen Nauru und die F\u00f6derierten Staaten von Mikronesien.<\/p>","protected":false},"author":1,"featured_media":2859,"parent":24105,"menu_order":0,"comment_status":"closed","ping_status":"closed","template":"elementor_theme","meta":{"_eb_attr":"","footnotes":""},"class_list":["post-9773","page","type-page","status-publish","has-post-thumbnail"],"_links":{"self":[{"href":"https:\/\/travelshelper.com\/de\/wp-json\/wp\/v2\/pages\/9773","targetHints":{"allow":["GET"]}}],"collection":[{"href":"https:\/\/travelshelper.com\/de\/wp-json\/wp\/v2\/pages"}],"about":[{"href":"https:\/\/travelshelper.com\/de\/wp-json\/wp\/v2\/types\/page"}],"author":[{"embeddable":true,"href":"https:\/\/travelshelper.com\/de\/wp-json\/wp\/v2\/users\/1"}],"replies":[{"embeddable":true,"href":"https:\/\/travelshelper.com\/de\/wp-json\/wp\/v2\/comments?post=9773"}],"version-history":[{"count":0,"href":"https:\/\/travelshelper.com\/de\/wp-json\/wp\/v2\/pages\/9773\/revisions"}],"up":[{"embeddable":true,"href":"https:\/\/travelshelper.com\/de\/wp-json\/wp\/v2\/pages\/24105"}],"wp:featuredmedia":[{"embeddable":true,"href":"https:\/\/travelshelper.com\/de\/wp-json\/wp\/v2\/media\/2859"}],"wp:attachment":[{"href":"https:\/\/travelshelper.com\/de\/wp-json\/wp\/v2\/media?parent=9773"}],"curies":[{"name":"wp","href":"https:\/\/api.w.org\/{rel}","templated":true}]}}