{"id":9692,"date":"2024-09-08T21:38:41","date_gmt":"2024-09-08T21:38:41","guid":{"rendered":"https:\/\/travelshelper.com\/staging\/?page_id=9692"},"modified":"2026-03-13T23:02:05","modified_gmt":"2026-03-13T23:02:05","slug":"neuseeland","status":"publish","type":"page","link":"https:\/\/travelshelper.com\/de\/destinations\/australia-and-oceania\/new-zealand\/","title":{"rendered":"Neuseeland"},"content":{"rendered":"<p>Neuseeland, auf M\u0101ori Aotearoa genannt, ist ein faszinierender Inselstaat im s\u00fcdwestlichen Pazifik. Er ist ber\u00fchmt f\u00fcr seine atemberaubenden Landschaften und sein tiefgreifendes kulturelles Erbe. Neuseeland, das aus zwei Hauptlandmassen \u2013 der Nordinsel (Te Ika-a-M\u0101ui) und der S\u00fcdinsel (Te Waipounamu) \u2013 sowie \u00fcber 700 kleineren Inseln besteht, ist fl\u00e4chenm\u00e4\u00dfig der sechstgr\u00f6\u00dfte Inselstaat. \u00d6stlich von Australien, jenseits der Tasmansee und s\u00fcdlich von Neukaledonien, Fidschi und Tonga gelegen, bietet es eine abwechslungsreiche Landschaft, die von markanten Berggipfeln gepr\u00e4gt ist, insbesondere den beeindruckenden S\u00fcdalpen. Diese besondere Geografie ist gr\u00f6\u00dftenteils auf tektonische Hebungen und vulkanische Aktivit\u00e4ten zur\u00fcckzuf\u00fchren, die das Gel\u00e4nde \u00fcber Millionen von Jahren geformt haben.<\/p>\n<p>Die Hauptstadt Neuseelands ist Wellington, Auckland ist jedoch die bev\u00f6lkerungsreichste Stadt. Diese Metropolregionen sind lebendige Kultur- und Handelszentren und verk\u00f6rpern die dynamische und wachsende Identit\u00e4t des Landes. Ungeachtet seines heutigen Status war Neuseeland die letzte gro\u00dfe Landmasse, die von Menschen bewohnt wurde. Zwischen 1280 und 1350 begannen polynesische Seefahrer mit der Besiedlung der Inseln und pr\u00e4gten so die einzigartige M\u0101ori-Kultur, die bis heute ein wesentlicher Bestandteil der neuseel\u00e4ndischen Identit\u00e4t ist.<\/p>\n<p>Die europ\u00e4ische Entdeckung Neuseelands begann 1642 mit dem niederl\u00e4ndischen Abenteurer Abel Tasman, der als erster Europ\u00e4er die Inseln beobachtete und dokumentierte. Erst 1769 traf der britische Entdecker Kapit\u00e4n James Cook in Neuseeland ein und kartierte es, was sp\u00e4tere Kontakte und die sp\u00e4tere Kolonisierung erleichterte. Der Vertrag von Waitangi, der 1840 zwischen Delegierten des Vereinigten K\u00f6nigreichs und M\u0101ori-H\u00e4uptlingen geschlossen wurde, markierte einen Wendepunkt in der Geschichte Neuseelands. Dieser Vertrag legte den Grundstein f\u00fcr die britische Souver\u00e4nit\u00e4t und die Gr\u00fcndung der Kronkolonie Neuseeland im Jahr 1841. In der Folgezeit war diese \u00c4ra von Streitigkeiten zwischen der Kolonialverwaltung und den M\u0101ori-St\u00e4mmen gepr\u00e4gt, die zur Enteignung und Aneignung gro\u00dfer Teile des M\u0101ori-Gebiets f\u00fchrten.<\/p>\n<p>Neuseelands Weg zur Unabh\u00e4ngigkeit verlief schrittweise. 1907 erlangte es den Status eines Dominion und 1947 die vollst\u00e4ndige formale Unabh\u00e4ngigkeit, wobei der britische Monarch weiterhin Staatsoberhaupt blieb. Heute ist Neuseeland ein dynamisches und weltoffenes Land mit rund 5,25 Millionen Einwohnern. Die Bev\u00f6lkerung ist \u00fcberwiegend europ\u00e4ischer Abstammung, wobei die indigenen M\u0101ori die gr\u00f6\u00dfte Minderheit bilden, gefolgt von asiatischen und pazifischen Minderheiten. Die vielf\u00e4ltige Bev\u00f6lkerungslandschaft spiegelt sich in der neuseel\u00e4ndischen Kultur wider, die vor allem auf M\u0101ori-Br\u00e4uchen und fr\u00fchen britischen Siedlern beruht, aber auch auf den heutigen Einfl\u00fcssen der zunehmenden Einwanderung.<\/p>\n<p>Neuseeland hat drei Amtssprachen: Englisch, M\u0101ori und die Neuseel\u00e4ndische Geb\u00e4rdensprache, wobei Englisch die vorherrschende Sprache ist. Als fortschrittliche Nation hat Neuseeland eine Vorreiterrolle im sozialen Fortschritt eingenommen. Es war das erste Land, das einen Mindestlohn einf\u00fchrte und Frauen das Wahlrecht gew\u00e4hrte. Das Land erreicht in globalen Bewertungen der Lebensqualit\u00e4t und Menschenrechte regelm\u00e4\u00dfig hohe Platzierungen und gilt als eines der L\u00e4nder mit der weltweit niedrigsten wahrgenommenen Korruptionsrate. Dennoch k\u00e4mpft Neuseeland weiterhin mit strukturellen Ungleichheiten, insbesondere zwischen der M\u0101ori- und der europ\u00e4ischen Bev\u00f6lkerung.<\/p>\n<p>In den 1980er Jahren erlebte Neuseeland tiefgreifende wirtschaftliche Ver\u00e4nderungen und wandelte sich von einer protektionistischen zu einer liberalisierten Freihandelswirtschaft. Der Dienstleistungssektor dominiert die Volkswirtschaft, gefolgt von Industrie und Landwirtschaft. Der internationale Tourismus ist eine wichtige Einnahmequelle. Neuseeland engagiert sich in zahlreichen internationalen Organisationen wie den Vereinten Nationen, dem Commonwealth of Nations, ANZUS und der Asiatisch-Pazifischen Wirtschaftsgemeinschaft. Das Land pflegt besonders enge Beziehungen zu den USA, Gro\u00dfbritannien und anderen pazifischen Staaten und teilt mit Australien eine ausgepr\u00e4gte \u201eTrans-Tasman\u201c-Identit\u00e4t.<\/p>\n<p>Neuseeland verf\u00fcgt \u00fcber ein parlamentarisches System mit Einkammerparlament. Premierminister Christopher Luxon f\u00fchrt die Regierung. K\u00f6nig Karl III., vor Ort vertreten durch Generalgouverneurin Cindy Kiro, ist der Souver\u00e4n des Landes. Neuseeland ist in elf Regionalr\u00e4te und 67 Gebietsk\u00f6rperschaften f\u00fcr die lokale Verwaltung unterteilt. Das neuseel\u00e4ndische Staatsgebiet umfasst neben den Hauptinseln auch Tokelau, die Cookinseln, Niue und das Ross-Abh\u00e4ngigkeitsgebiet in der Antarktis.<\/p>","protected":false},"excerpt":{"rendered":"<p>Neuseeland, auf M\u0101ori Aotearoa genannt, ist ein faszinierender Inselstaat im s\u00fcdwestlichen Pazifik. Er ist ber\u00fchmt f\u00fcr seine atemberaubenden Landschaften und sein tiefgreifendes kulturelles Erbe. Neuseeland, das aus zwei Hauptlandmassen \u2013 der Nordinsel (Te Ika-a-M\u0101ui) und der S\u00fcdinsel (Te Waipounamu) \u2013 sowie \u00fcber 700 kleineren Inseln besteht, ist fl\u00e4chenm\u00e4\u00dfig der sechstgr\u00f6\u00dfte Inselstaat. \u00d6stlich von Australien, jenseits der Tasmansee und s\u00fcdlich von Neukaledonien, Fidschi und Tonga gelegen, bietet es eine abwechslungsreiche Landschaft, die von markanten Berggipfeln gepr\u00e4gt ist, insbesondere den beeindruckenden S\u00fcdalpen. Diese besondere Geografie ist gr\u00f6\u00dftenteils auf tektonische Hebungen und vulkanische Aktivit\u00e4ten zur\u00fcckzuf\u00fchren, die das Gel\u00e4nde \u00fcber Millionen von Jahren geformt haben.<\/p>","protected":false},"author":1,"featured_media":4203,"parent":24105,"menu_order":0,"comment_status":"closed","ping_status":"closed","template":"elementor_theme","meta":{"_eb_attr":"","footnotes":""},"class_list":["post-9692","page","type-page","status-publish","has-post-thumbnail"],"_links":{"self":[{"href":"https:\/\/travelshelper.com\/de\/wp-json\/wp\/v2\/pages\/9692","targetHints":{"allow":["GET"]}}],"collection":[{"href":"https:\/\/travelshelper.com\/de\/wp-json\/wp\/v2\/pages"}],"about":[{"href":"https:\/\/travelshelper.com\/de\/wp-json\/wp\/v2\/types\/page"}],"author":[{"embeddable":true,"href":"https:\/\/travelshelper.com\/de\/wp-json\/wp\/v2\/users\/1"}],"replies":[{"embeddable":true,"href":"https:\/\/travelshelper.com\/de\/wp-json\/wp\/v2\/comments?post=9692"}],"version-history":[{"count":0,"href":"https:\/\/travelshelper.com\/de\/wp-json\/wp\/v2\/pages\/9692\/revisions"}],"up":[{"embeddable":true,"href":"https:\/\/travelshelper.com\/de\/wp-json\/wp\/v2\/pages\/24105"}],"wp:featuredmedia":[{"embeddable":true,"href":"https:\/\/travelshelper.com\/de\/wp-json\/wp\/v2\/media\/4203"}],"wp:attachment":[{"href":"https:\/\/travelshelper.com\/de\/wp-json\/wp\/v2\/media?parent=9692"}],"curies":[{"name":"wp","href":"https:\/\/api.w.org\/{rel}","templated":true}]}}