{"id":9670,"date":"2024-09-08T21:08:00","date_gmt":"2024-09-08T21:08:00","guid":{"rendered":"https:\/\/travelshelper.com\/staging\/?page_id=9670"},"modified":"2026-03-13T23:09:41","modified_gmt":"2026-03-13T23:09:41","slug":"port-moresby","status":"publish","type":"page","link":"https:\/\/travelshelper.com\/de\/destinations\/australia-and-oceania\/papua-new-guinea\/port-moresby\/","title":{"rendered":"Port Moresby"},"content":{"rendered":"<p>Port Moresby, auch bekannt als Pot Mosbi, ist die dynamische Hauptstadt und gr\u00f6\u00dfte Metropole Papua-Neuguineas. Die Stadt, die manchmal auch als Pom-Metropole bezeichnet wird, ist nach Jayapura die zweitgr\u00f6\u00dfte Stadt au\u00dferhalb der industrialisierten Gebiete Australiens und Neuseelands und ein bedeutendes Ballungszentrum im S\u00fcdwestpazifik. Port Moresby liegt strategisch g\u00fcnstig an der S\u00fcdwestk\u00fcste der Papua-Halbinsel, die zu Neuguinea geh\u00f6rt.<\/p>\n<p>Ab der zweiten H\u00e4lfte des 19. Jahrhunderts entwickelte sich die Stadt zu einem Handelszentrum. W\u00e4hrend des Zweiten Weltkriegs wurde ihre strategische Lage zum Brennpunkt der kaiserlich-japanischen Streitkr\u00e4fte, die sie vor allem zwischen 1942 und 1943 ins Visier nahmen. Die Japaner wollten sie als Sammelplatz und Luftwaffenst\u00fctzpunkt nutzen, um Australiens Verbindungen zu Amerika und S\u00fcdostasien zu unterbrechen. Die Motu-Koitabu, die seit Jahrtausenden in Port Moresby leben, tragen zur historischen Bedeutung der Stadt bei. Die Stadt wurde nach Kapit\u00e4n John Moresby benannt, der die St\u00e4tte 1873 zum Gedenken an seinen Vater, Admiral Sir Fairfax Moresby, entdeckte.<\/p>\n<p>Bei der Volksz\u00e4hlung 2011 hatte Port Moresby 364.145 Einwohner; inoffizielle Sch\u00e4tzungen gehen von einem Anstieg auf 383.000 bis 2020 aus. Obwohl Port Moresby in der N\u00e4he der Zentralprovinz liegt, hat es eine unabh\u00e4ngige Gerichtsbarkeit und den National Capital District. Die Motu Koita Assembly, die die Motu und Koitabu, die traditionellen Landbesitzer, vertritt, garantiert, dass ihre Standpunkte von der lokalen Regierung ber\u00fccksichtigt werden.<\/p>\n<p>Die tropische Savanne von Port Moresby sorgt ganzj\u00e4hrig f\u00fcr weitgehend konstante Temperaturen. Mit 898,8 Millimetern durchschnittlichem Jahresniederschlag ist die Stadt die Stadt mit den niedrigsten Niederschl\u00e4gen Neuguineas. Die Trockenzeit verl\u00e4uft parallel zur Regenzeit, die von Dezember bis Mai dauert. Dieses Klimamuster wird durch die s\u00fcd\u00f6stlichen Passatwinde und die umliegenden hohen Berge beeinflusst, die ebenfalls zu deutlich niedrigeren Temperaturen w\u00e4hrend der Trockenzeit beitragen.<\/p>\n<p>Busse und private Taxis decken den Gro\u00dfteil des Transportbedarfs von Port Moresby ab. Aufgrund des schlechten Stra\u00dfennetzes ist das Flugzeug f\u00fcr die Anbindung der Stadt an den Rest des Landes unerl\u00e4sslich. Der Jacksons International Airport, der gr\u00f6\u00dfte Flughafen Papua-Neuguineas, ist ein wichtiger Knotenpunkt f\u00fcr Inlands- und Auslandsreisen. Seine strategische Bedeutung unterstreicht die Tatsache, dass hier auch die Luftwaffe der Papua-Neuguinea Defense Force stationiert ist.<\/p>\n<p>Zwei Drittel der Exporterl\u00f6se Papua-Neuguineas stammen aus seinen reichen nat\u00fcrlichen Ressourcen. Trotz dieses Reichtums erm\u00f6glichte die Unterentwicklung ausl\u00e4ndischen Unternehmen in der Vergangenheit, von diesen Ressourcen zu profitieren. Ein Wendepunkt trat ein, als die USA 2004 eine \u00d6lgesellschaft gr\u00fcndeten und Papua-Neuguineas Exportpotenzial deutlich steigerten. W\u00e4hrend Singapur, Japan und China Papua-Neuguineas beim Ausbau seiner Wirtschaft unterst\u00fctzten, war Australien ein wichtiger Verb\u00fcndeter und leistete erhebliche Hilfe.<\/p>\n<p>Neue Wohnh\u00e4user, B\u00fcrot\u00fcrme, Einkaufszentren und Gesch\u00e4ftsgeb\u00e4ude pr\u00e4gen die Skyline und Port Moresby hat ein bemerkenswertes Wachstum erlebt. Moderne Einkaufszentren, Restaurants und Eigentumswohnungen haben das Flussufergebiet belebt. Speziell f\u00fcr die S\u00fcdpazifikspiele 2015 und die FIFA U20-Frauen-Weltmeisterschaft 2016 hat die Stadt ihre Sportanlagen erheblich modernisiert. Die Ausrichtung des APEC-Gipfels 2018 zog viele f\u00fchrende Politiker an und beschleunigte die Entwicklung, indem sie Port Moresby in den Mittelpunkt der globalen Aufmerksamkeit r\u00fcckte.<\/p>","protected":false},"excerpt":{"rendered":"<p>Port Moresby, auch bekannt als Pot Mosbi, ist die dynamische Hauptstadt und gr\u00f6\u00dfte Metropole Papua-Neuguineas. Die Stadt, die manchmal auch als Pom-Metropole bezeichnet wird, ist nach Jayapura die zweitgr\u00f6\u00dfte Stadt au\u00dferhalb der industrialisierten Gebiete Australiens und Neuseelands und ein bedeutendes Ballungszentrum im S\u00fcdwestpazifik. Port Moresby liegt strategisch g\u00fcnstig an der S\u00fcdwestk\u00fcste der Papua-Halbinsel, die zu Neuguinea geh\u00f6rt.<\/p>","protected":false},"author":1,"featured_media":2725,"parent":9661,"menu_order":0,"comment_status":"closed","ping_status":"closed","template":"elementor_theme","meta":{"_eb_attr":"","footnotes":""},"class_list":["post-9670","page","type-page","status-publish","has-post-thumbnail"],"_links":{"self":[{"href":"https:\/\/travelshelper.com\/de\/wp-json\/wp\/v2\/pages\/9670","targetHints":{"allow":["GET"]}}],"collection":[{"href":"https:\/\/travelshelper.com\/de\/wp-json\/wp\/v2\/pages"}],"about":[{"href":"https:\/\/travelshelper.com\/de\/wp-json\/wp\/v2\/types\/page"}],"author":[{"embeddable":true,"href":"https:\/\/travelshelper.com\/de\/wp-json\/wp\/v2\/users\/1"}],"replies":[{"embeddable":true,"href":"https:\/\/travelshelper.com\/de\/wp-json\/wp\/v2\/comments?post=9670"}],"version-history":[{"count":0,"href":"https:\/\/travelshelper.com\/de\/wp-json\/wp\/v2\/pages\/9670\/revisions"}],"up":[{"embeddable":true,"href":"https:\/\/travelshelper.com\/de\/wp-json\/wp\/v2\/pages\/9661"}],"wp:featuredmedia":[{"embeddable":true,"href":"https:\/\/travelshelper.com\/de\/wp-json\/wp\/v2\/media\/2725"}],"wp:attachment":[{"href":"https:\/\/travelshelper.com\/de\/wp-json\/wp\/v2\/media?parent=9670"}],"curies":[{"name":"wp","href":"https:\/\/api.w.org\/{rel}","templated":true}]}}