{"id":9661,"date":"2024-09-08T21:01:07","date_gmt":"2024-09-08T21:01:07","guid":{"rendered":"https:\/\/travelshelper.com\/staging\/?page_id=9661"},"modified":"2026-03-13T23:10:04","modified_gmt":"2026-03-13T23:10:04","slug":"papua-neuguinea","status":"publish","type":"page","link":"https:\/\/travelshelper.com\/de\/destinations\/australia-and-oceania\/papua-new-guinea\/","title":{"rendered":"Papua-Neuguinea"},"content":{"rendered":"<p>Papua-Neuguinea, auch bekannt als der Unabh\u00e4ngige Staat Papua-Neuguinea, ist ein faszinierender Staat in Ozeanien. Neben der \u00f6stlichen H\u00e4lfte der Insel Neuguinea umfasst es mehrere vorgelagerte Inseln in Melanesien, einem Gebiet im s\u00fcdwestlichen Pazifik n\u00f6rdlich von Australien. Dank seiner strategischen Lage grenzt Papua-Neuguinea an mehrere bedeutende Nachbarl\u00e4nder: Australien im S\u00fcden, die Salomonen im Osten und Indonesien im Westen. Port Moresby an der S\u00fcdk\u00fcste ist die Hauptstadt des Landes und Zentrum seiner Politik und Wirtschaft.<\/p>\n<p>Papua-Neuguinea, der drittgr\u00f6\u00dfte Inselstaat der Welt, ist 462.840 Quadratkilometer gro\u00df. Von Mangroven und K\u00fcstenstr\u00e4nden bis hin zu steilen H\u00fcgeln und tiefen Regenw\u00e4ldern \u2013 dieses riesige Gebiet ist vielf\u00e4ltig. Neben der atemberaubenden Landschaft ist die Topografie des Landes entscheidend f\u00fcr seine biologische und kulturelle Vielfalt.<\/p>\n<p>Wichtige Weltereignisse und koloniale Einfl\u00fcsse haben die Geschichte Papuas gepr\u00e4gt. In den 1880er Jahren trennten Deutsch-Neuguinea im Norden und das britische Territorium Papua im S\u00fcden das Land. Nach dem Ersten Weltkrieg kam das gesamte Gebiet unter australische Kontrolle, nachdem Neuguinea als V\u00f6lkerbundmission der deutschen Kolonie gegr\u00fcndet worden war. Papua war ein bedeutendes Schlachtfeld und erlebte w\u00e4hrend des Neuguinea-Feldzugs im Zweiten Weltkrieg heftige K\u00e4mpfe, die seine Geschichte pr\u00e4gten.<\/p>\n<p>Nach der Unabh\u00e4ngigkeit 1975 wurde Papua-Neuguinea unter Elisabeth II. ein Commonwealth-Land. Diese Position blieb bis zu ihrem Tod im Jahr 2022 bestehen, woraufhin Karl III. ihr nachfolgte. Aufgrund seiner kolonialen Vergangenheit zeigen das politische System und die Au\u00dfenpolitik des Landes seinen Willen, ma\u00dfgeblich am regionalen und globalen Geschehen teilzunehmen.<\/p>\n<p>Eines der bemerkenswertesten Merkmale Papua-Neuguineas ist seine Sprachenvielfalt. Mit 840 bekannten Sprachen, darunter Englisch, ist das Land das sprachlich vielf\u00e4ltigste der Welt. Diese Sprachenvielfalt zeugt sowohl von der kulturellen Vielfalt des Landes als auch vom Durchhalteverm\u00f6gen seiner indigenen Bev\u00f6lkerung. Trotz dieser Vielfalt ist Papua-Neuguinea nach wie vor ein \u00fcberwiegend l\u00e4ndliches Land; 2019 lebten nur knapp 13,25 % der Bev\u00f6lkerung in St\u00e4dten. Das Leben in traditionellen D\u00f6rfern hilft dem Gro\u00dfteil der Bev\u00f6lkerung, traditionelle Lebensstile zu bewahren, die f\u00fcr ihre soziale Struktur und Identit\u00e4t von entscheidender Bedeutung sind.<\/p>\n<p>Papua-Neuguinea ist bev\u00f6lkerungsreichster Inselstaat im Pazifik. Prognosen f\u00fcr Dezember 2022 zeigen, dass die Bev\u00f6lkerungszahl eher bei 17 Millionen liegen k\u00f6nnte als die bisherige Sch\u00e4tzung der Regierung von 9,4 Millionen. Dieser Unterschied verdeutlicht, wie schwierig es ist, ein Land mit einer so vielf\u00e4ltigen und komplexen Topografie zu z\u00e4hlen. Ressourcenmanagement und -entwicklung werden stark vom Bev\u00f6lkerungswachstum und der Bev\u00f6lkerungsausbreitung des Landes beeinflusst.<\/p>\n<p>Der gro\u00dfe Tierreichtum Papua-Neuguineas ist ein weiteres bekanntes Merkmal. Sch\u00e4tzungen zufolge beherbergen die vielf\u00e4ltigen \u00d6kosysteme des Landes zahlreiche unentdeckte Pflanzen- und Tierarten, was das Land zu einem begehrten Standort f\u00fcr biologische Studien und Naturschutzprogramme macht. Dieser nat\u00fcrliche Reichtum ist sowohl ein Vorteil als auch ein Problem, da er ein sorgf\u00e4ltiges Management erfordert, um \u00f6kologischen Schutz und wirtschaftliches Wachstum in Einklang zu bringen.<\/p>\n<p>Der Internationale W\u00e4hrungsfonds stuft die Wirtschaft Papua-Neuguineas als entwickelnd ein. Etwa 40 Prozent der Bev\u00f6lkerung arbeiten als Subsistenzbauern, im Wesentlichen au\u00dferhalb des W\u00e4hrungssystems. Die Verfassung Papua-Neuguineas w\u00fcrdigt und verteidigt diese traditionelle Lebensweise ausdr\u00fccklich und betont den Wert traditioneller D\u00f6rfer und Gemeinschaften als funktionale soziale Einheiten. Diese verfassungsm\u00e4\u00dfige Anerkennung unterstreicht die Bedeutung indigener Sozialstrukturen f\u00fcr die Identit\u00e4t und Regierung des Landes.<\/p>\n<p>Auf der Weltb\u00fchne beteiligt sich Papua-Neuguinea aktiv an mehreren regionalen und internationalen Organisationen. Urspr\u00fcnglich seit 1976 Beobachterstaat, hat es die Vollmitgliedschaft im Verband S\u00fcdostasiatischer Nationen (ASEAN) beantragt. Zu den von der Pazifischen Gemeinschaft, dem Pacific Islands Forum, dem Commonwealth of Nations und den Vereinten Nationen anerkannten Vollmitgliedern z\u00e4hlen: Diese Verbindungen zeigen, wie sehr sich Papua-Neuguinea f\u00fcr die regionale Zusammenarbeit engagiert und wie sehr es das Weltgeschehen beeinflussen m\u00f6chte.<\/p>","protected":false},"excerpt":{"rendered":"<p>Papua-Neuguinea, auch bekannt als der Unabh\u00e4ngige Staat Papua-Neuguinea, ist ein faszinierender Staat in Ozeanien. Neben der \u00f6stlichen H\u00e4lfte der Insel Neuguinea umfasst es mehrere vorgelagerte Inseln in Melanesien, einem Gebiet im s\u00fcdwestlichen Pazifik n\u00f6rdlich von Australien. Dank seiner strategischen Lage grenzt Papua-Neuguinea an mehrere bedeutende Nachbarl\u00e4nder: Australien im S\u00fcden, die Salomonen im Osten und Indonesien im Westen. Port Moresby an der S\u00fcdk\u00fcste ist die Hauptstadt des Landes und Zentrum seiner Politik und Wirtschaft.<\/p>","protected":false},"author":1,"featured_media":3890,"parent":24105,"menu_order":0,"comment_status":"closed","ping_status":"closed","template":"elementor_theme","meta":{"_eb_attr":"","footnotes":""},"class_list":["post-9661","page","type-page","status-publish","has-post-thumbnail"],"_links":{"self":[{"href":"https:\/\/travelshelper.com\/de\/wp-json\/wp\/v2\/pages\/9661","targetHints":{"allow":["GET"]}}],"collection":[{"href":"https:\/\/travelshelper.com\/de\/wp-json\/wp\/v2\/pages"}],"about":[{"href":"https:\/\/travelshelper.com\/de\/wp-json\/wp\/v2\/types\/page"}],"author":[{"embeddable":true,"href":"https:\/\/travelshelper.com\/de\/wp-json\/wp\/v2\/users\/1"}],"replies":[{"embeddable":true,"href":"https:\/\/travelshelper.com\/de\/wp-json\/wp\/v2\/comments?post=9661"}],"version-history":[{"count":0,"href":"https:\/\/travelshelper.com\/de\/wp-json\/wp\/v2\/pages\/9661\/revisions"}],"up":[{"embeddable":true,"href":"https:\/\/travelshelper.com\/de\/wp-json\/wp\/v2\/pages\/24105"}],"wp:featuredmedia":[{"embeddable":true,"href":"https:\/\/travelshelper.com\/de\/wp-json\/wp\/v2\/media\/3890"}],"wp:attachment":[{"href":"https:\/\/travelshelper.com\/de\/wp-json\/wp\/v2\/media?parent=9661"}],"curies":[{"name":"wp","href":"https:\/\/api.w.org\/{rel}","templated":true}]}}