{"id":9641,"date":"2024-09-08T20:35:23","date_gmt":"2024-09-08T20:35:23","guid":{"rendered":"https:\/\/travelshelper.com\/staging\/?page_id=9641"},"modified":"2026-03-13T23:10:46","modified_gmt":"2026-03-13T23:10:46","slug":"palau","status":"publish","type":"page","link":"https:\/\/travelshelper.com\/de\/destinations\/australia-and-oceania\/palau\/","title":{"rendered":"Palau"},"content":{"rendered":"<p>Palau, offiziell Republik Palau, ist ein bezaubernder Inselstaat in der Subregion Mikronesien Ozeaniens im westlichen Pazifik. Mit seinen rund 340 Inseln bildet diese bezaubernde Republik einen atemberaubenden Archipel, der sich von der westlichen Kette der Karolineninseln bis zu Gebieten der F\u00f6derierten Staaten von Mikronesien erstreckt. Obwohl Palau klein ist, ist es ein Land voller Natursch\u00f6nheiten, Geschichte und Kultur.<\/p>\n<p>Mit 466 Quadratkilometern (180 Quadratmeilen) ist Palau der viertkleinste Staat der Welt. Trotz ihrer geringen Fl\u00e4che bieten die Inseln eine abwechslungsreiche Landschaft, die von makellosen Str\u00e4nden \u00fcber \u00fcppige tropische W\u00e4lder bis hin zu farbenfrohen Korallenriffen reicht. Koror, die gleichnamige Insel, ist die bev\u00f6lkerungsreichste Insel und Standort der gr\u00f6\u00dften Stadt des Landes. Die Hauptstadt des Bundesstaates Melekeok, Ngerulmud, liegt auf der gr\u00f6\u00dften Insel, Babeldaob. Dank seiner strategischen Lage liegt Palau in der N\u00e4he zahlreicher internationaler Seegrenzen und teilt diese mit den F\u00f6derierten Staaten von Mikronesien im Osten, Indonesien im S\u00fcden und den Philippinen im Nordwesten.<\/p>\n<p>So reichhaltig und vielf\u00e4ltig wie Palaus Topografie ist auch seine Geschichte. Urspr\u00fcnglich vor etwa 3.000 Jahren von Einwanderern aus dem maritimen S\u00fcdostasien besiedelt, entstand mit dieser fr\u00fchen Gemeinschaft auch die unverwechselbare kulturelle Vielfalt der Inseln. Dank der Arbeit des b\u00f6hmischen Missionars Paul Klein, der die Inseln anhand von Erz\u00e4hlungen schiffbr\u00fcchiger Palauaner dokumentierte, die die philippinische K\u00fcste auf Samar erreichten, tauchten sie erstmals auf einer europ\u00e4ischen Karte auf.<\/p>\n<p>Palau wurde 1885 zu Spanisch-Ostindien gez\u00e4hlt und damit zum europ\u00e4ischen Einflussgebiet erkl\u00e4rt. Im Rahmen des Deutsch-Spanischen Vertrags kaufte Deutschland die Inseln jedoch von Spanien, nachdem Spanien 1898 den Spanisch-Amerikanischen Krieg verloren hatte. Sie geh\u00f6rten w\u00e4hrend dieser Zeit Deutsch-Neuguinea. Nach dem Ersten Weltkrieg fielen die Inseln unter das S\u00fcdseemandat des V\u00f6lkerbundes und fielen unter japanische Herrschaft.<\/p>\n<p>Der Zweite Weltkrieg brachte schwere K\u00e4mpfe zwischen amerikanischen und japanischen Streitkr\u00e4ften im Rahmen der Marianen- und Palauinsel-Kampagne mit sich und brachte schwere Konflikte nach Palau. W\u00e4hrend des Zweiten Weltkriegs schloss sich Palau 1947 dem von den USA regierten Treuhandgebiet der Pazifischen Inseln an. In einem Referendum von 1978 entschied sich Palau gegen den Beitritt zu den F\u00f6derierten Staaten von Mikronesien und erlangte 1994 im Rahmen eines Abkommens \u00fcber freie Assoziierung mit den USA die vollst\u00e4ndige Souver\u00e4nit\u00e4t \u2013 ein deutlicher Schritt in Richtung Selbstbestimmung.<\/p>\n<p>Palau ist heute eine Pr\u00e4sidialrepublik in freier Assoziation mit den Vereinigten Staaten. Diese Verbindung garantiert, dass die Vereinigten Staaten Verteidigung, Finanzen und Zugang zu sozialen Leistungen bereitstellen und so ein stabiles politisches Umfeld schaffen. Der aus zwei Kammern bestehende Palau Nationalkongress verf\u00fcgt \u00fcber die gesetzgebende Gewalt und ist daher ma\u00dfgeblich an der Gestaltung der Politik des Landes beteiligt.<\/p>\n<p>Wirtschaftlich lebt Palau haupts\u00e4chlich von Fischerei, Subsistenzlandwirtschaft und Tourismus. Die atemberaubende Natursch\u00f6nheit der Inseln \u2013 darunter erstklassige Tauchpl\u00e4tze \u2013 zieht Touristen aus aller Welt an. Wie wichtig globale Allianzen f\u00fcr Palaus Wirtschaft sind, zeigt sich darin, dass ein betr\u00e4chtlicher Teil des Bruttosozialprodukts (BIP) aus Entwicklungshilfe stammt. Die offizielle W\u00e4hrung ist der US-Dollar, was die Verbindungen zur amerikanischen Wirtschaft st\u00e4rkt.<\/p>\n<p>Mikronesische, melanesische, asiatische und westliche Elemente pr\u00e4gen die Kultur Palaus. Ethnische Palauaner \u2013 mit gemischter mikronesischer, melanesischer und austronesischer Abstammung \u2013 stellen den Gro\u00dfteil der Bev\u00f6lkerung. Auch die Sprachenwelt des Landes spiegelt diese kulturelle Vielfalt wider. Offiziell anerkannt als Regionalsprachen sind Englisch und Palauanisch, ein Teil der austronesischen Sprachfamilie. Japanisch, Sonsorolesisch und Tobianisch z\u00e4hlen ebenfalls zu den Sprachen, was den kosmopolitischen Charakter des Landes unterstreicht.<\/p>","protected":false},"excerpt":{"rendered":"<p>Palau, offiziell Republik Palau, ist ein bezaubernder Inselstaat in der Subregion Mikronesien Ozeaniens im westlichen Pazifik. Mit seinen rund 340 Inseln bildet diese bezaubernde Republik einen atemberaubenden Archipel, der sich von der westlichen Kette der Karolineninseln bis zu Gebieten der F\u00f6derierten Staaten von Mikronesien erstreckt. Obwohl Palau klein ist, ist es ein Land voller Natursch\u00f6nheiten, Geschichte und Kultur.<\/p>","protected":false},"author":1,"featured_media":3589,"parent":24105,"menu_order":0,"comment_status":"closed","ping_status":"closed","template":"elementor_theme","meta":{"_eb_attr":"","footnotes":""},"class_list":["post-9641","page","type-page","status-publish","has-post-thumbnail"],"_links":{"self":[{"href":"https:\/\/travelshelper.com\/de\/wp-json\/wp\/v2\/pages\/9641","targetHints":{"allow":["GET"]}}],"collection":[{"href":"https:\/\/travelshelper.com\/de\/wp-json\/wp\/v2\/pages"}],"about":[{"href":"https:\/\/travelshelper.com\/de\/wp-json\/wp\/v2\/types\/page"}],"author":[{"embeddable":true,"href":"https:\/\/travelshelper.com\/de\/wp-json\/wp\/v2\/users\/1"}],"replies":[{"embeddable":true,"href":"https:\/\/travelshelper.com\/de\/wp-json\/wp\/v2\/comments?post=9641"}],"version-history":[{"count":0,"href":"https:\/\/travelshelper.com\/de\/wp-json\/wp\/v2\/pages\/9641\/revisions"}],"up":[{"embeddable":true,"href":"https:\/\/travelshelper.com\/de\/wp-json\/wp\/v2\/pages\/24105"}],"wp:featuredmedia":[{"embeddable":true,"href":"https:\/\/travelshelper.com\/de\/wp-json\/wp\/v2\/media\/3589"}],"wp:attachment":[{"href":"https:\/\/travelshelper.com\/de\/wp-json\/wp\/v2\/media?parent=9641"}],"curies":[{"name":"wp","href":"https:\/\/api.w.org\/{rel}","templated":true}]}}