{"id":9611,"date":"2024-09-08T19:59:37","date_gmt":"2024-09-08T19:59:37","guid":{"rendered":"https:\/\/travelshelper.com\/staging\/?page_id=9611"},"modified":"2026-03-13T22:56:56","modified_gmt":"2026-03-13T22:56:56","slug":"marshallinseln","status":"publish","type":"page","link":"https:\/\/travelshelper.com\/de\/destinations\/australia-and-oceania\/marshall-islands\/","title":{"rendered":"Marshallinseln"},"content":{"rendered":"<p>Die Marshallinseln, im Marshallesischen \u1e42aje\u1e37 genannt, offiziell Republik der Marshallinseln (Aolep\u0101n Aor\u014dkin \u1e42aje\u1e37), sind ein souver\u00e4ner Inselstaat in Mikronesien im Nordwestpazifik. Westlich der Datumsgrenze und n\u00f6rdlich des \u00c4quators gelegen, sind die Marshallinseln ein unverwechselbarer Staat mit einer reichen Geschichte und einzigartigen geografischen Merkmalen. Der Staat besteht aus 29 Korallenatollen und f\u00fcnf Inseln, die in zwei Inselketten unterteilt sind: Ratak im Osten und Ralik im Westen. Bemerkenswert ist, dass 97,87 % des Staatsgebiets aus Wasser bestehen, was ihn zum souver\u00e4nen Staat mit dem h\u00f6chsten Wasser-Land-Verh\u00e4ltnis macht.<\/p>\n<p>Die Marshallinseln grenzen an mehrere Territorien und Staaten: Wake Island im Norden, Kiribati im S\u00fcdosten, Nauru im S\u00fcden und die F\u00f6derierten Staaten von Mikronesien im Westen. Majuro, die Hauptstadt und gr\u00f6\u00dfte Stadt des Landes, beherbergt etwa die H\u00e4lfte der Bev\u00f6lkerung und fungiert als politisches und wirtschaftliches Zentrum.<\/p>\n<p>Die Geschichte der Marshallinseln ist grundlegend in der austronesischen Migration verankert, die die Inseln bereits im 2. Jahrtausend v. Chr. erreichte. Die ersten Einwanderer brachten s\u00fcdostasiatische Nutzpflanzen wie Kokosn\u00fcsse, riesige Sumpf-Taro und Brotfrucht sowie domestiziertes Gefl\u00fcgel mit und machten die Inseln dadurch dauerhaft bewohnbar. Mehrere spanische Expeditionen erreichten die Inseln Mitte des 16. Jahrhunderts. Spanische Galeonen navigierten jedoch in der Regel weiter n\u00f6rdlich \u00fcber den Pazifik und umgingen so die Marshallinseln.<\/p>\n<p>Die Inseln wurden zu Ehren des britischen Kapit\u00e4ns John Marshall benannt, der das Gebiet 1788 erkundete. In den 1850er Jahren trafen amerikanische protestantische Missionare und westliche Handelsinteressen ein, was den Beginn erheblichen ausl\u00e4ndischen Einflusses signalisierte. In den 1870er und 1880er Jahren dominierten deutsche Koprah\u00e4ndler die Wirtschaft, was 1885 zur Annexion der Marshallinseln als Protektorat durch das Deutsche Reich f\u00fchrte. W\u00e4hrend des Ersten Weltkriegs fiel das Japanische Kaiserreich auf die Inseln ein, die nach dem Krieg Teil des japanischen S\u00fcdseemandats wurden. Nach dem Zweiten Weltkrieg \u00fcbernahmen die Vereinigten Staaten die Macht und verwalteten die Inseln als Teil des Treuhandgebiets der Pazifischen Inseln. Von 1946 bis 1958 f\u00fchrten die Vereinigten Staaten 67 Atomtests im Bikini-Atoll und im Enewetak-Atoll durch, was tiefgreifende Auswirkungen auf die Inseln hatte.<\/p>\n<p>Das Streben nach Selbstverwaltung begann 1965 mit der Gr\u00fcndung des Kongresses von Mikronesien, der die Autonomie der pazifischen Inseln st\u00e4rken sollte. Im Mai 1979 erkannten die Vereinigten Staaten die Verfassung der Marshallinseln und ihres Pr\u00e4sidenten Amata Kabua an und verliehen dem Land damit die Unabh\u00e4ngigkeit. Vollst\u00e4ndige Souver\u00e4nit\u00e4t wurde durch den Assoziierungsvertrag mit den Vereinigten Staaten erlangt, der Verteidigung, finanzielle Unterst\u00fctzung und Zugang zu US-Institutionen wie der Federal Communications Commission und dem United States Postal Service sicherte. Die Marshallinseln sind seit 1983 Mitglied der Pazifischen Gemeinschaft und wurden 1991 Mitglied der Vereinten Nationen.<\/p>\n<p>Die Wirtschaft der Marshallinseln ist \u00fcberwiegend dienstleistungsorientiert, erg\u00e4nzt durch Fischerei und Landwirtschaft. Die US-Finanzhilfe tr\u00e4gt ma\u00dfgeblich zum BIP bei. Die urspr\u00fcnglich bis 2023 auslaufende Finanzhilfe im Rahmen des Compact of Free Association wurde um weitere 20 Jahre verl\u00e4ngert. Die Marshallinseln verwenden den US-Dollar als W\u00e4hrung und k\u00fcndigten 2018 die Einf\u00fchrung einer neuen Kryptow\u00e4hrung als gesetzliches Zahlungsmittel an.<\/p>\n<p>Die Bev\u00f6lkerung der Marshallinseln besteht haupts\u00e4chlich aus Menschen mit marshallischer Abstammung, daneben gibt es kleinere Einwanderergruppen aus den USA, China, den Philippinen und anderen pazifischen Inseln. Marshallesisch und Englisch sind die Amtssprachen und verk\u00f6rpern das kulturelle Erbe und die historischen Verbindungen des Landes. Religion ist ein wesentlicher Bestandteil der Kultur, und fast die gesamte Bev\u00f6lkerung geh\u00f6rt einem Glaubenssystem an. Die vorherrschende Zugeh\u00f6rigkeit besteht zur United Church of Christ \u2013 Congregational auf den Marshallinseln oder zu den Assemblies of God.<\/p>","protected":false},"excerpt":{"rendered":"<p>Die Marshallinseln, im Marshallesischen \u1e42aje\u1e37 genannt, offiziell Republik der Marshallinseln (Aolep\u0101n Aor\u014dkin \u1e42aje\u1e37), sind ein souver\u00e4ner Inselstaat in Mikronesien im Nordwestpazifik. Westlich der Datumsgrenze und n\u00f6rdlich des \u00c4quators gelegen, sind die Marshallinseln ein unverwechselbarer Staat mit einer reichen Geschichte und einzigartigen geografischen Merkmalen. Der Staat besteht aus 29 Korallenatollen und f\u00fcnf Inseln, die in zwei Inselketten unterteilt sind: Ratak im Osten und Ralik im Westen. Bemerkenswert ist, dass 97,87 % des Staatsgebiets aus Wasser bestehen, was ihn zum souver\u00e4nen Staat mit dem h\u00f6chsten Wasser-Land-Verh\u00e4ltnis macht.<\/p>","protected":false},"author":1,"featured_media":3354,"parent":24105,"menu_order":0,"comment_status":"closed","ping_status":"closed","template":"elementor_theme","meta":{"_eb_attr":"","footnotes":""},"class_list":["post-9611","page","type-page","status-publish","has-post-thumbnail"],"_links":{"self":[{"href":"https:\/\/travelshelper.com\/de\/wp-json\/wp\/v2\/pages\/9611","targetHints":{"allow":["GET"]}}],"collection":[{"href":"https:\/\/travelshelper.com\/de\/wp-json\/wp\/v2\/pages"}],"about":[{"href":"https:\/\/travelshelper.com\/de\/wp-json\/wp\/v2\/types\/page"}],"author":[{"embeddable":true,"href":"https:\/\/travelshelper.com\/de\/wp-json\/wp\/v2\/users\/1"}],"replies":[{"embeddable":true,"href":"https:\/\/travelshelper.com\/de\/wp-json\/wp\/v2\/comments?post=9611"}],"version-history":[{"count":0,"href":"https:\/\/travelshelper.com\/de\/wp-json\/wp\/v2\/pages\/9611\/revisions"}],"up":[{"embeddable":true,"href":"https:\/\/travelshelper.com\/de\/wp-json\/wp\/v2\/pages\/24105"}],"wp:featuredmedia":[{"embeddable":true,"href":"https:\/\/travelshelper.com\/de\/wp-json\/wp\/v2\/media\/3354"}],"wp:attachment":[{"href":"https:\/\/travelshelper.com\/de\/wp-json\/wp\/v2\/media?parent=9611"}],"curies":[{"name":"wp","href":"https:\/\/api.w.org\/{rel}","templated":true}]}}