{"id":9598,"date":"2024-09-08T19:45:06","date_gmt":"2024-09-08T19:45:06","guid":{"rendered":"https:\/\/travelshelper.com\/staging\/?page_id=9598"},"modified":"2026-03-13T22:54:30","modified_gmt":"2026-03-13T22:54:30","slug":"nauru","status":"publish","type":"page","link":"https:\/\/travelshelper.com\/de\/destinations\/australia-and-oceania\/nauru\/","title":{"rendered":"Nauru"},"content":{"rendered":"<p>Nauru, offiziell Republik Nauru, ist ein kleiner Inselstaat in Mikronesien, Teil der riesigen Region Ozeanien im Zentralpazifik. Historisch bekannt als Pleasant Island, ist Nauru ein einzigartiger Staat mit einer reichen Geschichte und einer komplexen sozio\u00f6konomischen Landschaft. Sein n\u00e4chster Nachbar ist die Insel Banaba in Kiribati, etwa 300 Kilometer \u00f6stlich gelegen. Geografisch liegt Nauru nordwestlich von Tuvalu, 1.300 Kilometer nord\u00f6stlich der Salomonen, ostnord\u00f6stlich von Papua-Neuguinea, s\u00fcd\u00f6stlich der F\u00f6derierten Staaten von Mikronesien und s\u00fcdlich der Marshallinseln.<\/p>\n<p>Mit einer Gesamtfl\u00e4che von nur 21 Quadratkilometern (8,1 Quadratmeilen) gilt Nauru als drittkleinster Staat der Welt, nur gr\u00f6\u00dfer als die Vatikanstadt und Monaco. Damit ist es die kleinste Republik und Inselnation weltweit sowie fl\u00e4chenm\u00e4\u00dfig der kleinste Mitgliedsstaat des Commonwealth of Nations. Trotz seiner geringen Gr\u00f6\u00dfe hat Nauru nur etwa 10.800 Einwohner und ist damit die drittkleinste Bev\u00f6lkerung der Welt, Kolonien und \u00dcberseegebiete nicht mitgerechnet. Als Mitglied der Vereinten Nationen, des Commonwealth of Nations und der Organisation afrikanischer, karibischer und pazifischer Staaten spielt Nauru eine wichtige Rolle in der internationalen Diplomatie und Zusammenarbeit.<\/p>\n<p>Die Geschichte Naurus reicht bis etwa 1000 v. Chr. zur\u00fcck, als die Insel erstmals von Mikronesiern besiedelt wurde. Die strategische Lage und die Ressourcen der Insel erregten die Aufmerksamkeit der Kolonialm\u00e4chte, und im sp\u00e4ten 19. Jahrhundert wurde sie vom Deutschen Reich annektiert und als Kolonie beansprucht. Nach dem Ersten Weltkrieg wurde Nauru ein Mandatsgebiet des V\u00f6lkerbundes und von Australien, Neuseeland und Gro\u00dfbritannien verwaltet. Im Zweiten Weltkrieg besetzten japanische Truppen Nauru, und die Insel wurde vom Vormarsch der Alliierten \u00fcber den Pazifik umgangen. Nach dem Krieg wurde Nauru unter Treuhandschaft der Vereinten Nationen gestellt und erlangte schlie\u00dflich 1968 seine Unabh\u00e4ngigkeit.<\/p>\n<p>In den letzten Jahrzehnten war Nauru besonders eng mit Australien verbunden. Seit 2001 erh\u00e4lt das Land Unterst\u00fctzung von der australischen Regierung im Austausch f\u00fcr die Unterbringung des Nauru Regional Processing Centre, einer australischen Einwanderungshaftanstalt vor der K\u00fcste. Diese Vereinbarung war umstritten und f\u00fchrte dazu, dass Nauru aufgrund seiner starken Abh\u00e4ngigkeit von australischer Unterst\u00fctzung als Klientelstaat Australiens bezeichnet wurde.<\/p>\n<p>Naurus Wirtschaft basierte historisch auf den reichen Phosphatgesteinsvorkommen, die f\u00fcr den Tagebau leicht zug\u00e4nglich waren. \u00dcber ein Jahrhundert lang bildete der Phosphatabbau das R\u00fcckgrat der Wirtschaft Nauru und sorgte f\u00fcr betr\u00e4chtlichen Wohlstand und Entwicklungsm\u00f6glichkeiten. Die Umweltauswirkungen des umfangreichen Bergbaus waren jedoch verheerend und f\u00fchrten zu schweren \u00f6kologischen Sch\u00e4den. In den 1990er Jahren waren die Phosphatreserven weitgehend ersch\u00f6pft, und die verbleibenden Vorkommen sind f\u00fcr den Abbau wirtschaftlich nicht mehr rentabel. Daher k\u00e4mpft Nauru mit dem \u201eRessourcenfluch\u201c: Die Abh\u00e4ngigkeit von einer einzigen nat\u00fcrlichen Ressource f\u00fchrt zu wirtschaftlichen Herausforderungen und Umweltsch\u00e4den.<\/p>\n<p>Um den durch den Phosphatabbau angeh\u00e4uften Reichtum zu verwalten, richtete Nauru einen Treuhandfonds ein, der die finanzielle Zukunft des Landes nach Ersch\u00f6pfung der Phosphatreserven sichern sollte. Leider sank der Wert dieses Fonds im Laufe der Zeit, was zu wirtschaftlicher Instabilit\u00e4t f\u00fchrte. Um seine Einnahmequellen zu diversifizieren, wurde Nauru kurzzeitig zu einer Steueroase und einem Zentrum illegaler Geldw\u00e4sche. Diese Unternehmungen boten jedoch keine nachhaltige L\u00f6sung f\u00fcr die wirtschaftlichen Probleme des Landes.<\/p>\n<p>Heute steht Nauru vor der Herausforderung, seine Wirtschaft und Umwelt wiederaufzubauen und gleichzeitig seine komplexen politischen Beziehungen und sein historisches Erbe zu bew\u00e4ltigen. Trotz dieser Herausforderungen ist Nauru eine Geschichte der Widerstandsf\u00e4higkeit und Anpassungsf\u00e4higkeit, die die Dynamik kleiner Inselstaaten im globalen Kontext widerspiegelt. Da Nauru weiterhin nachhaltige Entwicklungspfade sucht, bleibt es ein einzigartiges und faszinierendes Beispiel f\u00fcr das Zusammenspiel von Geographie, Geschichte und Wirtschaft.<\/p>","protected":false},"excerpt":{"rendered":"<p>Nauru, offiziell Republik Nauru, ist ein kleiner Inselstaat in Mikronesien, Teil der riesigen Region Ozeanien im Zentralpazifik. Historisch bekannt als Pleasant Island, ist Nauru ein einzigartiger Staat mit einer reichen Geschichte und einer komplexen sozio\u00f6konomischen Landschaft. Sein n\u00e4chster Nachbar ist die Insel Banaba in Kiribati, etwa 300 Kilometer \u00f6stlich gelegen. Geografisch liegt Nauru nordwestlich von Tuvalu, 1.300 Kilometer nord\u00f6stlich der Salomonen, ostnord\u00f6stlich von Papua-Neuguinea, s\u00fcd\u00f6stlich der F\u00f6derierten Staaten von Mikronesien und s\u00fcdlich der Marshallinseln.<\/p>","protected":false},"author":1,"featured_media":3089,"parent":24105,"menu_order":0,"comment_status":"closed","ping_status":"closed","template":"elementor_theme","meta":{"_eb_attr":"","footnotes":""},"class_list":["post-9598","page","type-page","status-publish","has-post-thumbnail"],"_links":{"self":[{"href":"https:\/\/travelshelper.com\/de\/wp-json\/wp\/v2\/pages\/9598","targetHints":{"allow":["GET"]}}],"collection":[{"href":"https:\/\/travelshelper.com\/de\/wp-json\/wp\/v2\/pages"}],"about":[{"href":"https:\/\/travelshelper.com\/de\/wp-json\/wp\/v2\/types\/page"}],"author":[{"embeddable":true,"href":"https:\/\/travelshelper.com\/de\/wp-json\/wp\/v2\/users\/1"}],"replies":[{"embeddable":true,"href":"https:\/\/travelshelper.com\/de\/wp-json\/wp\/v2\/comments?post=9598"}],"version-history":[{"count":0,"href":"https:\/\/travelshelper.com\/de\/wp-json\/wp\/v2\/pages\/9598\/revisions"}],"up":[{"embeddable":true,"href":"https:\/\/travelshelper.com\/de\/wp-json\/wp\/v2\/pages\/24105"}],"wp:featuredmedia":[{"embeddable":true,"href":"https:\/\/travelshelper.com\/de\/wp-json\/wp\/v2\/media\/3089"}],"wp:attachment":[{"href":"https:\/\/travelshelper.com\/de\/wp-json\/wp\/v2\/media?parent=9598"}],"curies":[{"name":"wp","href":"https:\/\/api.w.org\/{rel}","templated":true}]}}