{"id":9583,"date":"2024-09-08T19:33:00","date_gmt":"2024-09-08T19:33:00","guid":{"rendered":"https:\/\/travelshelper.com\/staging\/?page_id=9583"},"modified":"2026-03-13T23:17:37","modified_gmt":"2026-03-13T23:17:37","slug":"vanuatu","status":"publish","type":"page","link":"https:\/\/travelshelper.com\/de\/destinations\/australia-and-oceania\/vanuatu\/","title":{"rendered":"Vanuatu"},"content":{"rendered":"<p>Vanuatu, offiziell Republik Vanuatu, ist ein faszinierender Inselstaat in der Zentralregion Melanesiens im S\u00fcdpazifik. 1.750 Kilometer \u00f6stlich von Nordaustralien, 540 Kilometer nord\u00f6stlich von Neukaledonien, \u00f6stlich von Neuguinea, s\u00fcd\u00f6stlich der Salomonen und westlich von Fidschi liegt dieser f\u00fcr seine vulkanischen Urspr\u00fcnge bekannte Archipel. Vanuatus einzigartige geografische Lage hat zu einem Zusammentreffen kultureller Einfl\u00fcsse gef\u00fchrt und Vanuatu so zu einem bedeutenden Pazifikstaat gemacht.<\/p>\n<p>Vanuatus Geschichte ist eng mit der des melanesischen Volkes verbunden, das die Inseln vor Tausenden von Jahren besiedelte. Die fr\u00fchen Einwanderer brachten hochentwickelte kulturelle Br\u00e4uche und Sprachen mit, die bis heute erhalten geblieben sind. Der erste europ\u00e4ische Kontakt mit Vanuatu fand 1606 statt, als eine spanische Expedition unter der Leitung des portugiesischen Seefahrers Fernandes de Queir\u00f3s Kurs auf die gr\u00f6\u00dfte Insel, Esp\u00edritu Santo, nahm. Inspiriert von der Attraktivit\u00e4t und den M\u00f6glichkeiten der Insel, beanspruchte Queir\u00f3s die spanische Souver\u00e4nit\u00e4t \u00fcber den Archipel als Teil des kolonialen Spanisch-Ostindien und benannte ihn La Austrialia del Esp\u00edritu Santo. Obwohl es Jahrhunderte dauern sollte, bis bedeutende koloniale Aktivit\u00e4ten ans Licht kamen, markierte dies den Beginn der europ\u00e4ischen Interaktion mit dem Gebiet.<\/p>\n<p>Gegen Ende des 19. Jahrhunderts verst\u00e4rkte sich der europ\u00e4ische Austausch mit den pazifischen Inseln \u2013 darunter auch Vanuatu. Frankreich und Gro\u00dfbritannien hatten in den 1880er Jahren Gebiete des Archipels beansprucht. Aus diesem Interessenskonflikt entstand 1906 ein einzigartiger kolonialer Rahmen: Beide Nationen vereinbarten, die Inseln im Rahmen eines englisch-franz\u00f6sischen Kondominiums, der sogenannten Neuen Hebriden, gemeinsam zu verwalten. Da zwei unterschiedliche Kolonialm\u00e4chte \u2013 jede mit ihren eigenen Sprachen, Rechtssystemen und Verwaltungstechniken \u2013 kooperieren mussten, ist dieses Abkommen in der Kolonialgeschichte bemerkenswert. Die Zeit der Kondominiums zeichnete sich durch eine komplexe und oft kontroverse Regierungsstruktur aus, die schlie\u00dflich die Grundlage f\u00fcr Vanuatus moderne politische Landschaft legte.<\/p>\n<p>Vanuatu bildete hier keine Ausnahme. Die Mitte des 20. Jahrhunderts war eine Zeit gro\u00dfer Umbr\u00fcche und Ver\u00e4nderungen, die weltweit sp\u00fcrbar waren. Angetrieben von einem wachsenden Bewusstsein f\u00fcr die eigene nationale Identit\u00e4t und einem starken Wunsch nach Selbstbestimmung entstand in den 1970er Jahren eine Unabh\u00e4ngigkeitsbewegung. Sie betonte das Engagement der Inselbewohner, ihre Freiheit durch Kommunikation und Zusammenarbeit zu erreichen, und konzentrierte sich dabei klar auf gewaltfreie Demonstrationen und Verhandlungen. Nach jahrelanger Arbeit trugen diese Bem\u00fchungen 1980 Fr\u00fcchte, und die Republik Vanuatu entstand. Der Weg zur Unabh\u00e4ngigkeit verlief wie von selbst und erm\u00f6glichte es dem jungen Land, sich schnell auf der Weltb\u00fchne zu etablieren.<\/p>\n<p>Vanuatu interagiert seit seiner Unabh\u00e4ngigkeit systematisch mit der Weltgemeinschaft und ist Mitglied mehrerer bedeutender Gruppen. Mit seinem Beitritt zu den Vereinten Nationen bewies das Land sein Engagement f\u00fcr den Weltfrieden und gemeinsame Projekte. Als Teil des Commonwealth of Nations pflegt Vanuatu enge Beziehungen zu anderen ehemaligen britischen Kolonien, da es den gemeinsamen kulturellen und historischen Hintergrund nutzt. Die Mitgliedschaft in der Internationalen Organisation der Frankophonie zeigt zudem die historischen Verbindungen zum franz\u00f6sischen Kolonialismus und den anhaltenden Einfluss der franz\u00f6sischen Sprache und Kultur. Vanuatu ist Mitglied des Pacific Islands Forum, einer regionalen Organisation zur F\u00f6rderung der Zusammenarbeit und Entwicklung der pazifischen Inselstaaten.<\/p>\n<p>Eine besonders bemerkenswerte Eigenschaft Vanuatus ist seine gro\u00dfe kulturelle Vielfalt. Mit \u00fcber 100 einheimischen Sprachen z\u00e4hlt das Land zu den sprachlich vielf\u00e4ltigsten Nationen der Welt. Eine dynamische Bandbreite kultureller Praktiken, darunter sowohl alte Musik und T\u00e4nze als auch einzigartige Riten und Zeremonien, unterstreicht die sprachliche Vielfalt. \u00dcppige Regenw\u00e4lder, makellose Str\u00e4nde und aktive Vulkane, die zu einer Reihe atemberaubender Landschaften und vielf\u00e4ltiger \u00d6kosysteme beitragen, machen die Natursch\u00f6nheit des Landes zu einem echten Highlight.<\/p>\n<p>Vanuatus Wirtschaft basiert im Wesentlichen auf Offshore-Finanzdienstleistungen, Tourismus und Landwirtschaft. Der fruchtbare Vulkanboden erleichtert den Anbau verschiedener Nutzpflanzen wie Kaffee, Kakao und Kokosn\u00fcsse \u2013 allesamt wichtige Exportg\u00fcter. Besucher, die von der atemberaubenden Natursch\u00f6nheit der Inseln, ihrem vielf\u00e4ltigen kulturellen Erbe und den M\u00f6glichkeiten f\u00fcr Abenteuer und Freizeit angezogen werden, treiben das Wachstum der Reisebranche voran.<\/p>","protected":false},"excerpt":{"rendered":"<p>Vanuatu, offiziell Republik Vanuatu, ist ein faszinierender Inselstaat in der Zentralregion Melanesiens im S\u00fcdpazifik. 1.750 Kilometer \u00f6stlich von Nordaustralien, 540 Kilometer nord\u00f6stlich von Neukaledonien, \u00f6stlich von Neuguinea, s\u00fcd\u00f6stlich der Salomonen und westlich von Fidschi liegt dieser f\u00fcr seine vulkanischen Urspr\u00fcnge bekannte Archipel. Vanuatus einzigartige geografische Lage hat zu einem Zusammentreffen kultureller Einfl\u00fcsse gef\u00fchrt und Vanuatu so zu einem bedeutenden Pazifikstaat gemacht.<\/p>","protected":false},"author":1,"featured_media":4267,"parent":24105,"menu_order":0,"comment_status":"closed","ping_status":"closed","template":"elementor_theme","meta":{"_eb_attr":"","footnotes":""},"class_list":["post-9583","page","type-page","status-publish","has-post-thumbnail"],"_links":{"self":[{"href":"https:\/\/travelshelper.com\/de\/wp-json\/wp\/v2\/pages\/9583","targetHints":{"allow":["GET"]}}],"collection":[{"href":"https:\/\/travelshelper.com\/de\/wp-json\/wp\/v2\/pages"}],"about":[{"href":"https:\/\/travelshelper.com\/de\/wp-json\/wp\/v2\/types\/page"}],"author":[{"embeddable":true,"href":"https:\/\/travelshelper.com\/de\/wp-json\/wp\/v2\/users\/1"}],"replies":[{"embeddable":true,"href":"https:\/\/travelshelper.com\/de\/wp-json\/wp\/v2\/comments?post=9583"}],"version-history":[{"count":0,"href":"https:\/\/travelshelper.com\/de\/wp-json\/wp\/v2\/pages\/9583\/revisions"}],"up":[{"embeddable":true,"href":"https:\/\/travelshelper.com\/de\/wp-json\/wp\/v2\/pages\/24105"}],"wp:featuredmedia":[{"embeddable":true,"href":"https:\/\/travelshelper.com\/de\/wp-json\/wp\/v2\/media\/4267"}],"wp:attachment":[{"href":"https:\/\/travelshelper.com\/de\/wp-json\/wp\/v2\/media?parent=9583"}],"curies":[{"name":"wp","href":"https:\/\/api.w.org\/{rel}","templated":true}]}}