{"id":9577,"date":"2024-09-08T19:25:43","date_gmt":"2024-09-08T19:25:43","guid":{"rendered":"https:\/\/travelshelper.com\/staging\/?page_id=9577"},"modified":"2026-03-13T23:08:33","modified_gmt":"2026-03-13T23:08:33","slug":"apia","status":"publish","type":"page","link":"https:\/\/travelshelper.com\/de\/destinations\/australia-and-oceania\/samoa\/apia\/","title":{"rendered":"Apia"},"content":{"rendered":"<p>Apia, die dynamische Hauptstadt Samoas, liegt an der zentralen Nordk\u00fcste der zweitgr\u00f6\u00dften Insel Samoas und bietet eine besondere Mischung aus kulturellem Erbe und moderner Entwicklung. Apia geh\u00f6rt zum politischen Bezirk Tuamasaga und ist als einzige Stadt dort das politische, wirtschaftliche und kulturelle Zentrum Samoas. Diese Einf\u00fchrung befasst sich mit Topografie, Klima, Infrastruktur und dem pazifischen Zentrum der Stadt.<\/p>\n<p>Apia hatte laut Volksz\u00e4hlung von 2021 rund 35.974 Einwohner. Die Stadtgrenzen erstrecken sich vom Dorf Letogo im Osten bis zum Industriegebiet Vaitele im Westen. Die Stadt liegt strategisch g\u00fcnstig an einem nat\u00fcrlichen Hafen an der M\u00fcndung des Vaisigano-Flusses und bietet eine atemberaubende Kulisse mit dem majest\u00e4tisch im S\u00fcden aufragenden Mount Vaea, der letzten Ruhest\u00e4tte des ber\u00fchmten Schriftstellers Robert Louis Stevenson. Zwei gro\u00dfe Bergr\u00fccken, die sich s\u00fcdlich des Flusses erstrecken, pr\u00e4gen die Skyline der Stadt. Stra\u00dfen, darunter die Cross Island Road, eine der wenigen Durchgangsstra\u00dfen, die die Insel von Norden nach S\u00fcden durchqueren, verlaufen \u00fcber diese Bergr\u00fccken.<\/p>\n<p>Apia f\u00e4llt nach der K\u00f6ppen-Klimaklassifikation unter die Kategorie \u201eAf\u201c und ist von tropischem Regenwald gepr\u00e4gt. Ganzj\u00e4hrig gleichbleibende Temperaturen von durchschnittlich etwa 26 \u00b0C (79 \u00b0F) pr\u00e4gen dieses Klima. Die Stadt hat eine ausgepr\u00e4gte Regen- und Trockenzeit; Juli und August sind die trockensten Monate mit durchschnittlich etwa 80 Millimetern Niederschlag. Zum Vergleich: Die feuchteste Zeit dauert von Dezember bis M\u00e4rz, und die monatlichen Niederschl\u00e4ge liegen meist \u00fcber 300 Millilitern. Apias tropische Umgebung bestimmt nicht das Klima; vielmehr pr\u00e4gen Passatwinde und sporadische Wirbelst\u00fcrme das Klima und sorgen so f\u00fcr charakteristische Wettermuster. Die Stadt erh\u00e4lt j\u00e4hrlich etwa 3.000 Milliliter Regen, was artenreiche \u00d6kosysteme und \u00fcppige Pflanzen beg\u00fcnstigt.<\/p>\n<p>Der Hafen von Apia ist der gr\u00f6\u00dfte und gesch\u00e4ftigste Hafen des Landes und von entscheidender Bedeutung f\u00fcr Samoas Au\u00dfenhandel. Neben F\u00e4hren nach Tokelau und Amerikanisch-Samoa legt er auch Fl\u00fcssiggas, Treibstoffimporte und Containerschiffe an. Dieser gesch\u00e4ftige Hafen unterstreicht Apias Bedeutung als Tor f\u00fcr Menschen und Handel und erm\u00f6glicht so kulturellen Austausch und wirtschaftliche Entwicklung.<\/p>\n<p>Die Verkehrsinfrastruktur der Stadt ist gut ausgebaut und verf\u00fcgt \u00fcber ein gut erhaltenes Stra\u00dfennetz. W\u00e4hrend unbefestigte Stra\u00dfen dem weniger regelm\u00e4\u00dfigen Verkehr dienen, sind die meisten Hauptstra\u00dfen asphaltiert. Gem\u00e4\u00df den regionalen Standards gilt seit September 2009 Linksverkehr. Die samoanische Regierung begann 2012 mit einer umfassenden Sanierung der Hauptverkehrsstra\u00dfen rund um das Stadtgebiet von Apia und verbreiterte wichtige Autobahnen schrittweise, um dem wachsenden Verkehrsaufkommen gerecht zu werden.<\/p>\n<p>Apia verf\u00fcgt \u00fcber ein ausgedehntes, privatisiertes Bus- und Taxinetz, obwohl es weder Eisenbahn noch Stra\u00dfenbahn gibt. Innerhalb der Stadt ist das Gehen nach wie vor ein beliebtes Fortbewegungsmittel; kleinere Entfernungen werden regelm\u00e4\u00dfig zu Fu\u00df zur\u00fcckgelegt. Motorr\u00e4der und Fahrr\u00e4der sind zwar eher selten, doch die zunehmende Zahl an Autobesitzern hat zu Verkehrsstaus und damit zu hohen Investitionen in die Stra\u00dfeninfrastruktur gef\u00fchrt.<\/p>\n<p>Der wichtigste ausl\u00e4ndische Zugang zu Samoa ist der internationale Flughafen Faleolo, vierzig Autominuten westlich von Apia. Gro\u00dfe inl\u00e4ndische Fluggesellschaften wie Polynesian Airlines und Talofa Airways verbinden Samoa mit dem Pazifikraum und dar\u00fcber hinaus. Der kleinere Flugplatz von Fagali, der Fagali&#039;i Airport, erm\u00f6glichte in der Vergangenheit auch Inlandsfl\u00fcge und einige internationale Verbindungen nach Pago Pago in Amerikanisch-Samoa und verbesserte so die Anbindung f\u00fcr Einheimische und Besucher.<\/p>","protected":false},"excerpt":{"rendered":"<p>Apia, die dynamische Hauptstadt Samoas, liegt an der zentralen Nordk\u00fcste der zweitgr\u00f6\u00dften Insel Samoas und bietet eine besondere Mischung aus kulturellem Erbe und moderner Entwicklung. Apia geh\u00f6rt zum politischen Bezirk Tuamasaga und ist als einzige Stadt dort das politische, wirtschaftliche und kulturelle Zentrum Samoas. Diese Einf\u00fchrung befasst sich mit Topografie, Klima, Infrastruktur und dem pazifischen Zentrum der Stadt.<\/p>","protected":false},"author":1,"featured_media":4230,"parent":9568,"menu_order":0,"comment_status":"closed","ping_status":"closed","template":"elementor_theme","meta":{"_eb_attr":"","footnotes":""},"class_list":["post-9577","page","type-page","status-publish","has-post-thumbnail"],"_links":{"self":[{"href":"https:\/\/travelshelper.com\/de\/wp-json\/wp\/v2\/pages\/9577","targetHints":{"allow":["GET"]}}],"collection":[{"href":"https:\/\/travelshelper.com\/de\/wp-json\/wp\/v2\/pages"}],"about":[{"href":"https:\/\/travelshelper.com\/de\/wp-json\/wp\/v2\/types\/page"}],"author":[{"embeddable":true,"href":"https:\/\/travelshelper.com\/de\/wp-json\/wp\/v2\/users\/1"}],"replies":[{"embeddable":true,"href":"https:\/\/travelshelper.com\/de\/wp-json\/wp\/v2\/comments?post=9577"}],"version-history":[{"count":0,"href":"https:\/\/travelshelper.com\/de\/wp-json\/wp\/v2\/pages\/9577\/revisions"}],"up":[{"embeddable":true,"href":"https:\/\/travelshelper.com\/de\/wp-json\/wp\/v2\/pages\/9568"}],"wp:featuredmedia":[{"embeddable":true,"href":"https:\/\/travelshelper.com\/de\/wp-json\/wp\/v2\/media\/4230"}],"wp:attachment":[{"href":"https:\/\/travelshelper.com\/de\/wp-json\/wp\/v2\/media?parent=9577"}],"curies":[{"name":"wp","href":"https:\/\/api.w.org\/{rel}","templated":true}]}}