{"id":9568,"date":"2024-09-08T19:18:21","date_gmt":"2024-09-08T19:18:21","guid":{"rendered":"https:\/\/travelshelper.com\/staging\/?page_id=9568"},"modified":"2026-03-13T23:09:26","modified_gmt":"2026-03-13T23:09:26","slug":"samoa","status":"publish","type":"page","link":"https:\/\/travelshelper.com\/de\/destinations\/australia-and-oceania\/samoa\/","title":{"rendered":"Samoa"},"content":{"rendered":"<p>Samoa, offiziell der Unabh\u00e4ngige Staat Samoa, ist ein faszinierender polynesischer Inselstaat mit reicher Geschichte, Kultur und Natursch\u00f6nheit. Aufgrund seiner geografischen Lage am Pazifischen Ozean hie\u00df er bis 1997 Westsamoa. Neben zwei kleineren bewohnten Inseln, Manono und Apolima, besteht dieser Inselstaat aus zwei Hauptinseln: Savai&#039;i und Upolu; sowie mehreren unbewohnten Inseln, insbesondere den Aleipata-Inseln \u2013 Nu&#039;utele, Nu&#039;ulua, Fanuatapu und Namua. Samoa liegt strategisch g\u00fcnstig im Pazifik, 64 km westlich von Amerikanisch-Samoa und in der N\u00e4he anderer pazifischer Inseln wie Tonga, Fidschi, Wallis und Futuna. Es ist ein historischer und kultureller Knotenpunkt.<\/p>\n<p>Das Zentrum Samoas ist die Hauptstadt Apia, wo sich moderne Regierung mit alter Kultur verbindet. Vor etwa 3.500 Jahren entdeckten und besiedelten die Lapita \u2013 bekannt f\u00fcr ihre Segelk\u00fcnste \u2013 als Erste die Samoa-Inseln. Ihr Grundstein f\u00fcr die samoanische Sprache und kulturelle Identit\u00e4t \u2013 die Zeit und \u00e4u\u00dfere Einfl\u00fcsse \u00fcberdauert haben \u2013 hilft uns, sie zu verstehen.<\/p>\n<p>Mit elf Verwaltungseinheiten, jede mit eigener kultureller und verfassungsrechtlicher Grundlage, fungiert Samoa als einheitliche parlamentarische Demokratie. Samoas Weg in die Unabh\u00e4ngigkeit als souver\u00e4nes Mitglied des Commonwealth of Nations zeugt von seiner Beharrlichkeit und Autonomie. Von 1899 bis 1915 war es eine deutsche Kolonie; danach stand es unter gemeinsamer britischer und neuseel\u00e4ndischer Kontrolle, bis es am 1. Januar 1962 seine Unabh\u00e4ngigkeit erlangte. Samoas Regierungs- und Gesellschaftssystem spiegelt dieses Erbe kolonialer Einfl\u00fcsse wider, hat jedoch seinen eigenen kulturellen Charakter bewahrt.<\/p>\n<p>Bekannt als Fa\u02bba S\u0101moa, pr\u00e4gt die traditionelle samoanische Lebensweise bis heute sowohl gesellschaftlich als auch politisch ma\u00dfgeblich. Ihr kulturelles Ger\u00fcst, das \u00fcber 3.000 Jahre hinweg gepr\u00e4gt wurde, legt Wert auf Familie, Respekt und Gemeinschaft. Fa\u02bba S\u0101moa hat trotz jahrzehntelangem europ\u00e4ischen Einfluss seine Br\u00e4uche, sozialen Institutionen und seine Sprache bewahrt. Kernst\u00fccke der samoanischen Identit\u00e4t sind kulturelle Br\u00e4uche wie die \u201eAva-Zeremonie\u201c, ein ernstes Ritual zur Verleihung von Matai-H\u00e4uptlingstiteln, und die Herstellung der fein gesponnenen \u201eIe Toga\u201c.<\/p>\n<p>Die samoanische Mythologie ist reich an G\u00f6ttern, Sch\u00f6pfungsgeschichten und legend\u00e4ren Pers\u00f6nlichkeiten wie Tagaloa und Nafanua \u2013 der Kriegsg\u00f6ttin. Neben dem Christentum, das von Missionaren \u00fcbernommen und mitgebracht wurde, existieren diese Geschichten in der samoanischen Mythologie. Obwohl alte Glaubensvorstellungen und Br\u00e4uche, insbesondere in Bezug auf Fa\u02bba S\u0101moa, noch immer florieren, bezeichnen sich heute rund 98 % der Samoaner als Christen.<\/p>\n<p>Die samoanische Gesellschaft ist f\u00fcr ihr gemeinschaftliches Leben bekannt; die traditionellen offenen Behausungen, die Fale, verk\u00f6rpern diese Lebensweise am besten. Diese Geb\u00e4ude ohne W\u00e4nde bieten mithilfe von Kokospalmenbl\u00e4ttern Abgeschiedenheit und Schutz vor der Umwelt. Die kraftvollen T\u00e4nze Sasa und Fa&#039;ataupati zeigen den lebendigen kulturellen Ausdruck der Samoaner, w\u00e4hrend die sanften Bewegungen des samoanischen Shiva-Tanzes \u2013 der eine Geschichte erz\u00e4hlt \u2013 ihre Feiern und Gemeinschaftstreffen widerspiegeln, die sich um diese T\u00e4nze drehen, begleitet vom Klang gerollter Matten oder Holztrommeln.<\/p>\n<p>Ein weiterer Beweis f\u00fcr das reiche kulturelle Erbe der Insel ist die Baukunst der Tufuga fai fale, traditioneller samoanischer Baumeister. Diese Baumeister trugen auch zur Schaffung des gr\u00f6\u00dferen Gef\u00fcges samoanischer Kulturkunst bei.<\/p>","protected":false},"excerpt":{"rendered":"<p>Samoa, offiziell der Unabh\u00e4ngige Staat Samoa, ist ein faszinierender polynesischer Inselstaat mit reicher Geschichte, Kultur und Natursch\u00f6nheit. Aufgrund seiner geografischen Lage am Pazifischen Ozean hie\u00df er bis 1997 Westsamoa. Neben zwei kleineren bewohnten Inseln, Manono und Apolima, besteht dieser Inselstaat aus zwei Hauptinseln: Savai&#039;i und Upolu; sowie mehreren unbewohnten Inseln, insbesondere den Aleipata-Inseln \u2013 Nu&#039;utele, Nu&#039;ulua, Fanuatapu und Namua. Samoa liegt strategisch g\u00fcnstig im Pazifik, 64 km westlich von Amerikanisch-Samoa und in der N\u00e4he anderer pazifischer Inseln wie Tonga, Fidschi, Wallis und Futuna. Es ist ein historischer und kultureller Knotenpunkt.<\/p>","protected":false},"author":1,"featured_media":3536,"parent":24105,"menu_order":0,"comment_status":"closed","ping_status":"closed","template":"elementor_theme","meta":{"_eb_attr":"","footnotes":""},"class_list":["post-9568","page","type-page","status-publish","has-post-thumbnail"],"_links":{"self":[{"href":"https:\/\/travelshelper.com\/de\/wp-json\/wp\/v2\/pages\/9568","targetHints":{"allow":["GET"]}}],"collection":[{"href":"https:\/\/travelshelper.com\/de\/wp-json\/wp\/v2\/pages"}],"about":[{"href":"https:\/\/travelshelper.com\/de\/wp-json\/wp\/v2\/types\/page"}],"author":[{"embeddable":true,"href":"https:\/\/travelshelper.com\/de\/wp-json\/wp\/v2\/users\/1"}],"replies":[{"embeddable":true,"href":"https:\/\/travelshelper.com\/de\/wp-json\/wp\/v2\/comments?post=9568"}],"version-history":[{"count":0,"href":"https:\/\/travelshelper.com\/de\/wp-json\/wp\/v2\/pages\/9568\/revisions"}],"up":[{"embeddable":true,"href":"https:\/\/travelshelper.com\/de\/wp-json\/wp\/v2\/pages\/24105"}],"wp:featuredmedia":[{"embeddable":true,"href":"https:\/\/travelshelper.com\/de\/wp-json\/wp\/v2\/media\/3536"}],"wp:attachment":[{"href":"https:\/\/travelshelper.com\/de\/wp-json\/wp\/v2\/media?parent=9568"}],"curies":[{"name":"wp","href":"https:\/\/api.w.org\/{rel}","templated":true}]}}