{"id":9549,"date":"2024-09-08T18:35:53","date_gmt":"2024-09-08T18:35:53","guid":{"rendered":"https:\/\/travelshelper.com\/staging\/?page_id=9549"},"modified":"2026-03-13T23:18:06","modified_gmt":"2026-03-13T23:18:06","slug":"tuvalu","status":"publish","type":"page","link":"https:\/\/travelshelper.com\/de\/destinations\/australia-and-oceania\/tuvalu\/","title":{"rendered":"Tuvalu"},"content":{"rendered":"<p>Tuvalu, fr\u00fcher als Ellice-Inseln bekannt, ist ein kleiner Inselstaat in der polynesischen Subregion Ozeanien im Pazifischen Ozean. Strategisch g\u00fcnstig zwischen Hawaii und Australien gelegen, bietet dieser ungew\u00f6hnliche Staat eine wunderbare Mischung aus geografischer und kultureller Bedeutung. Ostnord\u00f6stlich der Santa-Cruz-Inseln \u2013 Teil der Salomonen \u2013 liegt Tuvalu nord\u00f6stlich von Vanuatu, s\u00fcd\u00f6stlich von Nauru, s\u00fcdlich von Kiribati, westlich von Tokelau, nordwestlich von Samoa, Wallis und Futuna und n\u00f6rdlich von Fidschi. Sowohl f\u00fcr die historische als auch f\u00fcr die moderne Forschung ist Tuvalu von gro\u00dfem Interesse, da es aufgrund seiner Lage an einem Schnittpunkt pazifischer Kulturen und Geschichten liegt.<\/p>\n<p>Das Land besteht aus drei Riffinseln und sechs Atollen, die sich \u00fcber Breitengrade zwischen 5\u00b0 und 10\u00b0 S\u00fcd und L\u00e4ngengrade zwischen 176\u00b0 und 180\u00b0 erstrecken. Es nimmt eine besondere Stellung in der Weltgeographie ein, da es westlich der Datumsgrenze liegt. Direkt hinter der Vatikanstadt hatte Tuvalu laut der Volksz\u00e4hlung von 2017 eine Bev\u00f6lkerung von 10.645 Einwohnern und ist damit das zweitkleinste Land der Welt. Es ist das Land mit der geringsten Bev\u00f6lkerungszahl, in dem Englisch die Amtssprache ist. Obwohl Tuvalu nur 26 Quadratkilometer (10 Quadratmeilen) gro\u00df ist, ist sein kultureller und \u00f6kologischer Wert trotz seiner geringen Gr\u00f6\u00dfe gro\u00df.<\/p>\n<p>Polynesier kamen im Rahmen der gro\u00dfen Migration polynesischer V\u00f6lker in den Pazifik, einer Bewegung, die vor etwa 3000 Jahren begann, und waren die ersten Bewohner Tuvalus. Dank ihrer F\u00e4higkeit, in Doppelrumpf-Segelkanus oder Auslegerkanus zwischen den Inseln zu navigieren, waren diese fr\u00fchen Kolonisten erfahrene Seefahrer. Wissenschaftler gehen davon aus, dass die Polynesier von Samoa und Tonga in die tuvaluischen Atolle einwanderten und so als Sprungbrett f\u00fcr weitere Migrationen in die polynesischen Gebiete Melanesiens und Mikronesiens dienten. Im gr\u00f6\u00dferen Kontext der polynesischen Erkundung und kulturellen Verbreitung unterstreicht dieses reiche Erbe der Seefahrt und Besiedlung die Bedeutung Tuvalus.<\/p>\n<p>Als der spanische Abenteurer und Kartograf \u00c1lvaro de Menda\u00f1a als erster Europ\u00e4er den Archipel durchquerte und auf seiner Suche nach Terra Australis die Insel Nui entdeckte, begann 1569 der europ\u00e4ische Kontakt mit Tuvalu. Sp\u00e4ter, im Jahr 1819, wurde die Insel Funafuti Ellice\u2019s Island genannt; der englische Hydrologe Alexander George Findlay benannte die gesamte Gruppe sp\u00e4ter in die Ellice Islands. Gro\u00dfbritannien beanspruchte im sp\u00e4ten 19. Jahrhundert die Herrschaft \u00fcber die Ellice Islands und schloss sie so in seinen Einflussbereich ein. Kapit\u00e4n Herbert Gibson von der HMS Curacoa erkl\u00e4rte zwischen dem 9. und 16. Oktober 1892 jede Ellice Island zu einem britischen Protektorat. Als Teil der Britischen Westpazifik-Territorien (BWPT) ernannte Gro\u00dfbritannien einen ans\u00e4ssigen Kommissar zur Aufsicht der Inseln; von 1916 bis 1975 standen sie unter kolonialer Kontrolle.<\/p>\n<p>Ein Referendum von 1974, das \u00fcber die Frage entschied, ob die Gilbert- und Ellice-Inseln getrennte Regierungen erhalten sollten, markierte einen Wendepunkt in der Geschichte Tuvalus. Das Ergebnis f\u00fchrte am 1. Oktober 1975 zur rechtlichen Aufl\u00f6sung der Kolonien Gilbert- und Ellice-Inseln. Am 1. Januar 1976 erfolgte die offizielle Teilung, und die Regierung gr\u00fcndete zwei separate britische Kolonien \u2013 Kiribati und Tuvalu. Am 1. Oktober 1978 erlangte Tuvalu als souver\u00e4ner Staat innerhalb des Commonwealth seine vollst\u00e4ndige Unabh\u00e4ngigkeit; es ist eine konstitutionelle Monarchie unter K\u00f6nig Karl III. Der Status Tuvalus als unabh\u00e4ngiges Land auf internationaler Ebene wurde gest\u00e4rkt, als es am 5. September 2000 das 189. Mitglied der Vereinten Nationen wurde.<\/p>\n<p>Obwohl Tuvalu nur \u00fcber eine kleine Fl\u00e4che und wenige Ressourcen verf\u00fcgt, bestimmen Fischerei und Importe einen Gro\u00dfteil seiner Wirtschaft. Die Inseln verf\u00fcgen \u00fcber wenig Boden, daher ist Landwirtschaft schwierig. Die Vergabe von Fischereilizenzen an ausl\u00e4ndische Unternehmen, Zusch\u00fcsse und Hilfsprojekte sowie \u00dcberweisungen tuvaluischer Seeleute, die Frachtschiffe betreiben, unterst\u00fctzen daher die Wirtschaft. Als tiefliegender Inselstaat ist Tuvalu besonders anf\u00e4llig f\u00fcr die Auswirkungen des Klimawandels, insbesondere des steigenden Meeresspiegels. Als Mitglied der Allianz kleiner Inselstaaten beteiligt sich das Land aktiv an internationalen Klimaverhandlungen und setzt sich f\u00fcr mehr weltweite Ma\u00dfnahmen zur Bek\u00e4mpfung des Klimawandels und seiner Folgen f\u00fcr unterentwickelte L\u00e4nder wie Tuvalu ein.<\/p>","protected":false},"excerpt":{"rendered":"<p>Tuvalu, fr\u00fcher als Ellice-Inseln bekannt, ist ein kleiner Inselstaat in der polynesischen Subregion Ozeanien im Pazifischen Ozean. Strategisch g\u00fcnstig zwischen Hawaii und Australien gelegen, bietet dieser ungew\u00f6hnliche Staat eine wunderbare Mischung aus geografischer und kultureller Bedeutung. Ostnord\u00f6stlich der Santa-Cruz-Inseln \u2013 Teil der Salomonen \u2013 liegt Tuvalu nord\u00f6stlich von Vanuatu, s\u00fcd\u00f6stlich von Nauru, s\u00fcdlich von Kiribati, westlich von Tokelau, nordwestlich von Samoa, Wallis und Futuna und n\u00f6rdlich von Fidschi. Sowohl f\u00fcr die historische als auch f\u00fcr die moderne Forschung ist Tuvalu von gro\u00dfem Interesse, da es aufgrund seiner Lage an einem Schnittpunkt pazifischer Kulturen und Geschichten liegt.<\/p>","protected":false},"author":1,"featured_media":3712,"parent":24105,"menu_order":0,"comment_status":"closed","ping_status":"closed","template":"elementor_theme","meta":{"_eb_attr":"","footnotes":""},"class_list":["post-9549","page","type-page","status-publish","has-post-thumbnail"],"_links":{"self":[{"href":"https:\/\/travelshelper.com\/de\/wp-json\/wp\/v2\/pages\/9549","targetHints":{"allow":["GET"]}}],"collection":[{"href":"https:\/\/travelshelper.com\/de\/wp-json\/wp\/v2\/pages"}],"about":[{"href":"https:\/\/travelshelper.com\/de\/wp-json\/wp\/v2\/types\/page"}],"author":[{"embeddable":true,"href":"https:\/\/travelshelper.com\/de\/wp-json\/wp\/v2\/users\/1"}],"replies":[{"embeddable":true,"href":"https:\/\/travelshelper.com\/de\/wp-json\/wp\/v2\/comments?post=9549"}],"version-history":[{"count":0,"href":"https:\/\/travelshelper.com\/de\/wp-json\/wp\/v2\/pages\/9549\/revisions"}],"up":[{"embeddable":true,"href":"https:\/\/travelshelper.com\/de\/wp-json\/wp\/v2\/pages\/24105"}],"wp:featuredmedia":[{"embeddable":true,"href":"https:\/\/travelshelper.com\/de\/wp-json\/wp\/v2\/media\/3712"}],"wp:attachment":[{"href":"https:\/\/travelshelper.com\/de\/wp-json\/wp\/v2\/media?parent=9549"}],"curies":[{"name":"wp","href":"https:\/\/api.w.org\/{rel}","templated":true}]}}