{"id":9534,"date":"2024-09-08T17:58:51","date_gmt":"2024-09-08T17:58:51","guid":{"rendered":"https:\/\/travelshelper.com\/staging\/?page_id=9534"},"modified":"2026-03-13T23:07:31","modified_gmt":"2026-03-13T23:07:31","slug":"tonga","status":"publish","type":"page","link":"https:\/\/travelshelper.com\/de\/destinations\/australia-and-oceania\/tonga\/","title":{"rendered":"Tonga"},"content":{"rendered":"<p>Tonga liegt mitten in Polynesien, einer Subregion Ozeaniens, und ist ein interessanter Inselstaat, der fr\u00fcher als K\u00f6nigreich Tonga bekannt war. Tonga ist wundersch\u00f6n und verf\u00fcgt \u00fcber ein reiches kulturelles Erbe. Der Inselstaat besteht aus 171 Inseln, von denen nur 45 bewohnt sind, und erstreckt sich weit \u00fcber den s\u00fcdlichen Pazifik. Tongas Gesamtfl\u00e4che betr\u00e4gt nur etwa 750.000 Quadratkilometer (290.000 Quadratmeilen), doch seine Inseln verteilen sich \u00fcber erstaunliche 700.000 Quadratkilometer (270.000 Quadratmeilen). Im Jahr 2021 lebten knapp 70 % der 104.494 Einwohner Tongas auf der Hauptinsel Tongatapu.<\/p>\n<p>Geografisch gesehen ist Tonga ein einzigartiger Archipel, der sich von Norden nach S\u00fcden etwa 800 Kilometer (500 Meilen) erstreckt. Zu seinen Nachbarn z\u00e4hlen Wallis und Futuna (Frankreich), Fidschi im Nordwesten, Samoa im Nordosten, Vanuatu und Neukaledonien (Frankreich) im Westen, Niue im Osten und Kermadec (Neuseeland) im S\u00fcdwesten. Etwa 1.800 Kilometer (1.100 Meilen) von der Nordinsel Neuseelands entfernt, ist Tonga ein bedeutender Teil des komplexen geopolitischen Terrains des Pazifiks.<\/p>\n<p>So faszinierend wie Tongas Topographie ist auch seine Geschichte. Die Lapita-Zivilisation, eine Gruppe polynesischer Einwanderer, besiedelte die Inseln vor etwa 2.500 Jahren und legte damit den Grundstein f\u00fcr das sp\u00e4tere tongaische Volk. Durch die schrittweise Entwicklung einer eigenst\u00e4ndigen ethnischen Identit\u00e4t, Sprache und Kultur erlangten diese Einwanderer im S\u00fcdpazifik gro\u00dfe Bedeutung. Bekannt als das Tu\u02bbi-Tonga-Reich, regierte der erste tongaische K\u00f6nig, \u02bbAho\u02bbeitu, w\u00e4hrend dieser \u00c4ra der tongaischen Kolonialisierung und Expansion.<\/p>\n<p>Unter \u02bbAho\u02bbeitu und seinen Nachfolgern entwickelte sich Tonga zu einer Thalassokratie und Regionalmacht mit weitreichendem Einfluss im Pazifik. Von Teilen der Salomonen und ganz Neukaledonien und Fidschi im Westen bis hin zu Samoa, Niue und sogar Teilen des heutigen Franz\u00f6sisch-Polynesiens im Osten unterwarf und regierte das Tu\u02bbi-Tonga-Reich ein betr\u00e4chtliches Gebiet. Das Reich wurde bekannt f\u00fcr seinen wirtschaftlichen, ethnischen und kulturellen Einfluss, der noch lange nach dem Samoaneraufstand im 13. Jahrhundert und der sp\u00e4teren europ\u00e4ischen Entdeckung der Inseln im Jahr 1616 anhielt.<\/p>\n<p>Tongas einzigartige Beziehung zu Kolonialm\u00e4chten pr\u00e4gt seine moderne Geschichte. Von 1900 bis 1970 war Tonga ein britischer Schutzstaat, der durch einen Freundschaftsvertrag gesch\u00fctzt war. Obwohl Tonga seine Souver\u00e4nit\u00e4t nie an ein anderes Land abgab, kontrollierte Gro\u00dfbritannien in dieser Zeit seine Au\u00dfenpolitik. Dieses unerm\u00fcdliche Bekenntnis zur Souver\u00e4nit\u00e4t ist ein Beweis f\u00fcr den Willen des tongaischen Volkes, seine Freiheit zu bewahren.<\/p>\n<p>Tonga hat 2010 mit dem Wechsel von einer konventionellen absoluten Monarchie zu einer semikonstitutionellen Monarchie einen bedeutenden Schritt in Richtung einer modernen Regierung gemacht. Dieser Wandel war unter anderem Gesetzesreformen zu verdanken, die den Weg f\u00fcr die ersten partiellen Repr\u00e4sentativwahlen im Land ebneten. Diese politische Entwicklung zeigt Tongas anhaltendes Bestreben, Modernit\u00e4t und Tradition in Einklang zu bringen und so die Relevanz und Funktionalit\u00e4t seiner Regierungssysteme im 21. Jahrhundert zu erhalten.<\/p>\n<p>Tongas weltweite Pr\u00e4senz zeigt sich in seinen Mitgliedschaften in mehreren bedeutenden Gruppen. Es ist Teil der Vereinten Nationen, des Pacific Islands Forum, der Allianz kleiner Inselstaaten und des Commonwealth of Nations. Diese Allianzen zeigen Tongas Engagement in regionalen und globalen Angelegenheiten sowie sein Engagement bei der Bew\u00e4ltigung der besonderen Herausforderungen, vor denen kleine Inselstaaten stehen.<\/p>","protected":false},"excerpt":{"rendered":"<p>Tonga liegt mitten in Polynesien, einer Subregion Ozeaniens, und ist ein interessanter Inselstaat, der fr\u00fcher als K\u00f6nigreich Tonga bekannt war. Tonga ist wundersch\u00f6n und verf\u00fcgt \u00fcber ein reiches kulturelles Erbe. Der Inselstaat besteht aus 171 Inseln, von denen nur 45 bewohnt sind, und erstreckt sich weit \u00fcber den s\u00fcdlichen Pazifik. Tongas Gesamtfl\u00e4che betr\u00e4gt nur etwa 750.000 Quadratkilometer (290.000 Quadratmeilen), doch seine Inseln verteilen sich \u00fcber erstaunliche 700.000 Quadratkilometer (270.000 Quadratmeilen). Im Jahr 2021 lebten knapp 70 % der 104.494 Einwohner Tongas auf der Hauptinsel Tongatapu.<\/p>","protected":false},"author":1,"featured_media":4050,"parent":24105,"menu_order":0,"comment_status":"closed","ping_status":"closed","template":"elementor_theme","meta":{"_eb_attr":"","footnotes":""},"class_list":["post-9534","page","type-page","status-publish","has-post-thumbnail"],"_links":{"self":[{"href":"https:\/\/travelshelper.com\/de\/wp-json\/wp\/v2\/pages\/9534","targetHints":{"allow":["GET"]}}],"collection":[{"href":"https:\/\/travelshelper.com\/de\/wp-json\/wp\/v2\/pages"}],"about":[{"href":"https:\/\/travelshelper.com\/de\/wp-json\/wp\/v2\/types\/page"}],"author":[{"embeddable":true,"href":"https:\/\/travelshelper.com\/de\/wp-json\/wp\/v2\/users\/1"}],"replies":[{"embeddable":true,"href":"https:\/\/travelshelper.com\/de\/wp-json\/wp\/v2\/comments?post=9534"}],"version-history":[{"count":0,"href":"https:\/\/travelshelper.com\/de\/wp-json\/wp\/v2\/pages\/9534\/revisions"}],"up":[{"embeddable":true,"href":"https:\/\/travelshelper.com\/de\/wp-json\/wp\/v2\/pages\/24105"}],"wp:featuredmedia":[{"embeddable":true,"href":"https:\/\/travelshelper.com\/de\/wp-json\/wp\/v2\/media\/4050"}],"wp:attachment":[{"href":"https:\/\/travelshelper.com\/de\/wp-json\/wp\/v2\/media?parent=9534"}],"curies":[{"name":"wp","href":"https:\/\/api.w.org\/{rel}","templated":true}]}}