{"id":9522,"date":"2024-09-08T17:33:25","date_gmt":"2024-09-08T17:33:25","guid":{"rendered":"https:\/\/travelshelper.com\/staging\/?page_id=9522"},"modified":"2026-03-13T12:41:08","modified_gmt":"2026-03-13T12:41:08","slug":"antigua-und-barbuda","status":"publish","type":"page","link":"https:\/\/travelshelper.com\/de\/destinations\/north-america\/antigua-and-barbuda\/","title":{"rendered":"Antigua und Barbuda"},"content":{"rendered":"<p>Antigua und Barbuda ist ein kompakter Staat mit zwei Hauptinseln \u2013 Antigua und Barbuda \u2013 und zahlreichen kleineren Inselchen. Die Gesamtfl\u00e4che betr\u00e4gt 440 Quadratkilometer, liegt zwischen dem Atlantischen Ozean im Osten und der Karibischen See im Westen und beherbergt das wichtigste urbane Zentrum, St. John\u2019s, sowie All Saints und Bolans, innerhalb eines schmalen Korridors durchgehender Besiedlung, der sich s\u00fcdw\u00e4rts bis zum English Harbour erstreckt.<\/p>\n<p>Das Gel\u00e4nde von Antigua und Barbuda ist \u00fcberwiegend flach und eher von uralten Kalksteinablagerungen als von vulkanischen Umw\u00e4lzungen gepr\u00e4gt, wird aber dennoch von Spuren vulkanischer Aktivit\u00e4t unterbrochen. Die Shekerley Mountains auf Antigua gipfeln im Boggy Peak (bis 2016 Mount Obama), einem 402 Meter hohen Kraterrest, w\u00e4hrend Barbudas h\u00f6chste Erhebungen einen bescheidenen Gebirgskamm namens Highlands bilden. Die K\u00fcstenlinien beider Inseln verlaufen in unregelm\u00e4\u00dfige Konturen aus Buchten, Sandstr\u00e4nden, K\u00fcstenlagunen und nat\u00fcrlichen H\u00e4fen, ges\u00e4umt von Riffen und Untiefen, die den Wellengang d\u00e4mpfen, aber dennoch Vorsicht von den Seeleuten fordern. Abgesehen von saisonalen Niederschl\u00e4gen ist Oberfl\u00e4chenwasser knapp, und unterirdische Grundwasserleiter liefern nur minimales Trinkwasser. Ein \u00e4hnliches lithologisches Bild bietet Redonda, eine karge kleine Insel etwa 40 Kilometer s\u00fcdwestlich von Antigua, wo Felsvorspr\u00fcnge schroff \u00fcber t\u00fcckische Riffe ragen.<\/p>\n<p>Die klimatischen Bedingungen entsprechen denen tropischer Savannen, unterbrochen von monsunartigen Niederschl\u00e4gen im s\u00fcdwestlichen Quadranten Antiguas. Die j\u00e4hrliche Niederschlagsmenge betr\u00e4gt durchschnittlich etwa 990 Millimeter, wobei die Verteilung stark saisonabh\u00e4ngig ist, wobei die Niederschlagsspitzen zwischen September und November liegen. Die Temperaturen schwanken zwischen Dezember und Februar zwischen etwa 23 und 29 Grad Celsius und im Rest des Jahres zwischen etwa 25 und 30 Grad Celsius. Die Luftfeuchtigkeit bleibt moderat, doch die Trockenzeit wird von wiederkehrenden D\u00fcrreperioden unterbrochen. Hurrikane stellen die gr\u00f6\u00dfte meteorologische Gefahr dar: Im September 2017 zerst\u00f6rte Hurrikan Irma, ein System der Kategorie 5, nahezu alle Geb\u00e4ude in Barbuda, was die Evakuierung von etwa 1.800 Einwohnern nach Antigua erforderlich machte und Wiederaufbaukosten von \u00fcber 100 Millionen US-Dollar verursachte. Zu den Sch\u00e4den an der Infrastruktur geh\u00f6rten die Wasserversorgung, das Stromnetz, die Kommunikationssysteme und die Abfallentsorgungsanlagen. Die Beh\u00f6rden mussten daher einr\u00e4umen, dass die Wiederaufbauarbeiten mehr als sechs Monate dauern w\u00fcrden.<\/p>\n<p>Biogeographisch liegen Antigua und Barbuda in den \u00d6koregionen der Feuchtw\u00e4lder und Trockenw\u00e4lder der Leeward Islands. Die Seegrenzen grenzen an Anguilla, Saint-Barth\u00e9lemy und Saint Kitts und Nevis im Westen, Montserrat im S\u00fcdwesten und Guadeloupe im S\u00fcden. Zu den Schutzgebieten geh\u00f6ren die Codrington Lagoon auf Barbuda \u2013 eines der gr\u00f6\u00dften Binnengew\u00e4sser der Kleinen Antillen \u2013 sowie ein Netzwerk von Naturschutzgebieten in ganz Antigua, die K\u00fcstenfeuchtgebiete und Trockenwaldhabitate sch\u00fctzen. Trotz einer Bev\u00f6lkerungsdichte, die zu den h\u00f6chsten in der Region z\u00e4hlt, war im Jahr 2020 fast ein F\u00fcnftel der Landesfl\u00e4che bewaldet. Dies entspricht einem R\u00fcckgang von \u00fcber 10.000 Hektar im Jahr 1990 auf etwa 8.120 Hektar. Dieser R\u00fcckgang spiegelt den Druck durch Bebauung und ver\u00e4nderte Landnutzungsmuster wider. Steigende Meeresspiegel und ver\u00e4nderte Niederschlagsregime versch\u00e4rfen die Umweltbelastung zus\u00e4tzlich.<\/p>\n<p>Die menschliche Besiedlung dieser Inseln reicht mindestens f\u00fcnf Jahrtausende zur\u00fcck. Arch\u00e4ologische Funde deuten darauf hin, dass J\u00e4ger- und Sammlergruppen um 3000 v. Chr. eintrafen, wahrscheinlich in Einb\u00e4umen aus dem Orinokobecken. Ihnen folgten Arawak-Gemeinschaften aus der Keramikzeit aus dem heutigen Venezuela. Das europ\u00e4ische Engagement begann 1493, als Christoph Kolumbus Antigua kartierte, was 1520 einen spanischen Siedlungsversuch ausl\u00f6ste, der letztlich scheiterte. Bis 1632 existierte keine formelle Kolonie, als Edward Warner mit einer kleinen englischen Gruppe den ersten dauerhaften britischen St\u00fctzpunkt errichtete. Verwaltungstechnisch stand Barbuda vom sp\u00e4ten 17. Jahrhundert bis in die 1860er Jahre unter der Kontrolle der Familie Codrington, w\u00e4hrend sich Antiguas Gesellschaftsordnung von der Sklaverei bis zur Emanzipation 1834 weiterentwickelte, woraufhin die lokale Autonomie schrittweise ausgebaut wurde. Ein erster Versuch, die Beziehungen zu Gro\u00dfbritannien abzubrechen, entstand 1728 unter der F\u00fchrung von Prinz Klaas. Er strebte die Ausrufung eines unabh\u00e4ngigen K\u00f6nigreichs an. Die politische Erlangung des Wahlrechts blieb jedoch bis Mitte des 20. Jahrhunderts in weiter Ferne. Die ersten demokratischen Wahlen fanden 1951 statt, und am 1. November 1981 erlangte das Land seine volle Souver\u00e4nit\u00e4t. Damit war ein Verfassungswandel abgeschlossen, der in den 1960er Jahren mit der inneren Selbstverwaltung begonnen hatte.<\/p>\n<p>Nach der Unabh\u00e4ngigkeit dominierte die Familie Bird das Land. Ihr Einfluss reichte von 1960 bis 2004, nur kurz unterbrochen durch eine wechselnde Regierung, bis Baldwin Spencer Premierminister wurde. Seit 2014 verf\u00fcgt die Labour Party \u00fcber die Parlamentsmehrheit, w\u00e4hrend die United Progressive Party die wichtigste Oppositionspartei bildet. Antigua und Barbuda sind weiterhin Mitglieder des Commonwealth of Nations und bilden eine konstitutionelle Monarchie mit Karl III. als Staatsoberhaupt, der vor Ort durch einen Generalgouverneur vertreten wird. Als Einheitsstaat ist Antigua in sechs Pfarreien unterteilt, w\u00e4hrend Barbuda seine inneren Angelegenheiten durch den 1976 gegr\u00fcndeten Barbuda Council regelt. Die nationale Legislative besteht aus einem Zweikammersystem: dem Repr\u00e4sentantenhaus, dessen Mitglieder durch Volksabstimmung gew\u00e4hlt werden, und dem Senat, dessen Mitglieder der Generalgouverneur ernennt.<\/p>\n<p>Demografische Indikatoren unterstreichen eine bescheidene Bev\u00f6lkerungszahl von etwa 105.182 Personen (Stand Mitte 2025), was einem Anstieg von fast einem Viertel seit der Volksz\u00e4hlung von 2011 entspricht. Bev\u00f6lkerungsstatistiken zeigen einen Durchschnitt von 1.188 Lebendgeburten pro Jahr zwischen 2008 und 2020, was einer Geburt alle sieben Stunden entspricht, und eine Gesamtfruchtbarkeitsrate von 1,6 Kindern pro Frau (Stand 2022), die unter dem Durchschnitt kleiner karibischer Staaten liegt. Daten zum Familienstand aus dem Jahr 2011 zeigen, dass \u00fcber drei F\u00fcnftel der Einwohner ab 15 Jahren nie eine Ehe geschlossen hatten, w\u00e4hrend der Rest in absteigender Reihenfolge aus Verheirateten, Geschiedenen oder Getrenntlebenden und Verwitweten bestand. Einwanderung ist der Hauptmotor des Bev\u00f6lkerungswachstums und tr\u00e4gt zu einem proportional hohen Anteil im Ausland geborener Einwohner bei. Ethnisch betrachtet ist die Bev\u00f6lkerung nach wie vor \u00fcberwiegend afrikanischer Abstammung, mit bemerkenswerten Minderheiten europ\u00e4ischer, hispanischer und indischer Herkunft. Das Christentum ist vorherrschend, vor allem in Form protestantischer Konfessionen, und das antiguanische und barbudanische Kreolisch ist die am weitesten verbreitete Alltagssprache.<\/p>\n<p>Antigua und Barbuda z\u00e4hlen aufgrund ihrer Wirtschaftsleistung zu den einkommensst\u00e4rksten L\u00e4ndern der Karibik. Der Dienstleistungssektor \u2013 insbesondere der Tourismus \u2013 erwirtschaftet \u00fcber die H\u00e4lfte des Bruttoinlandsprodukts. Die Inseln sprechen eine Klientel an, die Wert auf luxuri\u00f6se Unterk\u00fcnfte legt: Antigua bietet eine Konzentration von F\u00fcnf-Sterne-Resorts, die von den weitl\u00e4ufigen feink\u00f6rnigen Str\u00e4nden profitieren, w\u00e4hrend Barbuda unber\u00fchrte K\u00fcstenabschnitte mit begrenzter Besucherinfrastruktur bietet. Nachfrageschwankungen im mittelst\u00e4ndischen Tourismussegment seit Beginn des 21. Jahrhunderts haben das Umsatzwachstum gebremst und die Staatshaushalte belastet. Als Reaktion darauf f\u00fchrten politische Ma\u00dfnahmen 2019 einen Null-Prozent-Einkommensteuersatz und Initiativen zur Staatsb\u00fcrgerschaft durch Investition ein, um Kapital von verm\u00f6genden Privatpersonen anzuziehen. Finanzdienstleistungen, darunter Investmentbanking und Offshore-Gesch\u00e4fte, bilden ebenfalls eine wichtige S\u00e4ule der Wirtschaft und nutzen flexible Regulierungsrahmen, um Niederlassungen gro\u00dfer internationaler Banken zu beherbergen. Antigua und Barbuda unterhalten eine Luftwaffe \u2013 die einzige staatliche Luftfahrtkomponente in der \u00f6stlichen Karibik \u2013 und beteiligen sich an der regionalen Sicherheit durch ihre Mitgliedschaft in der Organisation Ostkaribischer Staaten, dem Regionalen Sicherheitssystem, CARICOM, den Vereinten Nationen und der Welthandelsorganisation.<\/p>\n<p>Das kulturelle Leben spiegelt sowohl das afrokaribische als auch das koloniale Erbe wider. Cricket genie\u00dft gro\u00dfe Aufmerksamkeit, und die Inseln haben Athleten hervorgebracht, die zu den gr\u00f6\u00dften Pers\u00f6nlichkeiten des Sports z\u00e4hlen. Die kulinarischen Muster basieren weitgehend auf europ\u00e4ischen Vorbildern \u2013 insbesondere britischen und portugiesischen Einfl\u00fcssen \u2013 und wurden mit einheimischen und aus Afrika eingef\u00fchrten Zutaten angereichert. Die Nationalgerichte, Fungee (eine Maismehlzubereitung \u00e4hnlich der Polenta) mit Pfeffertopf-Eintopf, spiegeln diese Synthese wider, w\u00e4hrend Salzfisch, Barbuda-Hummer und gew\u00fcrzter Reis die lokalen Geschmacksprofile weiter veranschaulichen. Zu den s\u00fc\u00dfen Leckereien z\u00e4hlen Kokoszuckerkuchen, Erdnusskrokant und eine regionale Variante von Fudge sowie geschmorte Tamarinde und lokale Himbeerkonfit\u00fcre. Die schwarze Ananas aus Antigua, gesch\u00e4tzt f\u00fcr ihre S\u00fc\u00dfe und Saftigkeit, findet sich in Obstsalaten und S\u00fc\u00dfigkeiten wieder. Das Fr\u00fchst\u00fcck beginnt oft mit dem Antigua-Sonntagsbrot, einem mit Schmalz angereicherten Laib, der sich durch dekorative Verzierungen auf seiner goldenen Kruste auszeichnet, und Rosinenbr\u00f6tchen, die vor Ort zu Ostern als \u201eBun and Cheese\u201c bekannt sind und in einer traditionellen Kombination W\u00fcrze und S\u00fc\u00dfe vereinen.<\/p>\n<p>Touristen reisen haupts\u00e4chlich \u00fcber den V. C. Bird International Airport in der N\u00e4he von St. John\u2019s. Hier landen Fluggesellschaften aus Nordamerika \u2013 darunter American Airlines, Delta, JetBlue und United \u2013, Kanadas Air Canada und Sunwing sowie europ\u00e4ische Verbindungen \u00fcber British Airways und Virgin Atlantic. Regionale Fluggesellschaften verbinden Antigua mit den Nachbarinseln, w\u00e4hrend F\u00e4hrverbindungen nach Montserrat und, unregelm\u00e4\u00dfig, \u00fcber Charterunternehmen auch nach Guadeloupe bestehen. Kreuzfahrtschiffe tragen zus\u00e4tzlich zum Besucherstrom bei, und private Yachten legen h\u00e4ufig in den Jachth\u00e4fen des Archipels an. Innerhalb der Inseln sind Mietwagen und organisierte Touren die wichtigsten Fortbewegungsmittel. Ein Netz von Minibussen, erkennbar an nummerierten Abzeichen entsprechend den festgelegten Routen, bietet kosteng\u00fcnstige Transportm\u00f6glichkeiten ohne feste Fahrpl\u00e4ne. Sie verkehren im Abstand von zehn bis f\u00fcnfzehn Minuten und erm\u00f6glichen den Passagieren das Aussteigen auf Anfrage.<\/p>\n<p>Durch das komplexe Zusammenspiel von Geographie, Geschichte und Gesellschaft pr\u00e4sentiert sich Antigua und Barbuda als eine Studie der Kontraste: bescheidene Landmasse, aber abwechslungsreiche Physiographie; ein tropisches Klima mit saisonalen Extremen; koloniales Erbe, verwoben mit der Selbstbestimmung nach der Emanzipation; und eine Wirtschaft, die auf Tourismus und Finanzen basiert, aber durch Umweltrisiken und politische Autonomiedebatten beeintr\u00e4chtigt wird. Die F\u00e4higkeit des Landes, seine Entwicklung trotz klimatischer Gefahren und demografischer Ver\u00e4nderungen aufrechtzuerhalten, wird seinen Kurs auch in den kommenden Jahrzehnten pr\u00e4gen.<\/p>","protected":false},"excerpt":{"rendered":"<p>Antigua und Barbuda, ein bezaubernder souver\u00e4ner Inselstaat, liegt im Herzen der Karibik. Als eine der Kleinen Antillen liegt das Land ideal am Zusammenfluss von Atlantik und Karibik. Dank seiner atemberaubenden Landschaft, seiner reichen Geschichte und seiner lebendigen Kultur sind Antigua und Barbuda sowohl f\u00fcr Besucher als auch f\u00fcr Historiker ein faszinierendes Reiseziel.<\/p>","protected":false},"author":1,"featured_media":3594,"parent":24084,"menu_order":0,"comment_status":"closed","ping_status":"closed","template":"elementor_theme","meta":{"_eb_attr":"","footnotes":""},"class_list":["post-9522","page","type-page","status-publish","has-post-thumbnail"],"_links":{"self":[{"href":"https:\/\/travelshelper.com\/de\/wp-json\/wp\/v2\/pages\/9522","targetHints":{"allow":["GET"]}}],"collection":[{"href":"https:\/\/travelshelper.com\/de\/wp-json\/wp\/v2\/pages"}],"about":[{"href":"https:\/\/travelshelper.com\/de\/wp-json\/wp\/v2\/types\/page"}],"author":[{"embeddable":true,"href":"https:\/\/travelshelper.com\/de\/wp-json\/wp\/v2\/users\/1"}],"replies":[{"embeddable":true,"href":"https:\/\/travelshelper.com\/de\/wp-json\/wp\/v2\/comments?post=9522"}],"version-history":[{"count":0,"href":"https:\/\/travelshelper.com\/de\/wp-json\/wp\/v2\/pages\/9522\/revisions"}],"up":[{"embeddable":true,"href":"https:\/\/travelshelper.com\/de\/wp-json\/wp\/v2\/pages\/24084"}],"wp:featuredmedia":[{"embeddable":true,"href":"https:\/\/travelshelper.com\/de\/wp-json\/wp\/v2\/media\/3594"}],"wp:attachment":[{"href":"https:\/\/travelshelper.com\/de\/wp-json\/wp\/v2\/media?parent=9522"}],"curies":[{"name":"wp","href":"https:\/\/api.w.org\/{rel}","templated":true}]}}