{"id":9509,"date":"2024-09-08T15:02:14","date_gmt":"2024-09-08T15:02:14","guid":{"rendered":"https:\/\/travelshelper.com\/staging\/?page_id=9509"},"modified":"2026-03-13T13:05:38","modified_gmt":"2026-03-13T13:05:38","slug":"barbados","status":"publish","type":"page","link":"https:\/\/travelshelper.com\/de\/destinations\/north-america\/barbados\/","title":{"rendered":"Barbados"},"content":{"rendered":"<p>Barbados ist heute ein schmaler Halbmond im Atlantik, an seiner breitesten Stelle etwa 34 Kilometer breit, umfasst eine Fl\u00e4che von 439 Quadratkilometern und beherbergt eine Bev\u00f6lkerung von etwa 287.000 Seelen (2019). Es liegt an der \u00f6stlichsten Flanke der Kleinen Antillen, wo das azurblaue Meer der Karibik auf die tektonischen Weiten S\u00fcdamerikas trifft.<\/p>\n<p>Von seinem ersten Erscheinen auf einer spanischen Seekarte im Jahr 1511 \u00fcber die portugiesische Besatzung Mitte des 16. Jahrhunderts bis hin zur schicksalhaften Ankunft der Olive Blossom im Mai 1625 \u2013 als England die Insel f\u00fcr K\u00f6nig Jakob I. beanspruchte \u2013 und der darauffolgenden Entsendung dauerhafter Siedler zwei Jahre sp\u00e4ter wurde Barbados vom Auf und Ab imperialer Pl\u00e4ne und den H\u00e4rten der Plantagenwirtschaft gepr\u00e4gt, die jahrhundertelang die afrikanische Knechtschaft ausnutzte, um in den tiefliegenden Ebenen Zuckerrohr anzubauen. Danach f\u00fchrte die Emanzipation, die erstmals durch die britische Abschaffungsgesetzgebung von 1833 eingeleitet wurde, zu einem gesellschaftlichen Umbruch, auch wenn die \u00dcberreste der Knechtschaft in den gesellschaftlichen Sitten noch immer sp\u00fcrbar waren.<\/p>\n<p>Am Vorabend seiner politischen Emanzipation am 30. November 1966 hatte sich Barbados zu einem eigenst\u00e4ndigen Commonwealth-Reich mit K\u00f6nigin Elisabeth II. als zeremoniellem Oberhaupt entwickelt. Am selben Kalendertag im Jahr 2021 vollendete es seinen verfassungsm\u00e4\u00dfigen Bogen, indem es innerhalb des Commonwealth eine republikanische Struktur annahm und die Monarchie durch einen Pr\u00e4sidenten ersetzte, jedoch die Bande der gemeinsamen Geschichte und der gemeinsamen Bem\u00fchungen bewahrte.<\/p>\n<p>Geografisch pr\u00e4sentiert sich die Insel im Westen mit sanften Reliefs \u2013 wo Korallenterrassen unter einem Ring von Riffen meerw\u00e4rts abfallen \u2013 und einem schrofferen Anstieg zum Scotland District im Nordosten, dessen verwitterte Kalksteine \u200b\u200bH\u00f6hlen und Schluchten entstehen lie\u00dfen, die von jahrtausendelanger Aufl\u00f6sung zeugen. Auf diesem District erhebt sich der 340 Meter hohe Mount Hillaby, der Gipfel der bajanischen Topographie. Dort lassen sich die geschichteten Schichten tektonischer Akkretion erkennen, denn Barbados ruht auf Sedimenten, die von der S\u00fcdamerikanischen Platte abgeschabt wurden, als diese unter die Karibische Platte abdriftete und die Insel mit einer Geschwindigkeit von fast 25 Millimetern pro Jahrtausend anhob. Das schr\u00e4ge Kap Pico Teneriffa, benannt nach der weiter \u00f6stlich gelegenen Kanarischen Insel, ragt als geologischer Vorbote dieser tieferen Kr\u00e4fte in den Atlantik hinein.<\/p>\n<p>Klimatisch gesehen herrscht auf Barbados ein doppelter Rhythmus: eine feuchte Jahreszeit von Juni bis Dezember mit j\u00e4hrlichen Niederschlagsmengen zwischen 1.000 und 2.300 Millimetern und eine trockenere Periode von Dezember bis Mai, in der die Tagestemperaturen zwischen 21 und 31 Grad Celsius liegen. Unerm\u00fcdliche Passatwinde mit zw\u00f6lf bis sechzehn Stundenkilometern mildern die monsunbedingte Feuchtigkeit und sorgen f\u00fcr eine M\u00e4\u00dfigung, die Barbados den Ruf eines tropischen Monsunklimas einbringt, wie Meteorologen es nennen, obwohl die st\u00e4ndigen Brisen dem Klima ein anderes Klima verleihen als den stickigeren \u00c4quatorzonen.<\/p>\n<p>Seismische Ersch\u00fctterungen und Erdrutsche, wenn auch selten, zeugen von der dynamischen Struktur der Insel. Auch Hurrikane dringen sporadisch ein, doch Barbados liegt au\u00dferhalb der Hauptzugbahn der Zyklone. Ein zerst\u00f6rerischer Hurrikan kommt durchschnittlich nur einmal in 26 Jahren vor, wie der verheerende Hurrikan Janet im September 1955 beweist. Zuletzt streifte der tropische Sturm Tomas im Oktober 2010 die K\u00fcste und richtete nur geringen Schaden an.<\/p>\n<p>Demographisch gesehen verzeichnete die Volksz\u00e4hlung von 2010 277.821 Einwohner \u2013 etwa 144.800 Frauen und 133.000 M\u00e4nner \u2013 fast alle afrikanischer Abstammung, was Jahrhunderte der Zwangsmigration widerspiegelt. Die Lebenserwartung lag 2020 bei 80 Jahren und geh\u00f6rt damit zu den h\u00f6chsten weltweit. Barbados-Frauen werden durchschnittlich 83 Jahre alt und M\u00e4nner fast 79 Jahre. Parallel zu dieser Langlebigkeit kann das Land eine der weltweit h\u00f6chsten Pro-Kopf-Raten an Hundertj\u00e4hrigen vorweisen, ein Beleg f\u00fcr die Ma\u00dfnahmen des \u00f6ffentlichen Gesundheitswesens und die Widerstandsf\u00e4higkeit der Bev\u00f6lkerung. Fruchtbarkeits- und Sterbedaten beziffern die Geburtenrate auf 12,23 pro Tausend, die Sterberate auf 8,39 pro Tausend und die S\u00e4uglingssterblichkeitsrate (Stand 2021) auf knapp \u00fcber elf pro tausend Lebendgeburten \u2013 eine Statistik, die von internationalen Organisationen genau beobachtet wird.<\/p>\n<p>Barbados&#039; Wirtschaft, einst auf monokultureller Zuckerproduktion aufgebaut, hat sich zu einem gemischten System aus Dienstleistungen, Offshore-Finanzierung, Leichtindustrie und Tourismus diversifiziert. Das Pro-Kopf-BIP liegt weltweit auf Platz 52 unter den 83 von globalen Finanzinstituten als einkommensstark eingestuften Volkswirtschaften. Doch hinter diesem Wohlstand verbergen sich auch Notlagen: Einer Studie der Karibischen Entwicklungsbank aus dem Jahr 2012 zufolge lebt jeder f\u00fcnfte Barbados-Bewohner unterhalb der Armutsgrenze, und fast jeder Zehnte hat keinen ausreichenden Lebensunterhalt. Innovation findet jedoch ihren Ausdruck; im Global Innovation Index 2024 erreichte Barbados den 77. Platz.<\/p>\n<p>Das kulturelle Leben pulsiert mit synkretistischer Intensit\u00e4t. Der Begriff \u201eBajan\u201c, abgeleitet von der Abk\u00fcrzung von \u201eBarbadian\u201c aus dem 18. Jahrhundert, steht f\u00fcr Nationalit\u00e4t und Identit\u00e4t und ist ein Zeichen des Stolzes unter den Inselbewohnern, deren Erbe westafrikanische, portugiesische, ostindische, kreolische und britische Einfl\u00fcsse vereint. Jeden Sommer, beginnend Anfang Juli und seinen H\u00f6hepunkt erreichend am ersten Montag im August \u2013 dem Kadooment Day \u2013, l\u00e4sst das Crop Over Festival einen Ritus aus dem 18. Jahrhundert wieder aufleben, der die letzte Zuckerrohrernte ehrte. In wochenlangen musikalischen Wettbewerben und Calypso- und Soca-Kost\u00fcmen kr\u00f6nt die Gemeinde einen K\u00f6nig und eine K\u00f6nigin der Ernte, nach dem Vorbild jener Arbeiter, die einst die schwersten Lasten auf den Feldern trugen. Durch Blechbl\u00e4serkl\u00e4nge und Trommelwirbel l\u00f6st sich Barbados&#039; Vergangenheit aus dem Archiv und nimmt in Maskerade und Melodie Gestalt an.<\/p>\n<p>Auch die Gastronomie tr\u00e4gt den Stempel dieser multikulturellen Tradition. Das Nationalgericht, Cou-Cou mit fliegendem Fisch und pikanter So\u00dfe, vereint fein gemahlenes Maismehl mit dem typischen Fisch der Insel \u2013 mariniert in einer Mischung lokaler Kr\u00e4uter \u2013 und wird mit pfeffergew\u00fcrzten So\u00dfen serviert. Pudding und Souse \u2013 in Essig eingelegtes Schweinefleisch mit gew\u00fcrzten S\u00fc\u00dfkartoffeln \u2013 werden an den Gemeinschaftstischen serviert und erinnern an die l\u00e4ndlichen K\u00fcchen vergangener Zeiten. Eingelegte Gurken, Fischfrikadellen, goldbraun frittierte \u201eBakes\u201c und Salate aus knackigem Blattwerk begleiten die meisten Mahlzeiten, gekr\u00f6nt von scharfen So\u00dfen aus Scotch Bonnet-Paprika.<\/p>\n<p>Hier gebrannte Spirituosen genie\u00dfen weltweites Ansehen. Mount Gay Rum, dessen Urspr\u00fcnge auf eine Urkunde aus dem Jahr 1703 zur\u00fcckgehen, gilt als \u00e4ltester noch existierender Rumproduzent der Welt. Seine bernsteinfarbenen, in verkohltem Eichenholz gereiften Sorten zeugen von jahrhundertelanger Destillationsexpertise. Cockspur Rum, Malibus kokosnussig-s\u00fc\u00dfe Aromen sowie das helle Lager und Amber Ale der Banks Brewery repr\u00e4sentieren die vielf\u00e4ltige Brautradition der Insel, w\u00e4hrend Tiger Malt ein alkoholfreies Malzgetr\u00e4nk f\u00fcr gem\u00e4\u00dfigte Gaumen bietet. In j\u00fcngerer Zeit hat das 10 Saints Bier aus Speightstown, das 90 Tage lang in Mount Gays Special Reserve-F\u00e4ssern reifte, seit seinem Deb\u00fct 2009 in den CARICOM-M\u00e4rkten eine bescheidene Anh\u00e4ngerschaft gewonnen.<\/p>\n<p>Autofahrer fahren kurvenreiche Stra\u00dfen links und teilen sich die Strecke mit einer Flotte zugelassener Fahrzeuge, die etwa einem pro zwei Einwohner entspricht. Auf dem s\u00fcd\u00f6stlichen Abschnitt \u2013 von Six Cross Roads in Saint Philip bis North Point in Saint Lucy \u2013 kann ein Reisender im Stau stecken bleiben. Die knapp vierzig Kilometer lange Fahrt kann anderthalb Stunden dauern, wenn die Mittagssonne auf die Sto\u00dfstange an Sto\u00dfstange glitzert. An Kreuzungen herrschen Kreisverkehre vor; die Emanzipationsstatue von Bussa, dem Rebellen aus dem 18. Jahrhundert, steht in einem solchen Kreisverkehr \u00f6stlich von Bridgetown und ist eine stille Rede \u00fcber den Preis der Freiheit.<\/p>\n<p>\u00d6ffentliche Verkehrsmittel erg\u00e4nzen private Pkw. Privat betriebene \u201eZRs\u201c \u2013 Minibusse mit Stehpl\u00e4tzen entlang malerischer Umwege \u2013 und kleine gelbe Minibusse mischen sich mit himmelblauen Linienbussen, die feste Fahrpl\u00e4ne und Routen einhalten. F\u00fcr 3,50 Bds$ kann man in allen Bussen mitfahren; Schulkinder in Uniform fahren kostenlos in staatlichen Bussen und f\u00fcr 2,50 Bds$ in ZRs. Die privaten Betreiber geben Wechselgeld, w\u00e4hrend staatliche Fahrzeuge Quittungen anstelle von Kleingeld ausgeben. Bahnh\u00f6fe und Depots gibt es in Bridgetown, Speightstown, Oistins und Mangrove, jeder Knotenpunkt ein Knotenpunkt im Verkehrssystem der Insel.<\/p>\n<p>Im Streben nach Nachhaltigkeit hat Barbados im Juli 2020 33 Elektrobusse von BYD angeschafft. Damit wird die alternde Dieselflotte erg\u00e4nzt und das Ziel der Regierung erreicht, bis 2030 auf fossile Brennstoffe zu verzichten. Hotels, die sich gerne um ihre G\u00e4ste k\u00fcmmern, bieten oft Shuttles zu lokalen Sehensw\u00fcrdigkeiten an, und kleine Autovermietungen \u2013 die nicht zu multinationalen Ketten geh\u00f6ren \u2013 bieten Selbstfahrern die M\u00f6glichkeit, die Insel in Ruhe zu erkunden.<\/p>\n<p>Der Grantley Adams International Airport, das einzige Lufttor der Insel, fungiert als s\u00fcdlicher Knotenpunkt f\u00fcr den karibischen Handel und unterstreicht Barbados&#039; Anbindung an Europa, Nordamerika und dar\u00fcber hinaus. Eine Modernisierung im Wert von 100 Millionen US-Dollar zwischen 2003 und 2006 erweiterte seine Kapazit\u00e4t. 2023 begann der Umbau des ehemaligen Concorde-Terminals in einen modernisierten Abflugbereich. Premierministerin Mia Mottley k\u00fcndigte im Dezember 2023 Verhandlungen \u00fcber zus\u00e4tzliche 300 Millionen US-Dollar f\u00fcr Flughafenverbesserungen an, was auf einen k\u00fcnftig h\u00f6heren Durchsatz hindeutet.<\/p>\n<p>Der maritime Zugang konzentriert sich auf den Hafen von Bridgetown, dessen Container- und Kreuzfahrtbetrieb von der Barbados Port Inc., der ehemaligen Barbados Port Authority, verwaltet wird. Seine Docks empfangen Schiffe aller Klassen und st\u00e4rken so die Rolle der Insel als Knotenpunkt f\u00fcr Seehandel und Freizeit.<\/p>\n<p>Obwohl Barbados nur eine Insel unter vielen ist, zeichnet es sich durch seine ununterbrochene Kolonialgeschichte aus \u2013 was ihm die Spitznamen \u201eBimshire\u201c und \u201eLittle Britain\u201c einbrachte \u2013 und seinen geologischen Charakter als korallenbewachsene Landform statt eines vulkanischen Vorgebirges. Seine n\u00e4chsten Nachbarn \u2013 St. Lucia und St. Vincent \u2013 \u200b\u200bliegen etwa 168 Kilometer westlich, ihre schroffen Gipfel durchbrechen den Horizont, w\u00e4hrend die abgeflachten Konturen Barbados\u2018 von Riffschutt und Sedimentablagerungen zeugen.<\/p>\n<p>Elf Gemeinden unterteilen dieses bescheidene Gebiet in vier informelle Regionen. Saint Michael beherbergt Bridgetown und ein Drittel der Bev\u00f6lkerung. Die am Wasser gelegenen Careenage- und historischen Garnisonsbezirke bieten Einblicke in die koloniale Geschichte der Insel, ebenso wie die Brennerei Mount Gay und die Cricketpl\u00e4tze Kensington Oval. Im Westen bieten Saint James, Saint Peter und Saint Lucy die gesch\u00fctztesten Str\u00e4nde, w\u00e4hrend Holetown und Speightstown eine Reihe von Pensionen und Resorts f\u00fcr Familien und Hochzeitsreisende bilden. S\u00fcdlich davon bietet Christ Church das dichteste Nachtleben. Der Abschnitt von Rockley \u00fcber Oistins bis Silver Sands ist voller Bars und Restaurants, w\u00e4hrend die zerkl\u00fcftete K\u00fcste von Sainte Philip im Osten diejenigen anspricht, die die dramatische Brandung lieben. Die Gemeinden im zentralen Osten \u2013 Saint Andrew, Saint George, Saint John, Saint Joseph und Saint Thomas \u2013 sind weitgehend unbebaut. Ihre gr\u00fcnen G\u00e4rten, Plantagen und unterirdischen H\u00f6hlen in Harrison&#039;s Cave bieten einen intimen Einblick in das Landesinnere von Barbados.<\/p>\n<p>Die abgelegenen Inselchen \u2013 Pelican Island, einst eine Quarant\u00e4nestation, die heute von der Hafenerweiterung von Bridgetown \u00fcberflutet wurde, und Culpepper Island, ein blo\u00dfer Grasfleck, den man bei Ebbe zu Fu\u00df erreichen kann \u2013 stehen wie kleine Kuriosit\u00e4ten da, deren sterile Landschaften einen Kontrapunkt zu den bebauten Feldern und belebten Gassen der Hauptinsel bilden.<\/p>\n<p>Barbados hat \u00fcber Jahrhunderte hinweg seine Korallenriffe und sein imperiales Erbe genutzt, um eine traditionsreiche und zugleich innovationsfreudige Gesellschaft zu formen. Hier, wo der Meereswind Erinnerungen und Versprechen gleicherma\u00dfen mit sich tr\u00e4gt, findet der Besucher eine Insel, die sich der oberfl\u00e4chlichen Romantik widersetzt und ihre Geheimnisse durch die behutsame Anh\u00e4ufung von Geschichte, Geologie und Kultur auf einer B\u00fchne von unscheinbarer Sch\u00f6nheit preisgibt.<\/p>","protected":false},"excerpt":{"rendered":"<p>Barbados liegt in den Kleinen Antillen Westindiens und ist ein faszinierender Inselstaat. Die \u00f6stlichste der karibischen Inseln, eingebettet in die Karibik, grenzt an Nordamerika und den Norden S\u00fcdamerikas. Die geografische Lage Barbados\u2018 am Rande der s\u00fcdamerikanischen und karibischen Platte erkl\u00e4rt seine besondere Geologie. Bridgetown, die Hauptstadt und gr\u00f6\u00dfte Stadt der Insel, ist ein Zentrum der Wirtschaft und Kultur.<\/p>","protected":false},"author":1,"featured_media":3142,"parent":24084,"menu_order":0,"comment_status":"closed","ping_status":"closed","template":"elementor_theme","meta":{"_eb_attr":"","footnotes":""},"class_list":["post-9509","page","type-page","status-publish","has-post-thumbnail"],"_links":{"self":[{"href":"https:\/\/travelshelper.com\/de\/wp-json\/wp\/v2\/pages\/9509","targetHints":{"allow":["GET"]}}],"collection":[{"href":"https:\/\/travelshelper.com\/de\/wp-json\/wp\/v2\/pages"}],"about":[{"href":"https:\/\/travelshelper.com\/de\/wp-json\/wp\/v2\/types\/page"}],"author":[{"embeddable":true,"href":"https:\/\/travelshelper.com\/de\/wp-json\/wp\/v2\/users\/1"}],"replies":[{"embeddable":true,"href":"https:\/\/travelshelper.com\/de\/wp-json\/wp\/v2\/comments?post=9509"}],"version-history":[{"count":0,"href":"https:\/\/travelshelper.com\/de\/wp-json\/wp\/v2\/pages\/9509\/revisions"}],"up":[{"embeddable":true,"href":"https:\/\/travelshelper.com\/de\/wp-json\/wp\/v2\/pages\/24084"}],"wp:featuredmedia":[{"embeddable":true,"href":"https:\/\/travelshelper.com\/de\/wp-json\/wp\/v2\/media\/3142"}],"wp:attachment":[{"href":"https:\/\/travelshelper.com\/de\/wp-json\/wp\/v2\/media?parent=9509"}],"curies":[{"name":"wp","href":"https:\/\/api.w.org\/{rel}","templated":true}]}}