{"id":9438,"date":"2024-09-08T11:53:45","date_gmt":"2024-09-08T11:53:45","guid":{"rendered":"https:\/\/travelshelper.com\/staging\/?page_id=9438"},"modified":"2026-03-13T13:05:13","modified_gmt":"2026-03-13T13:05:13","slug":"belize","status":"publish","type":"page","link":"https:\/\/travelshelper.com\/de\/destinations\/north-america\/belize\/","title":{"rendered":"Belize"},"content":{"rendered":"<p>Belize, ein Staat mit 397.483 Einwohnern (Stand: Volksz\u00e4hlung 2022), erstreckt sich \u00fcber 22.970 Quadratkilometer an der Nordostk\u00fcste Mittelamerikas. Im Norden grenzt es an den mexikanischen Bundesstaat Quintana Roo, im Westen und S\u00fcden an die guatemaltekischen Departements Pet\u00e9n und Izabal, im S\u00fcdosten an das Karibische Meer und an Honduras. Das Land nimmt eine strategische Schnittstelle zwischen der amerikanischen und der karibischen Welt ein und ist der einzige Commonwealth-Staat auf der mittelamerikanischen Landenge.<\/p>\n<p>Lange bevor europ\u00e4ische Schiffe im fr\u00fchen 16. Jahrhundert die K\u00fcste erreichten, zeugten die Tieflandw\u00e4lder und Kalksteinh\u00fcgel vom Aufstieg der Maya-Stadtstaaten zwischen 1500 v. Chr. und 300 n. Chr., deren zeremonielle Zentren bis etwa 1200 n. Chr. florierten. Die Ankunft der Expedition von Christoph Kolumbus 1502\u20131504 lie\u00df zeitweise spanische Anw\u00e4rter auf das K\u00f6nigreich erwarten. Doch erst englische Siedler ab 1638 legten den Grundstein f\u00fcr eine Kolonialmacht, die den spanischen Angriffen erst nach der Schlacht von St. George\u2019s Caye 1798 standhielt. Die britische Krone formalisierte ihre Kontrolle 1862, und Belize erlangte am 21. September 1981 den Status der Souver\u00e4nit\u00e4t, indem sie sich daf\u00fcr entschied, den britischen Monarchen durch einen Generalgouverneur als Staatsoberhaupt zu behalten.<\/p>\n<p>Das Land ist abwechslungsreich und zugleich ungew\u00f6hnlich \u00fcppig: eine nahezu rautenf\u00f6rmige Landmasse, die sich von Norden nach S\u00fcden etwa 280 Kilometer und von Osten nach Westen etwa 100 Kilometer erstreckt und von den gewundenen Fl\u00fcssen Hondo und Sarstoon eingerahmt wird. W\u00e4hrend der n\u00f6rdliche Teil flache, sumpfige K\u00fcstenebenen mit Mangrovenw\u00e4ldern umfasst, erhebt sich der S\u00fcden zu den Maya Mountains, wo Gipfel wie Doyle&#039;s Delight bis zu 1.124 Meter hoch aufragen. Zwischen diesen Extremen reduzieren unz\u00e4hlige Lagunen \u2013 vor allem im n\u00f6rdlichen Landesinneren \u2013 die zusammenh\u00e4ngende Landfl\u00e4che auf etwa 21.400 Quadratkilometer und machen Belize damit zum am d\u00fcnnsten besiedelten Gebiet der Region.<\/p>\n<p>Entlang seiner 386 Kilometer langen K\u00fcste verl\u00e4uft parallel zum Ufer das zweitl\u00e4ngste Barriereriff der Welt und beherbergt ein au\u00dfergew\u00f6hnliches Meeresreich, dessen Korallenatolle, Seegraswiesen und Mangrovenwurzeln wichtige Knotenpunkte im mesoamerikanischen Biokorridor bilden. Landw\u00e4lder \u2013 von immergr\u00fcnen Laubw\u00e4ldern im Tiefland bis hin zu subtropischen Kiefernbest\u00e4nden in h\u00f6heren Lagen \u2013 beherbergen endemische Flora und Fauna, w\u00e4hrend Jaguare, Tapire und eine Vielzahl von Vogelarten durch die Baumkronen streifen. Dieser \u00f6kologische Reichtum positioniert Belize an vorderster Front der Naturschutzbem\u00fchungen, obwohl seine Insellage und das zerkl\u00fcftete Landesinnere es einst zu einem Umweg f\u00fcr Drogenh\u00e4ndler auf der Suche nach Mexiko machten.<\/p>\n<p>Klimatisch gesehen erlebt Belize einen ausgepr\u00e4gten Wechsel zwischen einer feuchten Jahreszeit, die sich etwa von Mai bis November erstreckt, und einer vergleichsweise trockenen Periode von Dezember bis April. Die K\u00fcstenregionen verzeichnen durchschnittliche Monatstemperaturen von 24 \u00b0C im Januar bis 27 \u00b0C im Juli, gemildert durch die nord\u00f6stlichen Passatwinde aus der Karibik. Im Landesinneren sind die Tiefl\u00e4nder tendenziell geringf\u00fcgig w\u00e4rmer, w\u00e4hrend die Hochplateaus der Mountain Pine Ridge sp\u00fcrbar k\u00fchlere Bedingungen genie\u00dfen. Die Niederschlagsmenge variiert stark \u2013 von etwa 1.350 Millimetern j\u00e4hrlich im n\u00f6rdlichen Tiefland bis zu \u00fcber 4.500 Millimetern im \u00e4u\u00dfersten S\u00fcden \u2013 mit einer kurzen, etwas trockenen Periode im Hochsommer, die den Hauptregenzyklus unterbricht.<\/p>\n<p>Belizes Demografie spiegelt ein komplexes Erbe wider: Im Norden und Westen dominieren Nachkommen der Maya, die Garifuna-Gemeinden mit afro-indianischen Traditionen bev\u00f6lkern die karibische K\u00fcste, und kreolische, mestizische und europ\u00e4isch-mennonitische Enklaven pr\u00e4gen das nationale Gef\u00fcge. Ein stetiger demografischer Wandel seit den 1980er Jahren hat dazu gef\u00fchrt, dass hispanisch-mestizoische Einwohner zahlenm\u00e4\u00dfig die Oberhand gewonnen haben, angetrieben durch Migration und erh\u00f6hte Geburtenraten, w\u00e4hrend Kreolen in gro\u00dfer Zahl in die USA ausgewandert sind. Heute ist Mehrsprachigkeit allgegenw\u00e4rtig: Englisch ist die vorherrschende Amtssprache, doch Kreolisch und Spanisch pr\u00e4gen den Alltag, erg\u00e4nzt durch Maya-Dialekte und die Garifuna-Sprache.<\/p>\n<p>Die wirtschaftliche Aktivit\u00e4t ist nach wie vor in der Landwirtschaft und Agrarindustrie verankert. Zuckerrohr \u2013 ganz im Zeichen der Kolonialzeit \u2013 erwirtschaftet fast die H\u00e4lfte der Exporterl\u00f6se, und Bananen sind die wichtigste Besch\u00e4ftigungsquelle im l\u00e4ndlichen Raum. Papaya z\u00e4hlt zu den drei wichtigsten Exportg\u00fctern Belizes weltweit, w\u00e4hrend Industriemineralien, Roh\u00f6l (mit einer Produktion von rund 2.000 Barrel pro Tag im Jahr 2017) und Erd\u00f6l zu einem bescheidenen, aber vielf\u00e4ltigen Portfolio beitragen. Tourismus und Baugewerbe haben in den letzten Jahrzehnten einen Aufschwung erlebt, beg\u00fcnstigt durch die fragilen, aber \u00fcppigen \u00d6kosysteme des Landes. Resorts am Wasser, Rafting-Touren und gef\u00fchrte Wanderungen zu arch\u00e4ologischen St\u00e4tten bedienen einen \u00d6kotourismusmarkt, dem die Regierung seit der Landwirtschaft Priorit\u00e4t einr\u00e4umt.<\/p>\n<p>Die an den US-Dollar gekoppelte W\u00e4hrung und die liberalen Bankenregulierungen haben Belize leider anf\u00e4llig f\u00fcr Geldw\u00e4sche gemacht, was dazu f\u00fchrte, dass die USA 2014 als \u201egro\u00dfes Geldw\u00e4scheland\u201c eingestuft wurden. Gegenma\u00dfnahmen zur Steuerehrlichkeit und Ausgabenkontrolle wurden vorgeschlagen, doch Infrastrukturdefizite \u2013 vor allem hohe Stromkosten und unterentwickelte Verkehrsnetze \u2013 beeintr\u00e4chtigen weiterhin die Wettbewerbsf\u00e4higkeit. Zu den wichtigsten Handelspartnern z\u00e4hlen die USA, Mexiko, Gro\u00dfbritannien, die Europ\u00e4ische Union und die CARICOM-Staaten.<\/p>\n<p>Belizes soziokulturelle Rhythmen offenbaren sich am deutlichsten w\u00e4hrend der j\u00e4hrlichen Septemberfeierlichkeiten, die an die Schlacht von St. George\u2019s Caye und den Unabh\u00e4ngigkeitstag erinnern, w\u00e4hrend der synkopierte Puls der Punta-Musik die Identit\u00e4t der Garifuna entlang der Karibikk\u00fcste unterstreicht. Familienmahlzeiten konzentrieren sich oft auf in Kokosmilch gek\u00f6chelten Reis mit Bohnen, geschmortes Huhn, Tamales und Escabeche, mit Fry Jacks oder Mehltortillas zum Fr\u00fchst\u00fcck und Ereba \u2013 Maniokbrot \u2013 als Grundnahrungsmittel der Garifuna-K\u00fcche. Sowohl st\u00e4dtische Restaurants als auch Stra\u00dfenst\u00e4nde servieren diese Gerichte zu erschwinglichen Preisen, obwohl regionale Unterschiede bestehen: Die Maya-Gemeinschaften sind auf Mais, Bohnen und K\u00fcrbisse angewiesen, w\u00e4hrend die s\u00fcdlichen Bezirke sich von Regenwaldfr\u00fcchten und S\u00fc\u00dfwasserfisch ern\u00e4hren.<\/p>\n<p>Tourismusstatistiken aus dem Jahr 2012 verzeichneten fast 918.000 Besucher \u2013 mehr als die H\u00e4lfte davon aus den USA \u2013 und generierten Einnahmen von \u00fcber 1,3 Milliarden US-Dollar. Nach den pandemiebedingten Einschr\u00e4nkungen war Belize der erste karibische Staat, der geimpften Reisenden die Einreise ohne Test gestattete und damit seinen Ruf als sicherer Hafen f\u00fcr Abenteuer zu Wasser und zu Lande festigte. Tauchen zwischen Korallengipfeln, Kajaktouren auf versteckten Wasserwegen und \u00dcberfl\u00fcge \u00fcber regenverhangene Gipfel begeistern alle, die die vielf\u00e4ltige Natur in ihrer ganzen Vielfalt erleben m\u00f6chten.<\/p>\n<p>Unter diesen kulturellen Str\u00f6mungen sind die seit 1958 gegr\u00fcndeten mennonitischen Siedlungen hervorzuheben, deren Bewohner aus Europa und Nordamerika angereist sind, unter dem Schutz landwirtschaftlicher Autonomie und der Befreiung von der Bildungspflicht. Ihre Gemeinschaften \u2013 erkennbar an konservativer Kleidung und deutschst\u00e4mmigen Dialekten \u2013 haben die Milch-, Gefl\u00fcgel- und Getreideproduktion vorangetrieben und so dem Wirtschaftsmosaik von Belize eine einzigartige landwirtschaftliche Dynamik verliehen. Das handwerkliche K\u00f6nnen der Mennoniten in Tischlerei und Mechanik hat ebenfalls die l\u00e4ndliche Existenzgrundlage gest\u00e4rkt.<\/p>\n<p>Insgesamt pr\u00e4sentiert sich Belize als eine Studie der Kontraste: Nebelverhangene Hochlandk\u00e4mme treffen auf sonnenbeschienene Korallenatolle; jahrhundertealte Maya-\u00dcberreste finden sich inmitten englischsprachiger Schulen; eine auf Zuckerrohrplantagen basierende Wirtschaft zieht heute \u00d6ko-Unternehmer an; eine bescheidene Bev\u00f6lkerung von weniger als 400.000 Menschen engagiert sich \u00fcberproportional f\u00fcr den Erhalt des Naturerbes. Inmitten dieser verwobenen Geschichten behauptet das Land seinen Charakter durch best\u00e4ndige Traditionen, sprachliche Vielfalt und eine Geografie, die seinen Menschen Schutz und Herausforderung zugleich bietet \u2013 eine Aufforderung, jedem Pfad, jedem Riff, jedem Dorf mit der Bereitschaft zu begegnen, genau hinzusehen und mit Respekt zu reagieren.<\/p>","protected":false},"excerpt":{"rendered":"<p>With 397,484 people as of 2022 spread across 22,970 square kilometers of various terrain, Belize sits on the northeastern coast of Central America. This country presents an interesting place for research given its unique geography and long history.<\/p>","protected":false},"author":1,"featured_media":4052,"parent":24084,"menu_order":0,"comment_status":"closed","ping_status":"closed","template":"elementor_theme","meta":{"_eb_attr":"","footnotes":""},"class_list":["post-9438","page","type-page","status-publish","has-post-thumbnail"],"_links":{"self":[{"href":"https:\/\/travelshelper.com\/de\/wp-json\/wp\/v2\/pages\/9438","targetHints":{"allow":["GET"]}}],"collection":[{"href":"https:\/\/travelshelper.com\/de\/wp-json\/wp\/v2\/pages"}],"about":[{"href":"https:\/\/travelshelper.com\/de\/wp-json\/wp\/v2\/types\/page"}],"author":[{"embeddable":true,"href":"https:\/\/travelshelper.com\/de\/wp-json\/wp\/v2\/users\/1"}],"replies":[{"embeddable":true,"href":"https:\/\/travelshelper.com\/de\/wp-json\/wp\/v2\/comments?post=9438"}],"version-history":[{"count":0,"href":"https:\/\/travelshelper.com\/de\/wp-json\/wp\/v2\/pages\/9438\/revisions"}],"up":[{"embeddable":true,"href":"https:\/\/travelshelper.com\/de\/wp-json\/wp\/v2\/pages\/24084"}],"wp:featuredmedia":[{"embeddable":true,"href":"https:\/\/travelshelper.com\/de\/wp-json\/wp\/v2\/media\/4052"}],"wp:attachment":[{"href":"https:\/\/travelshelper.com\/de\/wp-json\/wp\/v2\/media?parent=9438"}],"curies":[{"name":"wp","href":"https:\/\/api.w.org\/{rel}","templated":true}]}}